{"id":344,"date":"2023-11-02T07:51:39","date_gmt":"2023-11-02T07:51:39","guid":{"rendered":"https:\/\/xocolalla.es\/politique-en-matiere-de-cookies\/"},"modified":"2023-11-02T07:51:39","modified_gmt":"2023-11-02T07:51:39","slug":"politique-en-matiere-de-cookies","status":"publish","type":"page","link":"https:\/\/xocolalla.es\/fr\/politique-en-matiere-de-cookies\/","title":{"rendered":"Politique en mati\u00e8re de cookies"},"content":{"rendered":"<h4><strong>POLITIQUE EN MATI\u00c8RE DE COOKIES<\/strong><\/h4>\n<p>&nbsp;<\/p>\n<p>Sur le site <a href=\"https:\/\/xocolalla.es\/fr\/\" target=\"_new\" rel=\"noopener\">https:\/\/xocolalla.es<\/a>, nous utilisons des cookies pour faciliter la relation entre les visiteurs et notre contenu et pour nous permettre d&rsquo;\u00e9tablir des statistiques sur les visiteurs que nous recevons.<\/p>\n<p>Conform\u00e9ment \u00e0 la directive 2009\/136\/CE, transpos\u00e9e dans notre l\u00e9gislation par le deuxi\u00e8me paragraphe de l&rsquo;article 22 de la loi sur les services de la soci\u00e9t\u00e9 de l&rsquo;information, et suivant les directives de l&rsquo;Agence espagnole de protection des donn\u00e9es, nous vous informons en d\u00e9tail de l&rsquo;utilisation qui est faite de notre site web.<\/p>\n<p>Les cookies sont de petits fichiers enregistr\u00e9s dans le navigateur utilis\u00e9 par chaque visiteur de notre site web afin que le serveur puisse se souvenir de la visite de cet utilisateur \u00e0 une date ult\u00e9rieure lorsqu&rsquo;il acc\u00e8de \u00e0 nouveau \u00e0 notre contenu. Ces informations ne r\u00e9v\u00e8lent ni votre identit\u00e9 ni aucune donn\u00e9e personnelle et n&rsquo;acc\u00e8dent pas au contenu stock\u00e9 sur votre ordinateur, mais elles permettent \u00e0 notre syst\u00e8me de vous identifier en tant qu&rsquo;utilisateur sp\u00e9cifique ayant d\u00e9j\u00e0 visit\u00e9 le site web, consult\u00e9 certaines pages, etc. et elles nous permettent \u00e9galement d&rsquo;enregistrer vos pr\u00e9f\u00e9rences personnelles et des informations techniques telles que, par exemple, les visites effectu\u00e9es ou les pages sp\u00e9cifiques que vous visitez.<\/p>\n<p>L&rsquo;objectif des cookies est de permettre \u00e0 l&rsquo;utilisateur d&rsquo;acc\u00e9der plus rapidement aux services s\u00e9lectionn\u00e9s.<\/p>\n<p>Si vous ne souhaitez pas que des cookies soient enregistr\u00e9s dans votre navigateur ou si vous pr\u00e9f\u00e9rez recevoir une information chaque fois qu&rsquo;un cookie demande \u00e0 \u00eatre install\u00e9, vous pouvez configurer vos options de navigation de mani\u00e8re \u00e0 ce que ce soit le cas. La plupart des navigateurs permettent de g\u00e9rer les cookies de trois mani\u00e8res diff\u00e9rentes :<\/p>\n<ol>\n<li>Les cookies sont toujours rejet\u00e9s ;<\/li>\n<li>Le navigateur demande \u00e0 l&rsquo;utilisateur s&rsquo;il souhaite installer chaque cookie ;<\/li>\n<li>Les cookies sont toujours accept\u00e9s ;<\/li>\n<\/ol>\n<p>Votre navigateur peut \u00e9galement vous permettre de s\u00e9lectionner en d\u00e9tail les cookies que vous souhaitez placer sur votre ordinateur. En particulier, l&rsquo;utilisateur peut normalement accepter l&rsquo;une des options suivantes :<\/p>\n<ul>\n<li>Refuser les cookies provenant de certains domaines ;<\/li>\n<li>Refuser les cookies de tiers ;<\/li>\n<li>Accepter les cookies comme non persistants (ils sont supprim\u00e9s lorsque le navigateur est ferm\u00e9) ;<\/li>\n<li>Autoriser le serveur \u00e0 cr\u00e9er des cookies pour un domaine diff\u00e9rent.<\/li>\n<\/ul>\n<p>Pour autoriser, conna\u00eetre, bloquer ou supprimer les cookies install\u00e9s sur votre ordinateur, vous pouvez le faire en configurant les options du navigateur install\u00e9 sur votre ordinateur.<\/p>\n<p>Des informations sur la mani\u00e8re de configurer les navigateurs les plus couramment utilis\u00e9s sont disponibles aux endroits suivants :<\/p>\n<ul>\n<li>Internet Explorer : Outils -&gt; Options Internet -&gt; Confidentialit\u00e9 -&gt; Param\u00e8tres. Pour plus d&rsquo;informations, vous pouvez consulter le support Microsoft ou l&rsquo;aide du navigateur.<\/li>\n<li>Firefox : Outils -&gt; Options -&gt; Confidentialit\u00e9 -&gt; Historique -&gt; Param\u00e8tres personnalis\u00e9s. Pour plus d&rsquo;informations, vous pouvez consulter le support Mozilla ou l&rsquo;aide du navigateur.<\/li>\n<li>Chrome : Param\u00e8tres -&gt; Afficher les options avanc\u00e9es -&gt; Confidentialit\u00e9 -&gt; Param\u00e8tres de contenu. Pour plus d&rsquo;informations, vous pouvez consulter l&rsquo;assistance de Google ou l&rsquo;aide du navigateur.<\/li>\n<li>Safari : Pr\u00e9f\u00e9rences -&gt; S\u00e9curit\u00e9. Pour plus d&rsquo;informations, vous pouvez consulter l&rsquo;assistance Apple ou l&rsquo;aide du navigateur.<\/li>\n<\/ul>\n<p>En ce qui concerne les cookies de tiers, c&rsquo;est-\u00e0-dire ceux qui sont externes \u00e0 notre site web, nous ne pouvons \u00eatre tenus responsables du contenu et de la v\u00e9racit\u00e9 des politiques de confidentialit\u00e9 qu&rsquo;ils incluent, de sorte que les informations que nous offrons sont toujours de r\u00e9f\u00e9rence.<\/p>\n<p>Ci-dessous, nous vous informons en d\u00e9tail sur les cookies qui peuvent \u00eatre install\u00e9s \u00e0 partir de notre site web. En fonction de votre navigation, certains d&rsquo;entre eux ou tous peuvent \u00eatre install\u00e9s.<\/p>\n","protected":false},"excerpt":{"rendered":"<p>POLITIQUE EN MATI\u00c8RE DE COOKIES &nbsp; Sur le site https:\/\/xocolalla.es, nous utilisons des cookies pour faciliter la relation entre les visiteurs et notre contenu et pour nous permettre d&rsquo;\u00e9tablir des&#8230;<\/p>\n","protected":false},"author":1,"featured_media":0,"parent":0,"menu_order":0,"comment_status":"closed","ping_status":"closed","template":"","meta":[],"yoast_head":"<!-- This site is optimized with the Yoast SEO plugin v21.2 - https:\/\/yoast.com\/wordpress\/plugins\/seo\/ -->\n<title>Politique en mati\u00e8re de cookies - Xocolalla<\/title>\n<meta name=\"robots\" content=\"index, follow, max-snippet:-1, max-image-preview:large, max-video-preview:-1\" \/>\n<link rel=\"canonical\" href=\"https:\/\/xocolalla.es\/fr\/politique-en-matiere-de-cookies\/\" \/>\n<meta property=\"og:locale\" content=\"fr_FR\" \/>\n<meta property=\"og:type\" content=\"article\" \/>\n<meta property=\"og:title\" content=\"Politique en mati\u00e8re de cookies - Xocolalla\" \/>\n<meta property=\"og:description\" content=\"POLITIQUE EN MATI\u00c8RE DE COOKIES &nbsp; Sur le site https:\/\/xocolalla.es, nous utilisons des cookies pour faciliter la relation entre les visiteurs et notre contenu et pour nous permettre d&rsquo;\u00e9tablir des...\" \/>\n<meta property=\"og:url\" content=\"https:\/\/xocolalla.es\/fr\/politique-en-matiere-de-cookies\/\" \/>\n<meta property=\"og:site_name\" content=\"Xocolalla\" \/>\n<meta name=\"twitter:card\" content=\"summary_large_image\" \/>\n<meta name=\"twitter:label1\" content=\"Est. reading time\" \/>\n\t<meta name=\"twitter:data1\" content=\"3 minutes\" \/>\n<script type=\"application\/ld+json\" class=\"yoast-schema-graph\">{\"@context\":\"https:\/\/schema.org\",\"@graph\":[{\"@type\":\"WebPage\",\"@id\":\"https:\/\/xocolalla.es\/fr\/politique-en-matiere-de-cookies\/\",\"url\":\"https:\/\/xocolalla.es\/fr\/politique-en-matiere-de-cookies\/\",\"name\":\"Politique en mati\u00e8re de cookies - Xocolalla\",\"isPartOf\":{\"@id\":\"https:\/\/xocolalla.es\/#website\"},\"datePublished\":\"2023-11-02T07:51:39+00:00\",\"dateModified\":\"2023-11-02T07:51:39+00:00\",\"breadcrumb\":{\"@id\":\"https:\/\/xocolalla.es\/fr\/politique-en-matiere-de-cookies\/#breadcrumb\"},\"inLanguage\":\"fr-FR\",\"potentialAction\":[{\"@type\":\"ReadAction\",\"target\":[\"https:\/\/xocolalla.es\/fr\/politique-en-matiere-de-cookies\/\"]}]},{\"@type\":\"BreadcrumbList\",\"@id\":\"https:\/\/xocolalla.es\/fr\/politique-en-matiere-de-cookies\/#breadcrumb\",\"itemListElement\":[{\"@type\":\"ListItem\",\"position\":1,\"name\":\"Portada\",\"item\":\"https:\/\/xocolalla.es\/fr\/accueil\/\"},{\"@type\":\"ListItem\",\"position\":2,\"name\":\"Politique en mati\u00e8re de cookies\"}]},{\"@type\":\"WebSite\",\"@id\":\"https:\/\/xocolalla.es\/#website\",\"url\":\"https:\/\/xocolalla.es\/\",\"name\":\"Xocolalla\",\"description\":\"Fabricantes de productos de chocolate\",\"publisher\":{\"@id\":\"https:\/\/xocolalla.es\/#organization\"},\"potentialAction\":[{\"@type\":\"SearchAction\",\"target\":{\"@type\":\"EntryPoint\",\"urlTemplate\":\"https:\/\/xocolalla.es\/?s={search_term_string}\"},\"query-input\":\"required name=search_term_string\"}],\"inLanguage\":\"fr-FR\"},{\"@type\":\"Organization\",\"@id\":\"https:\/\/xocolalla.es\/#organization\",\"name\":\"Xocolalla\",\"url\":\"https:\/\/xocolalla.es\/\",\"logo\":{\"@type\":\"ImageObject\",\"inLanguage\":\"fr-FR\",\"@id\":\"https:\/\/xocolalla.es\/#\/schema\/logo\/image\/\",\"url\":\"https:\/\/xocolalla.es\/wp-content\/uploads\/2023\/07\/logo-xoco.png\",\"contentUrl\":\"https:\/\/xocolalla.es\/wp-content\/uploads\/2023\/07\/logo-xoco.png\",\"width\":449,\"height\":174,\"caption\":\"Xocolalla\"},\"image\":{\"@id\":\"https:\/\/xocolalla.es\/#\/schema\/logo\/image\/\"}}]}<\/script>\n<!-- \/ Yoast SEO plugin. -->","yoast_head_json":{"title":"Politique en mati\u00e8re de cookies - Xocolalla","robots":{"index":"index","follow":"follow","max-snippet":"max-snippet:-1","max-image-preview":"max-image-preview:large","max-video-preview":"max-video-preview:-1"},"canonical":"https:\/\/xocolalla.es\/fr\/politique-en-matiere-de-cookies\/","og_locale":"fr_FR","og_type":"article","og_title":"Politique en mati\u00e8re de cookies - Xocolalla","og_description":"POLITIQUE EN MATI\u00c8RE DE COOKIES &nbsp; Sur le site https:\/\/xocolalla.es, nous utilisons des cookies pour faciliter la relation entre les visiteurs et notre contenu et pour nous permettre d&rsquo;\u00e9tablir des...","og_url":"https:\/\/xocolalla.es\/fr\/politique-en-matiere-de-cookies\/","og_site_name":"Xocolalla","twitter_card":"summary_large_image","twitter_misc":{"Est. reading time":"3 minutes"},"schema":{"@context":"https:\/\/schema.org","@graph":[{"@type":"WebPage","@id":"https:\/\/xocolalla.es\/fr\/politique-en-matiere-de-cookies\/","url":"https:\/\/xocolalla.es\/fr\/politique-en-matiere-de-cookies\/","name":"Politique en mati\u00e8re de cookies - Xocolalla","isPartOf":{"@id":"https:\/\/xocolalla.es\/#website"},"datePublished":"2023-11-02T07:51:39+00:00","dateModified":"2023-11-02T07:51:39+00:00","breadcrumb":{"@id":"https:\/\/xocolalla.es\/fr\/politique-en-matiere-de-cookies\/#breadcrumb"},"inLanguage":"fr-FR","potentialAction":[{"@type":"ReadAction","target":["https:\/\/xocolalla.es\/fr\/politique-en-matiere-de-cookies\/"]}]},{"@type":"BreadcrumbList","@id":"https:\/\/xocolalla.es\/fr\/politique-en-matiere-de-cookies\/#breadcrumb","itemListElement":[{"@type":"ListItem","position":1,"name":"Portada","item":"https:\/\/xocolalla.es\/fr\/accueil\/"},{"@type":"ListItem","position":2,"name":"Politique en mati\u00e8re de cookies"}]},{"@type":"WebSite","@id":"https:\/\/xocolalla.es\/#website","url":"https:\/\/xocolalla.es\/","name":"Xocolalla","description":"Fabricantes de productos de chocolate","publisher":{"@id":"https:\/\/xocolalla.es\/#organization"},"potentialAction":[{"@type":"SearchAction","target":{"@type":"EntryPoint","urlTemplate":"https:\/\/xocolalla.es\/?s={search_term_string}"},"query-input":"required name=search_term_string"}],"inLanguage":"fr-FR"},{"@type":"Organization","@id":"https:\/\/xocolalla.es\/#organization","name":"Xocolalla","url":"https:\/\/xocolalla.es\/","logo":{"@type":"ImageObject","inLanguage":"fr-FR","@id":"https:\/\/xocolalla.es\/#\/schema\/logo\/image\/","url":"https:\/\/xocolalla.es\/wp-content\/uploads\/2023\/07\/logo-xoco.png","contentUrl":"https:\/\/xocolalla.es\/wp-content\/uploads\/2023\/07\/logo-xoco.png","width":449,"height":174,"caption":"Xocolalla"},"image":{"@id":"https:\/\/xocolalla.es\/#\/schema\/logo\/image\/"}}]}},"_links":{"self":[{"href":"https:\/\/xocolalla.es\/fr\/wp-json\/wp\/v2\/pages\/344"}],"collection":[{"href":"https:\/\/xocolalla.es\/fr\/wp-json\/wp\/v2\/pages"}],"about":[{"href":"https:\/\/xocolalla.es\/fr\/wp-json\/wp\/v2\/types\/page"}],"author":[{"embeddable":true,"href":"https:\/\/xocolalla.es\/fr\/wp-json\/wp\/v2\/users\/1"}],"replies":[{"embeddable":true,"href":"https:\/\/xocolalla.es\/fr\/wp-json\/wp\/v2\/comments?post=344"}],"version-history":[{"count":0,"href":"https:\/\/xocolalla.es\/fr\/wp-json\/wp\/v2\/pages\/344\/revisions"}],"wp:attachment":[{"href":"https:\/\/xocolalla.es\/fr\/wp-json\/wp\/v2\/media?parent=344"}],"curies":[{"name":"wp","href":"https:\/\/api.w.org\/{rel}","templated":true}]}}