{"id":350,"date":"2023-11-02T07:58:48","date_gmt":"2023-11-02T07:58:48","guid":{"rendered":"https:\/\/xocolalla.es\/avis-juridique\/"},"modified":"2023-11-02T07:58:49","modified_gmt":"2023-11-02T07:58:49","slug":"avis-juridique","status":"publish","type":"page","link":"https:\/\/xocolalla.es\/fr\/avis-juridique\/","title":{"rendered":"Avis juridique"},"content":{"rendered":"[vc_row type=\u00a0\u00bbin_container\u00a0\u00bb full_screen_row_position=\u00a0\u00bbmiddle\u00a0\u00bb column_margin=\u00a0\u00bbdefault\u00a0\u00bb column_direction=\u00a0\u00bbdefault\u00a0\u00bb column_direction_tablet=\u00a0\u00bbdefault\u00a0\u00bb column_direction_phone=\u00a0\u00bbdefault\u00a0\u00bb scene_position=\u00a0\u00bbcenter\u00a0\u00bb text_color=\u00a0\u00bbdark\u00a0\u00bb text_align=\u00a0\u00bbleft\u00a0\u00bb row_border_radius=\u00a0\u00bbnone\u00a0\u00bb row_border_radius_applies=\u00a0\u00bbbg\u00a0\u00bb overflow=\u00a0\u00bbvisible\u00a0\u00bb overlay_strength=\u00a0\u00bb0.3&Prime; gradient_direction=\u00a0\u00bbleft_to_right\u00a0\u00bb shape_divider_position=\u00a0\u00bbbottom\u00a0\u00bb bg_image_animation=\u00a0\u00bbnone\u00a0\u00bb][vc_column column_padding=\u00a0\u00bbno-extra-padding\u00a0\u00bb column_padding_tablet=\u00a0\u00bbinherit\u00a0\u00bb column_padding_phone=\u00a0\u00bbinherit\u00a0\u00bb column_padding_position=\u00a0\u00bball\u00a0\u00bb column_element_direction_desktop=\u00a0\u00bbdefault\u00a0\u00bb column_element_spacing=\u00a0\u00bbdefault\u00a0\u00bb desktop_text_alignment=\u00a0\u00bbdefault\u00a0\u00bb tablet_text_alignment=\u00a0\u00bbdefault\u00a0\u00bb phone_text_alignment=\u00a0\u00bbdefault\u00a0\u00bb background_color_opacity=\u00a0\u00bb1&Prime; background_hover_color_opacity=\u00a0\u00bb1&Prime; column_backdrop_filter=\u00a0\u00bbnone\u00a0\u00bb column_shadow=\u00a0\u00bbnone\u00a0\u00bb column_border_radius=\u00a0\u00bbnone\u00a0\u00bb column_link_target=\u00a0\u00bb_self\u00a0\u00bb column_position=\u00a0\u00bbdefault\u00a0\u00bb gradient_direction=\u00a0\u00bbleft_to_right\u00a0\u00bb overlay_strength=\u00a0\u00bb0.3&Prime; width=\u00a0\u00bb1\/1&Prime; tablet_width_inherit=\u00a0\u00bbdefault\u00a0\u00bb animation_type=\u00a0\u00bbdefault\u00a0\u00bb bg_image_animation=\u00a0\u00bbnone\u00a0\u00bb border_type=\u00a0\u00bbsimple\u00a0\u00bb column_border_width=\u00a0\u00bbnone\u00a0\u00bb column_border_style=\u00a0\u00bbsolid\u00a0\u00bb][vc_column_text]\n<h4 style=\"text-align: left;\"><strong>AVIS JURIDIQUE<\/strong><\/h4>\n<p style=\"text-align: left;\">Conform\u00e9ment \u00e0 l&rsquo;article 10 de la loi 34\/2002, du 11 juillet, sur les services de la soci\u00e9t\u00e9 de l&rsquo;information et le commerce \u00e9lectronique (LSSICE), les donn\u00e9es d&rsquo;identification de l&rsquo;entreprise sont indiqu\u00e9es ci-dessous :<\/p>\n<p style=\"text-align: left;\"><strong>Nom de l&rsquo;entreprise :<\/strong> Xocolalla S.L.<\/p>\n<p style=\"text-align: left;\"><strong>NUM\u00c9RO DE TVA :<\/strong> B06801047<\/p>\n<p style=\"text-align: left;\"><strong>Adresse :<\/strong> Ctra de Alcab\u00f3n, 9 bis, 45530 Santa Olalla, Toledo<\/p>\n<p><strong>Courriel :<\/strong> <a href=\"mailto:info@xocolalla.es\">info@xocolalla.es<\/a><\/p>\n<p style=\"text-align: left;\"><strong>T\u00e9l\u00e9phone :<\/strong> 678 307 200<\/p>\n<p>&nbsp;<\/p>\n<h4 style=\"text-align: left;\"><strong>OBJECTIF DU SITE WEB<\/strong><\/h4>\n<p style=\"text-align: left;\">Le site Web permet aux utilisateurs d&rsquo;acc\u00e9der \u00e0 l&rsquo;information et aux services fournis par <strong>Xocolalla S.L.<\/strong> aux personnes ou organisations int\u00e9ress\u00e9es.<\/p>\n<p style=\"text-align: left;\">Le pr\u00e9sent avis juridique (ci-apr\u00e8s, l'\u00a0\u00bbavis juridique\u00a0\u00bb) r\u00e9git l&rsquo;utilisation du site web : <strong>xocolalla.es<\/strong><\/p>\n<p>&nbsp;<\/p>\n<h4 style=\"text-align: left;\"><strong>L\u00c9GISLATION<\/strong><\/h4>\n<p style=\"text-align: left;\">En g\u00e9n\u00e9ral, les relations entre <strong>B06801047<\/strong> et les utilisateurs de ses services t\u00e9l\u00e9matiques sur ce site sont soumises \u00e0 la l\u00e9gislation et \u00e0 la juridiction espagnoles.<\/p>\n<p>&nbsp;<\/p>\n<h4 style=\"text-align: left;\"><strong>L&rsquo;UTILISATION ET L&rsquo;ACC\u00c8S DES UTILISATEURS<\/strong><\/h4>\n<p style=\"text-align: left;\">L&rsquo;utilisateur est inform\u00e9 et accepte que l&rsquo;acc\u00e8s \u00e0 ce site Web n&rsquo;implique en aucun cas le d\u00e9but d&rsquo;une relation commerciale avec <strong>Xocolalla S.L.<\/strong> ou l&rsquo;une de ses succursales.<\/p>\n<p>&nbsp;<\/p>\n<h4 style=\"text-align: left;\"><strong>PROPRI\u00c9T\u00c9 INTELLECTUELLE ET INDUSTRIELLE<\/strong><\/h4>\n<p style=\"text-align: left;\">Les droits de propri\u00e9t\u00e9 intellectuelle du contenu des pages web, de leur conception graphique et des codes sont d\u00e9tenus par  Xocolalla <strong>S.L.<\/strong> et, par cons\u00e9quent, sa reproduction, sa distribution, sa communication publique, sa transformation ou toute autre activit\u00e9 pouvant \u00eatre r\u00e9alis\u00e9e avec les contenus de ses pages Web est interdite, m\u00eame en citant les sources, sans le consentement \u00e9crit de <strong>Xocolalla S.<\/strong> L.  <strong>Xocolalla S.L.<\/strong><\/p>\n<p>&nbsp;<\/p>\n<h4 style=\"text-align: left;\"><strong>LE CONTENU DES SITES WEB ET LES LIENS<\/strong><\/h4>\n<p style=\"text-align: left;\"><strong>Xocolalla S.L.<\/strong> se r\u00e9serve le droit d&rsquo;actualiser, de modifier ou de supprimer l&rsquo;information contenue dans ses pages Web et peut m\u00eame limiter ou refuser l&rsquo;acc\u00e8s \u00e0 cette information \u00e0 certains utilisateurs.  <strong>Xocolalla S.L<\/strong>  n&rsquo;assume aucune responsabilit\u00e9 quant aux informations contenues dans les pages web de tiers auxquelles il est possible d&rsquo;acc\u00e9der par des liens \u00e0 partir de n&rsquo;importe quelle page web appartenant \u00e0  <strong>Xocolalla S.L.<\/strong>  La pr\u00e9sence de liens sur les sites web de  <strong>Xocolalla S.L<\/strong>  n&rsquo;a qu&rsquo;une valeur informative et ne constitue en aucun cas une suggestion, une invitation ou une recommandation.<\/p>\n[\/vc_column_text][\/vc_column][\/vc_row]\n","protected":false},"excerpt":{"rendered":"<p>[vc_row type=\u00a0\u00bbin_container\u00a0\u00bb full_screen_row_position=\u00a0\u00bbmiddle\u00a0\u00bb column_margin=\u00a0\u00bbdefault\u00a0\u00bb column_direction=\u00a0\u00bbdefault\u00a0\u00bb column_direction_tablet=\u00a0\u00bbdefault\u00a0\u00bb column_direction_phone=\u00a0\u00bbdefault\u00a0\u00bb scene_position=\u00a0\u00bbcenter\u00a0\u00bb text_color=\u00a0\u00bbdark\u00a0\u00bb text_align=\u00a0\u00bbleft\u00a0\u00bb row_border_radius=\u00a0\u00bbnone\u00a0\u00bb row_border_radius_applies=\u00a0\u00bbbg\u00a0\u00bb overflow=\u00a0\u00bbvisible\u00a0\u00bb overlay_strength=\u00a0\u00bb0.3&Prime; gradient_direction=\u00a0\u00bbleft_to_right\u00a0\u00bb shape_divider_position=\u00a0\u00bbbottom\u00a0\u00bb bg_image_animation=\u00a0\u00bbnone\u00a0\u00bb][vc_column column_padding=\u00a0\u00bbno-extra-padding\u00a0\u00bb column_padding_tablet=\u00a0\u00bbinherit\u00a0\u00bb column_padding_phone=\u00a0\u00bbinherit\u00a0\u00bb column_padding_position=\u00a0\u00bball\u00a0\u00bb column_element_direction_desktop=\u00a0\u00bbdefault\u00a0\u00bb column_element_spacing=\u00a0\u00bbdefault\u00a0\u00bb desktop_text_alignment=\u00a0\u00bbdefault\u00a0\u00bb tablet_text_alignment=\u00a0\u00bbdefault\u00a0\u00bb phone_text_alignment=\u00a0\u00bbdefault\u00a0\u00bb background_color_opacity=\u00a0\u00bb1&Prime; background_hover_color_opacity=\u00a0\u00bb1&Prime; column_backdrop_filter=\u00a0\u00bbnone\u00a0\u00bb column_shadow=\u00a0\u00bbnone\u00a0\u00bb&#8230;<\/p>\n","protected":false},"author":1,"featured_media":0,"parent":0,"menu_order":0,"comment_status":"closed","ping_status":"closed","template":"","meta":[],"yoast_head":"<!-- This site is optimized with the Yoast SEO plugin v21.2 - https:\/\/yoast.com\/wordpress\/plugins\/seo\/ -->\n<title>Avis juridique - Xocolalla<\/title>\n<meta name=\"robots\" content=\"index, follow, max-snippet:-1, max-image-preview:large, max-video-preview:-1\" \/>\n<link rel=\"canonical\" href=\"https:\/\/xocolalla.es\/fr\/avis-juridique\/\" \/>\n<meta property=\"og:locale\" content=\"fr_FR\" \/>\n<meta property=\"og:type\" content=\"article\" \/>\n<meta property=\"og:title\" content=\"Avis juridique - Xocolalla\" \/>\n<meta property=\"og:description\" content=\"[vc_row type=\u00a0\u00bbin_container\u00a0\u00bb full_screen_row_position=\u00a0\u00bbmiddle\u00a0\u00bb column_margin=\u00a0\u00bbdefault\u00a0\u00bb column_direction=\u00a0\u00bbdefault\u00a0\u00bb column_direction_tablet=\u00a0\u00bbdefault\u00a0\u00bb column_direction_phone=\u00a0\u00bbdefault\u00a0\u00bb scene_position=\u00a0\u00bbcenter\u00a0\u00bb text_color=\u00a0\u00bbdark\u00a0\u00bb text_align=\u00a0\u00bbleft\u00a0\u00bb row_border_radius=\u00a0\u00bbnone\u00a0\u00bb row_border_radius_applies=\u00a0\u00bbbg\u00a0\u00bb overflow=\u00a0\u00bbvisible\u00a0\u00bb overlay_strength=\u00a0\u00bb0.3&Prime; gradient_direction=\u00a0\u00bbleft_to_right\u00a0\u00bb shape_divider_position=\u00a0\u00bbbottom\u00a0\u00bb bg_image_animation=\u00a0\u00bbnone\u00a0\u00bb][vc_column column_padding=\u00a0\u00bbno-extra-padding\u00a0\u00bb column_padding_tablet=\u00a0\u00bbinherit\u00a0\u00bb column_padding_phone=\u00a0\u00bbinherit\u00a0\u00bb column_padding_position=\u00a0\u00bball\u00a0\u00bb column_element_direction_desktop=\u00a0\u00bbdefault\u00a0\u00bb column_element_spacing=\u00a0\u00bbdefault\u00a0\u00bb desktop_text_alignment=\u00a0\u00bbdefault\u00a0\u00bb tablet_text_alignment=\u00a0\u00bbdefault\u00a0\u00bb phone_text_alignment=\u00a0\u00bbdefault\u00a0\u00bb background_color_opacity=\u00a0\u00bb1&Prime; background_hover_color_opacity=\u00a0\u00bb1&Prime; column_backdrop_filter=\u00a0\u00bbnone\u00a0\u00bb column_shadow=\u00a0\u00bbnone\u00a0\u00bb...\" \/>\n<meta property=\"og:url\" content=\"https:\/\/xocolalla.es\/fr\/avis-juridique\/\" \/>\n<meta property=\"og:site_name\" content=\"Xocolalla\" \/>\n<meta property=\"article:modified_time\" content=\"2023-11-02T07:58:49+00:00\" \/>\n<meta name=\"twitter:card\" content=\"summary_large_image\" \/>\n<meta name=\"twitter:label1\" content=\"Est. reading time\" \/>\n\t<meta name=\"twitter:data1\" content=\"3 minutes\" \/>\n<script type=\"application\/ld+json\" class=\"yoast-schema-graph\">{\"@context\":\"https:\/\/schema.org\",\"@graph\":[{\"@type\":\"WebPage\",\"@id\":\"https:\/\/xocolalla.es\/fr\/avis-juridique\/\",\"url\":\"https:\/\/xocolalla.es\/fr\/avis-juridique\/\",\"name\":\"Avis juridique - Xocolalla\",\"isPartOf\":{\"@id\":\"https:\/\/xocolalla.es\/#website\"},\"datePublished\":\"2023-11-02T07:58:48+00:00\",\"dateModified\":\"2023-11-02T07:58:49+00:00\",\"breadcrumb\":{\"@id\":\"https:\/\/xocolalla.es\/fr\/avis-juridique\/#breadcrumb\"},\"inLanguage\":\"fr-FR\",\"potentialAction\":[{\"@type\":\"ReadAction\",\"target\":[\"https:\/\/xocolalla.es\/fr\/avis-juridique\/\"]}]},{\"@type\":\"BreadcrumbList\",\"@id\":\"https:\/\/xocolalla.es\/fr\/avis-juridique\/#breadcrumb\",\"itemListElement\":[{\"@type\":\"ListItem\",\"position\":1,\"name\":\"Portada\",\"item\":\"https:\/\/xocolalla.es\/fr\/accueil\/\"},{\"@type\":\"ListItem\",\"position\":2,\"name\":\"Avis juridique\"}]},{\"@type\":\"WebSite\",\"@id\":\"https:\/\/xocolalla.es\/#website\",\"url\":\"https:\/\/xocolalla.es\/\",\"name\":\"Xocolalla\",\"description\":\"Fabricantes de productos de chocolate\",\"publisher\":{\"@id\":\"https:\/\/xocolalla.es\/#organization\"},\"potentialAction\":[{\"@type\":\"SearchAction\",\"target\":{\"@type\":\"EntryPoint\",\"urlTemplate\":\"https:\/\/xocolalla.es\/?s={search_term_string}\"},\"query-input\":\"required name=search_term_string\"}],\"inLanguage\":\"fr-FR\"},{\"@type\":\"Organization\",\"@id\":\"https:\/\/xocolalla.es\/#organization\",\"name\":\"Xocolalla\",\"url\":\"https:\/\/xocolalla.es\/\",\"logo\":{\"@type\":\"ImageObject\",\"inLanguage\":\"fr-FR\",\"@id\":\"https:\/\/xocolalla.es\/#\/schema\/logo\/image\/\",\"url\":\"https:\/\/xocolalla.es\/wp-content\/uploads\/2023\/07\/logo-xoco.png\",\"contentUrl\":\"https:\/\/xocolalla.es\/wp-content\/uploads\/2023\/07\/logo-xoco.png\",\"width\":449,\"height\":174,\"caption\":\"Xocolalla\"},\"image\":{\"@id\":\"https:\/\/xocolalla.es\/#\/schema\/logo\/image\/\"}}]}<\/script>\n<!-- \/ Yoast SEO plugin. -->","yoast_head_json":{"title":"Avis juridique - Xocolalla","robots":{"index":"index","follow":"follow","max-snippet":"max-snippet:-1","max-image-preview":"max-image-preview:large","max-video-preview":"max-video-preview:-1"},"canonical":"https:\/\/xocolalla.es\/fr\/avis-juridique\/","og_locale":"fr_FR","og_type":"article","og_title":"Avis juridique - Xocolalla","og_description":"[vc_row type=\u00a0\u00bbin_container\u00a0\u00bb full_screen_row_position=\u00a0\u00bbmiddle\u00a0\u00bb column_margin=\u00a0\u00bbdefault\u00a0\u00bb column_direction=\u00a0\u00bbdefault\u00a0\u00bb column_direction_tablet=\u00a0\u00bbdefault\u00a0\u00bb column_direction_phone=\u00a0\u00bbdefault\u00a0\u00bb scene_position=\u00a0\u00bbcenter\u00a0\u00bb text_color=\u00a0\u00bbdark\u00a0\u00bb text_align=\u00a0\u00bbleft\u00a0\u00bb row_border_radius=\u00a0\u00bbnone\u00a0\u00bb row_border_radius_applies=\u00a0\u00bbbg\u00a0\u00bb overflow=\u00a0\u00bbvisible\u00a0\u00bb overlay_strength=\u00a0\u00bb0.3&Prime; gradient_direction=\u00a0\u00bbleft_to_right\u00a0\u00bb shape_divider_position=\u00a0\u00bbbottom\u00a0\u00bb bg_image_animation=\u00a0\u00bbnone\u00a0\u00bb][vc_column column_padding=\u00a0\u00bbno-extra-padding\u00a0\u00bb column_padding_tablet=\u00a0\u00bbinherit\u00a0\u00bb column_padding_phone=\u00a0\u00bbinherit\u00a0\u00bb column_padding_position=\u00a0\u00bball\u00a0\u00bb column_element_direction_desktop=\u00a0\u00bbdefault\u00a0\u00bb column_element_spacing=\u00a0\u00bbdefault\u00a0\u00bb desktop_text_alignment=\u00a0\u00bbdefault\u00a0\u00bb tablet_text_alignment=\u00a0\u00bbdefault\u00a0\u00bb phone_text_alignment=\u00a0\u00bbdefault\u00a0\u00bb background_color_opacity=\u00a0\u00bb1&Prime; background_hover_color_opacity=\u00a0\u00bb1&Prime; column_backdrop_filter=\u00a0\u00bbnone\u00a0\u00bb column_shadow=\u00a0\u00bbnone\u00a0\u00bb...","og_url":"https:\/\/xocolalla.es\/fr\/avis-juridique\/","og_site_name":"Xocolalla","article_modified_time":"2023-11-02T07:58:49+00:00","twitter_card":"summary_large_image","twitter_misc":{"Est. reading time":"3 minutes"},"schema":{"@context":"https:\/\/schema.org","@graph":[{"@type":"WebPage","@id":"https:\/\/xocolalla.es\/fr\/avis-juridique\/","url":"https:\/\/xocolalla.es\/fr\/avis-juridique\/","name":"Avis juridique - Xocolalla","isPartOf":{"@id":"https:\/\/xocolalla.es\/#website"},"datePublished":"2023-11-02T07:58:48+00:00","dateModified":"2023-11-02T07:58:49+00:00","breadcrumb":{"@id":"https:\/\/xocolalla.es\/fr\/avis-juridique\/#breadcrumb"},"inLanguage":"fr-FR","potentialAction":[{"@type":"ReadAction","target":["https:\/\/xocolalla.es\/fr\/avis-juridique\/"]}]},{"@type":"BreadcrumbList","@id":"https:\/\/xocolalla.es\/fr\/avis-juridique\/#breadcrumb","itemListElement":[{"@type":"ListItem","position":1,"name":"Portada","item":"https:\/\/xocolalla.es\/fr\/accueil\/"},{"@type":"ListItem","position":2,"name":"Avis juridique"}]},{"@type":"WebSite","@id":"https:\/\/xocolalla.es\/#website","url":"https:\/\/xocolalla.es\/","name":"Xocolalla","description":"Fabricantes de productos de chocolate","publisher":{"@id":"https:\/\/xocolalla.es\/#organization"},"potentialAction":[{"@type":"SearchAction","target":{"@type":"EntryPoint","urlTemplate":"https:\/\/xocolalla.es\/?s={search_term_string}"},"query-input":"required name=search_term_string"}],"inLanguage":"fr-FR"},{"@type":"Organization","@id":"https:\/\/xocolalla.es\/#organization","name":"Xocolalla","url":"https:\/\/xocolalla.es\/","logo":{"@type":"ImageObject","inLanguage":"fr-FR","@id":"https:\/\/xocolalla.es\/#\/schema\/logo\/image\/","url":"https:\/\/xocolalla.es\/wp-content\/uploads\/2023\/07\/logo-xoco.png","contentUrl":"https:\/\/xocolalla.es\/wp-content\/uploads\/2023\/07\/logo-xoco.png","width":449,"height":174,"caption":"Xocolalla"},"image":{"@id":"https:\/\/xocolalla.es\/#\/schema\/logo\/image\/"}}]}},"_links":{"self":[{"href":"https:\/\/xocolalla.es\/fr\/wp-json\/wp\/v2\/pages\/350"}],"collection":[{"href":"https:\/\/xocolalla.es\/fr\/wp-json\/wp\/v2\/pages"}],"about":[{"href":"https:\/\/xocolalla.es\/fr\/wp-json\/wp\/v2\/types\/page"}],"author":[{"embeddable":true,"href":"https:\/\/xocolalla.es\/fr\/wp-json\/wp\/v2\/users\/1"}],"replies":[{"embeddable":true,"href":"https:\/\/xocolalla.es\/fr\/wp-json\/wp\/v2\/comments?post=350"}],"version-history":[{"count":0,"href":"https:\/\/xocolalla.es\/fr\/wp-json\/wp\/v2\/pages\/350\/revisions"}],"wp:attachment":[{"href":"https:\/\/xocolalla.es\/fr\/wp-json\/wp\/v2\/media?parent=350"}],"curies":[{"name":"wp","href":"https:\/\/api.w.org\/{rel}","templated":true}]}}