{"id":362,"date":"2023-11-02T07:58:50","date_gmt":"2023-11-02T07:58:50","guid":{"rendered":"https:\/\/xocolalla.es\/politique-de-confidentialite\/"},"modified":"2023-11-02T07:58:50","modified_gmt":"2023-11-02T07:58:50","slug":"politique-de-confidentialite","status":"publish","type":"page","link":"https:\/\/xocolalla.es\/fr\/politique-de-confidentialite\/","title":{"rendered":"Politique de confidentialit\u00e9"},"content":{"rendered":"<h4><strong>INFORMATIONS DE BASE SUR LA PROTECTION DES DONN\u00c9ES POUR LE SITE WEB xocolalla.es<\/strong><\/h4>\n<p>&nbsp;<\/p>\n<p><strong>CONTR\u00d4LEUR DES DONN\u00c9ES :<\/strong><\/p>\n<p>Xocolalla S.L<\/p>\n<p>&nbsp;<\/p>\n<p><strong>L&rsquo;OBJECTIF DES TRAITEMENTS :<\/strong><\/p>\n<p>Pour r\u00e9pondre \u00e0 vos questions ou vous envoyer des informations en rapport avec votre demande.<\/p>\n<p>&nbsp;<\/p>\n<p><strong>P\u00c9RIODE DE CONSERVATION :<\/strong><\/p>\n<p>\u00c0 condition qu&rsquo;il y ait toujours un int\u00e9r\u00eat \u00e0 maintenir des relations de part et d&rsquo;autre. Consentement donn\u00e9 par la partie int\u00e9ress\u00e9e en acceptant la politique de confidentialit\u00e9 du site web.<\/p>\n<p>&nbsp;<\/p>\n<p><strong>PUBLIC CIBLE :<\/strong><\/p>\n<p>Aucune donn\u00e9e ne sera transf\u00e9r\u00e9e, sauf en cas d&rsquo;obligation l\u00e9gale.<\/p>\n<p>&nbsp;<\/p>\n<p><strong>LES DROITS DES PARTIES INT\u00c9RESS\u00c9ES :<\/strong><\/p>\n<p>Retirer son consentement, acc\u00e9der aux donn\u00e9es, les rectifier et les supprimer, ainsi que d&rsquo;autres droits, comme indiqu\u00e9 dans les informations compl\u00e9mentaires.<\/p>\n<p>&nbsp;<\/p>\n<h4><strong>POLITIQUE DE CONFIDENTIALIT\u00c9 DU SITE WEB xocolalla.es<\/strong><\/h4>\n<p>&nbsp;<\/p>\n<p>La pr\u00e9sente politique de protection de la vie priv\u00e9e d\u00e9crit la mani\u00e8re dont nous recueillons les informations, \u00e0 quelles fins nous les utilisons et comment nous les g\u00e9rons.<\/p>\n<p>Votre vie priv\u00e9e est importante pour nous et nous y attachons une grande importance, c&rsquo;est pourquoi nous souhaitons exprimer notre plus grand engagement dans la protection des donn\u00e9es personnelles de nos utilisateurs. Nous avons mis en \u0153uvre les mesures techniques et organisationnelles n\u00e9cessaires requises par la r\u00e9glementation sur la protection des donn\u00e9es pour assurer la confidentialit\u00e9 de vos donn\u00e9es, conform\u00e9ment au r\u00e8glement g\u00e9n\u00e9ral sur la protection des donn\u00e9es approuv\u00e9 par l&rsquo;Union europ\u00e9enne (RGPD). Toutefois, nous ne pouvons assumer aucune responsabilit\u00e9 pour les dommages r\u00e9sultant d&rsquo;alt\u00e9rations que des tiers pourraient causer aux syst\u00e8mes informatiques, aux documents \u00e9lectroniques ou aux fichiers de l&rsquo;utilisateur.<\/p>\n<p>&nbsp;<\/p>\n<h4><strong>QUI EST LE CONTR\u00d4LEUR ?<\/strong><\/h4>\n<p>&nbsp;<\/p>\n<p>Nous vous informons que vos donn\u00e9es personnelles seront trait\u00e9es par Xocolalla S.L., Ctra de Alcab\u00f3n, 9 bis, 45530 Santa Olalla, Toledo, e-mail <a href=\"mailto:xocolalla@gmail.com\" target=\"_new\" rel=\"noopener\">xocolalla@gmail.com<\/a>.<\/p>\n<p>&nbsp;<\/p>\n<h4><strong>QUELLES SONT LES FINALIT\u00c9S DU TRAITEMENT ?<\/strong><\/h4>\n<p>&nbsp;<\/p>\n<p>1.- Pour remplir nos obligations contractuelles dans le cas o\u00f9 vous avez d\u00e9cid\u00e9 d&rsquo;acheter l&rsquo;un de nos services, ainsi que pour effectuer la gestion administrative, fiscale et comptable d\u00e9riv\u00e9e du travail que nous avons effectu\u00e9.<\/p>\n<p>2.- Participer \u00e0 d&rsquo;\u00e9ventuels processus de s\u00e9lection du personnel que nous pourrions effectuer dans le cas o\u00f9 vous nous envoyez votre curriculum vitae.<\/p>\n<p>&nbsp;<\/p>\n<h4><strong>QUELLE EST LA L\u00c9GITIMIT\u00c9 DU TRAITEMENT ?<\/strong><\/h4>\n<p>&nbsp;<\/p>\n<p>Le consentement de la personne concern\u00e9e que vous nous donnez en nous envoyant vos donn\u00e9es et en acceptant cette politique de confidentialit\u00e9. Ex\u00e9cution du contrat souscrit dans l&rsquo;objectif n\u00b0 1, dans les conditions indiqu\u00e9es dans le contrat que nous pouvons formaliser, ainsi que le respect des obligations fiscales l\u00e9gales d\u00e9riv\u00e9es du contrat. Consentement de la personne concern\u00e9e dans l&rsquo;objectif n\u00b0 2 que vous nous donnez au moment d&rsquo;accepter la politique de confidentialit\u00e9 de ce site web, ou au moyen de formulaires papier ou \u00e9lectroniques lorsque vous donnez sp\u00e9cifiquement votre consentement. Si vous nous envoyez votre CV par e-mail, nous consid\u00e9rons que vous nous autorisez \u00e0 le traiter, donc si nous estimons qu&rsquo;il est appropri\u00e9 de le conserver, nous vous r\u00e9pondrons par les m\u00eames moyens de notre politique de protection des donn\u00e9es.<\/p>\n<p>&nbsp;<\/p>\n<h4><strong>QUELS SONT LES CRIT\u00c8RES DE CONSERVATION DES DONN\u00c9ES ?<\/strong><\/h4>\n<p>&nbsp;<\/p>\n<p>Nous conserverons les donn\u00e9es pendant la p\u00e9riode de prescription des obligations l\u00e9gales et tant qu&rsquo;il existe un int\u00e9r\u00eat \u00e0 maintenir la relation de part et d&rsquo;autre, de sorte que nous proc\u00e9derons \u00e0 l&rsquo;effacement des donn\u00e9es lorsqu&rsquo;elles ne seront plus n\u00e9cessaires pour atteindre les objectifs qui auraient justifi\u00e9 leur traitement.<\/p>\n<p>Les CV re\u00e7us seront d\u00e9truits dans le cas o\u00f9 ils seraient \u00e9cart\u00e9s d&rsquo;\u00e9ventuels processus de s\u00e9lection que nous pourrions mener \u00e0 bien, en les conservant pendant une p\u00e9riode maximale d&rsquo;un an.<\/p>\n<p>&nbsp;<\/p>\n<h4><strong>COMMENT METTRE \u00c0 JOUR MES DONN\u00c9ES PERSONNELLES ?<\/strong><\/h4>\n<p>&nbsp;<\/p>\n<p>L&rsquo;utilisateur garantit que les donn\u00e9es personnelles qu&rsquo;il nous fournit par l&rsquo;interm\u00e9diaire de ce site web sont v\u00e9ridiques, correctes, actuelles et compl\u00e8tes. L&rsquo;utilisateur doit nous informer de toute modification ou mise \u00e0 jour de celles-ci, en envoyant une communication aux adresses postales ou \u00e9lectroniques indiqu\u00e9es dans la section \u00ab\u00a0O\u00f9 pouvez-vous exercer vos droits ?<\/p>\n<p>&nbsp;<\/p>\n<h4><strong>QUI SONT LES DESTINATAIRES DE L&rsquo;INFORMATION ?<\/strong><\/h4>\n<p>&nbsp;<\/p>\n<p>Nous ne divulguerons pas d&rsquo;informations \u00e0 des tiers, sauf si nous sommes l\u00e9galement oblig\u00e9s de le faire ou si vous avez donn\u00e9 votre consentement expr\u00e8s et sans ambigu\u00eft\u00e9.<\/p>\n<h4><\/h4>\n<h4><strong>QUELS SONT LES DROITS DES PARTIES PRENANTES ?<\/strong><\/h4>\n<p>&nbsp;<\/p>\n<p>Toute personne a le droit d&rsquo;obtenir la confirmation que nous traitons ou non des donn\u00e9es \u00e0 caract\u00e8re personnel la concernant.<\/p>\n<p>Les personnes int\u00e9ress\u00e9es ont le droit d&rsquo;acc\u00e9der \u00e0 leurs donn\u00e9es personnelles, ainsi que de demander la rectification des donn\u00e9es inexactes ou, le cas \u00e9ch\u00e9ant, de demander leur suppression lorsque, entre autres raisons, les donn\u00e9es ne sont plus n\u00e9cessaires aux fins pour lesquelles elles ont \u00e9t\u00e9 collect\u00e9es.<\/p>\n<p>Dans certaines circonstances, les personnes concern\u00e9es peuvent nous demander de limiter le traitement de leurs donn\u00e9es, auquel cas nous ne conserverons les donn\u00e9es que dans le but d&rsquo;exercer ou de d\u00e9fendre des r\u00e9clamations.<\/p>\n<p>Dans certaines circonstances et pour des raisons tenant \u00e0 leur situation particuli\u00e8re, les personnes concern\u00e9es peuvent s&rsquo;opposer au traitement de leurs donn\u00e9es. Dans ce cas, nous cesserons de traiter les donn\u00e9es, sauf pour des raisons l\u00e9gitimes imp\u00e9rieuses, ou pour l&rsquo;exercice ou la d\u00e9fense d&rsquo;\u00e9ventuelles r\u00e9clamations.<\/p>\n<p>Ils ont \u00e9galement le droit de retirer leur consentement au traitement de leurs donn\u00e9es \u00e0 tout moment lorsque la base l\u00e9gitime de ce traitement est le consentement de la personne concern\u00e9e.<\/p>\n<p>Pour exercer ces droits, les personnes concern\u00e9es doivent contacter le responsable du traitement des donn\u00e9es \u00e0 l&rsquo;adresse \u00e9lectronique suivante  <a href=\"mailto:xocolalla@gmail.com\" target=\"_new\" rel=\"noopener\">xocolalla@gmail.com<\/a>soit en \u00e9crivant \u00e0 Xocolalla S.L., Ctra de Alcab\u00f3n, 9 bis, 45530 Santa Olalla, Toledo, en s&rsquo;identifiant et en pr\u00e9cisant sa demande et en fournissant une photocopie de sa carte d&rsquo;identit\u00e9 ou d&rsquo;un document \u00e9quivalent.<\/p>\n<p>De m\u00eame, ils peuvent d\u00e9poser une plainte aupr\u00e8s de l&rsquo;autorit\u00e9 de contr\u00f4le de la protection des donn\u00e9es comp\u00e9tente, telle que l&rsquo;Agence espagnole de protection des donn\u00e9es, notamment lorsqu&rsquo;ils n&rsquo;ont pas obtenu satisfaction dans l&rsquo;exercice de leurs droits ou qu&rsquo;ils estiment que le traitement des donn\u00e9es n&rsquo;est pas conforme \u00e0 la l\u00e9gislation en vigueur.<\/p>\n<p>&nbsp;<\/p>\n<h4><strong>LES MESURES DE S\u00c9CURIT\u00c9<\/strong><\/h4>\n<p>&nbsp;<\/p>\n<p>Conform\u00e9ment aux dispositions de la r\u00e9glementation en vigueur en mati\u00e8re de protection des donn\u00e9es \u00e0 caract\u00e8re personnel, le RESPONSABLE respecte l&rsquo;ensemble des dispositions du R\u00c8GLEMENT G\u00c9N\u00c9RAL SUR LA PROTECTION DES DONN\u00c9ES (RGPD) pour le traitement des donn\u00e9es \u00e0 caract\u00e8re personnel sous sa responsabilit\u00e9, et manifestement les principes d\u00e9crits \u00e0 l&rsquo;article 5, selon lesquels elles sont trait\u00e9es de mani\u00e8re licite, loyale et transparente \u00e0 l&rsquo;\u00e9gard de la personne concern\u00e9e et sont ad\u00e9quates, pertinentes et limit\u00e9es \u00e0 ce qui est n\u00e9cessaire au regard des finalit\u00e9s pour lesquelles elles sont trait\u00e9es.<\/p>\n<p>Le RESPONSABLE garantit qu&rsquo;il a mis en \u0153uvre les politiques techniques et organisationnelles appropri\u00e9es pour appliquer les mesures de s\u00e9curit\u00e9 \u00e9tablies par le RGPD et le GDPR afin de prot\u00e9ger les droits et libert\u00e9s des Utilisateurs et qu&rsquo;il leur a communiqu\u00e9 les informations appropri\u00e9es pour qu&rsquo;ils puissent les exercer.<\/p>\n<p>&nbsp;<\/p>\n<h4><strong>ACCEPTATION ET CONSENTEMENT<\/strong><\/h4>\n<p>&nbsp;<\/p>\n<p>L&rsquo;utilisateur d\u00e9clare avoir \u00e9t\u00e9 inform\u00e9 de notre politique de protection des donn\u00e9es et consent au traitement de ses donn\u00e9es aux fins indiqu\u00e9es ci-dessus.<\/p>\n","protected":false},"excerpt":{"rendered":"<p>INFORMATIONS DE BASE SUR LA PROTECTION DES DONN\u00c9ES POUR LE SITE WEB xocolalla.es &nbsp; CONTR\u00d4LEUR DES DONN\u00c9ES : Xocolalla S.L &nbsp; L&rsquo;OBJECTIF DES TRAITEMENTS : Pour r\u00e9pondre \u00e0 vos questions&#8230;<\/p>\n","protected":false},"author":1,"featured_media":0,"parent":0,"menu_order":0,"comment_status":"closed","ping_status":"closed","template":"","meta":[],"yoast_head":"<!-- This site is optimized with the Yoast SEO plugin v21.2 - https:\/\/yoast.com\/wordpress\/plugins\/seo\/ -->\n<title>Politique de confidentialit\u00e9 - Xocolalla<\/title>\n<meta name=\"robots\" content=\"index, follow, max-snippet:-1, max-image-preview:large, max-video-preview:-1\" \/>\n<link rel=\"canonical\" href=\"https:\/\/xocolalla.es\/politique-de-confidentialite\/\" \/>\n<meta property=\"og:locale\" content=\"fr_FR\" \/>\n<meta property=\"og:type\" content=\"article\" \/>\n<meta property=\"og:title\" content=\"Politique de confidentialit\u00e9 - Xocolalla\" \/>\n<meta property=\"og:description\" content=\"INFORMATIONS DE BASE SUR LA PROTECTION DES DONN\u00c9ES POUR LE SITE WEB xocolalla.es &nbsp; CONTR\u00d4LEUR DES DONN\u00c9ES : Xocolalla S.L &nbsp; L&rsquo;OBJECTIF DES TRAITEMENTS : Pour r\u00e9pondre \u00e0 vos questions...\" \/>\n<meta property=\"og:url\" content=\"https:\/\/xocolalla.es\/politique-de-confidentialite\/\" \/>\n<meta property=\"og:site_name\" content=\"Xocolalla\" \/>\n<meta name=\"twitter:card\" content=\"summary_large_image\" \/>\n<meta name=\"twitter:label1\" content=\"Est. reading time\" \/>\n\t<meta name=\"twitter:data1\" content=\"6 minutes\" \/>\n<script type=\"application\/ld+json\" class=\"yoast-schema-graph\">{\"@context\":\"https:\/\/schema.org\",\"@graph\":[{\"@type\":\"WebPage\",\"@id\":\"https:\/\/xocolalla.es\/politique-de-confidentialite\/\",\"url\":\"https:\/\/xocolalla.es\/politique-de-confidentialite\/\",\"name\":\"Politique de confidentialit\u00e9 - Xocolalla\",\"isPartOf\":{\"@id\":\"https:\/\/xocolalla.es\/#website\"},\"datePublished\":\"2023-11-02T07:58:50+00:00\",\"dateModified\":\"2023-11-02T07:58:50+00:00\",\"breadcrumb\":{\"@id\":\"https:\/\/xocolalla.es\/politique-de-confidentialite\/#breadcrumb\"},\"inLanguage\":\"fr-FR\",\"potentialAction\":[{\"@type\":\"ReadAction\",\"target\":[\"https:\/\/xocolalla.es\/politique-de-confidentialite\/\"]}]},{\"@type\":\"BreadcrumbList\",\"@id\":\"https:\/\/xocolalla.es\/politique-de-confidentialite\/#breadcrumb\",\"itemListElement\":[{\"@type\":\"ListItem\",\"position\":1,\"name\":\"Portada\",\"item\":\"https:\/\/xocolalla.es\/fr\/accueil\/\"},{\"@type\":\"ListItem\",\"position\":2,\"name\":\"Politique de confidentialit\u00e9\"}]},{\"@type\":\"WebSite\",\"@id\":\"https:\/\/xocolalla.es\/#website\",\"url\":\"https:\/\/xocolalla.es\/\",\"name\":\"Xocolalla\",\"description\":\"Fabricantes de productos de chocolate\",\"publisher\":{\"@id\":\"https:\/\/xocolalla.es\/#organization\"},\"potentialAction\":[{\"@type\":\"SearchAction\",\"target\":{\"@type\":\"EntryPoint\",\"urlTemplate\":\"https:\/\/xocolalla.es\/?s={search_term_string}\"},\"query-input\":\"required name=search_term_string\"}],\"inLanguage\":\"fr-FR\"},{\"@type\":\"Organization\",\"@id\":\"https:\/\/xocolalla.es\/#organization\",\"name\":\"Xocolalla\",\"url\":\"https:\/\/xocolalla.es\/\",\"logo\":{\"@type\":\"ImageObject\",\"inLanguage\":\"fr-FR\",\"@id\":\"https:\/\/xocolalla.es\/#\/schema\/logo\/image\/\",\"url\":\"https:\/\/xocolalla.es\/wp-content\/uploads\/2023\/07\/logo-xoco.png\",\"contentUrl\":\"https:\/\/xocolalla.es\/wp-content\/uploads\/2023\/07\/logo-xoco.png\",\"width\":449,\"height\":174,\"caption\":\"Xocolalla\"},\"image\":{\"@id\":\"https:\/\/xocolalla.es\/#\/schema\/logo\/image\/\"}}]}<\/script>\n<!-- \/ Yoast SEO plugin. -->","yoast_head_json":{"title":"Politique de confidentialit\u00e9 - Xocolalla","robots":{"index":"index","follow":"follow","max-snippet":"max-snippet:-1","max-image-preview":"max-image-preview:large","max-video-preview":"max-video-preview:-1"},"canonical":"https:\/\/xocolalla.es\/politique-de-confidentialite\/","og_locale":"fr_FR","og_type":"article","og_title":"Politique de confidentialit\u00e9 - Xocolalla","og_description":"INFORMATIONS DE BASE SUR LA PROTECTION DES DONN\u00c9ES POUR LE SITE WEB xocolalla.es &nbsp; CONTR\u00d4LEUR DES DONN\u00c9ES : Xocolalla S.L &nbsp; L&rsquo;OBJECTIF DES TRAITEMENTS : Pour r\u00e9pondre \u00e0 vos questions...","og_url":"https:\/\/xocolalla.es\/politique-de-confidentialite\/","og_site_name":"Xocolalla","twitter_card":"summary_large_image","twitter_misc":{"Est. reading time":"6 minutes"},"schema":{"@context":"https:\/\/schema.org","@graph":[{"@type":"WebPage","@id":"https:\/\/xocolalla.es\/politique-de-confidentialite\/","url":"https:\/\/xocolalla.es\/politique-de-confidentialite\/","name":"Politique de confidentialit\u00e9 - Xocolalla","isPartOf":{"@id":"https:\/\/xocolalla.es\/#website"},"datePublished":"2023-11-02T07:58:50+00:00","dateModified":"2023-11-02T07:58:50+00:00","breadcrumb":{"@id":"https:\/\/xocolalla.es\/politique-de-confidentialite\/#breadcrumb"},"inLanguage":"fr-FR","potentialAction":[{"@type":"ReadAction","target":["https:\/\/xocolalla.es\/politique-de-confidentialite\/"]}]},{"@type":"BreadcrumbList","@id":"https:\/\/xocolalla.es\/politique-de-confidentialite\/#breadcrumb","itemListElement":[{"@type":"ListItem","position":1,"name":"Portada","item":"https:\/\/xocolalla.es\/fr\/accueil\/"},{"@type":"ListItem","position":2,"name":"Politique de confidentialit\u00e9"}]},{"@type":"WebSite","@id":"https:\/\/xocolalla.es\/#website","url":"https:\/\/xocolalla.es\/","name":"Xocolalla","description":"Fabricantes de productos de chocolate","publisher":{"@id":"https:\/\/xocolalla.es\/#organization"},"potentialAction":[{"@type":"SearchAction","target":{"@type":"EntryPoint","urlTemplate":"https:\/\/xocolalla.es\/?s={search_term_string}"},"query-input":"required name=search_term_string"}],"inLanguage":"fr-FR"},{"@type":"Organization","@id":"https:\/\/xocolalla.es\/#organization","name":"Xocolalla","url":"https:\/\/xocolalla.es\/","logo":{"@type":"ImageObject","inLanguage":"fr-FR","@id":"https:\/\/xocolalla.es\/#\/schema\/logo\/image\/","url":"https:\/\/xocolalla.es\/wp-content\/uploads\/2023\/07\/logo-xoco.png","contentUrl":"https:\/\/xocolalla.es\/wp-content\/uploads\/2023\/07\/logo-xoco.png","width":449,"height":174,"caption":"Xocolalla"},"image":{"@id":"https:\/\/xocolalla.es\/#\/schema\/logo\/image\/"}}]}},"_links":{"self":[{"href":"https:\/\/xocolalla.es\/fr\/wp-json\/wp\/v2\/pages\/362"}],"collection":[{"href":"https:\/\/xocolalla.es\/fr\/wp-json\/wp\/v2\/pages"}],"about":[{"href":"https:\/\/xocolalla.es\/fr\/wp-json\/wp\/v2\/types\/page"}],"author":[{"embeddable":true,"href":"https:\/\/xocolalla.es\/fr\/wp-json\/wp\/v2\/users\/1"}],"replies":[{"embeddable":true,"href":"https:\/\/xocolalla.es\/fr\/wp-json\/wp\/v2\/comments?post=362"}],"version-history":[{"count":0,"href":"https:\/\/xocolalla.es\/fr\/wp-json\/wp\/v2\/pages\/362\/revisions"}],"wp:attachment":[{"href":"https:\/\/xocolalla.es\/fr\/wp-json\/wp\/v2\/media?parent=362"}],"curies":[{"name":"wp","href":"https:\/\/api.w.org\/{rel}","templated":true}]}}