{"id":1939,"date":"2022-09-30T14:15:03","date_gmt":"2022-09-30T14:15:03","guid":{"rendered":"https:\/\/xocolalla.es\/avis-juridique\/"},"modified":"2022-11-25T08:13:51","modified_gmt":"2022-11-25T08:13:51","slug":"avis-juridique","status":"publish","type":"page","link":"https:\/\/xocolalla.es\/tienda\/fr\/avis-juridique\/","title":{"rendered":"Avis juridique"},"content":{"rendered":"<header class=\"entry-header ast-no-thumbnail ast-no-meta\"> <\/header>\n<div class=\"entry-content clear\">\n<div id=\"Content\">\n<div class=\"content_wrapper clearfix\">\n<div class=\"sections_group\">\n<div class=\"entry-content\">\n<div class=\"section the_content has_content\">\n<div class=\"section_wrapper\">\n<div class=\"the_content_wrapper\">\n<ol>\n<li><strong>DONN\u00c9ES D&rsquo;IDENTIFICATION<\/strong>Conform\u00e9ment \u00e0 l&rsquo;obligation d&rsquo;information contenue dans l&rsquo;article 10 de la loi 34\/2002, du 11 juillet, sur les services de la soci\u00e9t\u00e9 de l&rsquo;information et le commerce \u00e9lectronique, les donn\u00e9es suivantes sont refl\u00e9t\u00e9es ci-dessous : Xocolalla S.L<strong>.<\/strong>(ci-apr\u00e8s le \u00ab\u00a0fournisseur\u00a0\u00bb), avec le num\u00e9ro d&rsquo;identification fiscale B06801047 et domicili\u00e9 \u00e0 ces fins \u00e0 Ctra Alcabon 9-bis &#8211; 45530 Santa Olalla, Toledo, est le propri\u00e9taire du site web https:\/\/xocolalla.es\/tienda\/ (ci-apr\u00e8s, \u00ab\u00a0le portail ou le site web\u00a0\u00bb), et l&rsquo;adresse \u00e9lectronique de contact est : info@xocollalla.es.<\/li>\n<li><strong>UTILISATEURS :<\/strong> L&rsquo;utilisation de ce portail est totalement volontaire et implique la pleine acceptation par quiconque y acc\u00e8de, ci-apr\u00e8s \u00ab\u00a0Utilisateur\u00a0\u00bb, de toutes les conditions d&rsquo;utilisation en vigueur \u00e0 tout moment, qui peuvent \u00eatre consult\u00e9es \u00e0 cette adresse. Le prestataire se r\u00e9serve le droit de retirer l&rsquo;acc\u00e8s \u00e0 ce site, sans pr\u00e9avis, \u00e0 tout utilisateur qui contreviendrait aux dispositions des pr\u00e9sentes conditions d&rsquo;utilisation. Il est de la responsabilit\u00e9 de l&rsquo;utilisateur de lire attentivement ces termes et conditions. Les conditions susmentionn\u00e9es s&rsquo;appliquent ind\u00e9pendamment des conditions g\u00e9n\u00e9rales de contrat qui peuvent \u00eatre obligatoires.<\/li>\n<li><strong>UTILISATION DU PORTAIL : info@xocollalla.es,<\/strong> permet d&rsquo;acc\u00e9der \u00e0 une multitude d&rsquo;informations, de services, de programmes ou de donn\u00e9es (ci-apr\u00e8s, \u00ab\u00a0le contenu\u00a0\u00bb) sur Internet appartenant au prestataire. L&rsquo;utilisateur assume la responsabilit\u00e9 de l&rsquo;utilisation du portail. Cette responsabilit\u00e9 s&rsquo;\u00e9tend \u00e0 tout enregistrement qui pourrait \u00eatre n\u00e9cessaire pour acc\u00e9der \u00e0 certains services ou contenus. L&rsquo;utilisateur est responsable de la fourniture d&rsquo;informations v\u00e9ridiques et l\u00e9gales lors de cette inscription. En cons\u00e9quence de cette inscription, l&rsquo;Utilisateur pourra recevoir un mot de passe dont il sera responsable et s&rsquo;engage \u00e0 l&rsquo;utiliser avec diligence et confidentialit\u00e9. L&rsquo;utilisateur s&rsquo;engage \u00e0 faire un usage appropri\u00e9 des contenus et services, y compris, mais sans s&rsquo;y limiter, \u00e0 ne pas les utiliser aux fins suivantes (i) se livrer \u00e0 des activit\u00e9s illicites, ill\u00e9gales ou contraires \u00e0 la bonne foi et \u00e0 l&rsquo;ordre public ; (ii) diffuser des contenus ou de la propagande \u00e0 caract\u00e8re raciste, x\u00e9nophobe, pornographique-ill\u00e9gal, antiterroriste ou concernant les droits de l&rsquo;homme ; (iii) tenter d&rsquo;acc\u00e9der et, le cas \u00e9ch\u00e9ant, d&rsquo;utiliser les comptes de courrier \u00e9lectronique d&rsquo;autres utilisateurs et modifier ou alt\u00e9rer leurs messages. Le prestataire se r\u00e9serve le droit de supprimer tous les commentaires et contributions qui portent atteinte au respect de la dignit\u00e9 de la personne, qui sont discriminatoires, racistes, qui menacent la jeunesse ou l&rsquo;enfance, l&rsquo;ordre ou la s\u00e9curit\u00e9 publics ou qui, \u00e0 son avis, ne sont pas appropri\u00e9s \u00e0 la publication.<\/li>\n<li><strong>POLITIQUE DE CONFIDENTIALIT\u00c9 :  <\/strong>Le prestataire respecte les lignes directrices du r\u00e8glement en vigueur sur la protection des donn\u00e9es personnelles, le r\u00e8glement (UE) 2016\/679 du 27 avril 2016 (GDPR) relatif \u00e0 la protection des personnes physiques \u00e0 l&rsquo;\u00e9gard du traitement des donn\u00e9es \u00e0 caract\u00e8re personnel et \u00e0 la libre circulation de ces donn\u00e9es. Pour plus d&rsquo;informations, voir la <a href=\"https:\/\/www.komunicando.es\/politica-de-privacidad\/\" target=\"_blank\" rel=\"noopener\">politique de confidentialit\u00e9<\/a><\/li>\n<li><strong>PROPRI\u00c9T\u00c9 INTELLECTUELLE ET INDUSTRIELLE : <\/strong>Le contenu du site Web, y compris, mais sans s&rsquo;y limiter, les images et les textes des articles, quel que soit leur format, est la propri\u00e9t\u00e9 du prestataire et est prot\u00e9g\u00e9 par les lois sur la propri\u00e9t\u00e9 intellectuelle et les trait\u00e9s internationaux. \u00c0 cet \u00e9gard, il est express\u00e9ment interdit de copier, reproduire, vendre, transmettre, distribuer, republier, modifier ou afficher \u00e0 des fins commerciales sans le consentement pr\u00e9alable du fournisseur. L&rsquo;utilisateur s&rsquo;engage \u00e0 respecter les droits de propri\u00e9t\u00e9 intellectuelle et industrielle d\u00e9tenus par le fournisseur. Vous pouvez visualiser les \u00e9l\u00e9ments du portail et m\u00eame les imprimer, les copier et les stocker sur le disque dur de votre ordinateur ou sur tout autre support physique, \u00e0 condition que ce soit uniquement et exclusivement pour votre usage personnel et priv\u00e9.<\/li>\n<li><strong>EXCLUSION DES GARANTIES ET DE LA RESPONSABILIT\u00c9 :  <\/strong>Le prestataire ne sera en aucun cas responsable des dommages de toute nature pouvant \u00eatre caus\u00e9s par, mais sans s&rsquo;y limiter : des erreurs ou des omissions dans les contenus, le manque de disponibilit\u00e9 du portail ou la transmission de virus ou de programmes malveillants ou nuisibles dans les contenus, bien qu&rsquo;ayant pris toutes les mesures technologiques n\u00e9cessaires pour l&rsquo;\u00e9viter. Le contenu de ce site web est fourni \u00e0 des fins d&rsquo;information et de renseignement. Le fournisseur d\u00e9cline toute responsabilit\u00e9, directe ou indirecte, d\u00e9coulant de l&rsquo;utilisation ou de l&rsquo;application des informations contenues dans ce site Web \u00e0 des fins autres que celles pr\u00e9vues.<\/li>\n<li><strong>COOKIES :<\/strong> Le site web du prestataire utilise des cookies (petits fichiers d&rsquo;information que le serveur envoie \u00e0 l&rsquo;ordinateur de la personne qui acc\u00e8de \u00e0 la page) pour r\u00e9aliser certaines fonctions consid\u00e9r\u00e9es comme essentielles pour le bon fonctionnement et la visualisation du site. Pour plus d&rsquo;informations, voir la politique en mati\u00e8re de cookies.<\/li>\n<li><strong>MODIFICATIONS : <\/strong>Le fournisseur se r\u00e9serve le droit d&rsquo;apporter \u00e0 son portail les modifications qu&rsquo;il juge appropri\u00e9es, sans pr\u00e9avis.<\/li>\n<li><strong>LIENS :<\/strong> Le prestataire n&rsquo;assume en aucun cas la responsabilit\u00e9 du contenu d&rsquo;un lien appartenant \u00e0 un site web externe et ne garantit pas la disponibilit\u00e9 technique, la qualit\u00e9, la fiabilit\u00e9, l&rsquo;exactitude, l&rsquo;exhaustivit\u00e9, la v\u00e9racit\u00e9, la validit\u00e9 et la constitutionnalit\u00e9 de tout mat\u00e9riel ou information contenu dans ce site web.<\/li>\n<li><strong>DROIT D&rsquo;EXCLUSION : <\/strong>Le fournisseur se r\u00e9serve le droit de refuser ou de retirer l&rsquo;acc\u00e8s au portail et\/ou aux services offerts sans pr\u00e9avis, \u00e0 sa propre demande ou \u00e0 la demande d&rsquo;un tiers, aux utilisateurs qui ne respectent pas le pr\u00e9sent avis juridique et la politique de confidentialit\u00e9.<\/li>\n<li><strong>G\u00c9N\u00c9RALIT\u00c9S : <\/strong>Le prestataire poursuivra la violation de la pr\u00e9sente notice l\u00e9gale et de la politique de confidentialit\u00e9 ainsi que toute utilisation abusive de son site web, en exer\u00e7ant toutes les actions civiles et p\u00e9nales auxquelles il peut pr\u00e9tendre en vertu de la loi.<\/li>\n<li><strong>MODIFICATION DES PR\u00c9SENTES CONDITIONS ET DUR\u00c9E : <\/strong>Le prestataire peut modifier \u00e0 tout moment les conditions \u00e9nonc\u00e9es dans les pr\u00e9sentes, \u00e9tant d\u00fbment publi\u00e9es telles qu&rsquo;elles apparaissent ici. La validit\u00e9 de ces conditions d\u00e9pend de leur exposition et reste en vigueur jusqu&rsquo;\u00e0 ce qu&rsquo;elles soient modifi\u00e9es par d&rsquo;autres conditions d\u00fbment publi\u00e9es.<\/li>\n<li><strong>LOI APPLICABLE ET JURIDICTION :<\/strong> La relation entre le fournisseur et l&rsquo;utilisateur sera r\u00e9gie par la l\u00e9gislation espagnole en vigueur et tout litige sera soumis aux Cours et Tribunaux de la ville de Tol\u00e8de.<\/li>\n<\/ol>\n<\/div>\n<\/div>\n<\/div>\n<\/div>\n<\/div>\n<\/div>\n<\/div>\n<\/div>\n","protected":false},"excerpt":{"rendered":"<p>DONN\u00c9ES D&rsquo;IDENTIFICATIONConform\u00e9ment \u00e0 l&rsquo;obligation d&rsquo;information contenue dans l&rsquo;article 10 de la loi 34\/2002, du 11 juillet, sur les services de la soci\u00e9t\u00e9 de l&rsquo;information et le commerce \u00e9lectronique, les donn\u00e9es suivantes sont refl\u00e9t\u00e9es ci-dessous : Xocolalla S.L.(ci-apr\u00e8s le \u00ab\u00a0fournisseur\u00a0\u00bb), avec le num\u00e9ro d&rsquo;identification fiscale B06801047 et domicili\u00e9 \u00e0 ces fins \u00e0 Ctra Alcabon 9-bis &#8211; &hellip;<\/p>\n<p class=\"read-more\"> <a class=\"\" href=\"https:\/\/xocolalla.es\/tienda\/fr\/avis-juridique\/\"> <span class=\"screen-reader-text\">Avis juridique<\/span> Lire la suite \u00bb<\/a><\/p>\n","protected":false},"author":2,"featured_media":0,"parent":0,"menu_order":0,"comment_status":"closed","ping_status":"closed","template":"","meta":{"site-sidebar-layout":"default","site-content-layout":"default","ast-global-header-display":"","ast-main-header-display":"","ast-hfb-above-header-display":"","ast-hfb-below-header-display":"","ast-hfb-mobile-header-display":"","site-post-title":"","ast-breadcrumbs-content":"","ast-featured-img":"","footer-sml-layout":"","theme-transparent-header-meta":"default","adv-header-id-meta":"","stick-header-meta":"default","header-above-stick-meta":"","header-main-stick-meta":"","header-below-stick-meta":"","_themeisle_gutenberg_block_has_review":false,"footnotes":""},"class_list":["post-1939","page","type-page","status-publish","hentry"],"yoast_head":"<!-- This site is optimized with the Yoast SEO plugin v19.9 - https:\/\/yoast.com\/wordpress\/plugins\/seo\/ -->\n<title>Avis juridique - Xocolalla<\/title>\n<meta name=\"robots\" content=\"noindex, follow\" \/>\n<meta property=\"og:locale\" content=\"fr_FR\" \/>\n<meta property=\"og:type\" content=\"article\" \/>\n<meta property=\"og:title\" content=\"Avis juridique - Xocolalla\" \/>\n<meta property=\"og:description\" content=\"DONN\u00c9ES D&rsquo;IDENTIFICATIONConform\u00e9ment \u00e0 l&rsquo;obligation d&rsquo;information contenue dans l&rsquo;article 10 de la loi 34\/2002, du 11 juillet, sur les services de la soci\u00e9t\u00e9 de l&rsquo;information et le commerce \u00e9lectronique, les donn\u00e9es suivantes sont refl\u00e9t\u00e9es ci-dessous : Xocolalla S.L.(ci-apr\u00e8s le \u00ab\u00a0fournisseur\u00a0\u00bb), avec le num\u00e9ro d&rsquo;identification fiscale B06801047 et domicili\u00e9 \u00e0 ces fins \u00e0 Ctra Alcabon 9-bis &#8211; &hellip; Avis juridique Lire la suite \u00bb\" \/>\n<meta property=\"og:url\" content=\"https:\/\/xocolalla.es\/tienda\/fr\/avis-juridique\/\" \/>\n<meta property=\"og:site_name\" content=\"Xocolalla\" \/>\n<meta property=\"article:modified_time\" content=\"2022-11-25T08:13:51+00:00\" \/>\n<meta name=\"twitter:card\" content=\"summary_large_image\" \/>\n<meta name=\"twitter:label1\" content=\"Dur\u00e9e de lecture estim\u00e9e\" \/>\n\t<meta name=\"twitter:data1\" content=\"5 minutes\" \/>\n<script type=\"application\/ld+json\" class=\"yoast-schema-graph\">{\"@context\":\"https:\/\/schema.org\",\"@graph\":[{\"@type\":\"WebPage\",\"@id\":\"https:\/\/xocolalla.es\/tienda\/fr\/avis-juridique\/\",\"url\":\"https:\/\/xocolalla.es\/tienda\/fr\/avis-juridique\/\",\"name\":\"Avis juridique - Xocolalla\",\"isPartOf\":{\"@id\":\"https:\/\/xocolalla.es\/tienda\/fr\/#website\"},\"datePublished\":\"2022-09-30T14:15:03+00:00\",\"dateModified\":\"2022-11-25T08:13:51+00:00\",\"breadcrumb\":{\"@id\":\"https:\/\/xocolalla.es\/tienda\/fr\/avis-juridique\/#breadcrumb\"},\"inLanguage\":\"fr-FR\",\"potentialAction\":[{\"@type\":\"ReadAction\",\"target\":[\"https:\/\/xocolalla.es\/tienda\/fr\/avis-juridique\/\"]}]},{\"@type\":\"BreadcrumbList\",\"@id\":\"https:\/\/xocolalla.es\/tienda\/fr\/avis-juridique\/#breadcrumb\",\"itemListElement\":[{\"@type\":\"ListItem\",\"position\":1,\"name\":\"Portada\",\"item\":\"https:\/\/xocolalla.es\/tienda\/fr\/boutique\/\"},{\"@type\":\"ListItem\",\"position\":2,\"name\":\"Avis juridique\"}]},{\"@type\":\"WebSite\",\"@id\":\"https:\/\/xocolalla.es\/tienda\/fr\/#website\",\"url\":\"https:\/\/xocolalla.es\/tienda\/fr\/\",\"name\":\"xocolalla.es\",\"description\":\"L\u2019eCommerce de produits chocolat\u00e9s\",\"publisher\":{\"@id\":\"https:\/\/xocolalla.es\/tienda\/fr\/#organization\"},\"alternateName\":\"xocolalla.es\",\"potentialAction\":[{\"@type\":\"SearchAction\",\"target\":{\"@type\":\"EntryPoint\",\"urlTemplate\":\"https:\/\/xocolalla.es\/tienda\/fr\/?s={search_term_string}\"},\"query-input\":\"required name=search_term_string\"}],\"inLanguage\":\"fr-FR\"},{\"@type\":\"Organization\",\"@id\":\"https:\/\/xocolalla.es\/tienda\/fr\/#organization\",\"name\":\"Xocolalla, S.L.\",\"alternateName\":\"Xocolalla\",\"url\":\"https:\/\/xocolalla.es\/tienda\/fr\/\",\"logo\":{\"@type\":\"ImageObject\",\"inLanguage\":\"fr-FR\",\"@id\":\"https:\/\/xocolalla.es\/tienda\/fr\/#\/schema\/logo\/image\/\",\"url\":\"https:\/\/xocolalla.es\/tienda\/wp-content\/uploads\/2022\/07\/cropped-cropped-Recurso-5.png\",\"contentUrl\":\"https:\/\/xocolalla.es\/tienda\/wp-content\/uploads\/2022\/07\/cropped-cropped-Recurso-5.png\",\"width\":1664,\"height\":646,\"caption\":\"Xocolalla, S.L.\"},\"image\":{\"@id\":\"https:\/\/xocolalla.es\/tienda\/fr\/#\/schema\/logo\/image\/\"}}]}<\/script>\n<!-- \/ Yoast SEO plugin. -->","yoast_head_json":{"title":"Avis juridique - Xocolalla","robots":{"index":"noindex","follow":"follow"},"og_locale":"fr_FR","og_type":"article","og_title":"Avis juridique - Xocolalla","og_description":"DONN\u00c9ES D&rsquo;IDENTIFICATIONConform\u00e9ment \u00e0 l&rsquo;obligation d&rsquo;information contenue dans l&rsquo;article 10 de la loi 34\/2002, du 11 juillet, sur les services de la soci\u00e9t\u00e9 de l&rsquo;information et le commerce \u00e9lectronique, les donn\u00e9es suivantes sont refl\u00e9t\u00e9es ci-dessous : Xocolalla S.L.(ci-apr\u00e8s le \u00ab\u00a0fournisseur\u00a0\u00bb), avec le num\u00e9ro d&rsquo;identification fiscale B06801047 et domicili\u00e9 \u00e0 ces fins \u00e0 Ctra Alcabon 9-bis &#8211; &hellip; Avis juridique Lire la suite \u00bb","og_url":"https:\/\/xocolalla.es\/tienda\/fr\/avis-juridique\/","og_site_name":"Xocolalla","article_modified_time":"2022-11-25T08:13:51+00:00","twitter_card":"summary_large_image","twitter_misc":{"Dur\u00e9e de lecture estim\u00e9e":"5 minutes"},"schema":{"@context":"https:\/\/schema.org","@graph":[{"@type":"WebPage","@id":"https:\/\/xocolalla.es\/tienda\/fr\/avis-juridique\/","url":"https:\/\/xocolalla.es\/tienda\/fr\/avis-juridique\/","name":"Avis juridique - Xocolalla","isPartOf":{"@id":"https:\/\/xocolalla.es\/tienda\/fr\/#website"},"datePublished":"2022-09-30T14:15:03+00:00","dateModified":"2022-11-25T08:13:51+00:00","breadcrumb":{"@id":"https:\/\/xocolalla.es\/tienda\/fr\/avis-juridique\/#breadcrumb"},"inLanguage":"fr-FR","potentialAction":[{"@type":"ReadAction","target":["https:\/\/xocolalla.es\/tienda\/fr\/avis-juridique\/"]}]},{"@type":"BreadcrumbList","@id":"https:\/\/xocolalla.es\/tienda\/fr\/avis-juridique\/#breadcrumb","itemListElement":[{"@type":"ListItem","position":1,"name":"Portada","item":"https:\/\/xocolalla.es\/tienda\/fr\/boutique\/"},{"@type":"ListItem","position":2,"name":"Avis juridique"}]},{"@type":"WebSite","@id":"https:\/\/xocolalla.es\/tienda\/fr\/#website","url":"https:\/\/xocolalla.es\/tienda\/fr\/","name":"xocolalla.es","description":"L\u2019eCommerce de produits chocolat\u00e9s","publisher":{"@id":"https:\/\/xocolalla.es\/tienda\/fr\/#organization"},"alternateName":"xocolalla.es","potentialAction":[{"@type":"SearchAction","target":{"@type":"EntryPoint","urlTemplate":"https:\/\/xocolalla.es\/tienda\/fr\/?s={search_term_string}"},"query-input":"required name=search_term_string"}],"inLanguage":"fr-FR"},{"@type":"Organization","@id":"https:\/\/xocolalla.es\/tienda\/fr\/#organization","name":"Xocolalla, S.L.","alternateName":"Xocolalla","url":"https:\/\/xocolalla.es\/tienda\/fr\/","logo":{"@type":"ImageObject","inLanguage":"fr-FR","@id":"https:\/\/xocolalla.es\/tienda\/fr\/#\/schema\/logo\/image\/","url":"https:\/\/xocolalla.es\/tienda\/wp-content\/uploads\/2022\/07\/cropped-cropped-Recurso-5.png","contentUrl":"https:\/\/xocolalla.es\/tienda\/wp-content\/uploads\/2022\/07\/cropped-cropped-Recurso-5.png","width":1664,"height":646,"caption":"Xocolalla, S.L."},"image":{"@id":"https:\/\/xocolalla.es\/tienda\/fr\/#\/schema\/logo\/image\/"}}]}},"_links":{"self":[{"href":"https:\/\/xocolalla.es\/tienda\/fr\/wp-json\/wp\/v2\/pages\/1939","targetHints":{"allow":["GET"]}}],"collection":[{"href":"https:\/\/xocolalla.es\/tienda\/fr\/wp-json\/wp\/v2\/pages"}],"about":[{"href":"https:\/\/xocolalla.es\/tienda\/fr\/wp-json\/wp\/v2\/types\/page"}],"author":[{"embeddable":true,"href":"https:\/\/xocolalla.es\/tienda\/fr\/wp-json\/wp\/v2\/users\/2"}],"replies":[{"embeddable":true,"href":"https:\/\/xocolalla.es\/tienda\/fr\/wp-json\/wp\/v2\/comments?post=1939"}],"version-history":[{"count":0,"href":"https:\/\/xocolalla.es\/tienda\/fr\/wp-json\/wp\/v2\/pages\/1939\/revisions"}],"wp:attachment":[{"href":"https:\/\/xocolalla.es\/tienda\/fr\/wp-json\/wp\/v2\/media?parent=1939"}],"curies":[{"name":"wp","href":"https:\/\/api.w.org\/{rel}","templated":true}]}}