{"id":1945,"date":"2022-09-30T08:56:58","date_gmt":"2022-09-30T08:56:58","guid":{"rendered":"https:\/\/xocolalla.es\/conditions-dachat\/"},"modified":"2022-11-16T12:22:41","modified_gmt":"2022-11-16T12:22:41","slug":"conditions-dachat","status":"publish","type":"page","link":"https:\/\/xocolalla.es\/tienda\/fr\/conditions-dachat\/","title":{"rendered":"Conditions d&rsquo;achat"},"content":{"rendered":"<p>CONDITIONS D&rsquo;ACHAT<\/p>\n<p><em>Les achats effectu\u00e9s sur xocolalla.es sont soumis \u00e0 la r\u00e9glementation en vigueur et \u00e0 d&rsquo;autres lois pertinentes. Ils sont soumis au paiement de la taxe sur la valeur ajout\u00e9e TVA, telle qu&rsquo;\u00e9tablie dans la r\u00e9glementation en vigueur pour les personnes physiques ou morales r\u00e9sidant dans les \u00c9tats membres de la CEE et pour celles r\u00e9sidant dans les pays tiers. Tous les prix indiqu\u00e9s pour les produits sont TVA comprise. Lorsque vous souhaitez effectuer un achat, il vous sera n\u00e9cessaire de fournir vos donn\u00e9es personnelles afin de pouvoir traiter vos commandes. La formalisation d&rsquo;une commande s&rsquo;entend comme \u00e9tant faite sous l&rsquo;acceptation pleine et enti\u00e8re des conditions d&rsquo;utilisation.<\/em><\/p>\n<p>L&rsquo;EXP\u00c9DITION ET LA R\u00c9CEPTION DES COMMANDES<\/p>\n<p><em>Pour passer une commande, vous devez effectuer un achat d&rsquo;au moins 15,00 \u20ac.<\/em><\/p>\n<p><em>  il est possible d&rsquo;effectuer des achats avec livraison aux Bal\u00e9ares, aux Canaries, \u00e0 Ceuta ou \u00e0 Melilla.<\/em><\/p>\n<p><em>En Espagne continentale, les frais de port sont de 5,50 \u20ac et sont gratuits pour les commandes sup\u00e9rieures \u00e0 50 \u20ac.<\/em><\/p>\n<p><em>Dans les \u00eeles Bal\u00e9ares, les frais de port sont de 18 \u20ac par commande,  <\/em><\/p>\n<p><em>Dans les \u00eeles Canaries, \u00e0 Ceuta et Melilla, les frais de port sont de 50 \u20ac par commande.<\/em><\/p>\n<p><em>Pour les achats avec livraison \u00e0 l&rsquo;\u00e9tranger, veuillez contacter le num\u00e9ro du service client\u00e8le +34 925297176 du lundi au vendredi de 9h00 \u00e0 13h00. et de 15.00 \u00e0 17.00 ou par e-mail \u00e0 l&rsquo;adresse suivante  <\/em><a href=\"mailto:info@xocolalla.es\"><em>info@xocolalla.es<\/em><\/a><\/p>\n<p><em> <\/em><\/p>\n<p><strong><em>Ma commande de chocolat arrivera-t-elle en bon \u00e9tat ?<\/em><\/strong><\/p>\n<p><em>Pour garantir que votre achat arrive en bon \u00e9tat, xocolalla exp\u00e9die toutes les commandes de chocolat par envoi sec, et pendant les mois les plus chauds par envoi r\u00e9frig\u00e9r\u00e9, dans un d\u00e9lai de 24 \u00e0 72 heures, et (sans frais suppl\u00e9mentaires). L&rsquo;exp\u00e9dition r\u00e9frig\u00e9r\u00e9e est effectu\u00e9e vers toute l&rsquo;Espagne, \u00e0 l&rsquo;exception des \u00eeles Canaries, de Ceuta et de Melilla, qui sont toujours s\u00e8ches.<\/em><\/p>\n<p>&nbsp;<\/p>\n<p><strong><em>Que dois-je faire si la commande arrive en mauvais \u00e9tat ?<\/em><\/strong><\/p>\n<p><em>Contactez-nous au service client\u00e8le +34 92529 71 76 du lundi au vendredi de 9h00 \u00e0 13h00 et de 15h00 \u00e0 19h00 ou par courriel \u00e0 info@xocolalla .es dans les cas suivants :  <\/em><\/p>\n<p><em>&#8211; Si la bo\u00eete semble avoir \u00e9t\u00e9 manipul\u00e9e ou endommag\u00e9e, NE L&rsquo;ACCEPTEZ PAS et contactez-nous imm\u00e9diatement.  <\/em><\/p>\n<p><em>&#8211; Si la bo\u00eete a l&rsquo;air bien, mais que certains produits arrivent p\u00e9rim\u00e9s.  <\/em><\/p>\n<p><em>&#8211; Si, \u00e0 l&rsquo;occasion, par erreur, vous recevez un article que vous n&rsquo;avez pas command\u00e9.<\/em><\/p>\n<p><strong><em>Quand XOCOLALLA envoie-t-elle ma commande pass\u00e9e sur le site ?<\/em><\/strong><\/p>\n<ol>\n<li><em>Les commandes pass\u00e9es du lundi au jeudi avant 11 heures : seront exp\u00e9di\u00e9es le jour m\u00eame.  <\/em><\/li>\n<li><em>Les commandes pass\u00e9es apr\u00e8s 11 heures : seront exp\u00e9di\u00e9es le jour suivant.<\/em><\/li>\n<li><em>Les commandes pass\u00e9es entre le jeudi \u00e0 11 heures et le lundi \u00e0 11 heures seront exp\u00e9di\u00e9es le lundi afin que votre commande ne reste pas dans l&rsquo;entrep\u00f4t du transporteur pendant le week-end.<\/em><\/li>\n<\/ol>\n<p>REMBOURSEMENTS ET ANNULATIONS<\/p>\n<p><em>Tout retour doit \u00eatre autoris\u00e9 par xocolalla.com. En raison de la haute qualit\u00e9 et de la nature des produits vendus, aucun retour ne sera accept\u00e9 dans les 24 heures suivant la livraison. En cas de retour dans ce d\u00e9lai, le client supportera les frais de retour et les marchandises devront \u00eatre envoy\u00e9es par courrier.<\/em><\/p>\n<p><em>Les retours ne seront accept\u00e9s que pour les produits qui peuvent \u00eatre d\u00e9fectueux, selon les 3 seules causes \u00e9num\u00e9r\u00e9es ci-dessus.<br \/>\nS&rsquo;agissant de produits alimentaires, ils doivent \u00eatre retourn\u00e9s en parfait \u00e9tat, dans leur emballage d&rsquo;origine, sans avoir \u00e9t\u00e9 alt\u00e9r\u00e9s, et l&rsquo;utilisation de scell\u00e9s ou de ruban adh\u00e9sif est interdite.  <\/em><\/p>\n<p><em>Le Client doit demander le retour par e-mail, en indiquant la raison et le num\u00e9ro de facture, et XOCOLALLA.com \u00e9changera la marchandise ou remboursera l&rsquo;argent dans les cas d\u00e9taill\u00e9s. Les frais de ce transport sont \u00e0 la charge du client.<\/em><\/p>\n<p><em>En cas de remboursement, le paiement sera effectu\u00e9 dans les 48 heures. &#8211; 72 h. (jours ouvrables).<\/em><\/p>\n<p>&nbsp;<\/p>\n","protected":false},"excerpt":{"rendered":"<p>CONDITIONS D&rsquo;ACHAT Les achats effectu\u00e9s sur xocolalla.es sont soumis \u00e0 la r\u00e9glementation en vigueur et \u00e0 d&rsquo;autres lois pertinentes. Ils sont soumis au paiement de la taxe sur la valeur ajout\u00e9e TVA, telle qu&rsquo;\u00e9tablie dans la r\u00e9glementation en vigueur pour les personnes physiques ou morales r\u00e9sidant dans les \u00c9tats membres de la CEE et pour &hellip;<\/p>\n<p class=\"read-more\"> <a class=\"\" href=\"https:\/\/xocolalla.es\/tienda\/fr\/conditions-dachat\/\"> <span class=\"screen-reader-text\">Conditions d&rsquo;achat<\/span> Lire la suite \u00bb<\/a><\/p>\n","protected":false},"author":2,"featured_media":0,"parent":0,"menu_order":0,"comment_status":"closed","ping_status":"closed","template":"","meta":{"site-sidebar-layout":"default","site-content-layout":"default","ast-global-header-display":"","ast-main-header-display":"","ast-hfb-above-header-display":"","ast-hfb-below-header-display":"","ast-hfb-mobile-header-display":"","site-post-title":"","ast-breadcrumbs-content":"","ast-featured-img":"","footer-sml-layout":"","theme-transparent-header-meta":"default","adv-header-id-meta":"","stick-header-meta":"default","header-above-stick-meta":"","header-main-stick-meta":"","header-below-stick-meta":"","_themeisle_gutenberg_block_has_review":false,"footnotes":""},"class_list":["post-1945","page","type-page","status-publish","hentry"],"yoast_head":"<!-- This site is optimized with the Yoast SEO plugin v19.9 - https:\/\/yoast.com\/wordpress\/plugins\/seo\/ -->\n<title>Conditions d&#039;achat - Xocolalla<\/title>\n<meta name=\"robots\" content=\"index, follow, max-snippet:-1, max-image-preview:large, max-video-preview:-1\" \/>\n<link rel=\"canonical\" href=\"https:\/\/xocolalla.es\/tienda\/fr\/conditions-dachat\/\" \/>\n<meta property=\"og:locale\" content=\"fr_FR\" \/>\n<meta property=\"og:type\" content=\"article\" \/>\n<meta property=\"og:title\" content=\"Conditions d&#039;achat - Xocolalla\" \/>\n<meta property=\"og:description\" content=\"CONDITIONS D&rsquo;ACHAT Les achats effectu\u00e9s sur xocolalla.es sont soumis \u00e0 la r\u00e9glementation en vigueur et \u00e0 d&rsquo;autres lois pertinentes. Ils sont soumis au paiement de la taxe sur la valeur ajout\u00e9e TVA, telle qu&rsquo;\u00e9tablie dans la r\u00e9glementation en vigueur pour les personnes physiques ou morales r\u00e9sidant dans les \u00c9tats membres de la CEE et pour &hellip; Conditions d&rsquo;achat Lire la suite \u00bb\" \/>\n<meta property=\"og:url\" content=\"https:\/\/xocolalla.es\/tienda\/fr\/conditions-dachat\/\" \/>\n<meta property=\"og:site_name\" content=\"Xocolalla\" \/>\n<meta property=\"article:modified_time\" content=\"2022-11-16T12:22:41+00:00\" \/>\n<meta name=\"twitter:card\" content=\"summary_large_image\" \/>\n<meta name=\"twitter:label1\" content=\"Dur\u00e9e de lecture estim\u00e9e\" \/>\n\t<meta name=\"twitter:data1\" content=\"3 minutes\" \/>\n<script type=\"application\/ld+json\" class=\"yoast-schema-graph\">{\"@context\":\"https:\/\/schema.org\",\"@graph\":[{\"@type\":\"WebPage\",\"@id\":\"https:\/\/xocolalla.es\/tienda\/fr\/conditions-dachat\/\",\"url\":\"https:\/\/xocolalla.es\/tienda\/fr\/conditions-dachat\/\",\"name\":\"Conditions d'achat - Xocolalla\",\"isPartOf\":{\"@id\":\"https:\/\/xocolalla.es\/tienda\/fr\/#website\"},\"datePublished\":\"2022-09-30T08:56:58+00:00\",\"dateModified\":\"2022-11-16T12:22:41+00:00\",\"breadcrumb\":{\"@id\":\"https:\/\/xocolalla.es\/tienda\/fr\/conditions-dachat\/#breadcrumb\"},\"inLanguage\":\"fr-FR\",\"potentialAction\":[{\"@type\":\"ReadAction\",\"target\":[\"https:\/\/xocolalla.es\/tienda\/fr\/conditions-dachat\/\"]}]},{\"@type\":\"BreadcrumbList\",\"@id\":\"https:\/\/xocolalla.es\/tienda\/fr\/conditions-dachat\/#breadcrumb\",\"itemListElement\":[{\"@type\":\"ListItem\",\"position\":1,\"name\":\"Portada\",\"item\":\"https:\/\/xocolalla.es\/tienda\/fr\/boutique\/\"},{\"@type\":\"ListItem\",\"position\":2,\"name\":\"Conditions d&#8217;achat\"}]},{\"@type\":\"WebSite\",\"@id\":\"https:\/\/xocolalla.es\/tienda\/fr\/#website\",\"url\":\"https:\/\/xocolalla.es\/tienda\/fr\/\",\"name\":\"xocolalla.es\",\"description\":\"L\u2019eCommerce de produits chocolat\u00e9s\",\"publisher\":{\"@id\":\"https:\/\/xocolalla.es\/tienda\/fr\/#organization\"},\"alternateName\":\"xocolalla.es\",\"potentialAction\":[{\"@type\":\"SearchAction\",\"target\":{\"@type\":\"EntryPoint\",\"urlTemplate\":\"https:\/\/xocolalla.es\/tienda\/fr\/?s={search_term_string}\"},\"query-input\":\"required name=search_term_string\"}],\"inLanguage\":\"fr-FR\"},{\"@type\":\"Organization\",\"@id\":\"https:\/\/xocolalla.es\/tienda\/fr\/#organization\",\"name\":\"Xocolalla, S.L.\",\"alternateName\":\"Xocolalla\",\"url\":\"https:\/\/xocolalla.es\/tienda\/fr\/\",\"logo\":{\"@type\":\"ImageObject\",\"inLanguage\":\"fr-FR\",\"@id\":\"https:\/\/xocolalla.es\/tienda\/fr\/#\/schema\/logo\/image\/\",\"url\":\"https:\/\/xocolalla.es\/tienda\/wp-content\/uploads\/2022\/07\/cropped-cropped-Recurso-5.png\",\"contentUrl\":\"https:\/\/xocolalla.es\/tienda\/wp-content\/uploads\/2022\/07\/cropped-cropped-Recurso-5.png\",\"width\":1664,\"height\":646,\"caption\":\"Xocolalla, S.L.\"},\"image\":{\"@id\":\"https:\/\/xocolalla.es\/tienda\/fr\/#\/schema\/logo\/image\/\"}}]}<\/script>\n<!-- \/ Yoast SEO plugin. -->","yoast_head_json":{"title":"Conditions d'achat - Xocolalla","robots":{"index":"index","follow":"follow","max-snippet":"max-snippet:-1","max-image-preview":"max-image-preview:large","max-video-preview":"max-video-preview:-1"},"canonical":"https:\/\/xocolalla.es\/tienda\/fr\/conditions-dachat\/","og_locale":"fr_FR","og_type":"article","og_title":"Conditions d'achat - Xocolalla","og_description":"CONDITIONS D&rsquo;ACHAT Les achats effectu\u00e9s sur xocolalla.es sont soumis \u00e0 la r\u00e9glementation en vigueur et \u00e0 d&rsquo;autres lois pertinentes. Ils sont soumis au paiement de la taxe sur la valeur ajout\u00e9e TVA, telle qu&rsquo;\u00e9tablie dans la r\u00e9glementation en vigueur pour les personnes physiques ou morales r\u00e9sidant dans les \u00c9tats membres de la CEE et pour &hellip; Conditions d&rsquo;achat Lire la suite \u00bb","og_url":"https:\/\/xocolalla.es\/tienda\/fr\/conditions-dachat\/","og_site_name":"Xocolalla","article_modified_time":"2022-11-16T12:22:41+00:00","twitter_card":"summary_large_image","twitter_misc":{"Dur\u00e9e de lecture estim\u00e9e":"3 minutes"},"schema":{"@context":"https:\/\/schema.org","@graph":[{"@type":"WebPage","@id":"https:\/\/xocolalla.es\/tienda\/fr\/conditions-dachat\/","url":"https:\/\/xocolalla.es\/tienda\/fr\/conditions-dachat\/","name":"Conditions d'achat - Xocolalla","isPartOf":{"@id":"https:\/\/xocolalla.es\/tienda\/fr\/#website"},"datePublished":"2022-09-30T08:56:58+00:00","dateModified":"2022-11-16T12:22:41+00:00","breadcrumb":{"@id":"https:\/\/xocolalla.es\/tienda\/fr\/conditions-dachat\/#breadcrumb"},"inLanguage":"fr-FR","potentialAction":[{"@type":"ReadAction","target":["https:\/\/xocolalla.es\/tienda\/fr\/conditions-dachat\/"]}]},{"@type":"BreadcrumbList","@id":"https:\/\/xocolalla.es\/tienda\/fr\/conditions-dachat\/#breadcrumb","itemListElement":[{"@type":"ListItem","position":1,"name":"Portada","item":"https:\/\/xocolalla.es\/tienda\/fr\/boutique\/"},{"@type":"ListItem","position":2,"name":"Conditions d&#8217;achat"}]},{"@type":"WebSite","@id":"https:\/\/xocolalla.es\/tienda\/fr\/#website","url":"https:\/\/xocolalla.es\/tienda\/fr\/","name":"xocolalla.es","description":"L\u2019eCommerce de produits chocolat\u00e9s","publisher":{"@id":"https:\/\/xocolalla.es\/tienda\/fr\/#organization"},"alternateName":"xocolalla.es","potentialAction":[{"@type":"SearchAction","target":{"@type":"EntryPoint","urlTemplate":"https:\/\/xocolalla.es\/tienda\/fr\/?s={search_term_string}"},"query-input":"required name=search_term_string"}],"inLanguage":"fr-FR"},{"@type":"Organization","@id":"https:\/\/xocolalla.es\/tienda\/fr\/#organization","name":"Xocolalla, S.L.","alternateName":"Xocolalla","url":"https:\/\/xocolalla.es\/tienda\/fr\/","logo":{"@type":"ImageObject","inLanguage":"fr-FR","@id":"https:\/\/xocolalla.es\/tienda\/fr\/#\/schema\/logo\/image\/","url":"https:\/\/xocolalla.es\/tienda\/wp-content\/uploads\/2022\/07\/cropped-cropped-Recurso-5.png","contentUrl":"https:\/\/xocolalla.es\/tienda\/wp-content\/uploads\/2022\/07\/cropped-cropped-Recurso-5.png","width":1664,"height":646,"caption":"Xocolalla, S.L."},"image":{"@id":"https:\/\/xocolalla.es\/tienda\/fr\/#\/schema\/logo\/image\/"}}]}},"_links":{"self":[{"href":"https:\/\/xocolalla.es\/tienda\/fr\/wp-json\/wp\/v2\/pages\/1945","targetHints":{"allow":["GET"]}}],"collection":[{"href":"https:\/\/xocolalla.es\/tienda\/fr\/wp-json\/wp\/v2\/pages"}],"about":[{"href":"https:\/\/xocolalla.es\/tienda\/fr\/wp-json\/wp\/v2\/types\/page"}],"author":[{"embeddable":true,"href":"https:\/\/xocolalla.es\/tienda\/fr\/wp-json\/wp\/v2\/users\/2"}],"replies":[{"embeddable":true,"href":"https:\/\/xocolalla.es\/tienda\/fr\/wp-json\/wp\/v2\/comments?post=1945"}],"version-history":[{"count":0,"href":"https:\/\/xocolalla.es\/tienda\/fr\/wp-json\/wp\/v2\/pages\/1945\/revisions"}],"wp:attachment":[{"href":"https:\/\/xocolalla.es\/tienda\/fr\/wp-json\/wp\/v2\/media?parent=1945"}],"curies":[{"name":"wp","href":"https:\/\/api.w.org\/{rel}","templated":true}]}}