{"id":1971,"date":"2022-09-30T14:17:28","date_gmt":"2022-09-30T14:17:28","guid":{"rendered":"https:\/\/xocolalla.es\/politique-de-confidentialite\/"},"modified":"2022-11-25T08:18:13","modified_gmt":"2022-11-25T08:18:13","slug":"politique-de-confidentialite","status":"publish","type":"page","link":"https:\/\/xocolalla.es\/tienda\/fr\/politique-de-confidentialite\/","title":{"rendered":"Politique de confidentialit\u00e9"},"content":{"rendered":"<header class=\"entry-header ast-no-thumbnail ast-no-meta\">\n<h1 class=\"entry-title\">Politique de confidentialit\u00e9<\/h1>\n<\/header>\n<div class=\"entry-content clear\">\n<p><strong>1. Xocolalla S.L.  <\/strong>(ci-apr\u00e8s le \u00a0\u00bb Prestataire \u00ab\u00a0) avec NIF B06801047 et domicili\u00e9 \u00e0 ces fins \u00e0 Ctra Alcabon 9-bis &#8211; 45530 Santa Olalla, Toledo , est le propri\u00e9taire du site web xocollala.es (ci-apr\u00e8s \u00a0\u00bb le portail ou le site web \u00ab\u00a0), respecte les directives de la l\u00e9gislation en vigueur sur la protection des donn\u00e9es personnelles, le R\u00e8glement (UE) 2016\/679 du 27 avril 2016 (RGPD), relatif \u00e0 la protection des personnes physiques \u00e0 l&rsquo;\u00e9gard du traitement des donn\u00e9es \u00e0 caract\u00e8re personnel et de la libre circulation de ces donn\u00e9es.<\/p>\n<p>L&rsquo;Utilisateur est seul responsable de la v\u00e9racit\u00e9 et de l&rsquo;exactitude des donn\u00e9es soumises au Prestataire, exon\u00e9rant le Prestataire de toute responsabilit\u00e9 \u00e0 cet \u00e9gard. Le prestataire informe que les donn\u00e9es que l&rsquo;utilisateur fournit volontairement seront incorpor\u00e9es \u00e0 ses syst\u00e8mes d&rsquo;information afin d&rsquo;effectuer les d\u00e9marches commerciales et administratives n\u00e9cessaires avec les utilisateurs du site web ; les op\u00e9rations envisag\u00e9es pour la r\u00e9alisation du traitement sont les suivantes : r\u00e9pondre aux demandes et\/ou fournir les informations demand\u00e9es par l&rsquo;utilisateur ; fournir les services et\/ou produits contract\u00e9s ou souscrits par l&rsquo;utilisateur ; r\u00e9aliser toutes les activit\u00e9s du prestataire et envoyer la newsletter du site web. L&rsquo;utilisateur peut s&rsquo;opposer \u00e0 l&rsquo;envoi de communications commerciales par tout moyen et \u00e0 tout moment en envoyant un courriel \u00e0 l&rsquo;adresse \u00e9lectronique indiqu\u00e9e ci-dessous.<\/p>\n<p>En saisissant les donn\u00e9es, l&rsquo;utilisateur donne son consentement sans \u00e9quivoque au prestataire, d\u00e9clarant qu&rsquo;il a \u00e9t\u00e9 inform\u00e9 des conditions de protection des donn\u00e9es personnelles, acceptant et consentant au traitement automatis\u00e9 de celles-ci, afin que les donn\u00e9es fournies soient trait\u00e9es aux fins susmentionn\u00e9es. Le fait de ne pas fournir les donn\u00e9es personnelles demand\u00e9es ou de ne pas accepter la pr\u00e9sente politique de protection des donn\u00e9es entra\u00eenera l&rsquo;impossibilit\u00e9 de s&rsquo;abonner, de s&rsquo;inscrire ou de recevoir des informations sur les produits et services du prestataire.<\/p>\n<p>Le prestataire informe qu&rsquo;il ne divulguera pas les donn\u00e9es personnelles \u00e0 des tiers, sauf si la loi l&rsquo;exige. Toutefois, dans le cas o\u00f9 elles seraient transf\u00e9r\u00e9es \u00e0 un tiers, une information pr\u00e9alable serait fournie demandant le consentement expr\u00e8s pour un tel transfert. L&rsquo;entit\u00e9 responsable de la base de donn\u00e9es, de l&rsquo;h\u00e9bergement, ainsi que les personnes impliqu\u00e9es dans toute phase du traitement et\/ou les entit\u00e9s auxquelles les donn\u00e9es ont \u00e9t\u00e9 communiqu\u00e9es, sont tenues de respecter le secret professionnel et d&rsquo;adopter les niveaux de protection n\u00e9cessaires et les mesures techniques et organisationnelles \u00e0 leur port\u00e9e pour garantir la s\u00e9curit\u00e9 des donn\u00e9es personnelles.<u><\/u><\/p>\n<p>&nbsp;<\/p>\n<p>Le prestataire garantit dans tous les cas \u00e0 l&rsquo;utilisateur l&rsquo;exercice des droits d&rsquo;acc\u00e8s, de rectification, d&rsquo;annulation, d&rsquo;information et d&rsquo;opposition, de limitation et de portabilit\u00e9, dans les termes pr\u00e9vus par la l\u00e9gislation en vigueur. Par cons\u00e9quent, vous pouvez exercer vos droits en envoyant une demande expresse par courrier \u00e9lectronique \u00e0 info@xocolalla.es, en indiquant dans l&rsquo;objet : Droits ARCO, et en joignant une photocopie de votre carte d&rsquo;identit\u00e9. L&rsquo;utilisateur, quant \u00e0 lui, a le droit de retirer \u00e0 tout moment le consentement donn\u00e9. Le retrait du consentement n&rsquo;affecte pas la lic\u00e9it\u00e9 du traitement effectu\u00e9 avant le retrait du consentement. Vous avez \u00e9galement le droit d&rsquo;introduire une plainte aupr\u00e8s de l&rsquo;autorit\u00e9 de contr\u00f4le si vous consid\u00e9rez que vos droits relatifs \u00e0 la protection de vos donn\u00e9es ont pu \u00eatre viol\u00e9s aupr\u00e8s de l&rsquo;Agence espagnole de protection des donn\u00e9es (AEPD), Calle Jorge Juan, 6, 28001-Madrid ou par le biais du si\u00e8ge \u00e9lectronique de l&rsquo;AEPD :  <a href=\"https:\/\/sedeagpd.gob.es\/sede-electronica-web\/\" target=\"_blank\" rel=\"noopener\">https:\/\/sedeagpd.gob.es\/sede-electronica-web\/<\/a><\/p>\n<p>Les donn\u00e9es fournies par l&rsquo;utilisateur seront conserv\u00e9es aussi longtemps qu&rsquo;il existe un int\u00e9r\u00eat mutuel \u00e0 maintenir la finalit\u00e9 du traitement et pendant la p\u00e9riode pendant laquelle des responsabilit\u00e9s l\u00e9gales peuvent d\u00e9couler des services fournis. Lorsqu&rsquo;elles ne sont plus n\u00e9cessaires \u00e0 cette fin, elles sont supprim\u00e9es avec des mesures de s\u00e9curit\u00e9 appropri\u00e9es pour garantir la pseudonymisation des donn\u00e9es ou leur destruction compl\u00e8te. Le prestataire se r\u00e9serve le droit de modifier cette politique pour l&rsquo;adapter aux nouvelles l\u00e9gislations ou \u00e0 la jurisprudence.<\/p>\n<p>L&rsquo;utilisateur peut contacter le fournisseur \u00e0 l&rsquo;adresse \u00e9lectronique suivante : info@xocolalla.es pour toute question relative \u00e0 la pr\u00e9sente politique de confidentialit\u00e9.<\/p>\n<\/div>\n","protected":false},"excerpt":{"rendered":"<p>Politique de confidentialit\u00e9 1. Xocolalla S.L. (ci-apr\u00e8s le \u00a0\u00bb Prestataire \u00ab\u00a0) avec NIF B06801047 et domicili\u00e9 \u00e0 ces fins \u00e0 Ctra Alcabon 9-bis &#8211; 45530 Santa Olalla, Toledo , est le propri\u00e9taire du site web xocollala.es (ci-apr\u00e8s \u00a0\u00bb le portail ou le site web \u00ab\u00a0), respecte les directives de la l\u00e9gislation en vigueur sur la &hellip;<\/p>\n<p class=\"read-more\"> <a class=\"\" href=\"https:\/\/xocolalla.es\/tienda\/fr\/politique-de-confidentialite\/\"> <span class=\"screen-reader-text\">Politique de confidentialit\u00e9<\/span> Lire la suite \u00bb<\/a><\/p>\n","protected":false},"author":2,"featured_media":0,"parent":0,"menu_order":0,"comment_status":"closed","ping_status":"closed","template":"","meta":{"site-sidebar-layout":"default","site-content-layout":"default","ast-global-header-display":"","ast-main-header-display":"","ast-hfb-above-header-display":"","ast-hfb-below-header-display":"","ast-hfb-mobile-header-display":"","site-post-title":"","ast-breadcrumbs-content":"","ast-featured-img":"","footer-sml-layout":"","theme-transparent-header-meta":"default","adv-header-id-meta":"","stick-header-meta":"default","header-above-stick-meta":"","header-main-stick-meta":"","header-below-stick-meta":"","_themeisle_gutenberg_block_has_review":false,"footnotes":""},"class_list":["post-1971","page","type-page","status-publish","hentry"],"yoast_head":"<!-- This site is optimized with the Yoast SEO plugin v19.9 - https:\/\/yoast.com\/wordpress\/plugins\/seo\/ -->\n<title>Politique de confidentialit\u00e9 - Xocolalla<\/title>\n<meta name=\"robots\" content=\"noindex, follow\" \/>\n<meta property=\"og:locale\" content=\"fr_FR\" \/>\n<meta property=\"og:type\" content=\"article\" \/>\n<meta property=\"og:title\" content=\"Politique de confidentialit\u00e9 - Xocolalla\" \/>\n<meta property=\"og:description\" content=\"Politique de confidentialit\u00e9 1. Xocolalla S.L. (ci-apr\u00e8s le \u00a0\u00bb Prestataire \u00ab\u00a0) avec NIF B06801047 et domicili\u00e9 \u00e0 ces fins \u00e0 Ctra Alcabon 9-bis &#8211; 45530 Santa Olalla, Toledo , est le propri\u00e9taire du site web xocollala.es (ci-apr\u00e8s \u00a0\u00bb le portail ou le site web \u00ab\u00a0), respecte les directives de la l\u00e9gislation en vigueur sur la &hellip; Politique de confidentialit\u00e9 Lire la suite \u00bb\" \/>\n<meta property=\"og:url\" content=\"https:\/\/xocolalla.es\/tienda\/fr\/politique-de-confidentialite\/\" \/>\n<meta property=\"og:site_name\" content=\"Xocolalla\" \/>\n<meta property=\"article:modified_time\" content=\"2022-11-25T08:18:13+00:00\" \/>\n<meta name=\"twitter:card\" content=\"summary_large_image\" \/>\n<meta name=\"twitter:label1\" content=\"Dur\u00e9e de lecture estim\u00e9e\" \/>\n\t<meta name=\"twitter:data1\" content=\"4 minutes\" \/>\n<script type=\"application\/ld+json\" class=\"yoast-schema-graph\">{\"@context\":\"https:\/\/schema.org\",\"@graph\":[{\"@type\":\"WebPage\",\"@id\":\"https:\/\/xocolalla.es\/tienda\/fr\/politique-de-confidentialite\/\",\"url\":\"https:\/\/xocolalla.es\/tienda\/fr\/politique-de-confidentialite\/\",\"name\":\"Politique de confidentialit\u00e9 - Xocolalla\",\"isPartOf\":{\"@id\":\"https:\/\/xocolalla.es\/tienda\/fr\/#website\"},\"datePublished\":\"2022-09-30T14:17:28+00:00\",\"dateModified\":\"2022-11-25T08:18:13+00:00\",\"breadcrumb\":{\"@id\":\"https:\/\/xocolalla.es\/tienda\/fr\/politique-de-confidentialite\/#breadcrumb\"},\"inLanguage\":\"fr-FR\",\"potentialAction\":[{\"@type\":\"ReadAction\",\"target\":[\"https:\/\/xocolalla.es\/tienda\/fr\/politique-de-confidentialite\/\"]}]},{\"@type\":\"BreadcrumbList\",\"@id\":\"https:\/\/xocolalla.es\/tienda\/fr\/politique-de-confidentialite\/#breadcrumb\",\"itemListElement\":[{\"@type\":\"ListItem\",\"position\":1,\"name\":\"Portada\",\"item\":\"https:\/\/xocolalla.es\/tienda\/fr\/boutique\/\"},{\"@type\":\"ListItem\",\"position\":2,\"name\":\"Politique de confidentialit\u00e9\"}]},{\"@type\":\"WebSite\",\"@id\":\"https:\/\/xocolalla.es\/tienda\/fr\/#website\",\"url\":\"https:\/\/xocolalla.es\/tienda\/fr\/\",\"name\":\"xocolalla.es\",\"description\":\"L\u2019eCommerce de produits chocolat\u00e9s\",\"publisher\":{\"@id\":\"https:\/\/xocolalla.es\/tienda\/fr\/#organization\"},\"alternateName\":\"xocolalla.es\",\"potentialAction\":[{\"@type\":\"SearchAction\",\"target\":{\"@type\":\"EntryPoint\",\"urlTemplate\":\"https:\/\/xocolalla.es\/tienda\/fr\/?s={search_term_string}\"},\"query-input\":\"required name=search_term_string\"}],\"inLanguage\":\"fr-FR\"},{\"@type\":\"Organization\",\"@id\":\"https:\/\/xocolalla.es\/tienda\/fr\/#organization\",\"name\":\"Xocolalla, S.L.\",\"alternateName\":\"Xocolalla\",\"url\":\"https:\/\/xocolalla.es\/tienda\/fr\/\",\"logo\":{\"@type\":\"ImageObject\",\"inLanguage\":\"fr-FR\",\"@id\":\"https:\/\/xocolalla.es\/tienda\/fr\/#\/schema\/logo\/image\/\",\"url\":\"https:\/\/xocolalla.es\/tienda\/wp-content\/uploads\/2022\/07\/cropped-cropped-Recurso-5.png\",\"contentUrl\":\"https:\/\/xocolalla.es\/tienda\/wp-content\/uploads\/2022\/07\/cropped-cropped-Recurso-5.png\",\"width\":1664,\"height\":646,\"caption\":\"Xocolalla, S.L.\"},\"image\":{\"@id\":\"https:\/\/xocolalla.es\/tienda\/fr\/#\/schema\/logo\/image\/\"}}]}<\/script>\n<!-- \/ Yoast SEO plugin. -->","yoast_head_json":{"title":"Politique de confidentialit\u00e9 - Xocolalla","robots":{"index":"noindex","follow":"follow"},"og_locale":"fr_FR","og_type":"article","og_title":"Politique de confidentialit\u00e9 - Xocolalla","og_description":"Politique de confidentialit\u00e9 1. Xocolalla S.L. (ci-apr\u00e8s le \u00a0\u00bb Prestataire \u00ab\u00a0) avec NIF B06801047 et domicili\u00e9 \u00e0 ces fins \u00e0 Ctra Alcabon 9-bis &#8211; 45530 Santa Olalla, Toledo , est le propri\u00e9taire du site web xocollala.es (ci-apr\u00e8s \u00a0\u00bb le portail ou le site web \u00ab\u00a0), respecte les directives de la l\u00e9gislation en vigueur sur la &hellip; Politique de confidentialit\u00e9 Lire la suite \u00bb","og_url":"https:\/\/xocolalla.es\/tienda\/fr\/politique-de-confidentialite\/","og_site_name":"Xocolalla","article_modified_time":"2022-11-25T08:18:13+00:00","twitter_card":"summary_large_image","twitter_misc":{"Dur\u00e9e de lecture estim\u00e9e":"4 minutes"},"schema":{"@context":"https:\/\/schema.org","@graph":[{"@type":"WebPage","@id":"https:\/\/xocolalla.es\/tienda\/fr\/politique-de-confidentialite\/","url":"https:\/\/xocolalla.es\/tienda\/fr\/politique-de-confidentialite\/","name":"Politique de confidentialit\u00e9 - Xocolalla","isPartOf":{"@id":"https:\/\/xocolalla.es\/tienda\/fr\/#website"},"datePublished":"2022-09-30T14:17:28+00:00","dateModified":"2022-11-25T08:18:13+00:00","breadcrumb":{"@id":"https:\/\/xocolalla.es\/tienda\/fr\/politique-de-confidentialite\/#breadcrumb"},"inLanguage":"fr-FR","potentialAction":[{"@type":"ReadAction","target":["https:\/\/xocolalla.es\/tienda\/fr\/politique-de-confidentialite\/"]}]},{"@type":"BreadcrumbList","@id":"https:\/\/xocolalla.es\/tienda\/fr\/politique-de-confidentialite\/#breadcrumb","itemListElement":[{"@type":"ListItem","position":1,"name":"Portada","item":"https:\/\/xocolalla.es\/tienda\/fr\/boutique\/"},{"@type":"ListItem","position":2,"name":"Politique de confidentialit\u00e9"}]},{"@type":"WebSite","@id":"https:\/\/xocolalla.es\/tienda\/fr\/#website","url":"https:\/\/xocolalla.es\/tienda\/fr\/","name":"xocolalla.es","description":"L\u2019eCommerce de produits chocolat\u00e9s","publisher":{"@id":"https:\/\/xocolalla.es\/tienda\/fr\/#organization"},"alternateName":"xocolalla.es","potentialAction":[{"@type":"SearchAction","target":{"@type":"EntryPoint","urlTemplate":"https:\/\/xocolalla.es\/tienda\/fr\/?s={search_term_string}"},"query-input":"required name=search_term_string"}],"inLanguage":"fr-FR"},{"@type":"Organization","@id":"https:\/\/xocolalla.es\/tienda\/fr\/#organization","name":"Xocolalla, S.L.","alternateName":"Xocolalla","url":"https:\/\/xocolalla.es\/tienda\/fr\/","logo":{"@type":"ImageObject","inLanguage":"fr-FR","@id":"https:\/\/xocolalla.es\/tienda\/fr\/#\/schema\/logo\/image\/","url":"https:\/\/xocolalla.es\/tienda\/wp-content\/uploads\/2022\/07\/cropped-cropped-Recurso-5.png","contentUrl":"https:\/\/xocolalla.es\/tienda\/wp-content\/uploads\/2022\/07\/cropped-cropped-Recurso-5.png","width":1664,"height":646,"caption":"Xocolalla, S.L."},"image":{"@id":"https:\/\/xocolalla.es\/tienda\/fr\/#\/schema\/logo\/image\/"}}]}},"_links":{"self":[{"href":"https:\/\/xocolalla.es\/tienda\/fr\/wp-json\/wp\/v2\/pages\/1971","targetHints":{"allow":["GET"]}}],"collection":[{"href":"https:\/\/xocolalla.es\/tienda\/fr\/wp-json\/wp\/v2\/pages"}],"about":[{"href":"https:\/\/xocolalla.es\/tienda\/fr\/wp-json\/wp\/v2\/types\/page"}],"author":[{"embeddable":true,"href":"https:\/\/xocolalla.es\/tienda\/fr\/wp-json\/wp\/v2\/users\/2"}],"replies":[{"embeddable":true,"href":"https:\/\/xocolalla.es\/tienda\/fr\/wp-json\/wp\/v2\/comments?post=1971"}],"version-history":[{"count":0,"href":"https:\/\/xocolalla.es\/tienda\/fr\/wp-json\/wp\/v2\/pages\/1971\/revisions"}],"wp:attachment":[{"href":"https:\/\/xocolalla.es\/tienda\/fr\/wp-json\/wp\/v2\/media?parent=1971"}],"curies":[{"name":"wp","href":"https:\/\/api.w.org\/{rel}","templated":true}]}}