{"id":1974,"date":"2022-09-30T14:20:04","date_gmt":"2022-09-30T14:20:04","guid":{"rendered":"https:\/\/xocolalla.es\/politique-en-matiere-de-cookies\/"},"modified":"2022-11-25T08:17:16","modified_gmt":"2022-11-25T08:17:16","slug":"politique-en-matiere-de-cookies","status":"publish","type":"page","link":"https:\/\/xocolalla.es\/tienda\/fr\/politique-en-matiere-de-cookies\/","title":{"rendered":"Politique en mati\u00e8re de cookies"},"content":{"rendered":"<header class=\"entry-header ast-no-thumbnail ast-no-meta\">\n<p class=\"entry-title\">Politique en mati\u00e8re de cookies<\/p>\n<\/header>\n<div class=\"entry-content clear\">\n<p class=\"entry-title main_title\">Conform\u00e9ment aux dispositions de la loi 34\/2002 sur les services de la soci\u00e9t\u00e9 de l&rsquo;information, l&rsquo;utilisateur est inform\u00e9 que le site web xocolalla.es, propri\u00e9t\u00e9 de Xocolalla S.L.<strong> <\/strong>(ci-apr\u00e8s \u00ab\u00a0le fournisseur\u00a0\u00bb) utilise des cookies. Les cookies sont de petits fichiers texte qui sont stock\u00e9s sur votre ordinateur ou votre appareil par le site web que vous visitez.<\/p>\n<div class=\"entry-content\">\n<p>&nbsp;<\/p>\n<p> <strong><br \/>\n  <u> (i) Cookies de premi\u00e8re partie :<\/u><br \/>\n<\/strong> Ce sont celles qui sont envoy\u00e9es \u00e0 l&rsquo;\u00e9quipement terminal de l&rsquo;utilisateur depuis un ordinateur ou un domaine g\u00e9r\u00e9 par l&rsquo;\u00e9diteur lui-m\u00eame et \u00e0 partir duquel le service demand\u00e9 par l&rsquo;utilisateur est fourni.<\/p>\n<ul>\n<li><strong>Cookies de session :<\/strong> N\u00e9cessaires pour l&rsquo;utilisation correcte du site web, une navigation ininterrompue, la m\u00e9morisation des options de langue ou de pays. Ils sont utilis\u00e9s pour identifier la m\u00eame session temporaire d&rsquo;utilisateur ou de navigation.<\/li>\n<li><strong>Cookies techniques :<\/strong> ils stockent des informations g\u00e9n\u00e9riques et anonymes qui n&rsquo;incluent pas de donn\u00e9es personnelles, dont le but est de garantir le fonctionnement du site web.<\/li>\n<li><strong>Log-in :<\/strong> Ils sont cr\u00e9\u00e9s lors de l&rsquo;enregistrement d&rsquo;un utilisateur (log-in). Ils sont utilis\u00e9s pour identifier l&rsquo;utilisateur une fois qu&rsquo;il s&rsquo;est authentifi\u00e9 sur les sites Web.<\/li>\n<\/ul>\n<p>&nbsp;<\/p>\n<p><strong><br \/>\n  <u>(ii) Cookies de tiers :<\/u><br \/>\n<\/strong> le site web peut contenir des cookies de tiers visant \u00e0 fournir un meilleur service que ces tiers offrent. Les liens vers des r\u00e9seaux sociaux permettant de partager le contenu du site web sont un exemple de cette utilisation.<\/p>\n<p><strong>a) Cookies analytiques :<\/strong> il s&rsquo;agit de cookies qui, trait\u00e9s par le prestataire ou par des tiers, permettent de quantifier le nombre de visiteurs et d&rsquo;analyser statistiquement l&rsquo;utilisation faite par les utilisateurs du portail web. Les informations recueillies par ce type de cookies sont utilis\u00e9es pour mesurer l&rsquo;activit\u00e9 du site Web et pour cr\u00e9er des profils de navigation anonymes des utilisateurs, afin d&rsquo;introduire des am\u00e9liorations bas\u00e9es sur l&rsquo;analyse des donn\u00e9es relatives \u00e0 l&rsquo;utilisation faite par les utilisateurs du service :<\/p>\n<ul>\n<li>Google Analitycs <a href=\"https:\/\/www.google.com\/policies\/privacy\/\" target=\"_blank\" rel=\"noopener\">: https:\/\/www.google.com\/policies\/privacy\/<\/a><\/li>\n<li>Stats WordPress <a href=\"https:\/\/en.support.wordpress.com\/stats\/\" target=\"_blank\" rel=\"noopener\">: https:\/\/en.support.wordpress.com\/stats\/<\/a>, <a href=\"https:\/\/automattic.com\/privacy\/\" target=\"_blank\" rel=\"noopener\">https:\/\/automattic.com\/privacy\/<\/a><\/li>\n<\/ul>\n<p>&nbsp;<\/p>\n<p><strong>b) Cookies publicitaires :<\/strong>  Ce sont celles qui permettent de g\u00e9rer, de la mani\u00e8re la plus efficace possible, les espaces publicitaires que, le cas \u00e9ch\u00e9ant, l&rsquo;\u00e9diteur a inclus sur le site web \u00e0 partir duquel le service demand\u00e9 est fourni, sur la base de crit\u00e8res tels que le contenu \u00e9dit\u00e9 ou la fr\u00e9quence d&rsquo;affichage des publicit\u00e9s :<\/p>\n<ul>\n<li>DoubleClick by Google : les cookies publicitaires de Google sont utilis\u00e9s pour \u00e9tudier l&rsquo;audience, en obtenant des informations sur votre navigation, en collectant des donn\u00e9es de mani\u00e8re anonyme qui permettent de proposer des publicit\u00e9s bas\u00e9es sur la navigation effectu\u00e9e <a href=\"https:\/\/support.google.com\/adsense\/answer\/2839090?hl=es\" target=\"_blank\" rel=\"noopener\">: https:\/\/support.google.com\/adsense\/answer\/2839090?hl=es<\/a>.<\/li>\n<li>Audience personnalis\u00e9e Facebook et Pixel Facebook : ils servent \u00e0 cibler des publicit\u00e9s pour l&rsquo;utilisateur concernant les produits ou services qu&rsquo;il a visit\u00e9s, achet\u00e9s et\/ou utilis\u00e9s sur une page sp\u00e9cifique du site web. Ils permettent \u00e9galement de limiter le nombre de fois qu&rsquo;une publicit\u00e9 est diffus\u00e9e, afin que l&rsquo;utilisateur ne voie pas toujours la m\u00eame publicit\u00e9. Ces cookies sont \u00e9galement utilis\u00e9s pour mesurer les performances des campagnes publicitaires des entreprises utilisant les services de Facebook <a href=\"https:\/\/www.facebook.com\/privacy\/explanation\" target=\"_blank\" rel=\"noopener\">: https:\/\/www.facebook.com\/privacy\/explanation<\/a>.<\/li>\n<\/ul>\n<p>&nbsp;<\/p>\n<p><strong>c) Cookies de m\u00e9dias sociaux :<\/strong><\/p>\n<ul>\n<li>Gravatar : Le Gravatar est une image de l&rsquo;utilisateur qui vous suit de site web en site web, apparaissant \u00e0 c\u00f4t\u00e9 de votre nom lorsque vous effectuez des actions telles que commenter sur un blog ou lorsque vous vous connectez au site web. Les cookies sont stock\u00e9s pour g\u00e9rer les ic\u00f4nes li\u00e9es aux profils et aux utilisateurs de ce service <a href=\"https:\/\/automattic.com\/privacy\/\" target=\"_blank\" rel=\"noopener\">: https:\/\/automattic.com\/privacy\/<\/a>.<\/li>\n<\/ul>\n<p>&nbsp;<\/p>\n<p><strong>d) Cookies de r\u00e9seaux sociaux externes :<\/strong> ils sont utilis\u00e9s pour permettre aux visiteurs d&rsquo;interagir avec le contenu de diff\u00e9rentes plateformes sociales (Facebook, YouTube, Twitter, LinkedIn, Instagram, etc.) et ne sont g\u00e9n\u00e9r\u00e9s que pour les utilisateurs de ces r\u00e9seaux sociaux. Les conditions d&rsquo;utilisation de ces cookies et les informations collect\u00e9es sont r\u00e9gies par la politique de confidentialit\u00e9 de la plateforme sociale correspondante.<\/p>\n<ul>\n<li><a href=\"https:\/\/www.facebook.com\/help\/cookies\/\" target=\"_blank\" rel=\"noopener\">https:\/\/www.facebook.com\/help\/cookies\/<\/a><u>  <\/u><\/li>\n<li><a href=\"https:\/\/www.google.com\/intl\/es_es\/policies\/technologies\/types\/\" target=\"_blank\" rel=\"noopener\">https:\/\/www.google.com\/intl\/es_es\/policies\/technologies\/types\/<\/a><\/li>\n<li><a href=\"https:\/\/support.twitter.com\/articles\/20170521-el-uso-que-hace-twitter-de-cookies-y-tecnologias-similares\" target=\"_blank\" rel=\"noopener\">https:\/\/support.twitter.com\/articles\/20170521-el-uso-que-hace-twitter-de-cookies-y-tecnologias-similares#<\/a><\/li>\n<li><a href=\"https:\/\/www.instagram.com\/legal\/cookies\/\" target=\"_blank\" rel=\"noopener\">https:\/\/www.instagram.com\/legal\/cookies\/<\/a><\/li>\n<li><a href=\"https:\/\/about.pinterest.com\/es\/cookies-pinterest\" target=\"_blank\" rel=\"noopener\">https:\/\/about.pinterest.com\/es\/cookies-pinterest<\/a><u>   <\/u><\/li>\n<\/ul>\n<p>&nbsp;<\/p>\n<p>Dans le cas o\u00f9 l&rsquo;Utilisateur souhaite modifier la configuration des cookies de son navigateur, il peut le faire en configurant les options de son navigateur. L&rsquo;utilisateur peut trouver des informations sur la mani\u00e8re de modifier les politiques en mati\u00e8re de cookies des diff\u00e9rents navigateurs dans les espaces suivants :<\/p>\n<p>(i) Si vous utilisez Microsoft Internet Explorer <a href=\"https:\/\/support.microsoft.com\/es-es\/help\/17442\/windows-internet-explorer-delete-manage-cookies\" target=\"_blank\" rel=\"noopener\">: https:\/\/support.microsoft.com\/es-es\/help\/17442\/windows-internet-explorer-delete-manage-cookies<\/a><u>    <\/u><\/p>\n<p>(ii) Si vous utilisez Firefox <a href=\"http:\/\/support.mozilla.org\/es\/kb\/habilitar-y-deshabilitar-cookies-que-los-sitios-we\" target=\"_blank\" rel=\"noopener\">: http:\/\/support.mozilla.org\/es\/kb\/habilitar-y-deshabilitar-cookies-que-los-sitios-we<\/a><u>  <\/u><\/p>\n<p>(iii) Si vous utilisez Safari <a href=\"https:\/\/support.apple.com\/kb\/PH19214?viewlocale=es_ES&amp;locale=es_ES\" target=\"_blank\" rel=\"noopener\">: https:\/\/support.apple.com\/kb\/PH19214?viewlocale=es_ES&amp;locale=es_ES<\/a><\/p>\n<p>(iv) Si vous utilisez Google Chrome <a href=\"http:\/\/support.google.com\/chrome\/bin\/answer.py?hl=es&amp;answer=95647\" target=\"_blank\" rel=\"noopener\">: http:\/\/support.google.com\/chrome\/bin\/answer.py?hl=es&amp;answer=95647<\/a><u>   <\/u><\/p>\n<p>Il existe des outils tiers disponibles en ligne qui permettent aux utilisateurs de d\u00e9tecter les cookies sur chaque site web qu&rsquo;ils visitent et de g\u00e9rer leur d\u00e9sactivation. Les navigateurs web sont les outils responsables du stockage des cookies et c&rsquo;est \u00e0 partir de l\u00e0 que l&rsquo;utilisateur peut exercer son droit de les supprimer ou de les d\u00e9sactiver. Ni ce site web ni ses repr\u00e9sentants l\u00e9gaux ne peuvent garantir le traitement correct ou incorrect des cookies par les navigateurs susmentionn\u00e9s. Les utilisateurs sont inform\u00e9s que s&rsquo;ils ne souhaitent pas que les sites Web placent des cookies sur leur \u00e9quipement, ils peuvent adapter les param\u00e8tres de leur navigateur afin d&rsquo;\u00eatre avertis avant le placement de tout cookie. Vous pouvez \u00e9galement r\u00e9gler les param\u00e8tres de votre navigateur de mani\u00e8re \u00e0 ce qu&rsquo;il rejette tous les cookies, ou uniquement les cookies de tiers. Si vous rencontrez de tels cookies sur ce site et qu&rsquo;ils ne sont pas r\u00e9pertori\u00e9s ci-dessus, veuillez nous en informer.<\/p>\n<p>&nbsp;<\/p>\n<p>L&rsquo;acceptation de la pr\u00e9sente politique en mati\u00e8re de cookies implique que l&rsquo;utilisateur a \u00e9t\u00e9 clairement et pleinement inform\u00e9 de l&rsquo;utilisation de dispositifs de stockage et de r\u00e9cup\u00e9ration de donn\u00e9es (cookies) et que le fournisseur a le consentement de l&rsquo;utilisateur \u00e0 l&rsquo;utilisation de cookies comme l&rsquo;exige la loi. Si l&rsquo;utilisateur a des doutes sur la politique de cookies du site web, il peut contacter : info@xocolalla.es.<\/p>\n<p>Si vous souhaitez savoir en d\u00e9tail en quoi consistent les cookies, vous pouvez acc\u00e9der au guide des cookies publi\u00e9 par l&rsquo;Agence espagnole de protection des donn\u00e9es \u00e0 l&rsquo;adresse suivante <a href=\"http:\/\/www.agpd.es\/portalwebAGPD\/canaldocumentacion\/publicaciones\/common\/Guias\/Guia_Cookies.pdf\" target=\"_blank\" rel=\"noopener\">: http:\/\/www.agpd.es\/portalwebAGPD\/canaldocumentacion\/publicaciones\/common\/Guias\/Guia_Cookies.pdf<\/a>.<\/p>\n<\/div>\n<\/div>\n","protected":false},"excerpt":{"rendered":"<p>Politique en mati\u00e8re de cookies Conform\u00e9ment aux dispositions de la loi 34\/2002 sur les services de la soci\u00e9t\u00e9 de l&rsquo;information, l&rsquo;utilisateur est inform\u00e9 que le site web xocolalla.es, propri\u00e9t\u00e9 de Xocolalla S.L. (ci-apr\u00e8s \u00ab\u00a0le fournisseur\u00a0\u00bb) utilise des cookies. Les cookies sont de petits fichiers texte qui sont stock\u00e9s sur votre ordinateur ou votre appareil par &hellip;<\/p>\n<p class=\"read-more\"> <a class=\"\" href=\"https:\/\/xocolalla.es\/tienda\/fr\/politique-en-matiere-de-cookies\/\"> <span class=\"screen-reader-text\">Politique en mati\u00e8re de cookies<\/span> Lire la suite \u00bb<\/a><\/p>\n","protected":false},"author":2,"featured_media":0,"parent":0,"menu_order":0,"comment_status":"closed","ping_status":"closed","template":"","meta":{"site-sidebar-layout":"default","site-content-layout":"default","ast-global-header-display":"","ast-main-header-display":"","ast-hfb-above-header-display":"","ast-hfb-below-header-display":"","ast-hfb-mobile-header-display":"","site-post-title":"","ast-breadcrumbs-content":"","ast-featured-img":"","footer-sml-layout":"","theme-transparent-header-meta":"default","adv-header-id-meta":"","stick-header-meta":"default","header-above-stick-meta":"","header-main-stick-meta":"","header-below-stick-meta":"","_themeisle_gutenberg_block_has_review":false,"footnotes":""},"class_list":["post-1974","page","type-page","status-publish","hentry"],"yoast_head":"<!-- This site is optimized with the Yoast SEO plugin v19.9 - https:\/\/yoast.com\/wordpress\/plugins\/seo\/ -->\n<title>Politique en mati\u00e8re de cookies - Xocolalla<\/title>\n<meta name=\"robots\" content=\"noindex, follow\" \/>\n<meta property=\"og:locale\" content=\"fr_FR\" \/>\n<meta property=\"og:type\" content=\"article\" \/>\n<meta property=\"og:title\" content=\"Politique en mati\u00e8re de cookies - Xocolalla\" \/>\n<meta property=\"og:description\" content=\"Politique en mati\u00e8re de cookies Conform\u00e9ment aux dispositions de la loi 34\/2002 sur les services de la soci\u00e9t\u00e9 de l&rsquo;information, l&rsquo;utilisateur est inform\u00e9 que le site web xocolalla.es, propri\u00e9t\u00e9 de Xocolalla S.L. (ci-apr\u00e8s \u00ab\u00a0le fournisseur\u00a0\u00bb) utilise des cookies. Les cookies sont de petits fichiers texte qui sont stock\u00e9s sur votre ordinateur ou votre appareil par &hellip; Politique en mati\u00e8re de cookies Lire la suite \u00bb\" \/>\n<meta property=\"og:url\" content=\"https:\/\/xocolalla.es\/tienda\/fr\/politique-en-matiere-de-cookies\/\" \/>\n<meta property=\"og:site_name\" content=\"Xocolalla\" \/>\n<meta property=\"article:modified_time\" content=\"2022-11-25T08:17:16+00:00\" \/>\n<meta name=\"twitter:card\" content=\"summary_large_image\" \/>\n<meta name=\"twitter:label1\" content=\"Dur\u00e9e de lecture estim\u00e9e\" \/>\n\t<meta name=\"twitter:data1\" content=\"6 minutes\" \/>\n<script type=\"application\/ld+json\" class=\"yoast-schema-graph\">{\"@context\":\"https:\/\/schema.org\",\"@graph\":[{\"@type\":\"WebPage\",\"@id\":\"https:\/\/xocolalla.es\/tienda\/fr\/politique-en-matiere-de-cookies\/\",\"url\":\"https:\/\/xocolalla.es\/tienda\/fr\/politique-en-matiere-de-cookies\/\",\"name\":\"Politique en mati\u00e8re de cookies - Xocolalla\",\"isPartOf\":{\"@id\":\"https:\/\/xocolalla.es\/tienda\/fr\/#website\"},\"datePublished\":\"2022-09-30T14:20:04+00:00\",\"dateModified\":\"2022-11-25T08:17:16+00:00\",\"breadcrumb\":{\"@id\":\"https:\/\/xocolalla.es\/tienda\/fr\/politique-en-matiere-de-cookies\/#breadcrumb\"},\"inLanguage\":\"fr-FR\",\"potentialAction\":[{\"@type\":\"ReadAction\",\"target\":[\"https:\/\/xocolalla.es\/tienda\/fr\/politique-en-matiere-de-cookies\/\"]}]},{\"@type\":\"BreadcrumbList\",\"@id\":\"https:\/\/xocolalla.es\/tienda\/fr\/politique-en-matiere-de-cookies\/#breadcrumb\",\"itemListElement\":[{\"@type\":\"ListItem\",\"position\":1,\"name\":\"Portada\",\"item\":\"https:\/\/xocolalla.es\/tienda\/fr\/boutique\/\"},{\"@type\":\"ListItem\",\"position\":2,\"name\":\"Politique en mati\u00e8re de cookies\"}]},{\"@type\":\"WebSite\",\"@id\":\"https:\/\/xocolalla.es\/tienda\/fr\/#website\",\"url\":\"https:\/\/xocolalla.es\/tienda\/fr\/\",\"name\":\"xocolalla.es\",\"description\":\"L\u2019eCommerce de produits chocolat\u00e9s\",\"publisher\":{\"@id\":\"https:\/\/xocolalla.es\/tienda\/fr\/#organization\"},\"alternateName\":\"xocolalla.es\",\"potentialAction\":[{\"@type\":\"SearchAction\",\"target\":{\"@type\":\"EntryPoint\",\"urlTemplate\":\"https:\/\/xocolalla.es\/tienda\/fr\/?s={search_term_string}\"},\"query-input\":\"required name=search_term_string\"}],\"inLanguage\":\"fr-FR\"},{\"@type\":\"Organization\",\"@id\":\"https:\/\/xocolalla.es\/tienda\/fr\/#organization\",\"name\":\"Xocolalla, S.L.\",\"alternateName\":\"Xocolalla\",\"url\":\"https:\/\/xocolalla.es\/tienda\/fr\/\",\"logo\":{\"@type\":\"ImageObject\",\"inLanguage\":\"fr-FR\",\"@id\":\"https:\/\/xocolalla.es\/tienda\/fr\/#\/schema\/logo\/image\/\",\"url\":\"https:\/\/xocolalla.es\/tienda\/wp-content\/uploads\/2022\/07\/cropped-cropped-Recurso-5.png\",\"contentUrl\":\"https:\/\/xocolalla.es\/tienda\/wp-content\/uploads\/2022\/07\/cropped-cropped-Recurso-5.png\",\"width\":1664,\"height\":646,\"caption\":\"Xocolalla, S.L.\"},\"image\":{\"@id\":\"https:\/\/xocolalla.es\/tienda\/fr\/#\/schema\/logo\/image\/\"}}]}<\/script>\n<!-- \/ Yoast SEO plugin. -->","yoast_head_json":{"title":"Politique en mati\u00e8re de cookies - Xocolalla","robots":{"index":"noindex","follow":"follow"},"og_locale":"fr_FR","og_type":"article","og_title":"Politique en mati\u00e8re de cookies - Xocolalla","og_description":"Politique en mati\u00e8re de cookies Conform\u00e9ment aux dispositions de la loi 34\/2002 sur les services de la soci\u00e9t\u00e9 de l&rsquo;information, l&rsquo;utilisateur est inform\u00e9 que le site web xocolalla.es, propri\u00e9t\u00e9 de Xocolalla S.L. (ci-apr\u00e8s \u00ab\u00a0le fournisseur\u00a0\u00bb) utilise des cookies. Les cookies sont de petits fichiers texte qui sont stock\u00e9s sur votre ordinateur ou votre appareil par &hellip; Politique en mati\u00e8re de cookies Lire la suite \u00bb","og_url":"https:\/\/xocolalla.es\/tienda\/fr\/politique-en-matiere-de-cookies\/","og_site_name":"Xocolalla","article_modified_time":"2022-11-25T08:17:16+00:00","twitter_card":"summary_large_image","twitter_misc":{"Dur\u00e9e de lecture estim\u00e9e":"6 minutes"},"schema":{"@context":"https:\/\/schema.org","@graph":[{"@type":"WebPage","@id":"https:\/\/xocolalla.es\/tienda\/fr\/politique-en-matiere-de-cookies\/","url":"https:\/\/xocolalla.es\/tienda\/fr\/politique-en-matiere-de-cookies\/","name":"Politique en mati\u00e8re de cookies - Xocolalla","isPartOf":{"@id":"https:\/\/xocolalla.es\/tienda\/fr\/#website"},"datePublished":"2022-09-30T14:20:04+00:00","dateModified":"2022-11-25T08:17:16+00:00","breadcrumb":{"@id":"https:\/\/xocolalla.es\/tienda\/fr\/politique-en-matiere-de-cookies\/#breadcrumb"},"inLanguage":"fr-FR","potentialAction":[{"@type":"ReadAction","target":["https:\/\/xocolalla.es\/tienda\/fr\/politique-en-matiere-de-cookies\/"]}]},{"@type":"BreadcrumbList","@id":"https:\/\/xocolalla.es\/tienda\/fr\/politique-en-matiere-de-cookies\/#breadcrumb","itemListElement":[{"@type":"ListItem","position":1,"name":"Portada","item":"https:\/\/xocolalla.es\/tienda\/fr\/boutique\/"},{"@type":"ListItem","position":2,"name":"Politique en mati\u00e8re de cookies"}]},{"@type":"WebSite","@id":"https:\/\/xocolalla.es\/tienda\/fr\/#website","url":"https:\/\/xocolalla.es\/tienda\/fr\/","name":"xocolalla.es","description":"L\u2019eCommerce de produits chocolat\u00e9s","publisher":{"@id":"https:\/\/xocolalla.es\/tienda\/fr\/#organization"},"alternateName":"xocolalla.es","potentialAction":[{"@type":"SearchAction","target":{"@type":"EntryPoint","urlTemplate":"https:\/\/xocolalla.es\/tienda\/fr\/?s={search_term_string}"},"query-input":"required name=search_term_string"}],"inLanguage":"fr-FR"},{"@type":"Organization","@id":"https:\/\/xocolalla.es\/tienda\/fr\/#organization","name":"Xocolalla, S.L.","alternateName":"Xocolalla","url":"https:\/\/xocolalla.es\/tienda\/fr\/","logo":{"@type":"ImageObject","inLanguage":"fr-FR","@id":"https:\/\/xocolalla.es\/tienda\/fr\/#\/schema\/logo\/image\/","url":"https:\/\/xocolalla.es\/tienda\/wp-content\/uploads\/2022\/07\/cropped-cropped-Recurso-5.png","contentUrl":"https:\/\/xocolalla.es\/tienda\/wp-content\/uploads\/2022\/07\/cropped-cropped-Recurso-5.png","width":1664,"height":646,"caption":"Xocolalla, S.L."},"image":{"@id":"https:\/\/xocolalla.es\/tienda\/fr\/#\/schema\/logo\/image\/"}}]}},"_links":{"self":[{"href":"https:\/\/xocolalla.es\/tienda\/fr\/wp-json\/wp\/v2\/pages\/1974","targetHints":{"allow":["GET"]}}],"collection":[{"href":"https:\/\/xocolalla.es\/tienda\/fr\/wp-json\/wp\/v2\/pages"}],"about":[{"href":"https:\/\/xocolalla.es\/tienda\/fr\/wp-json\/wp\/v2\/types\/page"}],"author":[{"embeddable":true,"href":"https:\/\/xocolalla.es\/tienda\/fr\/wp-json\/wp\/v2\/users\/2"}],"replies":[{"embeddable":true,"href":"https:\/\/xocolalla.es\/tienda\/fr\/wp-json\/wp\/v2\/comments?post=1974"}],"version-history":[{"count":0,"href":"https:\/\/xocolalla.es\/tienda\/fr\/wp-json\/wp\/v2\/pages\/1974\/revisions"}],"wp:attachment":[{"href":"https:\/\/xocolalla.es\/tienda\/fr\/wp-json\/wp\/v2\/media?parent=1974"}],"curies":[{"name":"wp","href":"https:\/\/api.w.org\/{rel}","templated":true}]}}