{"id":1983,"date":"2022-10-19T16:49:51","date_gmt":"2022-10-19T16:49:51","guid":{"rendered":"https:\/\/xocolalla.es\/xocobite-creme-de-noisettes-au-chocolat\/"},"modified":"2024-11-11T11:45:22","modified_gmt":"2024-11-11T11:45:22","slug":"xocobite-de-chocolat-avec-creme-de-noisette","status":"publish","type":"product","link":"https:\/\/xocolalla.es\/tienda\/fr\/chocolats-xocobites\/xocobite-de-chocolat-avec-creme-de-noisette\/","title":{"rendered":"Xocobite Cr\u00e8me de noisettes au chocolat"},"content":{"rendered":"<p><em>Ingr\u00e9dients : Sucre, graisse v\u00e9g\u00e9tale (palmiste), huile v\u00e9g\u00e9tale (tournesol),  <strong>LAIT<\/strong> \u00e9cr\u00e9m\u00e9 en poudre, p\u00e2te de lait, lait en poudre, lait en poudre  <strong>HAZELNUT<\/strong>, babeurre  Poudre de <strong>lait<\/strong>, <strong> LACTOSE<\/strong>, \u00e9mulsifiants (l\u00e9cithine v\u00e9g\u00e9tale), <strong> LACTOSE<\/strong>, \u00e9mulsifiants (l\u00e9cithine v\u00e9g\u00e9tale), <strong> LACTOSE, LACTOSE, LACTOSE, LACTOSE<\/strong> <strong>SOYA<\/strong>, E-492, E471), ar\u00f4mes et antioxydants (E-304, E-306,,, ) Biscuit (Farine, E-492, E471), ar\u00f4mes et antioxydants (E-304, E-306,,, ) Biscuit (Farine de  <strong>BLE<\/strong>, sucre, \u00e9mulsifiant <strong>(<\/strong>l\u00e9cithine <strong>SOY<\/strong>), sel, colorant (E-150a), enrobage de chocolat (sucre, graisse v\u00e9g\u00e9tale fractionn\u00e9e et enti\u00e8rement hydrog\u00e9n\u00e9e (palmiste), poudre de lactos\u00e9rum, poudre de <strong>lait<\/strong> entier, \u00e9mulsifiant<strong> (<\/strong>l\u00e9cithine<strong> SOY<\/strong>, E-492) et ar\u00f4mes).<\/em><\/p>\n","protected":false},"excerpt":{"rendered":"<p>Xocobite au chocolat avec cr\u00e8me de noisettes. Bo\u00eete 400gr.<\/p>\n","protected":false},"featured_media":2587,"comment_status":"open","ping_status":"closed","template":"","meta":{"site-sidebar-layout":"default","site-content-layout":"default","ast-global-header-display":"","ast-main-header-display":"","ast-hfb-above-header-display":"","ast-hfb-below-header-display":"","ast-hfb-mobile-header-display":"","site-post-title":"","ast-breadcrumbs-content":"","ast-featured-img":"","footer-sml-layout":"","theme-transparent-header-meta":"default","adv-header-id-meta":"","stick-header-meta":"default","header-above-stick-meta":"","header-main-stick-meta":"","header-below-stick-meta":"","_themeisle_gutenberg_block_has_review":false},"product_cat":[123],"product_tag":[],"class_list":["post-1983","product","type-product","status-publish","has-post-thumbnail","hentry","product_cat-chocolats-xocobites","ast-product-gallery-layout-horizontal-slider","ast-product-gallery-with-no-image","ast-product-tabs-layout-horizontal"],"yoast_head":"<!-- This site is optimized with the Yoast SEO plugin v19.9 - https:\/\/yoast.com\/wordpress\/plugins\/seo\/ -->\n<title>Xocobite Cr\u00e8me de noisettes au chocolat Xocolalla<\/title>\n<meta name=\"description\" content=\"De d\u00e9licieuses barres de chocolat avec de la cr\u00e8me de noisettes Xocobite. Enti\u00e8rement fait \u00e0 la main. Entrez dans Xocolalla !\" \/>\n<meta name=\"robots\" content=\"index, follow, max-snippet:-1, max-image-preview:large, max-video-preview:-1\" \/>\n<link rel=\"canonical\" href=\"https:\/\/xocolalla.es\/tienda\/fr\/chocolats-xocobites\/xocobite-de-chocolat-avec-creme-de-noisette\/\" \/>\n<meta property=\"og:locale\" content=\"fr_FR\" \/>\n<meta property=\"og:type\" content=\"article\" \/>\n<meta property=\"og:title\" content=\"Xocobite Cr\u00e8me de noisettes au chocolat Xocolalla\" \/>\n<meta property=\"og:description\" content=\"De d\u00e9licieuses barres de chocolat avec de la cr\u00e8me de noisettes Xocobite. Enti\u00e8rement fait \u00e0 la main. Entrez dans Xocolalla !\" \/>\n<meta property=\"og:url\" content=\"https:\/\/xocolalla.es\/tienda\/fr\/chocolats-xocobites\/xocobite-de-chocolat-avec-creme-de-noisette\/\" \/>\n<meta property=\"og:site_name\" content=\"Xocolalla\" \/>\n<meta property=\"article:modified_time\" content=\"2024-11-11T11:45:22+00:00\" \/>\n<meta property=\"og:image\" content=\"https:\/\/xocolalla.es\/tienda\/wp-content\/uploads\/2022\/10\/bolsa-surti.jpg30.jpg\" \/>\n\t<meta property=\"og:image:width\" content=\"1000\" \/>\n\t<meta property=\"og:image:height\" content=\"667\" \/>\n\t<meta property=\"og:image:type\" content=\"image\/jpeg\" \/>\n<meta name=\"twitter:card\" content=\"summary_large_image\" \/>\n<meta name=\"twitter:label1\" content=\"Dur\u00e9e de lecture estim\u00e9e\" \/>\n\t<meta name=\"twitter:data1\" content=\"1 minute\" \/>\n<script type=\"application\/ld+json\" class=\"yoast-schema-graph\">{\"@context\":\"https:\/\/schema.org\",\"@graph\":[{\"@type\":\"WebPage\",\"@id\":\"https:\/\/xocolalla.es\/tienda\/fr\/chocolats-xocobites\/xocobite-de-chocolat-avec-creme-de-noisette\/\",\"url\":\"https:\/\/xocolalla.es\/tienda\/fr\/chocolats-xocobites\/xocobite-de-chocolat-avec-creme-de-noisette\/\",\"name\":\"Xocobite Cr\u00e8me de noisettes au chocolat Xocolalla\",\"isPartOf\":{\"@id\":\"https:\/\/xocolalla.es\/tienda\/fr\/#website\"},\"datePublished\":\"2022-10-19T16:49:51+00:00\",\"dateModified\":\"2024-11-11T11:45:22+00:00\",\"description\":\"De d\u00e9licieuses barres de chocolat avec de la cr\u00e8me de noisettes Xocobite. Enti\u00e8rement fait \u00e0 la main. Entrez dans Xocolalla !\",\"breadcrumb\":{\"@id\":\"https:\/\/xocolalla.es\/tienda\/fr\/chocolats-xocobites\/xocobite-de-chocolat-avec-creme-de-noisette\/#breadcrumb\"},\"inLanguage\":\"fr-FR\",\"potentialAction\":[{\"@type\":\"ReadAction\",\"target\":[\"https:\/\/xocolalla.es\/tienda\/fr\/chocolats-xocobites\/xocobite-de-chocolat-avec-creme-de-noisette\/\"]}]},{\"@type\":\"BreadcrumbList\",\"@id\":\"https:\/\/xocolalla.es\/tienda\/fr\/chocolats-xocobites\/xocobite-de-chocolat-avec-creme-de-noisette\/#breadcrumb\",\"itemListElement\":[{\"@type\":\"ListItem\",\"position\":1,\"name\":\"Portada\",\"item\":\"https:\/\/xocolalla.es\/tienda\/fr\/boutique\/\"},{\"@type\":\"ListItem\",\"position\":2,\"name\":\"Boutique\",\"item\":\"https:\/\/xocolalla.es\/tienda\/boutique\/\"},{\"@type\":\"ListItem\",\"position\":3,\"name\":\"Xocobite Cr\u00e8me de noisettes au chocolat\"}]},{\"@type\":\"WebSite\",\"@id\":\"https:\/\/xocolalla.es\/tienda\/fr\/#website\",\"url\":\"https:\/\/xocolalla.es\/tienda\/fr\/\",\"name\":\"xocolalla.es\",\"description\":\"L\u2019eCommerce de produits chocolat\u00e9s\",\"publisher\":{\"@id\":\"https:\/\/xocolalla.es\/tienda\/fr\/#organization\"},\"alternateName\":\"xocolalla.es\",\"potentialAction\":[{\"@type\":\"SearchAction\",\"target\":{\"@type\":\"EntryPoint\",\"urlTemplate\":\"https:\/\/xocolalla.es\/tienda\/fr\/?s={search_term_string}\"},\"query-input\":\"required name=search_term_string\"}],\"inLanguage\":\"fr-FR\"},{\"@type\":\"Organization\",\"@id\":\"https:\/\/xocolalla.es\/tienda\/fr\/#organization\",\"name\":\"Xocolalla, S.L.\",\"alternateName\":\"Xocolalla\",\"url\":\"https:\/\/xocolalla.es\/tienda\/fr\/\",\"logo\":{\"@type\":\"ImageObject\",\"inLanguage\":\"fr-FR\",\"@id\":\"https:\/\/xocolalla.es\/tienda\/fr\/#\/schema\/logo\/image\/\",\"url\":\"https:\/\/xocolalla.es\/tienda\/wp-content\/uploads\/2022\/07\/cropped-cropped-Recurso-5.png\",\"contentUrl\":\"https:\/\/xocolalla.es\/tienda\/wp-content\/uploads\/2022\/07\/cropped-cropped-Recurso-5.png\",\"width\":1664,\"height\":646,\"caption\":\"Xocolalla, S.L.\"},\"image\":{\"@id\":\"https:\/\/xocolalla.es\/tienda\/fr\/#\/schema\/logo\/image\/\"}}]}<\/script>\n<!-- \/ Yoast SEO plugin. -->","yoast_head_json":{"title":"Xocobite Cr\u00e8me de noisettes au chocolat Xocolalla","description":"De d\u00e9licieuses barres de chocolat avec de la cr\u00e8me de noisettes Xocobite. Enti\u00e8rement fait \u00e0 la main. Entrez dans Xocolalla !","robots":{"index":"index","follow":"follow","max-snippet":"max-snippet:-1","max-image-preview":"max-image-preview:large","max-video-preview":"max-video-preview:-1"},"canonical":"https:\/\/xocolalla.es\/tienda\/fr\/chocolats-xocobites\/xocobite-de-chocolat-avec-creme-de-noisette\/","og_locale":"fr_FR","og_type":"article","og_title":"Xocobite Cr\u00e8me de noisettes au chocolat Xocolalla","og_description":"De d\u00e9licieuses barres de chocolat avec de la cr\u00e8me de noisettes Xocobite. Enti\u00e8rement fait \u00e0 la main. Entrez dans Xocolalla !","og_url":"https:\/\/xocolalla.es\/tienda\/fr\/chocolats-xocobites\/xocobite-de-chocolat-avec-creme-de-noisette\/","og_site_name":"Xocolalla","article_modified_time":"2024-11-11T11:45:22+00:00","og_image":[{"width":1000,"height":667,"url":"https:\/\/xocolalla.es\/tienda\/wp-content\/uploads\/2022\/10\/bolsa-surti.jpg30.jpg","type":"image\/jpeg"}],"twitter_card":"summary_large_image","twitter_misc":{"Dur\u00e9e de lecture estim\u00e9e":"1 minute"},"schema":{"@context":"https:\/\/schema.org","@graph":[{"@type":"WebPage","@id":"https:\/\/xocolalla.es\/tienda\/fr\/chocolats-xocobites\/xocobite-de-chocolat-avec-creme-de-noisette\/","url":"https:\/\/xocolalla.es\/tienda\/fr\/chocolats-xocobites\/xocobite-de-chocolat-avec-creme-de-noisette\/","name":"Xocobite Cr\u00e8me de noisettes au chocolat Xocolalla","isPartOf":{"@id":"https:\/\/xocolalla.es\/tienda\/fr\/#website"},"datePublished":"2022-10-19T16:49:51+00:00","dateModified":"2024-11-11T11:45:22+00:00","description":"De d\u00e9licieuses barres de chocolat avec de la cr\u00e8me de noisettes Xocobite. Enti\u00e8rement fait \u00e0 la main. Entrez dans Xocolalla !","breadcrumb":{"@id":"https:\/\/xocolalla.es\/tienda\/fr\/chocolats-xocobites\/xocobite-de-chocolat-avec-creme-de-noisette\/#breadcrumb"},"inLanguage":"fr-FR","potentialAction":[{"@type":"ReadAction","target":["https:\/\/xocolalla.es\/tienda\/fr\/chocolats-xocobites\/xocobite-de-chocolat-avec-creme-de-noisette\/"]}]},{"@type":"BreadcrumbList","@id":"https:\/\/xocolalla.es\/tienda\/fr\/chocolats-xocobites\/xocobite-de-chocolat-avec-creme-de-noisette\/#breadcrumb","itemListElement":[{"@type":"ListItem","position":1,"name":"Portada","item":"https:\/\/xocolalla.es\/tienda\/fr\/boutique\/"},{"@type":"ListItem","position":2,"name":"Boutique","item":"https:\/\/xocolalla.es\/tienda\/boutique\/"},{"@type":"ListItem","position":3,"name":"Xocobite Cr\u00e8me de noisettes au chocolat"}]},{"@type":"WebSite","@id":"https:\/\/xocolalla.es\/tienda\/fr\/#website","url":"https:\/\/xocolalla.es\/tienda\/fr\/","name":"xocolalla.es","description":"L\u2019eCommerce de produits chocolat\u00e9s","publisher":{"@id":"https:\/\/xocolalla.es\/tienda\/fr\/#organization"},"alternateName":"xocolalla.es","potentialAction":[{"@type":"SearchAction","target":{"@type":"EntryPoint","urlTemplate":"https:\/\/xocolalla.es\/tienda\/fr\/?s={search_term_string}"},"query-input":"required name=search_term_string"}],"inLanguage":"fr-FR"},{"@type":"Organization","@id":"https:\/\/xocolalla.es\/tienda\/fr\/#organization","name":"Xocolalla, S.L.","alternateName":"Xocolalla","url":"https:\/\/xocolalla.es\/tienda\/fr\/","logo":{"@type":"ImageObject","inLanguage":"fr-FR","@id":"https:\/\/xocolalla.es\/tienda\/fr\/#\/schema\/logo\/image\/","url":"https:\/\/xocolalla.es\/tienda\/wp-content\/uploads\/2022\/07\/cropped-cropped-Recurso-5.png","contentUrl":"https:\/\/xocolalla.es\/tienda\/wp-content\/uploads\/2022\/07\/cropped-cropped-Recurso-5.png","width":1664,"height":646,"caption":"Xocolalla, S.L."},"image":{"@id":"https:\/\/xocolalla.es\/tienda\/fr\/#\/schema\/logo\/image\/"}}]}},"_links":{"self":[{"href":"https:\/\/xocolalla.es\/tienda\/fr\/wp-json\/wp\/v2\/product\/1983","targetHints":{"allow":["GET"]}}],"collection":[{"href":"https:\/\/xocolalla.es\/tienda\/fr\/wp-json\/wp\/v2\/product"}],"about":[{"href":"https:\/\/xocolalla.es\/tienda\/fr\/wp-json\/wp\/v2\/types\/product"}],"replies":[{"embeddable":true,"href":"https:\/\/xocolalla.es\/tienda\/fr\/wp-json\/wp\/v2\/comments?post=1983"}],"wp:featuredmedia":[{"embeddable":true,"href":"https:\/\/xocolalla.es\/tienda\/fr\/wp-json\/wp\/v2\/media\/2587"}],"wp:attachment":[{"href":"https:\/\/xocolalla.es\/tienda\/fr\/wp-json\/wp\/v2\/media?parent=1983"}],"wp:term":[{"taxonomy":"product_cat","embeddable":true,"href":"https:\/\/xocolalla.es\/tienda\/fr\/wp-json\/wp\/v2\/product_cat?post=1983"},{"taxonomy":"product_tag","embeddable":true,"href":"https:\/\/xocolalla.es\/tienda\/fr\/wp-json\/wp\/v2\/product_tag?post=1983"}],"curies":[{"name":"wp","href":"https:\/\/api.w.org\/{rel}","templated":true}]}}