{"id":1984,"date":"2022-07-14T15:38:41","date_gmt":"2022-07-14T15:38:41","guid":{"rendered":"https:\/\/xocolalla.es\/snack-au-chocolat-avec-creme-de-lait-et-noisettes-zombies\/"},"modified":"2025-04-11T19:27:21","modified_gmt":"2025-04-11T19:27:21","slug":"snack-au-chocolat-avec-creme-de-lait-et-noisettes-zombies","status":"publish","type":"product","link":"https:\/\/xocolalla.es\/tienda\/fr\/barres-de-chocolat-pour-zombies\/snack-au-chocolat-avec-creme-de-lait-et-noisettes-zombies\/","title":{"rendered":"Snack au chocolat avec cr\u00e8me de lait et noisettes Zombies"},"content":{"rendered":"<p>Ingr\u00e9dients : Garniture de lait et de noisettes (55%) : sucre, huile de tournesol, graisse v\u00e9g\u00e9tale enti\u00e8rement hydrog\u00e9n\u00e9e (noix de coco), poudre de LAIT \u00e9cr\u00e9m\u00e9, WHEY, p\u00e2te de noisettes (7%), poudre de lait entier, \u00e9mulsifiant (l\u00e9cithine de soja) et ar\u00f4mes. Enrobage (32,5%) : Graisse de palmiste enti\u00e8rement hydrog\u00e9n\u00e9e, sucre, poudre de lactose, poudre de LAIT ENTIER (7%), poudre de cacao d\u00e9graiss\u00e9 (4%), \u00e9mulsifiant (l\u00e9cithine SOYA) et ar\u00f4mes. Gaufrette (12,5%) : farine de BLE, amidon de ma\u00efs, \u00e9mulsifiant (l\u00e9cithine de SOYA), dextrose, agent levant (E-500) et sel de sodium.<\/p>\n","protected":false},"excerpt":{"rendered":"<p>Zombies ; gaufrette croustillante fourr\u00e9e de cr\u00e8me et de noisette avec enrobage de chocolat. Bulk Box 2.150KG (96 pcs. Approx.)<\/p>\n","protected":false},"featured_media":1898,"comment_status":"open","ping_status":"closed","template":"","meta":{"site-sidebar-layout":"default","site-content-layout":"default","ast-global-header-display":"","ast-main-header-display":"","ast-hfb-above-header-display":"","ast-hfb-below-header-display":"","ast-hfb-mobile-header-display":"","site-post-title":"","ast-breadcrumbs-content":"","ast-featured-img":"","footer-sml-layout":"","theme-transparent-header-meta":"default","adv-header-id-meta":"","stick-header-meta":"default","header-above-stick-meta":"","header-main-stick-meta":"","header-below-stick-meta":"","_themeisle_gutenberg_block_has_review":false},"product_cat":[126],"product_tag":[],"class_list":["post-1984","product","type-product","status-publish","has-post-thumbnail","hentry","product_cat-barres-de-chocolat-pour-zombies","ast-product-gallery-layout-horizontal-slider","ast-product-gallery-with-no-image","ast-product-single-variable","ast-product-tabs-layout-horizontal"],"yoast_head":"<!-- This site is optimized with the Yoast SEO plugin v19.9 - https:\/\/yoast.com\/wordpress\/plugins\/seo\/ -->\n<title>Snack au chocolat avec cr\u00e8me de lait et noisettes Zombies Xocolalla<\/title>\n<meta name=\"robots\" content=\"index, follow, max-snippet:-1, max-image-preview:large, max-video-preview:-1\" \/>\n<link rel=\"canonical\" href=\"https:\/\/xocolalla.es\/tienda\/fr\/barres-de-chocolat-pour-zombies\/snack-au-chocolat-avec-creme-de-lait-et-noisettes-zombies\/\" \/>\n<meta property=\"og:locale\" content=\"fr_FR\" \/>\n<meta property=\"og:type\" content=\"article\" \/>\n<meta property=\"og:title\" content=\"Snack au chocolat avec cr\u00e8me de lait et noisettes Zombies Xocolalla\" \/>\n<meta property=\"og:description\" content=\"Zombies ; gaufrette croustillante fourr\u00e9e de cr\u00e8me et de noisette avec enrobage de chocolat. Bulk Box 2.150KG (96 pcs. Approx.)\" \/>\n<meta property=\"og:url\" content=\"https:\/\/xocolalla.es\/tienda\/fr\/barres-de-chocolat-pour-zombies\/snack-au-chocolat-avec-creme-de-lait-et-noisettes-zombies\/\" \/>\n<meta property=\"og:site_name\" content=\"Xocolalla\" \/>\n<meta property=\"article:modified_time\" content=\"2025-04-11T19:27:21+00:00\" \/>\n<meta property=\"og:image\" content=\"https:\/\/xocolalla.es\/tienda\/wp-content\/uploads\/2022\/10\/bolsa-surti.jpg19.jpg\" \/>\n\t<meta property=\"og:image:width\" content=\"1000\" \/>\n\t<meta property=\"og:image:height\" content=\"667\" \/>\n\t<meta property=\"og:image:type\" content=\"image\/jpeg\" \/>\n<meta name=\"twitter:card\" content=\"summary_large_image\" \/>\n<script type=\"application\/ld+json\" class=\"yoast-schema-graph\">{\"@context\":\"https:\/\/schema.org\",\"@graph\":[{\"@type\":\"WebPage\",\"@id\":\"https:\/\/xocolalla.es\/tienda\/fr\/barres-de-chocolat-pour-zombies\/snack-au-chocolat-avec-creme-de-lait-et-noisettes-zombies\/\",\"url\":\"https:\/\/xocolalla.es\/tienda\/fr\/barres-de-chocolat-pour-zombies\/snack-au-chocolat-avec-creme-de-lait-et-noisettes-zombies\/\",\"name\":\"Snack au chocolat avec cr\u00e8me de lait et noisettes Zombies Xocolalla\",\"isPartOf\":{\"@id\":\"https:\/\/xocolalla.es\/tienda\/fr\/#website\"},\"datePublished\":\"2022-07-14T15:38:41+00:00\",\"dateModified\":\"2025-04-11T19:27:21+00:00\",\"breadcrumb\":{\"@id\":\"https:\/\/xocolalla.es\/tienda\/fr\/barres-de-chocolat-pour-zombies\/snack-au-chocolat-avec-creme-de-lait-et-noisettes-zombies\/#breadcrumb\"},\"inLanguage\":\"fr-FR\",\"potentialAction\":[{\"@type\":\"ReadAction\",\"target\":[\"https:\/\/xocolalla.es\/tienda\/fr\/barres-de-chocolat-pour-zombies\/snack-au-chocolat-avec-creme-de-lait-et-noisettes-zombies\/\"]}]},{\"@type\":\"BreadcrumbList\",\"@id\":\"https:\/\/xocolalla.es\/tienda\/fr\/barres-de-chocolat-pour-zombies\/snack-au-chocolat-avec-creme-de-lait-et-noisettes-zombies\/#breadcrumb\",\"itemListElement\":[{\"@type\":\"ListItem\",\"position\":1,\"name\":\"Portada\",\"item\":\"https:\/\/xocolalla.es\/tienda\/fr\/boutique\/\"},{\"@type\":\"ListItem\",\"position\":2,\"name\":\"Boutique\",\"item\":\"https:\/\/xocolalla.es\/tienda\/boutique\/\"},{\"@type\":\"ListItem\",\"position\":3,\"name\":\"Snack au chocolat avec cr\u00e8me de lait et noisettes Zombies\"}]},{\"@type\":\"WebSite\",\"@id\":\"https:\/\/xocolalla.es\/tienda\/fr\/#website\",\"url\":\"https:\/\/xocolalla.es\/tienda\/fr\/\",\"name\":\"xocolalla.es\",\"description\":\"L\u2019eCommerce de produits chocolat\u00e9s\",\"publisher\":{\"@id\":\"https:\/\/xocolalla.es\/tienda\/fr\/#organization\"},\"alternateName\":\"xocolalla.es\",\"potentialAction\":[{\"@type\":\"SearchAction\",\"target\":{\"@type\":\"EntryPoint\",\"urlTemplate\":\"https:\/\/xocolalla.es\/tienda\/fr\/?s={search_term_string}\"},\"query-input\":\"required name=search_term_string\"}],\"inLanguage\":\"fr-FR\"},{\"@type\":\"Organization\",\"@id\":\"https:\/\/xocolalla.es\/tienda\/fr\/#organization\",\"name\":\"Xocolalla, S.L.\",\"alternateName\":\"Xocolalla\",\"url\":\"https:\/\/xocolalla.es\/tienda\/fr\/\",\"logo\":{\"@type\":\"ImageObject\",\"inLanguage\":\"fr-FR\",\"@id\":\"https:\/\/xocolalla.es\/tienda\/fr\/#\/schema\/logo\/image\/\",\"url\":\"https:\/\/xocolalla.es\/tienda\/wp-content\/uploads\/2022\/07\/cropped-cropped-Recurso-5.png\",\"contentUrl\":\"https:\/\/xocolalla.es\/tienda\/wp-content\/uploads\/2022\/07\/cropped-cropped-Recurso-5.png\",\"width\":1664,\"height\":646,\"caption\":\"Xocolalla, S.L.\"},\"image\":{\"@id\":\"https:\/\/xocolalla.es\/tienda\/fr\/#\/schema\/logo\/image\/\"}}]}<\/script>\n<!-- \/ Yoast SEO plugin. -->","yoast_head_json":{"title":"Snack au chocolat avec cr\u00e8me de lait et noisettes Zombies Xocolalla","robots":{"index":"index","follow":"follow","max-snippet":"max-snippet:-1","max-image-preview":"max-image-preview:large","max-video-preview":"max-video-preview:-1"},"canonical":"https:\/\/xocolalla.es\/tienda\/fr\/barres-de-chocolat-pour-zombies\/snack-au-chocolat-avec-creme-de-lait-et-noisettes-zombies\/","og_locale":"fr_FR","og_type":"article","og_title":"Snack au chocolat avec cr\u00e8me de lait et noisettes Zombies Xocolalla","og_description":"Zombies ; gaufrette croustillante fourr\u00e9e de cr\u00e8me et de noisette avec enrobage de chocolat. Bulk Box 2.150KG (96 pcs. Approx.)","og_url":"https:\/\/xocolalla.es\/tienda\/fr\/barres-de-chocolat-pour-zombies\/snack-au-chocolat-avec-creme-de-lait-et-noisettes-zombies\/","og_site_name":"Xocolalla","article_modified_time":"2025-04-11T19:27:21+00:00","og_image":[{"width":1000,"height":667,"url":"https:\/\/xocolalla.es\/tienda\/wp-content\/uploads\/2022\/10\/bolsa-surti.jpg19.jpg","type":"image\/jpeg"}],"twitter_card":"summary_large_image","schema":{"@context":"https:\/\/schema.org","@graph":[{"@type":"WebPage","@id":"https:\/\/xocolalla.es\/tienda\/fr\/barres-de-chocolat-pour-zombies\/snack-au-chocolat-avec-creme-de-lait-et-noisettes-zombies\/","url":"https:\/\/xocolalla.es\/tienda\/fr\/barres-de-chocolat-pour-zombies\/snack-au-chocolat-avec-creme-de-lait-et-noisettes-zombies\/","name":"Snack au chocolat avec cr\u00e8me de lait et noisettes Zombies Xocolalla","isPartOf":{"@id":"https:\/\/xocolalla.es\/tienda\/fr\/#website"},"datePublished":"2022-07-14T15:38:41+00:00","dateModified":"2025-04-11T19:27:21+00:00","breadcrumb":{"@id":"https:\/\/xocolalla.es\/tienda\/fr\/barres-de-chocolat-pour-zombies\/snack-au-chocolat-avec-creme-de-lait-et-noisettes-zombies\/#breadcrumb"},"inLanguage":"fr-FR","potentialAction":[{"@type":"ReadAction","target":["https:\/\/xocolalla.es\/tienda\/fr\/barres-de-chocolat-pour-zombies\/snack-au-chocolat-avec-creme-de-lait-et-noisettes-zombies\/"]}]},{"@type":"BreadcrumbList","@id":"https:\/\/xocolalla.es\/tienda\/fr\/barres-de-chocolat-pour-zombies\/snack-au-chocolat-avec-creme-de-lait-et-noisettes-zombies\/#breadcrumb","itemListElement":[{"@type":"ListItem","position":1,"name":"Portada","item":"https:\/\/xocolalla.es\/tienda\/fr\/boutique\/"},{"@type":"ListItem","position":2,"name":"Boutique","item":"https:\/\/xocolalla.es\/tienda\/boutique\/"},{"@type":"ListItem","position":3,"name":"Snack au chocolat avec cr\u00e8me de lait et noisettes Zombies"}]},{"@type":"WebSite","@id":"https:\/\/xocolalla.es\/tienda\/fr\/#website","url":"https:\/\/xocolalla.es\/tienda\/fr\/","name":"xocolalla.es","description":"L\u2019eCommerce de produits chocolat\u00e9s","publisher":{"@id":"https:\/\/xocolalla.es\/tienda\/fr\/#organization"},"alternateName":"xocolalla.es","potentialAction":[{"@type":"SearchAction","target":{"@type":"EntryPoint","urlTemplate":"https:\/\/xocolalla.es\/tienda\/fr\/?s={search_term_string}"},"query-input":"required name=search_term_string"}],"inLanguage":"fr-FR"},{"@type":"Organization","@id":"https:\/\/xocolalla.es\/tienda\/fr\/#organization","name":"Xocolalla, S.L.","alternateName":"Xocolalla","url":"https:\/\/xocolalla.es\/tienda\/fr\/","logo":{"@type":"ImageObject","inLanguage":"fr-FR","@id":"https:\/\/xocolalla.es\/tienda\/fr\/#\/schema\/logo\/image\/","url":"https:\/\/xocolalla.es\/tienda\/wp-content\/uploads\/2022\/07\/cropped-cropped-Recurso-5.png","contentUrl":"https:\/\/xocolalla.es\/tienda\/wp-content\/uploads\/2022\/07\/cropped-cropped-Recurso-5.png","width":1664,"height":646,"caption":"Xocolalla, S.L."},"image":{"@id":"https:\/\/xocolalla.es\/tienda\/fr\/#\/schema\/logo\/image\/"}}]}},"_links":{"self":[{"href":"https:\/\/xocolalla.es\/tienda\/fr\/wp-json\/wp\/v2\/product\/1984","targetHints":{"allow":["GET"]}}],"collection":[{"href":"https:\/\/xocolalla.es\/tienda\/fr\/wp-json\/wp\/v2\/product"}],"about":[{"href":"https:\/\/xocolalla.es\/tienda\/fr\/wp-json\/wp\/v2\/types\/product"}],"replies":[{"embeddable":true,"href":"https:\/\/xocolalla.es\/tienda\/fr\/wp-json\/wp\/v2\/comments?post=1984"}],"wp:featuredmedia":[{"embeddable":true,"href":"https:\/\/xocolalla.es\/tienda\/fr\/wp-json\/wp\/v2\/media\/1898"}],"wp:attachment":[{"href":"https:\/\/xocolalla.es\/tienda\/fr\/wp-json\/wp\/v2\/media?parent=1984"}],"wp:term":[{"taxonomy":"product_cat","embeddable":true,"href":"https:\/\/xocolalla.es\/tienda\/fr\/wp-json\/wp\/v2\/product_cat?post=1984"},{"taxonomy":"product_tag","embeddable":true,"href":"https:\/\/xocolalla.es\/tienda\/fr\/wp-json\/wp\/v2\/product_tag?post=1984"}],"curies":[{"name":"wp","href":"https:\/\/api.w.org\/{rel}","templated":true}]}}