{"id":1985,"date":"2022-07-14T15:22:22","date_gmt":"2022-07-14T15:22:22","guid":{"rendered":"https:\/\/xocolalla.es\/bonbon-au-caramel-et-au-chocolat-xocolalla\/"},"modified":"2023-02-03T17:15:36","modified_gmt":"2023-02-03T17:15:36","slug":"caramel-et-chocolat-chocolat-chocolat-chocolat-chocolat-chocolat-chocolat","status":"publish","type":"product","link":"https:\/\/xocolalla.es\/tienda\/fr\/chocolats\/caramel-et-chocolat-chocolat-chocolat-chocolat-chocolat-chocolat-chocolat\/","title":{"rendered":"Bonbon au caramel et au chocolat Xocolalla"},"content":{"rendered":"<h3>Ingr\u00e9dients Bonbon au caramel et au chocolat<\/h3>\n<p>Ingr\u00e9dients : Fourrage (60%) : Sucre, huile v\u00e9g\u00e9tale (tournesol), graisse v\u00e9g\u00e9tale enti\u00e8rement hydrog\u00e9n\u00e9e (palmiste), <strong>LACTOSPERE<\/strong>, poudre de cacao d\u00e9graiss\u00e9, caramel de <strong>lait, LACTOSE<\/strong>, \u00e9mulsifiant <strong>(<\/strong> l\u00e9cithine <strong>SOYA<\/strong> et E-476). Chocolat au lait de couverture (40%) : sucre, beurre de cacao, p\u00e2te de cacao, poudre de LAIT \u00e9cr\u00e9m\u00e9 et graisse de LACTEA anhydre ou poudre de LAIT, \u00e9mulsifiant (l\u00e9cithine SOYA), ar\u00f4me et vanilline.<\/p>\n<h4><\/h4>\n<h4>Bonbon au caramel et au chocolat<\/h4>\n<p>Les chocolats au caramel sont l&rsquo;une des sucreries les plus populaires et les plus appr\u00e9ci\u00e9es en raison de leur combinaison unique de textures et de saveurs. Avec un fourrage au caramel lisse et cr\u00e9meux recouvert d&rsquo;une couche de chocolat, les bonbons au caramel sont une friandise irr\u00e9sistible qui ravira les palais les plus exigeants.<\/p>\n<p>Le caramel est un sucre candi qui fond en une consistance lisse et cr\u00e9meuse lorsqu&rsquo;il est chauff\u00e9. Il se combine parfaitement avec le chocolat pour cr\u00e9er une exp\u00e9rience gustative unique et inoubliable. De plus, la texture lisse et cr\u00e9meuse du caramel contraste avec la texture croquante du chocolat, ce qui donne une combinaison parfaite de textures.<\/p>\n<p>Les chocolats au caramel sont disponibles dans une grande vari\u00e9t\u00e9 de formes et de tailles, ce qui signifie qu&rsquo;il y en a pour tous les go\u00fbts et toutes les pr\u00e9f\u00e9rences.<\/p>\n<p>Les chocolats au caramel sont un cadeau parfait pour toute occasion, qu&rsquo;il s&rsquo;agisse d&rsquo;un rendez-vous sp\u00e9cial ou d&rsquo;un simple geste de gentillesse. Ils sont id\u00e9aux pour \u00eatre partag\u00e9s avec la famille et les amis, et constituent \u00e9galement un cadeau parfait pour vous-m\u00eame lorsque vous avez besoin d&rsquo;une friandise sucr\u00e9e pour satisfaire vos envies.<\/p>\n<p>&nbsp;<\/p>\n","protected":false},"excerpt":{"rendered":"<h2>Bonbon au chocolat et au caramel. Bo\u00eete 100gr.<\/h2>\n<p>Le bonbon au caramel est une friandise irr\u00e9sistible avec un fourrage au caramel lisse et cr\u00e9meux recouvert d&rsquo;une couche de chocolat. Un cadeau parfait pour vous-m\u00eame ou pour quelqu&rsquo;un de sp\u00e9cial !<\/p>\n","protected":false},"featured_media":1878,"comment_status":"open","ping_status":"closed","template":"","meta":{"site-sidebar-layout":"default","site-content-layout":"default","ast-global-header-display":"","ast-main-header-display":"","ast-hfb-above-header-display":"","ast-hfb-below-header-display":"","ast-hfb-mobile-header-display":"","site-post-title":"","ast-breadcrumbs-content":"","ast-featured-img":"","footer-sml-layout":"","theme-transparent-header-meta":"default","adv-header-id-meta":"","stick-header-meta":"default","header-above-stick-meta":"","header-main-stick-meta":"","header-below-stick-meta":"","_themeisle_gutenberg_block_has_review":false},"product_cat":[127],"product_tag":[],"class_list":["post-1985","product","type-product","status-publish","has-post-thumbnail","hentry","product_cat-chocolats","ast-product-gallery-layout-horizontal-slider","ast-product-gallery-with-no-image","ast-product-tabs-layout-horizontal"],"yoast_head":"<!-- This site is optimized with the Yoast SEO plugin v19.9 - https:\/\/yoast.com\/wordpress\/plugins\/seo\/ -->\n<title>Bonbon au caramel et au chocolat Xocolalla Xocolalla Savourez-le !<\/title>\n<meta name=\"description\" content=\"Bonbon au caramel fait \u00e0 la main, rempli d&#039;un fourrage lisse et cr\u00e9meux et recouvert d&#039;une irr\u00e9sistible couche de chocolat !\" \/>\n<meta name=\"robots\" content=\"index, follow, max-snippet:-1, max-image-preview:large, max-video-preview:-1\" \/>\n<link rel=\"canonical\" href=\"https:\/\/xocolalla.es\/tienda\/fr\/chocolats\/caramel-et-chocolat-chocolat-chocolat-chocolat-chocolat-chocolat-chocolat\/\" \/>\n<meta property=\"og:locale\" content=\"fr_FR\" \/>\n<meta property=\"og:type\" content=\"article\" \/>\n<meta property=\"og:title\" content=\"Bonbon au caramel et au chocolat Xocolalla Xocolalla Savourez-le !\" \/>\n<meta property=\"og:description\" content=\"Bonbon au caramel fait \u00e0 la main, rempli d&#039;un fourrage lisse et cr\u00e9meux et recouvert d&#039;une irr\u00e9sistible couche de chocolat !\" \/>\n<meta property=\"og:url\" content=\"https:\/\/xocolalla.es\/tienda\/fr\/chocolats\/caramel-et-chocolat-chocolat-chocolat-chocolat-chocolat-chocolat-chocolat\/\" \/>\n<meta property=\"og:site_name\" content=\"Xocolalla\" \/>\n<meta property=\"article:modified_time\" content=\"2023-02-03T17:15:36+00:00\" \/>\n<meta property=\"og:image\" content=\"https:\/\/xocolalla.es\/tienda\/wp-content\/uploads\/2022\/10\/bolsa-surti.jpg36.jpg\" \/>\n\t<meta property=\"og:image:width\" content=\"1000\" \/>\n\t<meta property=\"og:image:height\" content=\"667\" \/>\n\t<meta property=\"og:image:type\" content=\"image\/jpeg\" \/>\n<meta name=\"twitter:card\" content=\"summary_large_image\" \/>\n<meta name=\"twitter:label1\" content=\"Dur\u00e9e de lecture estim\u00e9e\" \/>\n\t<meta name=\"twitter:data1\" content=\"1 minute\" \/>\n<script type=\"application\/ld+json\" class=\"yoast-schema-graph\">{\"@context\":\"https:\/\/schema.org\",\"@graph\":[{\"@type\":\"WebPage\",\"@id\":\"https:\/\/xocolalla.es\/tienda\/fr\/chocolats\/caramel-et-chocolat-chocolat-chocolat-chocolat-chocolat-chocolat-chocolat\/\",\"url\":\"https:\/\/xocolalla.es\/tienda\/fr\/chocolats\/caramel-et-chocolat-chocolat-chocolat-chocolat-chocolat-chocolat-chocolat\/\",\"name\":\"Bonbon au caramel et au chocolat Xocolalla Xocolalla Savourez-le !\",\"isPartOf\":{\"@id\":\"https:\/\/xocolalla.es\/tienda\/fr\/#website\"},\"datePublished\":\"2022-07-14T15:22:22+00:00\",\"dateModified\":\"2023-02-03T17:15:36+00:00\",\"description\":\"Bonbon au caramel fait \u00e0 la main, rempli d'un fourrage lisse et cr\u00e9meux et recouvert d'une irr\u00e9sistible couche de chocolat !\",\"breadcrumb\":{\"@id\":\"https:\/\/xocolalla.es\/tienda\/fr\/chocolats\/caramel-et-chocolat-chocolat-chocolat-chocolat-chocolat-chocolat-chocolat\/#breadcrumb\"},\"inLanguage\":\"fr-FR\",\"potentialAction\":[{\"@type\":\"ReadAction\",\"target\":[\"https:\/\/xocolalla.es\/tienda\/fr\/chocolats\/caramel-et-chocolat-chocolat-chocolat-chocolat-chocolat-chocolat-chocolat\/\"]}]},{\"@type\":\"BreadcrumbList\",\"@id\":\"https:\/\/xocolalla.es\/tienda\/fr\/chocolats\/caramel-et-chocolat-chocolat-chocolat-chocolat-chocolat-chocolat-chocolat\/#breadcrumb\",\"itemListElement\":[{\"@type\":\"ListItem\",\"position\":1,\"name\":\"Portada\",\"item\":\"https:\/\/xocolalla.es\/tienda\/fr\/boutique\/\"},{\"@type\":\"ListItem\",\"position\":2,\"name\":\"Boutique\",\"item\":\"https:\/\/xocolalla.es\/tienda\/boutique\/\"},{\"@type\":\"ListItem\",\"position\":3,\"name\":\"Bonbon au caramel et au chocolat Xocolalla\"}]},{\"@type\":\"WebSite\",\"@id\":\"https:\/\/xocolalla.es\/tienda\/fr\/#website\",\"url\":\"https:\/\/xocolalla.es\/tienda\/fr\/\",\"name\":\"xocolalla.es\",\"description\":\"L\u2019eCommerce de produits chocolat\u00e9s\",\"publisher\":{\"@id\":\"https:\/\/xocolalla.es\/tienda\/fr\/#organization\"},\"alternateName\":\"xocolalla.es\",\"potentialAction\":[{\"@type\":\"SearchAction\",\"target\":{\"@type\":\"EntryPoint\",\"urlTemplate\":\"https:\/\/xocolalla.es\/tienda\/fr\/?s={search_term_string}\"},\"query-input\":\"required name=search_term_string\"}],\"inLanguage\":\"fr-FR\"},{\"@type\":\"Organization\",\"@id\":\"https:\/\/xocolalla.es\/tienda\/fr\/#organization\",\"name\":\"Xocolalla, S.L.\",\"alternateName\":\"Xocolalla\",\"url\":\"https:\/\/xocolalla.es\/tienda\/fr\/\",\"logo\":{\"@type\":\"ImageObject\",\"inLanguage\":\"fr-FR\",\"@id\":\"https:\/\/xocolalla.es\/tienda\/fr\/#\/schema\/logo\/image\/\",\"url\":\"https:\/\/xocolalla.es\/tienda\/wp-content\/uploads\/2022\/07\/cropped-cropped-Recurso-5.png\",\"contentUrl\":\"https:\/\/xocolalla.es\/tienda\/wp-content\/uploads\/2022\/07\/cropped-cropped-Recurso-5.png\",\"width\":1664,\"height\":646,\"caption\":\"Xocolalla, S.L.\"},\"image\":{\"@id\":\"https:\/\/xocolalla.es\/tienda\/fr\/#\/schema\/logo\/image\/\"}}]}<\/script>\n<!-- \/ Yoast SEO plugin. -->","yoast_head_json":{"title":"Bonbon au caramel et au chocolat Xocolalla Xocolalla Savourez-le !","description":"Bonbon au caramel fait \u00e0 la main, rempli d'un fourrage lisse et cr\u00e9meux et recouvert d'une irr\u00e9sistible couche de chocolat !","robots":{"index":"index","follow":"follow","max-snippet":"max-snippet:-1","max-image-preview":"max-image-preview:large","max-video-preview":"max-video-preview:-1"},"canonical":"https:\/\/xocolalla.es\/tienda\/fr\/chocolats\/caramel-et-chocolat-chocolat-chocolat-chocolat-chocolat-chocolat-chocolat\/","og_locale":"fr_FR","og_type":"article","og_title":"Bonbon au caramel et au chocolat Xocolalla Xocolalla Savourez-le !","og_description":"Bonbon au caramel fait \u00e0 la main, rempli d'un fourrage lisse et cr\u00e9meux et recouvert d'une irr\u00e9sistible couche de chocolat !","og_url":"https:\/\/xocolalla.es\/tienda\/fr\/chocolats\/caramel-et-chocolat-chocolat-chocolat-chocolat-chocolat-chocolat-chocolat\/","og_site_name":"Xocolalla","article_modified_time":"2023-02-03T17:15:36+00:00","og_image":[{"width":1000,"height":667,"url":"https:\/\/xocolalla.es\/tienda\/wp-content\/uploads\/2022\/10\/bolsa-surti.jpg36.jpg","type":"image\/jpeg"}],"twitter_card":"summary_large_image","twitter_misc":{"Dur\u00e9e de lecture estim\u00e9e":"1 minute"},"schema":{"@context":"https:\/\/schema.org","@graph":[{"@type":"WebPage","@id":"https:\/\/xocolalla.es\/tienda\/fr\/chocolats\/caramel-et-chocolat-chocolat-chocolat-chocolat-chocolat-chocolat-chocolat\/","url":"https:\/\/xocolalla.es\/tienda\/fr\/chocolats\/caramel-et-chocolat-chocolat-chocolat-chocolat-chocolat-chocolat-chocolat\/","name":"Bonbon au caramel et au chocolat Xocolalla Xocolalla Savourez-le !","isPartOf":{"@id":"https:\/\/xocolalla.es\/tienda\/fr\/#website"},"datePublished":"2022-07-14T15:22:22+00:00","dateModified":"2023-02-03T17:15:36+00:00","description":"Bonbon au caramel fait \u00e0 la main, rempli d'un fourrage lisse et cr\u00e9meux et recouvert d'une irr\u00e9sistible couche de chocolat !","breadcrumb":{"@id":"https:\/\/xocolalla.es\/tienda\/fr\/chocolats\/caramel-et-chocolat-chocolat-chocolat-chocolat-chocolat-chocolat-chocolat\/#breadcrumb"},"inLanguage":"fr-FR","potentialAction":[{"@type":"ReadAction","target":["https:\/\/xocolalla.es\/tienda\/fr\/chocolats\/caramel-et-chocolat-chocolat-chocolat-chocolat-chocolat-chocolat-chocolat\/"]}]},{"@type":"BreadcrumbList","@id":"https:\/\/xocolalla.es\/tienda\/fr\/chocolats\/caramel-et-chocolat-chocolat-chocolat-chocolat-chocolat-chocolat-chocolat\/#breadcrumb","itemListElement":[{"@type":"ListItem","position":1,"name":"Portada","item":"https:\/\/xocolalla.es\/tienda\/fr\/boutique\/"},{"@type":"ListItem","position":2,"name":"Boutique","item":"https:\/\/xocolalla.es\/tienda\/boutique\/"},{"@type":"ListItem","position":3,"name":"Bonbon au caramel et au chocolat Xocolalla"}]},{"@type":"WebSite","@id":"https:\/\/xocolalla.es\/tienda\/fr\/#website","url":"https:\/\/xocolalla.es\/tienda\/fr\/","name":"xocolalla.es","description":"L\u2019eCommerce de produits chocolat\u00e9s","publisher":{"@id":"https:\/\/xocolalla.es\/tienda\/fr\/#organization"},"alternateName":"xocolalla.es","potentialAction":[{"@type":"SearchAction","target":{"@type":"EntryPoint","urlTemplate":"https:\/\/xocolalla.es\/tienda\/fr\/?s={search_term_string}"},"query-input":"required name=search_term_string"}],"inLanguage":"fr-FR"},{"@type":"Organization","@id":"https:\/\/xocolalla.es\/tienda\/fr\/#organization","name":"Xocolalla, S.L.","alternateName":"Xocolalla","url":"https:\/\/xocolalla.es\/tienda\/fr\/","logo":{"@type":"ImageObject","inLanguage":"fr-FR","@id":"https:\/\/xocolalla.es\/tienda\/fr\/#\/schema\/logo\/image\/","url":"https:\/\/xocolalla.es\/tienda\/wp-content\/uploads\/2022\/07\/cropped-cropped-Recurso-5.png","contentUrl":"https:\/\/xocolalla.es\/tienda\/wp-content\/uploads\/2022\/07\/cropped-cropped-Recurso-5.png","width":1664,"height":646,"caption":"Xocolalla, S.L."},"image":{"@id":"https:\/\/xocolalla.es\/tienda\/fr\/#\/schema\/logo\/image\/"}}]}},"_links":{"self":[{"href":"https:\/\/xocolalla.es\/tienda\/fr\/wp-json\/wp\/v2\/product\/1985","targetHints":{"allow":["GET"]}}],"collection":[{"href":"https:\/\/xocolalla.es\/tienda\/fr\/wp-json\/wp\/v2\/product"}],"about":[{"href":"https:\/\/xocolalla.es\/tienda\/fr\/wp-json\/wp\/v2\/types\/product"}],"replies":[{"embeddable":true,"href":"https:\/\/xocolalla.es\/tienda\/fr\/wp-json\/wp\/v2\/comments?post=1985"}],"wp:featuredmedia":[{"embeddable":true,"href":"https:\/\/xocolalla.es\/tienda\/fr\/wp-json\/wp\/v2\/media\/1878"}],"wp:attachment":[{"href":"https:\/\/xocolalla.es\/tienda\/fr\/wp-json\/wp\/v2\/media?parent=1985"}],"wp:term":[{"taxonomy":"product_cat","embeddable":true,"href":"https:\/\/xocolalla.es\/tienda\/fr\/wp-json\/wp\/v2\/product_cat?post=1985"},{"taxonomy":"product_tag","embeddable":true,"href":"https:\/\/xocolalla.es\/tienda\/fr\/wp-json\/wp\/v2\/product_tag?post=1985"}],"curies":[{"name":"wp","href":"https:\/\/api.w.org\/{rel}","templated":true}]}}