{"id":1988,"date":"2022-07-14T15:32:46","date_gmt":"2022-07-14T15:32:46","guid":{"rendered":"https:\/\/xocolalla.es\/bonbon-au-chocolat-noir-xocolalla\/"},"modified":"2026-03-23T11:37:16","modified_gmt":"2026-03-23T11:37:16","slug":"chocolat-noir-chocolat-chocolat","status":"publish","type":"product","link":"https:\/\/xocolalla.es\/tienda\/fr\/chocolats\/chocolat-noir-chocolat-chocolat\/","title":{"rendered":"Bonbon au chocolat noir Xocolalla"},"content":{"rendered":"<h3>Ingr\u00e9dients Bonbon au chocolat noir 70% de cacao<\/h3>\n<p>Fourrage (60%) : Sucre, huile v\u00e9g\u00e9tale de tournesol, poudre de cacao d\u00e9graiss\u00e9, graisse v\u00e9g\u00e9tale enti\u00e8rement hydrog\u00e9n\u00e9e (palmiste), <strong>lactos\u00e9rum<\/strong>, p\u00e2te de <strong>noisettes<\/strong>, \u00e9mulsifiant <strong>(<\/strong> l\u00e9cithine de <strong>soja<\/strong> et E-476), ar\u00f4mes et vanilline. Enrobage de chocolat (40%) : p\u00e2te de cacao, sucre, beurre de cacao, \u00e9mulsifiant <strong>(<\/strong>l\u00e9cithine de <strong>soja<\/strong>), ar\u00f4me naturel de vanille. Cacao min 70%.<\/p>\n<h4>Bonbon au chocolat noir 70% cacao<\/h4>\n<p>D\u00e9licieux bonbon au chocolat noir avec une teneur en cacao de 70%. Ce type de bonbon est un choix populaire parmi les amateurs de chocolat qui pr\u00e9f\u00e8rent un go\u00fbt intense et amer. Sa saveur robuste et sa texture lisse et cr\u00e9meuse en font un choix id\u00e9al pour ceux qui appr\u00e9cient un chocolat fort sans \u00eatre sucr\u00e9.<\/p>\n<p>Le chocolat noir avec une teneur en cacao de 70 % est riche en antioxydants et en min\u00e9raux essentiels, ce qui en fait un choix plus sain. En outre, il a \u00e9t\u00e9 d\u00e9montr\u00e9 que le cacao peut am\u00e9liorer l&rsquo;humeur, augmenter la concentration et r\u00e9duire le stress.<\/p>\n<p>Les bonbons de chocolat noir avec une teneur en cacao de 70% se trouvent dans notre boutique en diff\u00e9rents emballages et poids : bo\u00eete de 100 gr., bo\u00eete de 250 gr. et sac de 500 gr.<\/p>\n<p>L&rsquo;absence de sucre signifie qu&rsquo;ils constituent une option plus saine que les chocolats sucr\u00e9s.<\/p>\n<p>En conclusion, les chocolats noirs avec une teneur en cacao de 70% sont un choix parfait pour les amateurs de chocolat qui pr\u00e9f\u00e8rent un go\u00fbt fort sans \u00eatre sucr\u00e9. Ils sont riches en antioxydants et en min\u00e9raux essentiels et peuvent am\u00e9liorer l&rsquo;humeur et la concentration.<\/p>\n","protected":false},"excerpt":{"rendered":"<h2>Bonbon de chocolat noir \u00e0 70% de cacao<\/h2>\n<p>Bonbon fait \u00e0 la main.<br \/>\nVous pouvez l&rsquo;acheter dans diff\u00e9rents emballages : Bo\u00eete de 100 gr., pot de 250 gr. ou sacs de 500 gr.<\/p>\n","protected":false},"featured_media":1887,"comment_status":"open","ping_status":"closed","template":"","meta":{"site-sidebar-layout":"default","site-content-layout":"default","ast-global-header-display":"","ast-main-header-display":"","ast-hfb-above-header-display":"","ast-hfb-below-header-display":"","ast-hfb-mobile-header-display":"","site-post-title":"","ast-breadcrumbs-content":"","ast-featured-img":"","footer-sml-layout":"","theme-transparent-header-meta":"default","adv-header-id-meta":"","stick-header-meta":"default","header-above-stick-meta":"","header-main-stick-meta":"","header-below-stick-meta":"","_themeisle_gutenberg_block_has_review":false},"product_cat":[127],"product_tag":[],"class_list":["post-1988","product","type-product","status-publish","has-post-thumbnail","hentry","product_cat-chocolats","ast-product-gallery-layout-horizontal-slider","ast-product-gallery-with-no-image","ast-product-single-variable","ast-product-tabs-layout-horizontal"],"yoast_head":"<!-- This site is optimized with the Yoast SEO plugin v19.9 - https:\/\/yoast.com\/wordpress\/plugins\/seo\/ -->\n<title>Bonbon au chocolat noir Xocolalla Xocolalla D\u00e9licieux !<\/title>\n<meta name=\"description\" content=\"Bonbon au chocolat noir. 70% fait \u00e0 la main. Qualit\u00e9 sup\u00e9rieure. Tradition artisanale tol\u00e9dane. Entrez dans Xocolalla !\" \/>\n<meta name=\"robots\" content=\"index, follow, max-snippet:-1, max-image-preview:large, max-video-preview:-1\" \/>\n<link rel=\"canonical\" href=\"https:\/\/xocolalla.es\/tienda\/fr\/chocolats\/chocolat-noir-chocolat-chocolat\/\" \/>\n<meta property=\"og:locale\" content=\"fr_FR\" \/>\n<meta property=\"og:type\" content=\"article\" \/>\n<meta property=\"og:title\" content=\"Bonbon au chocolat noir Xocolalla Xocolalla D\u00e9licieux !\" \/>\n<meta property=\"og:description\" content=\"Bonbon au chocolat noir. 70% fait \u00e0 la main. Qualit\u00e9 sup\u00e9rieure. Tradition artisanale tol\u00e9dane. Entrez dans Xocolalla !\" \/>\n<meta property=\"og:url\" content=\"https:\/\/xocolalla.es\/tienda\/fr\/chocolats\/chocolat-noir-chocolat-chocolat\/\" \/>\n<meta property=\"og:site_name\" content=\"Xocolalla\" \/>\n<meta property=\"article:modified_time\" content=\"2026-03-23T11:37:16+00:00\" \/>\n<meta property=\"og:image\" content=\"https:\/\/xocolalla.es\/tienda\/wp-content\/uploads\/2022\/07\/bolsa-surti.jpg35.jpg\" \/>\n\t<meta property=\"og:image:width\" content=\"1000\" \/>\n\t<meta property=\"og:image:height\" content=\"667\" \/>\n\t<meta property=\"og:image:type\" content=\"image\/jpeg\" \/>\n<meta name=\"twitter:card\" content=\"summary_large_image\" \/>\n<meta name=\"twitter:label1\" content=\"Dur\u00e9e de lecture estim\u00e9e\" \/>\n\t<meta name=\"twitter:data1\" content=\"1 minute\" \/>\n<script type=\"application\/ld+json\" class=\"yoast-schema-graph\">{\"@context\":\"https:\/\/schema.org\",\"@graph\":[{\"@type\":\"WebPage\",\"@id\":\"https:\/\/xocolalla.es\/tienda\/fr\/chocolats\/chocolat-noir-chocolat-chocolat\/\",\"url\":\"https:\/\/xocolalla.es\/tienda\/fr\/chocolats\/chocolat-noir-chocolat-chocolat\/\",\"name\":\"Bonbon au chocolat noir Xocolalla Xocolalla D\u00e9licieux !\",\"isPartOf\":{\"@id\":\"https:\/\/xocolalla.es\/tienda\/fr\/#website\"},\"datePublished\":\"2022-07-14T15:32:46+00:00\",\"dateModified\":\"2026-03-23T11:37:16+00:00\",\"description\":\"Bonbon au chocolat noir. 70% fait \u00e0 la main. Qualit\u00e9 sup\u00e9rieure. Tradition artisanale tol\u00e9dane. Entrez dans Xocolalla !\",\"breadcrumb\":{\"@id\":\"https:\/\/xocolalla.es\/tienda\/fr\/chocolats\/chocolat-noir-chocolat-chocolat\/#breadcrumb\"},\"inLanguage\":\"fr-FR\",\"potentialAction\":[{\"@type\":\"ReadAction\",\"target\":[\"https:\/\/xocolalla.es\/tienda\/fr\/chocolats\/chocolat-noir-chocolat-chocolat\/\"]}]},{\"@type\":\"BreadcrumbList\",\"@id\":\"https:\/\/xocolalla.es\/tienda\/fr\/chocolats\/chocolat-noir-chocolat-chocolat\/#breadcrumb\",\"itemListElement\":[{\"@type\":\"ListItem\",\"position\":1,\"name\":\"Portada\",\"item\":\"https:\/\/xocolalla.es\/tienda\/fr\/boutique\/\"},{\"@type\":\"ListItem\",\"position\":2,\"name\":\"Boutique\",\"item\":\"https:\/\/xocolalla.es\/tienda\/boutique\/\"},{\"@type\":\"ListItem\",\"position\":3,\"name\":\"Bonbon au chocolat noir Xocolalla\"}]},{\"@type\":\"WebSite\",\"@id\":\"https:\/\/xocolalla.es\/tienda\/fr\/#website\",\"url\":\"https:\/\/xocolalla.es\/tienda\/fr\/\",\"name\":\"xocolalla.es\",\"description\":\"L\u2019eCommerce de produits chocolat\u00e9s\",\"publisher\":{\"@id\":\"https:\/\/xocolalla.es\/tienda\/fr\/#organization\"},\"alternateName\":\"xocolalla.es\",\"potentialAction\":[{\"@type\":\"SearchAction\",\"target\":{\"@type\":\"EntryPoint\",\"urlTemplate\":\"https:\/\/xocolalla.es\/tienda\/fr\/?s={search_term_string}\"},\"query-input\":\"required name=search_term_string\"}],\"inLanguage\":\"fr-FR\"},{\"@type\":\"Organization\",\"@id\":\"https:\/\/xocolalla.es\/tienda\/fr\/#organization\",\"name\":\"Xocolalla, S.L.\",\"alternateName\":\"Xocolalla\",\"url\":\"https:\/\/xocolalla.es\/tienda\/fr\/\",\"logo\":{\"@type\":\"ImageObject\",\"inLanguage\":\"fr-FR\",\"@id\":\"https:\/\/xocolalla.es\/tienda\/fr\/#\/schema\/logo\/image\/\",\"url\":\"https:\/\/xocolalla.es\/tienda\/wp-content\/uploads\/2022\/07\/cropped-cropped-Recurso-5.png\",\"contentUrl\":\"https:\/\/xocolalla.es\/tienda\/wp-content\/uploads\/2022\/07\/cropped-cropped-Recurso-5.png\",\"width\":1664,\"height\":646,\"caption\":\"Xocolalla, S.L.\"},\"image\":{\"@id\":\"https:\/\/xocolalla.es\/tienda\/fr\/#\/schema\/logo\/image\/\"}}]}<\/script>\n<!-- \/ Yoast SEO plugin. -->","yoast_head_json":{"title":"Bonbon au chocolat noir Xocolalla Xocolalla D\u00e9licieux !","description":"Bonbon au chocolat noir. 70% fait \u00e0 la main. Qualit\u00e9 sup\u00e9rieure. Tradition artisanale tol\u00e9dane. Entrez dans Xocolalla !","robots":{"index":"index","follow":"follow","max-snippet":"max-snippet:-1","max-image-preview":"max-image-preview:large","max-video-preview":"max-video-preview:-1"},"canonical":"https:\/\/xocolalla.es\/tienda\/fr\/chocolats\/chocolat-noir-chocolat-chocolat\/","og_locale":"fr_FR","og_type":"article","og_title":"Bonbon au chocolat noir Xocolalla Xocolalla D\u00e9licieux !","og_description":"Bonbon au chocolat noir. 70% fait \u00e0 la main. Qualit\u00e9 sup\u00e9rieure. Tradition artisanale tol\u00e9dane. Entrez dans Xocolalla !","og_url":"https:\/\/xocolalla.es\/tienda\/fr\/chocolats\/chocolat-noir-chocolat-chocolat\/","og_site_name":"Xocolalla","article_modified_time":"2026-03-23T11:37:16+00:00","og_image":[{"width":1000,"height":667,"url":"https:\/\/xocolalla.es\/tienda\/wp-content\/uploads\/2022\/07\/bolsa-surti.jpg35.jpg","type":"image\/jpeg"}],"twitter_card":"summary_large_image","twitter_misc":{"Dur\u00e9e de lecture estim\u00e9e":"1 minute"},"schema":{"@context":"https:\/\/schema.org","@graph":[{"@type":"WebPage","@id":"https:\/\/xocolalla.es\/tienda\/fr\/chocolats\/chocolat-noir-chocolat-chocolat\/","url":"https:\/\/xocolalla.es\/tienda\/fr\/chocolats\/chocolat-noir-chocolat-chocolat\/","name":"Bonbon au chocolat noir Xocolalla Xocolalla D\u00e9licieux !","isPartOf":{"@id":"https:\/\/xocolalla.es\/tienda\/fr\/#website"},"datePublished":"2022-07-14T15:32:46+00:00","dateModified":"2026-03-23T11:37:16+00:00","description":"Bonbon au chocolat noir. 70% fait \u00e0 la main. Qualit\u00e9 sup\u00e9rieure. Tradition artisanale tol\u00e9dane. Entrez dans Xocolalla !","breadcrumb":{"@id":"https:\/\/xocolalla.es\/tienda\/fr\/chocolats\/chocolat-noir-chocolat-chocolat\/#breadcrumb"},"inLanguage":"fr-FR","potentialAction":[{"@type":"ReadAction","target":["https:\/\/xocolalla.es\/tienda\/fr\/chocolats\/chocolat-noir-chocolat-chocolat\/"]}]},{"@type":"BreadcrumbList","@id":"https:\/\/xocolalla.es\/tienda\/fr\/chocolats\/chocolat-noir-chocolat-chocolat\/#breadcrumb","itemListElement":[{"@type":"ListItem","position":1,"name":"Portada","item":"https:\/\/xocolalla.es\/tienda\/fr\/boutique\/"},{"@type":"ListItem","position":2,"name":"Boutique","item":"https:\/\/xocolalla.es\/tienda\/boutique\/"},{"@type":"ListItem","position":3,"name":"Bonbon au chocolat noir Xocolalla"}]},{"@type":"WebSite","@id":"https:\/\/xocolalla.es\/tienda\/fr\/#website","url":"https:\/\/xocolalla.es\/tienda\/fr\/","name":"xocolalla.es","description":"L\u2019eCommerce de produits chocolat\u00e9s","publisher":{"@id":"https:\/\/xocolalla.es\/tienda\/fr\/#organization"},"alternateName":"xocolalla.es","potentialAction":[{"@type":"SearchAction","target":{"@type":"EntryPoint","urlTemplate":"https:\/\/xocolalla.es\/tienda\/fr\/?s={search_term_string}"},"query-input":"required name=search_term_string"}],"inLanguage":"fr-FR"},{"@type":"Organization","@id":"https:\/\/xocolalla.es\/tienda\/fr\/#organization","name":"Xocolalla, S.L.","alternateName":"Xocolalla","url":"https:\/\/xocolalla.es\/tienda\/fr\/","logo":{"@type":"ImageObject","inLanguage":"fr-FR","@id":"https:\/\/xocolalla.es\/tienda\/fr\/#\/schema\/logo\/image\/","url":"https:\/\/xocolalla.es\/tienda\/wp-content\/uploads\/2022\/07\/cropped-cropped-Recurso-5.png","contentUrl":"https:\/\/xocolalla.es\/tienda\/wp-content\/uploads\/2022\/07\/cropped-cropped-Recurso-5.png","width":1664,"height":646,"caption":"Xocolalla, S.L."},"image":{"@id":"https:\/\/xocolalla.es\/tienda\/fr\/#\/schema\/logo\/image\/"}}]}},"_links":{"self":[{"href":"https:\/\/xocolalla.es\/tienda\/fr\/wp-json\/wp\/v2\/product\/1988","targetHints":{"allow":["GET"]}}],"collection":[{"href":"https:\/\/xocolalla.es\/tienda\/fr\/wp-json\/wp\/v2\/product"}],"about":[{"href":"https:\/\/xocolalla.es\/tienda\/fr\/wp-json\/wp\/v2\/types\/product"}],"replies":[{"embeddable":true,"href":"https:\/\/xocolalla.es\/tienda\/fr\/wp-json\/wp\/v2\/comments?post=1988"}],"wp:featuredmedia":[{"embeddable":true,"href":"https:\/\/xocolalla.es\/tienda\/fr\/wp-json\/wp\/v2\/media\/1887"}],"wp:attachment":[{"href":"https:\/\/xocolalla.es\/tienda\/fr\/wp-json\/wp\/v2\/media?parent=1988"}],"wp:term":[{"taxonomy":"product_cat","embeddable":true,"href":"https:\/\/xocolalla.es\/tienda\/fr\/wp-json\/wp\/v2\/product_cat?post=1988"},{"taxonomy":"product_tag","embeddable":true,"href":"https:\/\/xocolalla.es\/tienda\/fr\/wp-json\/wp\/v2\/product_tag?post=1988"}],"curies":[{"name":"wp","href":"https:\/\/api.w.org\/{rel}","templated":true}]}}