{"id":1989,"date":"2022-10-19T16:49:07","date_gmt":"2022-10-19T16:49:07","guid":{"rendered":"https:\/\/xocolalla.es\/xocobite-au-chocolat-et-aux-myrtilles\/"},"modified":"2022-11-25T08:36:55","modified_gmt":"2022-11-25T08:36:55","slug":"xocobite-au-chocolat-et-aux-myrtilles","status":"publish","type":"product","link":"https:\/\/xocolalla.es\/tienda\/fr\/chocolats-xocobites\/xocobite-au-chocolat-et-aux-myrtilles\/","title":{"rendered":"Xocobite au chocolat et aux myrtilles"},"content":{"rendered":"<p><em>Ingr\u00e9dients : Sucre, graisse v\u00e9g\u00e9tale enti\u00e8rement hydrog\u00e9n\u00e9e (palmiste), \u00e9mulsifiant (l\u00e9cithine SOYA et ar\u00f4me), canneberges sucr\u00e9es (20%) (canneberges, sucre de canne et huile de tournesol), enrobage de chocolat (p\u00e2te de cacao, beurre de cacao, poudre de cacao d\u00e9graiss\u00e9, \u00e9mulsifiant <strong>(<\/strong>l\u00e9cithine <strong>SOYA<\/strong>), ar\u00f4me naturel de vanille. Cacao min. 70%.<\/em><\/p>\n","protected":false},"excerpt":{"rendered":"<p>Xocobite au chocolat et aux myrtilles. Bo\u00eete 400gr.<\/p>\n","protected":false},"featured_media":2540,"comment_status":"open","ping_status":"closed","template":"","meta":{"site-sidebar-layout":"default","site-content-layout":"default","ast-global-header-display":"","ast-main-header-display":"","ast-hfb-above-header-display":"","ast-hfb-below-header-display":"","ast-hfb-mobile-header-display":"","site-post-title":"","ast-breadcrumbs-content":"","ast-featured-img":"","footer-sml-layout":"","theme-transparent-header-meta":"default","adv-header-id-meta":"","stick-header-meta":"default","header-above-stick-meta":"","header-main-stick-meta":"","header-below-stick-meta":"","_themeisle_gutenberg_block_has_review":false},"product_cat":[123],"product_tag":[],"class_list":["post-1989","product","type-product","status-publish","has-post-thumbnail","hentry","product_cat-chocolats-xocobites","ast-product-gallery-layout-horizontal-slider","ast-product-gallery-with-no-image","ast-product-tabs-layout-horizontal"],"yoast_head":"<!-- This site is optimized with the Yoast SEO plugin v19.9 - https:\/\/yoast.com\/wordpress\/plugins\/seo\/ -->\n<title>Xocobite au chocolat et aux myrtilles Xocolalla<\/title>\n<meta name=\"robots\" content=\"index, follow, max-snippet:-1, max-image-preview:large, max-video-preview:-1\" \/>\n<link rel=\"canonical\" href=\"https:\/\/xocolalla.es\/tienda\/fr\/chocolats-xocobites\/xocobite-au-chocolat-et-aux-myrtilles\/\" \/>\n<meta property=\"og:locale\" content=\"fr_FR\" \/>\n<meta property=\"og:type\" content=\"article\" \/>\n<meta property=\"og:title\" content=\"Xocobite au chocolat et aux myrtilles Xocolalla\" \/>\n<meta property=\"og:description\" content=\"Xocobite au chocolat et aux myrtilles. Bo\u00eete 400gr.\" \/>\n<meta property=\"og:url\" content=\"https:\/\/xocolalla.es\/tienda\/fr\/chocolats-xocobites\/xocobite-au-chocolat-et-aux-myrtilles\/\" \/>\n<meta property=\"og:site_name\" content=\"Xocolalla\" \/>\n<meta property=\"article:modified_time\" content=\"2022-11-25T08:36:55+00:00\" \/>\n<meta property=\"og:image\" content=\"https:\/\/xocolalla.es\/tienda\/wp-content\/uploads\/2022\/10\/bolsa-surti.jpg50.jpg\" \/>\n\t<meta property=\"og:image:width\" content=\"1000\" \/>\n\t<meta property=\"og:image:height\" content=\"667\" \/>\n\t<meta property=\"og:image:type\" content=\"image\/jpeg\" \/>\n<meta name=\"twitter:card\" content=\"summary_large_image\" \/>\n<script type=\"application\/ld+json\" class=\"yoast-schema-graph\">{\"@context\":\"https:\/\/schema.org\",\"@graph\":[{\"@type\":\"WebPage\",\"@id\":\"https:\/\/xocolalla.es\/tienda\/fr\/chocolats-xocobites\/xocobite-au-chocolat-et-aux-myrtilles\/\",\"url\":\"https:\/\/xocolalla.es\/tienda\/fr\/chocolats-xocobites\/xocobite-au-chocolat-et-aux-myrtilles\/\",\"name\":\"Xocobite au chocolat et aux myrtilles Xocolalla\",\"isPartOf\":{\"@id\":\"https:\/\/xocolalla.es\/tienda\/fr\/#website\"},\"datePublished\":\"2022-10-19T16:49:07+00:00\",\"dateModified\":\"2022-11-25T08:36:55+00:00\",\"breadcrumb\":{\"@id\":\"https:\/\/xocolalla.es\/tienda\/fr\/chocolats-xocobites\/xocobite-au-chocolat-et-aux-myrtilles\/#breadcrumb\"},\"inLanguage\":\"fr-FR\",\"potentialAction\":[{\"@type\":\"ReadAction\",\"target\":[\"https:\/\/xocolalla.es\/tienda\/fr\/chocolats-xocobites\/xocobite-au-chocolat-et-aux-myrtilles\/\"]}]},{\"@type\":\"BreadcrumbList\",\"@id\":\"https:\/\/xocolalla.es\/tienda\/fr\/chocolats-xocobites\/xocobite-au-chocolat-et-aux-myrtilles\/#breadcrumb\",\"itemListElement\":[{\"@type\":\"ListItem\",\"position\":1,\"name\":\"Portada\",\"item\":\"https:\/\/xocolalla.es\/tienda\/fr\/boutique\/\"},{\"@type\":\"ListItem\",\"position\":2,\"name\":\"Boutique\",\"item\":\"https:\/\/xocolalla.es\/tienda\/boutique\/\"},{\"@type\":\"ListItem\",\"position\":3,\"name\":\"Xocobite au chocolat et aux myrtilles\"}]},{\"@type\":\"WebSite\",\"@id\":\"https:\/\/xocolalla.es\/tienda\/fr\/#website\",\"url\":\"https:\/\/xocolalla.es\/tienda\/fr\/\",\"name\":\"xocolalla.es\",\"description\":\"L\u2019eCommerce de produits chocolat\u00e9s\",\"publisher\":{\"@id\":\"https:\/\/xocolalla.es\/tienda\/fr\/#organization\"},\"alternateName\":\"xocolalla.es\",\"potentialAction\":[{\"@type\":\"SearchAction\",\"target\":{\"@type\":\"EntryPoint\",\"urlTemplate\":\"https:\/\/xocolalla.es\/tienda\/fr\/?s={search_term_string}\"},\"query-input\":\"required name=search_term_string\"}],\"inLanguage\":\"fr-FR\"},{\"@type\":\"Organization\",\"@id\":\"https:\/\/xocolalla.es\/tienda\/fr\/#organization\",\"name\":\"Xocolalla, S.L.\",\"alternateName\":\"Xocolalla\",\"url\":\"https:\/\/xocolalla.es\/tienda\/fr\/\",\"logo\":{\"@type\":\"ImageObject\",\"inLanguage\":\"fr-FR\",\"@id\":\"https:\/\/xocolalla.es\/tienda\/fr\/#\/schema\/logo\/image\/\",\"url\":\"https:\/\/xocolalla.es\/tienda\/wp-content\/uploads\/2022\/07\/cropped-cropped-Recurso-5.png\",\"contentUrl\":\"https:\/\/xocolalla.es\/tienda\/wp-content\/uploads\/2022\/07\/cropped-cropped-Recurso-5.png\",\"width\":1664,\"height\":646,\"caption\":\"Xocolalla, S.L.\"},\"image\":{\"@id\":\"https:\/\/xocolalla.es\/tienda\/fr\/#\/schema\/logo\/image\/\"}}]}<\/script>\n<!-- \/ Yoast SEO plugin. -->","yoast_head_json":{"title":"Xocobite au chocolat et aux myrtilles Xocolalla","robots":{"index":"index","follow":"follow","max-snippet":"max-snippet:-1","max-image-preview":"max-image-preview:large","max-video-preview":"max-video-preview:-1"},"canonical":"https:\/\/xocolalla.es\/tienda\/fr\/chocolats-xocobites\/xocobite-au-chocolat-et-aux-myrtilles\/","og_locale":"fr_FR","og_type":"article","og_title":"Xocobite au chocolat et aux myrtilles Xocolalla","og_description":"Xocobite au chocolat et aux myrtilles. Bo\u00eete 400gr.","og_url":"https:\/\/xocolalla.es\/tienda\/fr\/chocolats-xocobites\/xocobite-au-chocolat-et-aux-myrtilles\/","og_site_name":"Xocolalla","article_modified_time":"2022-11-25T08:36:55+00:00","og_image":[{"width":1000,"height":667,"url":"https:\/\/xocolalla.es\/tienda\/wp-content\/uploads\/2022\/10\/bolsa-surti.jpg50.jpg","type":"image\/jpeg"}],"twitter_card":"summary_large_image","schema":{"@context":"https:\/\/schema.org","@graph":[{"@type":"WebPage","@id":"https:\/\/xocolalla.es\/tienda\/fr\/chocolats-xocobites\/xocobite-au-chocolat-et-aux-myrtilles\/","url":"https:\/\/xocolalla.es\/tienda\/fr\/chocolats-xocobites\/xocobite-au-chocolat-et-aux-myrtilles\/","name":"Xocobite au chocolat et aux myrtilles Xocolalla","isPartOf":{"@id":"https:\/\/xocolalla.es\/tienda\/fr\/#website"},"datePublished":"2022-10-19T16:49:07+00:00","dateModified":"2022-11-25T08:36:55+00:00","breadcrumb":{"@id":"https:\/\/xocolalla.es\/tienda\/fr\/chocolats-xocobites\/xocobite-au-chocolat-et-aux-myrtilles\/#breadcrumb"},"inLanguage":"fr-FR","potentialAction":[{"@type":"ReadAction","target":["https:\/\/xocolalla.es\/tienda\/fr\/chocolats-xocobites\/xocobite-au-chocolat-et-aux-myrtilles\/"]}]},{"@type":"BreadcrumbList","@id":"https:\/\/xocolalla.es\/tienda\/fr\/chocolats-xocobites\/xocobite-au-chocolat-et-aux-myrtilles\/#breadcrumb","itemListElement":[{"@type":"ListItem","position":1,"name":"Portada","item":"https:\/\/xocolalla.es\/tienda\/fr\/boutique\/"},{"@type":"ListItem","position":2,"name":"Boutique","item":"https:\/\/xocolalla.es\/tienda\/boutique\/"},{"@type":"ListItem","position":3,"name":"Xocobite au chocolat et aux myrtilles"}]},{"@type":"WebSite","@id":"https:\/\/xocolalla.es\/tienda\/fr\/#website","url":"https:\/\/xocolalla.es\/tienda\/fr\/","name":"xocolalla.es","description":"L\u2019eCommerce de produits chocolat\u00e9s","publisher":{"@id":"https:\/\/xocolalla.es\/tienda\/fr\/#organization"},"alternateName":"xocolalla.es","potentialAction":[{"@type":"SearchAction","target":{"@type":"EntryPoint","urlTemplate":"https:\/\/xocolalla.es\/tienda\/fr\/?s={search_term_string}"},"query-input":"required name=search_term_string"}],"inLanguage":"fr-FR"},{"@type":"Organization","@id":"https:\/\/xocolalla.es\/tienda\/fr\/#organization","name":"Xocolalla, S.L.","alternateName":"Xocolalla","url":"https:\/\/xocolalla.es\/tienda\/fr\/","logo":{"@type":"ImageObject","inLanguage":"fr-FR","@id":"https:\/\/xocolalla.es\/tienda\/fr\/#\/schema\/logo\/image\/","url":"https:\/\/xocolalla.es\/tienda\/wp-content\/uploads\/2022\/07\/cropped-cropped-Recurso-5.png","contentUrl":"https:\/\/xocolalla.es\/tienda\/wp-content\/uploads\/2022\/07\/cropped-cropped-Recurso-5.png","width":1664,"height":646,"caption":"Xocolalla, S.L."},"image":{"@id":"https:\/\/xocolalla.es\/tienda\/fr\/#\/schema\/logo\/image\/"}}]}},"_links":{"self":[{"href":"https:\/\/xocolalla.es\/tienda\/fr\/wp-json\/wp\/v2\/product\/1989","targetHints":{"allow":["GET"]}}],"collection":[{"href":"https:\/\/xocolalla.es\/tienda\/fr\/wp-json\/wp\/v2\/product"}],"about":[{"href":"https:\/\/xocolalla.es\/tienda\/fr\/wp-json\/wp\/v2\/types\/product"}],"replies":[{"embeddable":true,"href":"https:\/\/xocolalla.es\/tienda\/fr\/wp-json\/wp\/v2\/comments?post=1989"}],"wp:featuredmedia":[{"embeddable":true,"href":"https:\/\/xocolalla.es\/tienda\/fr\/wp-json\/wp\/v2\/media\/2540"}],"wp:attachment":[{"href":"https:\/\/xocolalla.es\/tienda\/fr\/wp-json\/wp\/v2\/media?parent=1989"}],"wp:term":[{"taxonomy":"product_cat","embeddable":true,"href":"https:\/\/xocolalla.es\/tienda\/fr\/wp-json\/wp\/v2\/product_cat?post=1989"},{"taxonomy":"product_tag","embeddable":true,"href":"https:\/\/xocolalla.es\/tienda\/fr\/wp-json\/wp\/v2\/product_tag?post=1989"}],"curies":[{"name":"wp","href":"https:\/\/api.w.org\/{rel}","templated":true}]}}