{"id":3196,"date":"2024-04-03T11:41:32","date_gmt":"2024-04-03T11:41:32","guid":{"rendered":"https:\/\/xocolalla.es\/tienda\/non class\u00e9\/canneberges-au-chocolat-noir-xocoperlas\/"},"modified":"2024-04-03T11:41:32","modified_gmt":"2024-04-03T11:41:32","slug":"canneberges-au-chocolat-noir-xocoperlas","status":"publish","type":"product","link":"https:\/\/xocolalla.es\/tienda\/fr\/dragees-xocoperlas\/canneberges-au-chocolat-noir-xocoperlas\/","title":{"rendered":"Canneberges au chocolat noir Xocoperlas"},"content":{"rendered":"<p>Les Xocoperlas aux myrtilles et au chocolat sont pr\u00e9sent\u00e9s sous la marque <strong>Delikao By Xocolalla <\/strong>pour ravir les palais les plus exquis gr\u00e2ce \u00e0 la combinaison de ce noyau avec les meilleurs chocolats purs.<\/p>\n<p>&nbsp;<\/p>\n<p><em>INGR\u00c9DIENTS<\/em>: Myrtilles 50% (myrtilles 66%, sucre et huile de tournesol) Chocolat d&rsquo;enrobage 52% cacao (50%) sucre, p\u00e2te de cacao, beurre de cacao, \u00e9mulsifiant (l\u00e9cithine de SOYA), ar\u00f4me.<\/p>\n<div><em>ALLERG\u00c8NES<\/em>: PEUT CONTENIR DES TRACES DE FRUITS \u00c0 COQUE.<\/div>\n","protected":false},"excerpt":{"rendered":"<p>Canneberges d\u00e9shydrat\u00e9es enrob\u00e9es de chocolat noir exquis.<\/p>\n<p>pot de 200 g.<\/p>\n","protected":false},"featured_media":2735,"comment_status":"open","ping_status":"closed","template":"","meta":{"site-sidebar-layout":"default","site-content-layout":"default","ast-global-header-display":"","ast-main-header-display":"","ast-hfb-above-header-display":"","ast-hfb-below-header-display":"","ast-hfb-mobile-header-display":"","site-post-title":"","ast-breadcrumbs-content":"","ast-featured-img":"","footer-sml-layout":"","theme-transparent-header-meta":"default","adv-header-id-meta":"","stick-header-meta":"default","header-above-stick-meta":"","header-main-stick-meta":"","header-below-stick-meta":"","_themeisle_gutenberg_block_has_review":false},"product_cat":[158],"product_tag":[],"class_list":["post-3196","product","type-product","status-publish","has-post-thumbnail","hentry","product_cat-dragees-xocoperlas","ast-product-gallery-layout-horizontal-slider","ast-product-gallery-with-no-image","ast-product-tabs-layout-horizontal"],"yoast_head":"<!-- This site is optimized with the Yoast SEO plugin v19.9 - https:\/\/yoast.com\/wordpress\/plugins\/seo\/ -->\n<title>Canneberges au chocolat noir Xocoperlas Xocolalla<\/title>\n<meta name=\"description\" content=\"Drag\u00e9es de canneberges s\u00e9ch\u00e9es avec du chocolat noir pur - une explosion de saveur !\" \/>\n<meta name=\"robots\" content=\"index, follow, max-snippet:-1, max-image-preview:large, max-video-preview:-1\" \/>\n<link rel=\"canonical\" href=\"https:\/\/xocolalla.es\/tienda\/fr\/dragees-xocoperlas\/canneberges-au-chocolat-noir-xocoperlas\/\" \/>\n<meta property=\"og:locale\" content=\"fr_FR\" \/>\n<meta property=\"og:type\" content=\"article\" \/>\n<meta property=\"og:title\" content=\"Canneberges au chocolat noir Xocoperlas Xocolalla\" \/>\n<meta property=\"og:description\" content=\"Drag\u00e9es de canneberges s\u00e9ch\u00e9es avec du chocolat noir pur - une explosion de saveur !\" \/>\n<meta property=\"og:url\" content=\"https:\/\/xocolalla.es\/tienda\/fr\/dragees-xocoperlas\/canneberges-au-chocolat-noir-xocoperlas\/\" \/>\n<meta property=\"og:site_name\" content=\"Xocolalla\" \/>\n<meta property=\"og:image\" content=\"https:\/\/xocolalla.es\/tienda\/wp-content\/uploads\/2024\/04\/arandanos-editada-scaled.jpg\" \/>\n\t<meta property=\"og:image:width\" content=\"2560\" \/>\n\t<meta property=\"og:image:height\" content=\"1706\" \/>\n\t<meta property=\"og:image:type\" content=\"image\/jpeg\" \/>\n<meta name=\"twitter:card\" content=\"summary_large_image\" \/>\n<script type=\"application\/ld+json\" class=\"yoast-schema-graph\">{\"@context\":\"https:\/\/schema.org\",\"@graph\":[{\"@type\":\"WebPage\",\"@id\":\"https:\/\/xocolalla.es\/tienda\/fr\/dragees-xocoperlas\/canneberges-au-chocolat-noir-xocoperlas\/\",\"url\":\"https:\/\/xocolalla.es\/tienda\/fr\/dragees-xocoperlas\/canneberges-au-chocolat-noir-xocoperlas\/\",\"name\":\"Canneberges au chocolat noir Xocoperlas Xocolalla\",\"isPartOf\":{\"@id\":\"https:\/\/xocolalla.es\/tienda\/fr\/#website\"},\"datePublished\":\"2024-04-03T11:41:32+00:00\",\"dateModified\":\"2024-04-03T11:41:32+00:00\",\"description\":\"Drag\u00e9es de canneberges s\u00e9ch\u00e9es avec du chocolat noir pur - une explosion de saveur !\",\"breadcrumb\":{\"@id\":\"https:\/\/xocolalla.es\/tienda\/fr\/dragees-xocoperlas\/canneberges-au-chocolat-noir-xocoperlas\/#breadcrumb\"},\"inLanguage\":\"fr-FR\",\"potentialAction\":[{\"@type\":\"ReadAction\",\"target\":[\"https:\/\/xocolalla.es\/tienda\/fr\/dragees-xocoperlas\/canneberges-au-chocolat-noir-xocoperlas\/\"]}]},{\"@type\":\"BreadcrumbList\",\"@id\":\"https:\/\/xocolalla.es\/tienda\/fr\/dragees-xocoperlas\/canneberges-au-chocolat-noir-xocoperlas\/#breadcrumb\",\"itemListElement\":[{\"@type\":\"ListItem\",\"position\":1,\"name\":\"Portada\",\"item\":\"https:\/\/xocolalla.es\/tienda\/fr\/boutique\/\"},{\"@type\":\"ListItem\",\"position\":2,\"name\":\"Boutique\",\"item\":\"https:\/\/xocolalla.es\/tienda\/boutique\/\"},{\"@type\":\"ListItem\",\"position\":3,\"name\":\"Canneberges au chocolat noir Xocoperlas\"}]},{\"@type\":\"WebSite\",\"@id\":\"https:\/\/xocolalla.es\/tienda\/fr\/#website\",\"url\":\"https:\/\/xocolalla.es\/tienda\/fr\/\",\"name\":\"xocolalla.es\",\"description\":\"L\u2019eCommerce de produits chocolat\u00e9s\",\"publisher\":{\"@id\":\"https:\/\/xocolalla.es\/tienda\/fr\/#organization\"},\"alternateName\":\"xocolalla.es\",\"potentialAction\":[{\"@type\":\"SearchAction\",\"target\":{\"@type\":\"EntryPoint\",\"urlTemplate\":\"https:\/\/xocolalla.es\/tienda\/fr\/?s={search_term_string}\"},\"query-input\":\"required name=search_term_string\"}],\"inLanguage\":\"fr-FR\"},{\"@type\":\"Organization\",\"@id\":\"https:\/\/xocolalla.es\/tienda\/fr\/#organization\",\"name\":\"Xocolalla, S.L.\",\"alternateName\":\"Xocolalla\",\"url\":\"https:\/\/xocolalla.es\/tienda\/fr\/\",\"logo\":{\"@type\":\"ImageObject\",\"inLanguage\":\"fr-FR\",\"@id\":\"https:\/\/xocolalla.es\/tienda\/fr\/#\/schema\/logo\/image\/\",\"url\":\"https:\/\/xocolalla.es\/tienda\/wp-content\/uploads\/2022\/07\/cropped-cropped-Recurso-5.png\",\"contentUrl\":\"https:\/\/xocolalla.es\/tienda\/wp-content\/uploads\/2022\/07\/cropped-cropped-Recurso-5.png\",\"width\":1664,\"height\":646,\"caption\":\"Xocolalla, S.L.\"},\"image\":{\"@id\":\"https:\/\/xocolalla.es\/tienda\/fr\/#\/schema\/logo\/image\/\"}}]}<\/script>\n<!-- \/ Yoast SEO plugin. -->","yoast_head_json":{"title":"Canneberges au chocolat noir Xocoperlas Xocolalla","description":"Drag\u00e9es de canneberges s\u00e9ch\u00e9es avec du chocolat noir pur - une explosion de saveur !","robots":{"index":"index","follow":"follow","max-snippet":"max-snippet:-1","max-image-preview":"max-image-preview:large","max-video-preview":"max-video-preview:-1"},"canonical":"https:\/\/xocolalla.es\/tienda\/fr\/dragees-xocoperlas\/canneberges-au-chocolat-noir-xocoperlas\/","og_locale":"fr_FR","og_type":"article","og_title":"Canneberges au chocolat noir Xocoperlas Xocolalla","og_description":"Drag\u00e9es de canneberges s\u00e9ch\u00e9es avec du chocolat noir pur - une explosion de saveur !","og_url":"https:\/\/xocolalla.es\/tienda\/fr\/dragees-xocoperlas\/canneberges-au-chocolat-noir-xocoperlas\/","og_site_name":"Xocolalla","og_image":[{"width":2560,"height":1706,"url":"https:\/\/xocolalla.es\/tienda\/wp-content\/uploads\/2024\/04\/arandanos-editada-scaled.jpg","type":"image\/jpeg"}],"twitter_card":"summary_large_image","schema":{"@context":"https:\/\/schema.org","@graph":[{"@type":"WebPage","@id":"https:\/\/xocolalla.es\/tienda\/fr\/dragees-xocoperlas\/canneberges-au-chocolat-noir-xocoperlas\/","url":"https:\/\/xocolalla.es\/tienda\/fr\/dragees-xocoperlas\/canneberges-au-chocolat-noir-xocoperlas\/","name":"Canneberges au chocolat noir Xocoperlas Xocolalla","isPartOf":{"@id":"https:\/\/xocolalla.es\/tienda\/fr\/#website"},"datePublished":"2024-04-03T11:41:32+00:00","dateModified":"2024-04-03T11:41:32+00:00","description":"Drag\u00e9es de canneberges s\u00e9ch\u00e9es avec du chocolat noir pur - une explosion de saveur !","breadcrumb":{"@id":"https:\/\/xocolalla.es\/tienda\/fr\/dragees-xocoperlas\/canneberges-au-chocolat-noir-xocoperlas\/#breadcrumb"},"inLanguage":"fr-FR","potentialAction":[{"@type":"ReadAction","target":["https:\/\/xocolalla.es\/tienda\/fr\/dragees-xocoperlas\/canneberges-au-chocolat-noir-xocoperlas\/"]}]},{"@type":"BreadcrumbList","@id":"https:\/\/xocolalla.es\/tienda\/fr\/dragees-xocoperlas\/canneberges-au-chocolat-noir-xocoperlas\/#breadcrumb","itemListElement":[{"@type":"ListItem","position":1,"name":"Portada","item":"https:\/\/xocolalla.es\/tienda\/fr\/boutique\/"},{"@type":"ListItem","position":2,"name":"Boutique","item":"https:\/\/xocolalla.es\/tienda\/boutique\/"},{"@type":"ListItem","position":3,"name":"Canneberges au chocolat noir Xocoperlas"}]},{"@type":"WebSite","@id":"https:\/\/xocolalla.es\/tienda\/fr\/#website","url":"https:\/\/xocolalla.es\/tienda\/fr\/","name":"xocolalla.es","description":"L\u2019eCommerce de produits chocolat\u00e9s","publisher":{"@id":"https:\/\/xocolalla.es\/tienda\/fr\/#organization"},"alternateName":"xocolalla.es","potentialAction":[{"@type":"SearchAction","target":{"@type":"EntryPoint","urlTemplate":"https:\/\/xocolalla.es\/tienda\/fr\/?s={search_term_string}"},"query-input":"required name=search_term_string"}],"inLanguage":"fr-FR"},{"@type":"Organization","@id":"https:\/\/xocolalla.es\/tienda\/fr\/#organization","name":"Xocolalla, S.L.","alternateName":"Xocolalla","url":"https:\/\/xocolalla.es\/tienda\/fr\/","logo":{"@type":"ImageObject","inLanguage":"fr-FR","@id":"https:\/\/xocolalla.es\/tienda\/fr\/#\/schema\/logo\/image\/","url":"https:\/\/xocolalla.es\/tienda\/wp-content\/uploads\/2022\/07\/cropped-cropped-Recurso-5.png","contentUrl":"https:\/\/xocolalla.es\/tienda\/wp-content\/uploads\/2022\/07\/cropped-cropped-Recurso-5.png","width":1664,"height":646,"caption":"Xocolalla, S.L."},"image":{"@id":"https:\/\/xocolalla.es\/tienda\/fr\/#\/schema\/logo\/image\/"}}]}},"_links":{"self":[{"href":"https:\/\/xocolalla.es\/tienda\/fr\/wp-json\/wp\/v2\/product\/3196","targetHints":{"allow":["GET"]}}],"collection":[{"href":"https:\/\/xocolalla.es\/tienda\/fr\/wp-json\/wp\/v2\/product"}],"about":[{"href":"https:\/\/xocolalla.es\/tienda\/fr\/wp-json\/wp\/v2\/types\/product"}],"replies":[{"embeddable":true,"href":"https:\/\/xocolalla.es\/tienda\/fr\/wp-json\/wp\/v2\/comments?post=3196"}],"wp:featuredmedia":[{"embeddable":true,"href":"https:\/\/xocolalla.es\/tienda\/fr\/wp-json\/wp\/v2\/media\/2735"}],"wp:attachment":[{"href":"https:\/\/xocolalla.es\/tienda\/fr\/wp-json\/wp\/v2\/media?parent=3196"}],"wp:term":[{"taxonomy":"product_cat","embeddable":true,"href":"https:\/\/xocolalla.es\/tienda\/fr\/wp-json\/wp\/v2\/product_cat?post=3196"},{"taxonomy":"product_tag","embeddable":true,"href":"https:\/\/xocolalla.es\/tienda\/fr\/wp-json\/wp\/v2\/product_tag?post=3196"}],"curies":[{"name":"wp","href":"https:\/\/api.w.org\/{rel}","templated":true}]}}