{"id":1041,"date":"2022-10-19T14:23:11","date_gmt":"2022-10-19T14:23:11","guid":{"rendered":"https:\/\/xocolalla.es\/?post_type=product&#038;p=1041"},"modified":"2025-12-04T12:27:52","modified_gmt":"2025-12-04T12:27:52","slug":"limon-confitado-con-chocolate","status":"publish","type":"product","link":"https:\/\/xocolalla.es\/tienda\/frutas-chocolate\/limon-confitado-con-chocolate\/","title":{"rendered":"Lim\u00f3n confitado con Chocolate Xocofruit"},"content":{"rendered":"<h2>Lim\u00f3n confitado con Chocolate Ingredientes:<\/h2>\n<h2><\/h2>\n<p>Lim\u00f3n confitado (67%): lim\u00f3n, jarabe de glucosa y fructosa, az\u00facar, acidulante (E-330), conservador (E-200 y <strong>E-223<\/strong> (<strong>sulfitos<\/strong>)). Chocolate (33%): Az\u00facar, pasta de cacao, manteca de cacao, emulgente (lecitina de <strong>soja<\/strong>), aroma natural de vainilla). Cacao min: 70%.<\/p>\n<h2>Lim\u00f3n ba\u00f1ado en chocolate<\/h2>\n<p>El lim\u00f3n ba\u00f1ado en chocolate es una combinaci\u00f3n de sabores que puede ser muy satisfactoria para el paladar. El lim\u00f3n aporta un sabor \u00e1cido y refrescante, mientras que el chocolate aporta una textura suave y un sabor dulce.<\/p>\n<p>Adem\u00e1s, esta combinaci\u00f3n tambi\u00e9n puede tener beneficios para la salud. El lim\u00f3n es rico en vitamina C y antioxidantes, mientras que el chocolate negro tiene propiedades antioxidantes y puede ayudar a reducir la presi\u00f3n arterial.<\/p>\n<p>En resumen, el lim\u00f3n ba\u00f1ado en chocolate es una opci\u00f3n deliciosa y saludable como postre o tentempi\u00e9.<\/p>\n","protected":false},"excerpt":{"rendered":"<h2><\/h2>\n<p>Lim\u00f3n ba\u00f1ado en chocolate negro 70%MIN. Cacao.<\/p>\n","protected":false},"featured_media":982,"comment_status":"open","ping_status":"closed","template":"","meta":{"site-sidebar-layout":"default","site-content-layout":"default","ast-global-header-display":"","ast-main-header-display":"","ast-hfb-above-header-display":"","ast-hfb-below-header-display":"","ast-hfb-mobile-header-display":"","site-post-title":"","ast-breadcrumbs-content":"","ast-featured-img":"","footer-sml-layout":"","theme-transparent-header-meta":"default","adv-header-id-meta":"","stick-header-meta":"default","header-above-stick-meta":"","header-main-stick-meta":"","header-below-stick-meta":"","_themeisle_gutenberg_block_has_review":false},"product_cat":[19],"product_tag":[],"class_list":["post-1041","product","type-product","status-publish","has-post-thumbnail","hentry","product_cat-frutas-chocolate","wcmi-has-gallery","ast-product-gallery-layout-horizontal-slider","ast-product-single-variable","ast-product-tabs-layout-horizontal"],"yoast_head":"<!-- This site is optimized with the Yoast SEO plugin v19.9 - https:\/\/yoast.com\/wordpress\/plugins\/seo\/ -->\n<title>Lim\u00f3n confitado con Chocolate Xocofruit - Xocolalla<\/title>\n<meta name=\"description\" content=\"&quot;Descubre una nueva experiencia de sabor con nuestra refrescante lim\u00f3n ba\u00f1ada en chocolate. \u00a1Perfecta para aquellos que buscan algo diferente!\" \/>\n<meta name=\"robots\" content=\"index, follow, max-snippet:-1, max-image-preview:large, max-video-preview:-1\" \/>\n<link rel=\"canonical\" href=\"https:\/\/xocolalla.es\/tienda\/frutas-chocolate\/limon-confitado-con-chocolate\/\" \/>\n<meta property=\"og:locale\" content=\"es_ES\" \/>\n<meta property=\"og:type\" content=\"article\" \/>\n<meta property=\"og:title\" content=\"Lim\u00f3n confitado con Chocolate Xocofruit - Xocolalla\" \/>\n<meta property=\"og:description\" content=\"&quot;Descubre una nueva experiencia de sabor con nuestra refrescante lim\u00f3n ba\u00f1ada en chocolate. \u00a1Perfecta para aquellos que buscan algo diferente!\" \/>\n<meta property=\"og:url\" content=\"https:\/\/xocolalla.es\/tienda\/frutas-chocolate\/limon-confitado-con-chocolate\/\" \/>\n<meta property=\"og:site_name\" content=\"Xocolalla\" \/>\n<meta property=\"article:modified_time\" content=\"2025-12-04T12:27:52+00:00\" \/>\n<meta property=\"og:image\" content=\"https:\/\/xocolalla.es\/tienda\/wp-content\/uploads\/2022\/10\/Xocolalla-32.jpg\" \/>\n\t<meta property=\"og:image:width\" content=\"1000\" \/>\n\t<meta property=\"og:image:height\" content=\"667\" \/>\n\t<meta property=\"og:image:type\" content=\"image\/jpeg\" \/>\n<meta name=\"twitter:card\" content=\"summary_large_image\" \/>\n<meta name=\"twitter:label1\" content=\"Tiempo de lectura\" \/>\n\t<meta name=\"twitter:data1\" content=\"1 minuto\" \/>\n<script type=\"application\/ld+json\" class=\"yoast-schema-graph\">{\"@context\":\"https:\/\/schema.org\",\"@graph\":[{\"@type\":\"WebPage\",\"@id\":\"https:\/\/xocolalla.es\/tienda\/frutas-chocolate\/limon-confitado-con-chocolate\/\",\"url\":\"https:\/\/xocolalla.es\/tienda\/frutas-chocolate\/limon-confitado-con-chocolate\/\",\"name\":\"Lim\u00f3n confitado con Chocolate Xocofruit - Xocolalla\",\"isPartOf\":{\"@id\":\"https:\/\/xocolalla.es\/tienda\/#website\"},\"datePublished\":\"2022-10-19T14:23:11+00:00\",\"dateModified\":\"2025-12-04T12:27:52+00:00\",\"description\":\"\\\"Descubre una nueva experiencia de sabor con nuestra refrescante lim\u00f3n ba\u00f1ada en chocolate. \u00a1Perfecta para aquellos que buscan algo diferente!\",\"breadcrumb\":{\"@id\":\"https:\/\/xocolalla.es\/tienda\/frutas-chocolate\/limon-confitado-con-chocolate\/#breadcrumb\"},\"inLanguage\":\"es\",\"potentialAction\":[{\"@type\":\"ReadAction\",\"target\":[\"https:\/\/xocolalla.es\/tienda\/frutas-chocolate\/limon-confitado-con-chocolate\/\"]}]},{\"@type\":\"BreadcrumbList\",\"@id\":\"https:\/\/xocolalla.es\/tienda\/frutas-chocolate\/limon-confitado-con-chocolate\/#breadcrumb\",\"itemListElement\":[{\"@type\":\"ListItem\",\"position\":1,\"name\":\"Portada\",\"item\":\"https:\/\/xocolalla.es\/tienda\/tienda\/\"},{\"@type\":\"ListItem\",\"position\":2,\"name\":\"Tienda\",\"item\":\"https:\/\/xocolalla.es\/tienda\/tienda\/\"},{\"@type\":\"ListItem\",\"position\":3,\"name\":\"Lim\u00f3n confitado con Chocolate Xocofruit\"}]},{\"@type\":\"WebSite\",\"@id\":\"https:\/\/xocolalla.es\/tienda\/#website\",\"url\":\"https:\/\/xocolalla.es\/tienda\/\",\"name\":\"xocolalla.es\",\"description\":\"El eCommerce de productos de chocolate\",\"publisher\":{\"@id\":\"https:\/\/xocolalla.es\/tienda\/#organization\"},\"alternateName\":\"xocolalla.es\",\"potentialAction\":[{\"@type\":\"SearchAction\",\"target\":{\"@type\":\"EntryPoint\",\"urlTemplate\":\"https:\/\/xocolalla.es\/tienda\/?s={search_term_string}\"},\"query-input\":\"required name=search_term_string\"}],\"inLanguage\":\"es\"},{\"@type\":\"Organization\",\"@id\":\"https:\/\/xocolalla.es\/tienda\/#organization\",\"name\":\"Xocolalla, S.L.\",\"alternateName\":\"Xocolalla\",\"url\":\"https:\/\/xocolalla.es\/tienda\/\",\"logo\":{\"@type\":\"ImageObject\",\"inLanguage\":\"es\",\"@id\":\"https:\/\/xocolalla.es\/tienda\/#\/schema\/logo\/image\/\",\"url\":\"https:\/\/xocolalla.es\/tienda\/wp-content\/uploads\/2022\/07\/cropped-cropped-Recurso-5.png\",\"contentUrl\":\"https:\/\/xocolalla.es\/tienda\/wp-content\/uploads\/2022\/07\/cropped-cropped-Recurso-5.png\",\"width\":1664,\"height\":646,\"caption\":\"Xocolalla, S.L.\"},\"image\":{\"@id\":\"https:\/\/xocolalla.es\/tienda\/#\/schema\/logo\/image\/\"}}]}<\/script>\n<!-- \/ Yoast SEO plugin. -->","yoast_head_json":{"title":"Lim\u00f3n confitado con Chocolate Xocofruit - Xocolalla","description":"\"Descubre una nueva experiencia de sabor con nuestra refrescante lim\u00f3n ba\u00f1ada en chocolate. \u00a1Perfecta para aquellos que buscan algo diferente!","robots":{"index":"index","follow":"follow","max-snippet":"max-snippet:-1","max-image-preview":"max-image-preview:large","max-video-preview":"max-video-preview:-1"},"canonical":"https:\/\/xocolalla.es\/tienda\/frutas-chocolate\/limon-confitado-con-chocolate\/","og_locale":"es_ES","og_type":"article","og_title":"Lim\u00f3n confitado con Chocolate Xocofruit - Xocolalla","og_description":"\"Descubre una nueva experiencia de sabor con nuestra refrescante lim\u00f3n ba\u00f1ada en chocolate. \u00a1Perfecta para aquellos que buscan algo diferente!","og_url":"https:\/\/xocolalla.es\/tienda\/frutas-chocolate\/limon-confitado-con-chocolate\/","og_site_name":"Xocolalla","article_modified_time":"2025-12-04T12:27:52+00:00","og_image":[{"width":1000,"height":667,"url":"https:\/\/xocolalla.es\/tienda\/wp-content\/uploads\/2022\/10\/Xocolalla-32.jpg","type":"image\/jpeg"}],"twitter_card":"summary_large_image","twitter_misc":{"Tiempo de lectura":"1 minuto"},"schema":{"@context":"https:\/\/schema.org","@graph":[{"@type":"WebPage","@id":"https:\/\/xocolalla.es\/tienda\/frutas-chocolate\/limon-confitado-con-chocolate\/","url":"https:\/\/xocolalla.es\/tienda\/frutas-chocolate\/limon-confitado-con-chocolate\/","name":"Lim\u00f3n confitado con Chocolate Xocofruit - Xocolalla","isPartOf":{"@id":"https:\/\/xocolalla.es\/tienda\/#website"},"datePublished":"2022-10-19T14:23:11+00:00","dateModified":"2025-12-04T12:27:52+00:00","description":"\"Descubre una nueva experiencia de sabor con nuestra refrescante lim\u00f3n ba\u00f1ada en chocolate. \u00a1Perfecta para aquellos que buscan algo diferente!","breadcrumb":{"@id":"https:\/\/xocolalla.es\/tienda\/frutas-chocolate\/limon-confitado-con-chocolate\/#breadcrumb"},"inLanguage":"es","potentialAction":[{"@type":"ReadAction","target":["https:\/\/xocolalla.es\/tienda\/frutas-chocolate\/limon-confitado-con-chocolate\/"]}]},{"@type":"BreadcrumbList","@id":"https:\/\/xocolalla.es\/tienda\/frutas-chocolate\/limon-confitado-con-chocolate\/#breadcrumb","itemListElement":[{"@type":"ListItem","position":1,"name":"Portada","item":"https:\/\/xocolalla.es\/tienda\/tienda\/"},{"@type":"ListItem","position":2,"name":"Tienda","item":"https:\/\/xocolalla.es\/tienda\/tienda\/"},{"@type":"ListItem","position":3,"name":"Lim\u00f3n confitado con Chocolate Xocofruit"}]},{"@type":"WebSite","@id":"https:\/\/xocolalla.es\/tienda\/#website","url":"https:\/\/xocolalla.es\/tienda\/","name":"xocolalla.es","description":"El eCommerce de productos de chocolate","publisher":{"@id":"https:\/\/xocolalla.es\/tienda\/#organization"},"alternateName":"xocolalla.es","potentialAction":[{"@type":"SearchAction","target":{"@type":"EntryPoint","urlTemplate":"https:\/\/xocolalla.es\/tienda\/?s={search_term_string}"},"query-input":"required name=search_term_string"}],"inLanguage":"es"},{"@type":"Organization","@id":"https:\/\/xocolalla.es\/tienda\/#organization","name":"Xocolalla, S.L.","alternateName":"Xocolalla","url":"https:\/\/xocolalla.es\/tienda\/","logo":{"@type":"ImageObject","inLanguage":"es","@id":"https:\/\/xocolalla.es\/tienda\/#\/schema\/logo\/image\/","url":"https:\/\/xocolalla.es\/tienda\/wp-content\/uploads\/2022\/07\/cropped-cropped-Recurso-5.png","contentUrl":"https:\/\/xocolalla.es\/tienda\/wp-content\/uploads\/2022\/07\/cropped-cropped-Recurso-5.png","width":1664,"height":646,"caption":"Xocolalla, S.L."},"image":{"@id":"https:\/\/xocolalla.es\/tienda\/#\/schema\/logo\/image\/"}}]}},"_links":{"self":[{"href":"https:\/\/xocolalla.es\/tienda\/wp-json\/wp\/v2\/product\/1041","targetHints":{"allow":["GET"]}}],"collection":[{"href":"https:\/\/xocolalla.es\/tienda\/wp-json\/wp\/v2\/product"}],"about":[{"href":"https:\/\/xocolalla.es\/tienda\/wp-json\/wp\/v2\/types\/product"}],"replies":[{"embeddable":true,"href":"https:\/\/xocolalla.es\/tienda\/wp-json\/wp\/v2\/comments?post=1041"}],"wp:featuredmedia":[{"embeddable":true,"href":"https:\/\/xocolalla.es\/tienda\/wp-json\/wp\/v2\/media\/982"}],"wp:attachment":[{"href":"https:\/\/xocolalla.es\/tienda\/wp-json\/wp\/v2\/media?parent=1041"}],"wp:term":[{"taxonomy":"product_cat","embeddable":true,"href":"https:\/\/xocolalla.es\/tienda\/wp-json\/wp\/v2\/product_cat?post=1041"},{"taxonomy":"product_tag","embeddable":true,"href":"https:\/\/xocolalla.es\/tienda\/wp-json\/wp\/v2\/product_tag?post=1041"}],"curies":[{"name":"wp","href":"https:\/\/api.w.org\/{rel}","templated":true}]}}