{"id":1074,"date":"2022-10-19T16:49:07","date_gmt":"2022-10-19T16:49:07","guid":{"rendered":"https:\/\/xocolalla.es\/?post_type=product&#038;p=1074"},"modified":"2025-12-04T12:11:44","modified_gmt":"2025-12-04T12:11:44","slug":"xocobite-de-chocolate-y-arandanos","status":"publish","type":"product","link":"https:\/\/xocolalla.es\/tienda\/chocolatinas\/xocobite-de-chocolate-y-arandanos\/","title":{"rendered":"Chocolate y Ar\u00e1ndanos Xocobite"},"content":{"rendered":"<p><em>Ingredientes: Az\u00facar, grasa vegetal totalmente hidrogenada (palmiste), emulgente (lecitina de SOJA y aroma), ar\u00e1ndanos azucarados (20%) (ar\u00e1ndanos, az\u00facar de ca\u00f1a y aceite de girasol), Cobertura de chocolate (pasta de cacao, manteca de cacao, cacao desgrasado en polvo, emulgente (lecitina de <strong>SOJA<\/strong>), aroma natural de vainilla. Cacao min. 70%.<\/em><\/p>\n","protected":false},"excerpt":{"rendered":"<p>Bolsa Doypack 150g. Bocaditos de chocolate blanco y ar\u00e1ndanos en su interior y cobertura de chocolate negro.<\/p>\n","protected":false},"featured_media":2538,"comment_status":"open","ping_status":"closed","template":"","meta":{"site-sidebar-layout":"default","site-content-layout":"default","ast-global-header-display":"","ast-main-header-display":"","ast-hfb-above-header-display":"","ast-hfb-below-header-display":"","ast-hfb-mobile-header-display":"","site-post-title":"","ast-breadcrumbs-content":"","ast-featured-img":"","footer-sml-layout":"","theme-transparent-header-meta":"default","adv-header-id-meta":"","stick-header-meta":"default","header-above-stick-meta":"","header-main-stick-meta":"","header-below-stick-meta":"","_themeisle_gutenberg_block_has_review":false},"product_cat":[75],"product_tag":[],"class_list":["post-1074","product","type-product","status-publish","has-post-thumbnail","hentry","product_cat-chocolatinas","wcmi-has-gallery","ast-product-gallery-layout-horizontal-slider","ast-product-tabs-layout-horizontal"],"yoast_head":"<!-- This site is optimized with the Yoast SEO plugin v19.9 - https:\/\/yoast.com\/wordpress\/plugins\/seo\/ -->\n<title>Chocolate y Ar\u00e1ndanos Xocobite - Xocolalla<\/title>\n<meta name=\"description\" content=\"Experimenta la deliciosa combinaci\u00f3n de chocolate y ar\u00e1ndanos con nuestra tableta y \u00a1Disfruta de una experiencia deliciosa y nutritiva!\" \/>\n<meta name=\"robots\" content=\"index, follow, max-snippet:-1, max-image-preview:large, max-video-preview:-1\" \/>\n<link rel=\"canonical\" href=\"https:\/\/xocolalla.es\/tienda\/chocolatinas\/xocobite-de-chocolate-y-arandanos\/\" \/>\n<meta property=\"og:locale\" content=\"es_ES\" \/>\n<meta property=\"og:type\" content=\"article\" \/>\n<meta property=\"og:title\" content=\"Chocolate y Ar\u00e1ndanos Xocobite - Xocolalla\" \/>\n<meta property=\"og:description\" content=\"Experimenta la deliciosa combinaci\u00f3n de chocolate y ar\u00e1ndanos con nuestra tableta y \u00a1Disfruta de una experiencia deliciosa y nutritiva!\" \/>\n<meta property=\"og:url\" content=\"https:\/\/xocolalla.es\/tienda\/chocolatinas\/xocobite-de-chocolate-y-arandanos\/\" \/>\n<meta property=\"og:site_name\" content=\"Xocolalla\" \/>\n<meta property=\"article:modified_time\" content=\"2025-12-04T12:11:44+00:00\" \/>\n<meta property=\"og:image\" content=\"https:\/\/xocolalla.es\/tienda\/wp-content\/uploads\/2022\/12\/Xocobite-arandanos-1-scaled.jpg\" \/>\n\t<meta property=\"og:image:width\" content=\"2560\" \/>\n\t<meta property=\"og:image:height\" content=\"1707\" \/>\n\t<meta property=\"og:image:type\" content=\"image\/jpeg\" \/>\n<meta name=\"twitter:card\" content=\"summary_large_image\" \/>\n<meta name=\"twitter:label1\" content=\"Tiempo de lectura\" \/>\n\t<meta name=\"twitter:data1\" content=\"1 minuto\" \/>\n<script type=\"application\/ld+json\" class=\"yoast-schema-graph\">{\"@context\":\"https:\/\/schema.org\",\"@graph\":[{\"@type\":\"WebPage\",\"@id\":\"https:\/\/xocolalla.es\/tienda\/chocolatinas\/xocobite-de-chocolate-y-arandanos\/\",\"url\":\"https:\/\/xocolalla.es\/tienda\/chocolatinas\/xocobite-de-chocolate-y-arandanos\/\",\"name\":\"Chocolate y Ar\u00e1ndanos Xocobite - Xocolalla\",\"isPartOf\":{\"@id\":\"https:\/\/xocolalla.es\/tienda\/#website\"},\"datePublished\":\"2022-10-19T16:49:07+00:00\",\"dateModified\":\"2025-12-04T12:11:44+00:00\",\"description\":\"Experimenta la deliciosa combinaci\u00f3n de chocolate y ar\u00e1ndanos con nuestra tableta y \u00a1Disfruta de una experiencia deliciosa y nutritiva!\",\"breadcrumb\":{\"@id\":\"https:\/\/xocolalla.es\/tienda\/chocolatinas\/xocobite-de-chocolate-y-arandanos\/#breadcrumb\"},\"inLanguage\":\"es\",\"potentialAction\":[{\"@type\":\"ReadAction\",\"target\":[\"https:\/\/xocolalla.es\/tienda\/chocolatinas\/xocobite-de-chocolate-y-arandanos\/\"]}]},{\"@type\":\"BreadcrumbList\",\"@id\":\"https:\/\/xocolalla.es\/tienda\/chocolatinas\/xocobite-de-chocolate-y-arandanos\/#breadcrumb\",\"itemListElement\":[{\"@type\":\"ListItem\",\"position\":1,\"name\":\"Portada\",\"item\":\"https:\/\/xocolalla.es\/tienda\/tienda\/\"},{\"@type\":\"ListItem\",\"position\":2,\"name\":\"Tienda\",\"item\":\"https:\/\/xocolalla.es\/tienda\/tienda\/\"},{\"@type\":\"ListItem\",\"position\":3,\"name\":\"Chocolate y Ar\u00e1ndanos Xocobite\"}]},{\"@type\":\"WebSite\",\"@id\":\"https:\/\/xocolalla.es\/tienda\/#website\",\"url\":\"https:\/\/xocolalla.es\/tienda\/\",\"name\":\"xocolalla.es\",\"description\":\"El eCommerce de productos de chocolate\",\"publisher\":{\"@id\":\"https:\/\/xocolalla.es\/tienda\/#organization\"},\"alternateName\":\"xocolalla.es\",\"potentialAction\":[{\"@type\":\"SearchAction\",\"target\":{\"@type\":\"EntryPoint\",\"urlTemplate\":\"https:\/\/xocolalla.es\/tienda\/?s={search_term_string}\"},\"query-input\":\"required name=search_term_string\"}],\"inLanguage\":\"es\"},{\"@type\":\"Organization\",\"@id\":\"https:\/\/xocolalla.es\/tienda\/#organization\",\"name\":\"Xocolalla, S.L.\",\"alternateName\":\"Xocolalla\",\"url\":\"https:\/\/xocolalla.es\/tienda\/\",\"logo\":{\"@type\":\"ImageObject\",\"inLanguage\":\"es\",\"@id\":\"https:\/\/xocolalla.es\/tienda\/#\/schema\/logo\/image\/\",\"url\":\"https:\/\/xocolalla.es\/tienda\/wp-content\/uploads\/2022\/07\/cropped-cropped-Recurso-5.png\",\"contentUrl\":\"https:\/\/xocolalla.es\/tienda\/wp-content\/uploads\/2022\/07\/cropped-cropped-Recurso-5.png\",\"width\":1664,\"height\":646,\"caption\":\"Xocolalla, S.L.\"},\"image\":{\"@id\":\"https:\/\/xocolalla.es\/tienda\/#\/schema\/logo\/image\/\"}}]}<\/script>\n<!-- \/ Yoast SEO plugin. -->","yoast_head_json":{"title":"Chocolate y Ar\u00e1ndanos Xocobite - Xocolalla","description":"Experimenta la deliciosa combinaci\u00f3n de chocolate y ar\u00e1ndanos con nuestra tableta y \u00a1Disfruta de una experiencia deliciosa y nutritiva!","robots":{"index":"index","follow":"follow","max-snippet":"max-snippet:-1","max-image-preview":"max-image-preview:large","max-video-preview":"max-video-preview:-1"},"canonical":"https:\/\/xocolalla.es\/tienda\/chocolatinas\/xocobite-de-chocolate-y-arandanos\/","og_locale":"es_ES","og_type":"article","og_title":"Chocolate y Ar\u00e1ndanos Xocobite - Xocolalla","og_description":"Experimenta la deliciosa combinaci\u00f3n de chocolate y ar\u00e1ndanos con nuestra tableta y \u00a1Disfruta de una experiencia deliciosa y nutritiva!","og_url":"https:\/\/xocolalla.es\/tienda\/chocolatinas\/xocobite-de-chocolate-y-arandanos\/","og_site_name":"Xocolalla","article_modified_time":"2025-12-04T12:11:44+00:00","og_image":[{"width":2560,"height":1707,"url":"https:\/\/xocolalla.es\/tienda\/wp-content\/uploads\/2022\/12\/Xocobite-arandanos-1-scaled.jpg","type":"image\/jpeg"}],"twitter_card":"summary_large_image","twitter_misc":{"Tiempo de lectura":"1 minuto"},"schema":{"@context":"https:\/\/schema.org","@graph":[{"@type":"WebPage","@id":"https:\/\/xocolalla.es\/tienda\/chocolatinas\/xocobite-de-chocolate-y-arandanos\/","url":"https:\/\/xocolalla.es\/tienda\/chocolatinas\/xocobite-de-chocolate-y-arandanos\/","name":"Chocolate y Ar\u00e1ndanos Xocobite - Xocolalla","isPartOf":{"@id":"https:\/\/xocolalla.es\/tienda\/#website"},"datePublished":"2022-10-19T16:49:07+00:00","dateModified":"2025-12-04T12:11:44+00:00","description":"Experimenta la deliciosa combinaci\u00f3n de chocolate y ar\u00e1ndanos con nuestra tableta y \u00a1Disfruta de una experiencia deliciosa y nutritiva!","breadcrumb":{"@id":"https:\/\/xocolalla.es\/tienda\/chocolatinas\/xocobite-de-chocolate-y-arandanos\/#breadcrumb"},"inLanguage":"es","potentialAction":[{"@type":"ReadAction","target":["https:\/\/xocolalla.es\/tienda\/chocolatinas\/xocobite-de-chocolate-y-arandanos\/"]}]},{"@type":"BreadcrumbList","@id":"https:\/\/xocolalla.es\/tienda\/chocolatinas\/xocobite-de-chocolate-y-arandanos\/#breadcrumb","itemListElement":[{"@type":"ListItem","position":1,"name":"Portada","item":"https:\/\/xocolalla.es\/tienda\/tienda\/"},{"@type":"ListItem","position":2,"name":"Tienda","item":"https:\/\/xocolalla.es\/tienda\/tienda\/"},{"@type":"ListItem","position":3,"name":"Chocolate y Ar\u00e1ndanos Xocobite"}]},{"@type":"WebSite","@id":"https:\/\/xocolalla.es\/tienda\/#website","url":"https:\/\/xocolalla.es\/tienda\/","name":"xocolalla.es","description":"El eCommerce de productos de chocolate","publisher":{"@id":"https:\/\/xocolalla.es\/tienda\/#organization"},"alternateName":"xocolalla.es","potentialAction":[{"@type":"SearchAction","target":{"@type":"EntryPoint","urlTemplate":"https:\/\/xocolalla.es\/tienda\/?s={search_term_string}"},"query-input":"required name=search_term_string"}],"inLanguage":"es"},{"@type":"Organization","@id":"https:\/\/xocolalla.es\/tienda\/#organization","name":"Xocolalla, S.L.","alternateName":"Xocolalla","url":"https:\/\/xocolalla.es\/tienda\/","logo":{"@type":"ImageObject","inLanguage":"es","@id":"https:\/\/xocolalla.es\/tienda\/#\/schema\/logo\/image\/","url":"https:\/\/xocolalla.es\/tienda\/wp-content\/uploads\/2022\/07\/cropped-cropped-Recurso-5.png","contentUrl":"https:\/\/xocolalla.es\/tienda\/wp-content\/uploads\/2022\/07\/cropped-cropped-Recurso-5.png","width":1664,"height":646,"caption":"Xocolalla, S.L."},"image":{"@id":"https:\/\/xocolalla.es\/tienda\/#\/schema\/logo\/image\/"}}]}},"_links":{"self":[{"href":"https:\/\/xocolalla.es\/tienda\/wp-json\/wp\/v2\/product\/1074","targetHints":{"allow":["GET"]}}],"collection":[{"href":"https:\/\/xocolalla.es\/tienda\/wp-json\/wp\/v2\/product"}],"about":[{"href":"https:\/\/xocolalla.es\/tienda\/wp-json\/wp\/v2\/types\/product"}],"replies":[{"embeddable":true,"href":"https:\/\/xocolalla.es\/tienda\/wp-json\/wp\/v2\/comments?post=1074"}],"wp:featuredmedia":[{"embeddable":true,"href":"https:\/\/xocolalla.es\/tienda\/wp-json\/wp\/v2\/media\/2538"}],"wp:attachment":[{"href":"https:\/\/xocolalla.es\/tienda\/wp-json\/wp\/v2\/media?parent=1074"}],"wp:term":[{"taxonomy":"product_cat","embeddable":true,"href":"https:\/\/xocolalla.es\/tienda\/wp-json\/wp\/v2\/product_cat?post=1074"},{"taxonomy":"product_tag","embeddable":true,"href":"https:\/\/xocolalla.es\/tienda\/wp-json\/wp\/v2\/product_tag?post=1074"}],"curies":[{"name":"wp","href":"https:\/\/api.w.org\/{rel}","templated":true}]}}