{"id":1144,"date":"2022-10-20T08:11:34","date_gmt":"2022-10-20T08:11:34","guid":{"rendered":"https:\/\/xocolalla.es\/?post_type=product&#038;p=1144"},"modified":"2025-12-04T12:11:07","modified_gmt":"2025-12-04T12:11:07","slug":"surtido-turrones-de-chocolate","status":"publish","type":"product","link":"https:\/\/xocolalla.es\/tienda\/turrones-de-chocolate\/surtido-turrones-de-chocolate\/","title":{"rendered":"Surtido Turrones de Chocolate Xocolalla"},"content":{"rendered":"<p><strong>Turr\u00f3n avellana. Ingredientes<\/strong>: <em>Az\u00facar, grasa vegetal (palmiste),aceite vegetal (girasol), <strong>LECHE<\/strong> desnatada en polvo, pasta de <strong>AVELLANA<\/strong>, suero de <strong>LECHE<\/strong> en polvo,<strong> LACTOSA<\/strong>, emulgentes (lecitina de <strong>SOJA<\/strong>, E-492, E471), aroma y antioxidantes(E-304, E-306,, )\u00a0\u00a0 Galleta (Harina de <strong>TRIGO<\/strong>, az\u00facar, emulsionante (lecitina de <strong>SOJA<\/strong>), sal, colorante (E-150a), Cobertura de chocolate (az\u00facar, grasa vegetal fraccionada y totalmente hidrogenada (palmiste), suero de <strong>LECHE<\/strong> en polvo, <strong>LECHE<\/strong> entera en polvo, emulgente (lecitina de<strong> SOJA<\/strong>, E-492) y aromas)<\/em><\/p>\n<p><strong>Turr\u00f3n chocolate con leche y almendra. Ingredientes:<\/strong> <strong>Almendras<\/strong><em>\u00a0(45%), az\u00facar, grasa vegetal hidrogenada (aceite de girasol), cacao en polvo (8%),\u00a0<strong>s\u00f3lidos l\u00e1cteos<\/strong>,\u00a0<\/em><strong>avellana<\/strong><em>, emulgente (<\/em>E-322)<em>\u00a0y aroma de vainillina.<\/em><\/p>\n<p><strong>Turr\u00f3n crujiente blanco. Ingredientes:<\/strong> Cobertura especial con grasa vegetal (Az\u00facar, grasa vegeta fraccionada y totalmente hidrogenada (palmiste), suero de <strong>leche<\/strong> en polvo, <strong>leche<\/strong> entera en polvo, emulgentes<strong><em> (<\/em><\/strong>E 322 lecitina de girasol, E 492<strong><em>) <\/em><\/strong>y aromas) y arroz inflado (9%) (harina de arroz, az\u00facar, extracto de malta de cebada y sal)<\/p>\n<p><strong>Turr\u00f3n crujiente negro. Ingredientes:<\/strong> <em>Cobertura especial con grasa vegetal (Az\u00facar, grasa vegeta fraccionada y totalmente hidrogenada (palmiste), cacao desgrasado en polvo, emulgentes (E 322 lecitina de girasol, E 492) y aroma) y arroz inflado (9%) (harina de arroz, az\u00facar, extracto de malta de cebada y sal).<\/em><\/p>\n<p><strong>Turr\u00f3n chocolate con galleta caramelizada. <\/strong><strong>Ingredientes<\/strong><em>: Chocolate con <strong>LECHE<\/strong>: Az\u00facar, grasa vegetal totalmente hidrogenada (palmiste), <strong>LECHE<\/strong> desnatada en polvo (7,5%), polvo de cacao desgrasado (6,8%), emulgentes (lecitina de girasol, triestearato de sorbit\u00e1n) y aroma. Granillo de galleta caramelizada: <strong>HARINA DE TRIGO<\/strong>, az\u00facar moreno de ca\u00f1a, grasa vegetal (palma), jarabe de glucosa y fructosa, gasificantes (carbonato \u00e1cido de sodio y carbonato \u00e1cido de amonio), colorante (caramelo natural), sal, aroma natural, emulgente (lecitina de <strong>SOJA<\/strong>), canela en polvo.<\/em><\/p>\n<p><strong>Turr\u00f3n chocolate blanco y granola de frambuesa. Ingredientes<\/strong>: <em>Cobertura blanca (Az\u00facar, grasa vegetal fraccionada y totalmente hidrogenada (palmiste), suero de <strong>LECHE<\/strong> en polvo, cacao desgrasado en polvo, <strong>LECHE <\/strong>entera en polvo, emulgente (E-322. E-492) y aromas), Granola de frambuesa: Copo de avena, az\u00facar, cereal extrusionado (semola de maiz y harina de arroz), aceite degirasol alto oleico, harina de arroz, concentrados (remolacha y zanahoria, boniato y zanahoria), jarabe de glucosa, aroma natural, gasificante (bicarbonato s\u00f3dico) y sal.<\/em><\/p>\n<p><strong>Turr\u00f3n con kikos. Ingredientes:<\/strong> <em>Cobertura chocolate con LECHE: <\/em>Az\u00facar, manteca de cacao, LECHE entera en polvo, pasta de cacao, emulgente (lecitina de SOJA (E 322)) y aroma vainilla natural.<em> Ma\u00edz frito): Ma\u00edz, aceite de girasol alto oleico y sal.<\/em><\/p>\n<p><strong>Turr\u00f3n chocolate blanco y almendra. Ingredientes<\/strong>:<i>\u00a0Cobertura blanca (az\u00facar, grasa vegetal totalmente hidrogenada (palmiste), emulgente (lecitina de <b>SOJA<\/b> y aroma), <b>ALMENDRA<\/b>.<\/i><\/p>\n","protected":false},"excerpt":{"rendered":"<p>SURTIDO DE TURRONES DE CHOCOLATE &#8211; BOLSA DOYPACK 200g. &#8211; Turr\u00f3n de chocolate blanco con almendras, turr\u00f3n de chocolate blanco con granola de frambuesa, turr\u00f3n de chocolate con leche con almendras, turr\u00f3n de chocolate con leche con galleta caramelizada, turr\u00f3n de chocolate con leche con crema de avellana, turr\u00f3n de chocolate con leche con kikos, turr\u00f3n crujiente de chocolate negro, turr\u00f3n crujiente de chocolate blanco; todos ellos envueltos individualmente.<\/p>\n","protected":false},"featured_media":2802,"comment_status":"open","ping_status":"closed","template":"","meta":{"site-sidebar-layout":"default","site-content-layout":"default","ast-global-header-display":"","ast-main-header-display":"","ast-hfb-above-header-display":"","ast-hfb-below-header-display":"","ast-hfb-mobile-header-display":"","site-post-title":"","ast-breadcrumbs-content":"","ast-featured-img":"","footer-sml-layout":"","theme-transparent-header-meta":"default","adv-header-id-meta":"","stick-header-meta":"default","header-above-stick-meta":"","header-main-stick-meta":"","header-below-stick-meta":"","_themeisle_gutenberg_block_has_review":false},"product_cat":[27],"product_tag":[],"class_list":["post-1144","product","type-product","status-publish","has-post-thumbnail","hentry","product_cat-turrones-de-chocolate","wcmi-has-gallery","ast-product-gallery-layout-horizontal-slider","ast-product-tabs-layout-horizontal"],"yoast_head":"<!-- This site is optimized with the Yoast SEO plugin v19.9 - https:\/\/yoast.com\/wordpress\/plugins\/seo\/ -->\n<title>Surtido Turrones de Chocolate Xocolalla - Xocolalla<\/title>\n<meta name=\"description\" content=\"Disfruta nuestro Surtido de Turrones y \u00a1D\u00e9jate seducir por la delicadeza de nuestros chocolates y disfruta de un bocado de felicidad!\" \/>\n<meta name=\"robots\" content=\"index, follow, max-snippet:-1, max-image-preview:large, max-video-preview:-1\" \/>\n<link rel=\"canonical\" href=\"https:\/\/xocolalla.es\/tienda\/turrones-de-chocolate\/surtido-turrones-de-chocolate\/\" \/>\n<meta property=\"og:locale\" content=\"es_ES\" \/>\n<meta property=\"og:type\" content=\"article\" \/>\n<meta property=\"og:title\" content=\"Surtido Turrones de Chocolate Xocolalla - Xocolalla\" \/>\n<meta property=\"og:description\" content=\"Disfruta nuestro Surtido de Turrones y \u00a1D\u00e9jate seducir por la delicadeza de nuestros chocolates y disfruta de un bocado de felicidad!\" \/>\n<meta property=\"og:url\" content=\"https:\/\/xocolalla.es\/tienda\/turrones-de-chocolate\/surtido-turrones-de-chocolate\/\" \/>\n<meta property=\"og:site_name\" content=\"Xocolalla\" \/>\n<meta property=\"article:modified_time\" content=\"2025-12-04T12:11:07+00:00\" \/>\n<meta property=\"og:image\" content=\"https:\/\/xocolalla.es\/tienda\/wp-content\/uploads\/2022\/10\/surtido-turrones-scaled.jpg\" \/>\n\t<meta property=\"og:image:width\" content=\"2560\" \/>\n\t<meta property=\"og:image:height\" content=\"1564\" \/>\n\t<meta property=\"og:image:type\" content=\"image\/jpeg\" \/>\n<meta name=\"twitter:card\" content=\"summary_large_image\" \/>\n<meta name=\"twitter:label1\" content=\"Tiempo de lectura\" \/>\n\t<meta name=\"twitter:data1\" content=\"2 minutos\" \/>\n<script type=\"application\/ld+json\" class=\"yoast-schema-graph\">{\"@context\":\"https:\/\/schema.org\",\"@graph\":[{\"@type\":\"WebPage\",\"@id\":\"https:\/\/xocolalla.es\/tienda\/turrones-de-chocolate\/surtido-turrones-de-chocolate\/\",\"url\":\"https:\/\/xocolalla.es\/tienda\/turrones-de-chocolate\/surtido-turrones-de-chocolate\/\",\"name\":\"Surtido Turrones de Chocolate Xocolalla - Xocolalla\",\"isPartOf\":{\"@id\":\"https:\/\/xocolalla.es\/tienda\/#website\"},\"datePublished\":\"2022-10-20T08:11:34+00:00\",\"dateModified\":\"2025-12-04T12:11:07+00:00\",\"description\":\"Disfruta nuestro Surtido de Turrones y \u00a1D\u00e9jate seducir por la delicadeza de nuestros chocolates y disfruta de un bocado de felicidad!\",\"breadcrumb\":{\"@id\":\"https:\/\/xocolalla.es\/tienda\/turrones-de-chocolate\/surtido-turrones-de-chocolate\/#breadcrumb\"},\"inLanguage\":\"es\",\"potentialAction\":[{\"@type\":\"ReadAction\",\"target\":[\"https:\/\/xocolalla.es\/tienda\/turrones-de-chocolate\/surtido-turrones-de-chocolate\/\"]}]},{\"@type\":\"BreadcrumbList\",\"@id\":\"https:\/\/xocolalla.es\/tienda\/turrones-de-chocolate\/surtido-turrones-de-chocolate\/#breadcrumb\",\"itemListElement\":[{\"@type\":\"ListItem\",\"position\":1,\"name\":\"Portada\",\"item\":\"https:\/\/xocolalla.es\/tienda\/tienda\/\"},{\"@type\":\"ListItem\",\"position\":2,\"name\":\"Tienda\",\"item\":\"https:\/\/xocolalla.es\/tienda\/tienda\/\"},{\"@type\":\"ListItem\",\"position\":3,\"name\":\"Surtido Turrones de Chocolate Xocolalla\"}]},{\"@type\":\"WebSite\",\"@id\":\"https:\/\/xocolalla.es\/tienda\/#website\",\"url\":\"https:\/\/xocolalla.es\/tienda\/\",\"name\":\"xocolalla.es\",\"description\":\"El eCommerce de productos de chocolate\",\"publisher\":{\"@id\":\"https:\/\/xocolalla.es\/tienda\/#organization\"},\"alternateName\":\"xocolalla.es\",\"potentialAction\":[{\"@type\":\"SearchAction\",\"target\":{\"@type\":\"EntryPoint\",\"urlTemplate\":\"https:\/\/xocolalla.es\/tienda\/?s={search_term_string}\"},\"query-input\":\"required name=search_term_string\"}],\"inLanguage\":\"es\"},{\"@type\":\"Organization\",\"@id\":\"https:\/\/xocolalla.es\/tienda\/#organization\",\"name\":\"Xocolalla, S.L.\",\"alternateName\":\"Xocolalla\",\"url\":\"https:\/\/xocolalla.es\/tienda\/\",\"logo\":{\"@type\":\"ImageObject\",\"inLanguage\":\"es\",\"@id\":\"https:\/\/xocolalla.es\/tienda\/#\/schema\/logo\/image\/\",\"url\":\"https:\/\/xocolalla.es\/tienda\/wp-content\/uploads\/2022\/07\/cropped-cropped-Recurso-5.png\",\"contentUrl\":\"https:\/\/xocolalla.es\/tienda\/wp-content\/uploads\/2022\/07\/cropped-cropped-Recurso-5.png\",\"width\":1664,\"height\":646,\"caption\":\"Xocolalla, S.L.\"},\"image\":{\"@id\":\"https:\/\/xocolalla.es\/tienda\/#\/schema\/logo\/image\/\"}}]}<\/script>\n<!-- \/ Yoast SEO plugin. -->","yoast_head_json":{"title":"Surtido Turrones de Chocolate Xocolalla - Xocolalla","description":"Disfruta nuestro Surtido de Turrones y \u00a1D\u00e9jate seducir por la delicadeza de nuestros chocolates y disfruta de un bocado de felicidad!","robots":{"index":"index","follow":"follow","max-snippet":"max-snippet:-1","max-image-preview":"max-image-preview:large","max-video-preview":"max-video-preview:-1"},"canonical":"https:\/\/xocolalla.es\/tienda\/turrones-de-chocolate\/surtido-turrones-de-chocolate\/","og_locale":"es_ES","og_type":"article","og_title":"Surtido Turrones de Chocolate Xocolalla - Xocolalla","og_description":"Disfruta nuestro Surtido de Turrones y \u00a1D\u00e9jate seducir por la delicadeza de nuestros chocolates y disfruta de un bocado de felicidad!","og_url":"https:\/\/xocolalla.es\/tienda\/turrones-de-chocolate\/surtido-turrones-de-chocolate\/","og_site_name":"Xocolalla","article_modified_time":"2025-12-04T12:11:07+00:00","og_image":[{"width":2560,"height":1564,"url":"https:\/\/xocolalla.es\/tienda\/wp-content\/uploads\/2022\/10\/surtido-turrones-scaled.jpg","type":"image\/jpeg"}],"twitter_card":"summary_large_image","twitter_misc":{"Tiempo de lectura":"2 minutos"},"schema":{"@context":"https:\/\/schema.org","@graph":[{"@type":"WebPage","@id":"https:\/\/xocolalla.es\/tienda\/turrones-de-chocolate\/surtido-turrones-de-chocolate\/","url":"https:\/\/xocolalla.es\/tienda\/turrones-de-chocolate\/surtido-turrones-de-chocolate\/","name":"Surtido Turrones de Chocolate Xocolalla - Xocolalla","isPartOf":{"@id":"https:\/\/xocolalla.es\/tienda\/#website"},"datePublished":"2022-10-20T08:11:34+00:00","dateModified":"2025-12-04T12:11:07+00:00","description":"Disfruta nuestro Surtido de Turrones y \u00a1D\u00e9jate seducir por la delicadeza de nuestros chocolates y disfruta de un bocado de felicidad!","breadcrumb":{"@id":"https:\/\/xocolalla.es\/tienda\/turrones-de-chocolate\/surtido-turrones-de-chocolate\/#breadcrumb"},"inLanguage":"es","potentialAction":[{"@type":"ReadAction","target":["https:\/\/xocolalla.es\/tienda\/turrones-de-chocolate\/surtido-turrones-de-chocolate\/"]}]},{"@type":"BreadcrumbList","@id":"https:\/\/xocolalla.es\/tienda\/turrones-de-chocolate\/surtido-turrones-de-chocolate\/#breadcrumb","itemListElement":[{"@type":"ListItem","position":1,"name":"Portada","item":"https:\/\/xocolalla.es\/tienda\/tienda\/"},{"@type":"ListItem","position":2,"name":"Tienda","item":"https:\/\/xocolalla.es\/tienda\/tienda\/"},{"@type":"ListItem","position":3,"name":"Surtido Turrones de Chocolate Xocolalla"}]},{"@type":"WebSite","@id":"https:\/\/xocolalla.es\/tienda\/#website","url":"https:\/\/xocolalla.es\/tienda\/","name":"xocolalla.es","description":"El eCommerce de productos de chocolate","publisher":{"@id":"https:\/\/xocolalla.es\/tienda\/#organization"},"alternateName":"xocolalla.es","potentialAction":[{"@type":"SearchAction","target":{"@type":"EntryPoint","urlTemplate":"https:\/\/xocolalla.es\/tienda\/?s={search_term_string}"},"query-input":"required name=search_term_string"}],"inLanguage":"es"},{"@type":"Organization","@id":"https:\/\/xocolalla.es\/tienda\/#organization","name":"Xocolalla, S.L.","alternateName":"Xocolalla","url":"https:\/\/xocolalla.es\/tienda\/","logo":{"@type":"ImageObject","inLanguage":"es","@id":"https:\/\/xocolalla.es\/tienda\/#\/schema\/logo\/image\/","url":"https:\/\/xocolalla.es\/tienda\/wp-content\/uploads\/2022\/07\/cropped-cropped-Recurso-5.png","contentUrl":"https:\/\/xocolalla.es\/tienda\/wp-content\/uploads\/2022\/07\/cropped-cropped-Recurso-5.png","width":1664,"height":646,"caption":"Xocolalla, S.L."},"image":{"@id":"https:\/\/xocolalla.es\/tienda\/#\/schema\/logo\/image\/"}}]}},"_links":{"self":[{"href":"https:\/\/xocolalla.es\/tienda\/wp-json\/wp\/v2\/product\/1144","targetHints":{"allow":["GET"]}}],"collection":[{"href":"https:\/\/xocolalla.es\/tienda\/wp-json\/wp\/v2\/product"}],"about":[{"href":"https:\/\/xocolalla.es\/tienda\/wp-json\/wp\/v2\/types\/product"}],"replies":[{"embeddable":true,"href":"https:\/\/xocolalla.es\/tienda\/wp-json\/wp\/v2\/comments?post=1144"}],"wp:featuredmedia":[{"embeddable":true,"href":"https:\/\/xocolalla.es\/tienda\/wp-json\/wp\/v2\/media\/2802"}],"wp:attachment":[{"href":"https:\/\/xocolalla.es\/tienda\/wp-json\/wp\/v2\/media?parent=1144"}],"wp:term":[{"taxonomy":"product_cat","embeddable":true,"href":"https:\/\/xocolalla.es\/tienda\/wp-json\/wp\/v2\/product_cat?post=1144"},{"taxonomy":"product_tag","embeddable":true,"href":"https:\/\/xocolalla.es\/tienda\/wp-json\/wp\/v2\/product_tag?post=1144"}],"curies":[{"name":"wp","href":"https:\/\/api.w.org\/{rel}","templated":true}]}}