{"id":1296,"date":"2022-10-25T08:13:22","date_gmt":"2022-10-25T08:13:22","guid":{"rendered":"https:\/\/xocolalla.es\/?post_type=product&#038;p=1296"},"modified":"2025-12-04T12:10:53","modified_gmt":"2025-12-04T12:10:53","slug":"xocobite-variados","status":"publish","type":"product","link":"https:\/\/xocolalla.es\/tienda\/chocolatinas\/xocobite-variados\/","title":{"rendered":"Surtido Xocobite"},"content":{"rendered":"<p>La bolsa de surtido contendr\u00e1 una variedad de sabores sujeta al stock que haya de los mismos.<\/p>\n<p>Ingredientes.<\/p>\n<p>Xocobite ar\u00e1ndanos: <em>Cobertura blanca (Az\u00facar, grasa vegetal fraccionada y totalmente hidrogenada (palmiste), suero de <strong>LECHE<\/strong> en polvo, cacao desgrasado en polvo, <strong>LECHE <\/strong>entera en polvo, emulgente (E-322. E-492) y aromas), ar\u00e1ndanos azucarados (20%) (ar\u00e1ndanos, az\u00facar de ca\u00f1a y aceite de girasol), Cobertura de chocolate (pasta de cacao, manteca de cacao, cacao desgrasado en polvo, emulgente (lecitina de <strong>SOJA<\/strong>), aroma natural de vainilla). Cacao min. 70%.<\/em><\/p>\n<p>Xocobite pistacho: <em>Cobertura blanca (az\u00facar, grasa vegetal totalmente hidrogenada (palmiste), emulgente (lecitina de <strong>SOJA<\/strong> y aroma), <strong>PISTACHO<\/strong> (17%), brisura de naranja confitada (piel de naranja, jarabe de glucosa y fructosa, az\u00facar, conservadores (E-202, <strong>E-223 (sulfitos<\/strong>), E330)). <\/em><\/p>\n<p>Xocobite avellana: <em>Az\u00facar, grasa vegetal (palmiste),aceite vegetal (girasol), <strong>LECHE<\/strong> desnatada en polvo, pasta de <strong>AVELLANA<\/strong>, suero de <strong>LECHE<\/strong> en polvo,<strong> LACTOSA<\/strong>, emulgentes (lecitina de <strong>SOJA<\/strong>, E-492, E471), aroma y antioxidantes(E-304, E-306,, )\u00a0\u00a0 Galleta (Harina de <strong>TRIGO<\/strong>, az\u00facar, emulsionante (lecitina de <strong>SOJA<\/strong>), sal, colorante (E-150a), Cobertura de chocolate (az\u00facar, grasa vegetal fraccionada y totalmente hidrogenada (palmiste), suero de <strong>LECHE<\/strong> en polvo, <strong>LECHE<\/strong> entera en polvo, emulgente (lecitina de<strong> SOJA<\/strong>, E-492) y aromas)<\/em><\/p>\n<p>Xocobite galleta caramelizada: <em>Chocolate con <strong>LECHE<\/strong>: Az\u00facar, grasa vegetal totalmente hidrogenada (palmiste), <strong>LECHE<\/strong> desnatada en polvo (7,5%), polvo de cacao desgrasado (6,8%), emulgentes (lecitina de girasol, triestearato de sorbit\u00e1n) y aroma. Granillo de galleta caramelizada: <strong>HARINA DE TRIGO<\/strong>, az\u00facar moreno de ca\u00f1a, grasa vegetal (palma), jarabe de glucosa y fructosa, gasificantes (carbonato \u00e1cido de sodio y carbonato \u00e1cido de amonio), colorante (caramelo natural), sal, aroma natural, emulgente (lecitina de <strong>SOJA<\/strong>), canela en polvo.<\/em><\/p>\n<p>Xocobite granola de frambuesa: <em>Cobertura blanca (Az\u00facar, grasa vegetal fraccionada y totalmente hidrogenada (palmiste), suero de <strong>LECHE<\/strong> en polvo, cacao desgrasado en polvo, <strong>LECHE <\/strong>entera en polvo, emulgente (E-322. E-492) y aromas), Granola de frambuesa: Copo de avena, az\u00facar, cereal extrusionado (semola de maiz y harina de arroz), aceite degirasol alto oleico, harina de arroz, concentrados (remolacha y zanahoria, boniato y zanahoria), jarabe de glucosa, aroma natural, gasificante (bicarbonato s\u00f3dico) y sal.<\/em><\/p>\n","protected":false},"excerpt":{"rendered":"<p>Bolsa Doypack 150 g. Deliciosos bocaditos de chocolate disponibles en 4 sabores: pistacho y c\u00edtricos, ar\u00e1ndanos, crema de avellanas, galleta caramelizada y granola de frambuesa.<\/p>\n","protected":false},"featured_media":2810,"comment_status":"open","ping_status":"closed","template":"","meta":{"site-sidebar-layout":"default","site-content-layout":"default","ast-global-header-display":"","ast-main-header-display":"","ast-hfb-above-header-display":"","ast-hfb-below-header-display":"","ast-hfb-mobile-header-display":"","site-post-title":"","ast-breadcrumbs-content":"","ast-featured-img":"","footer-sml-layout":"","theme-transparent-header-meta":"default","adv-header-id-meta":"","stick-header-meta":"default","header-above-stick-meta":"","header-main-stick-meta":"","header-below-stick-meta":"","_themeisle_gutenberg_block_has_review":false},"product_cat":[75],"product_tag":[],"class_list":["post-1296","product","type-product","status-publish","has-post-thumbnail","hentry","product_cat-chocolatinas","wcmi-has-gallery","ast-product-gallery-layout-horizontal-slider","ast-product-tabs-layout-horizontal"],"yoast_head":"<!-- This site is optimized with the Yoast SEO plugin v19.9 - https:\/\/yoast.com\/wordpress\/plugins\/seo\/ -->\n<title>Surtido Xocobite - Xocolalla<\/title>\n<meta name=\"description\" content=\"Sum\u00e9rgete en la experiencia Xocobite con nuestro surtido de chocolates artesanales. \u00a1Descubre el Surtido de Xocobite y disfruta del chocolate!&quot;\" \/>\n<meta name=\"robots\" content=\"index, follow, max-snippet:-1, max-image-preview:large, max-video-preview:-1\" \/>\n<link rel=\"canonical\" href=\"https:\/\/xocolalla.es\/tienda\/chocolatinas\/xocobite-variados\/\" \/>\n<meta property=\"og:locale\" content=\"es_ES\" \/>\n<meta property=\"og:type\" content=\"article\" \/>\n<meta property=\"og:title\" content=\"Surtido Xocobite - Xocolalla\" \/>\n<meta property=\"og:description\" content=\"Sum\u00e9rgete en la experiencia Xocobite con nuestro surtido de chocolates artesanales. \u00a1Descubre el Surtido de Xocobite y disfruta del chocolate!&quot;\" \/>\n<meta property=\"og:url\" content=\"https:\/\/xocolalla.es\/tienda\/chocolatinas\/xocobite-variados\/\" \/>\n<meta property=\"og:site_name\" content=\"Xocolalla\" \/>\n<meta property=\"article:modified_time\" content=\"2025-12-04T12:10:53+00:00\" \/>\n<meta property=\"og:image\" content=\"https:\/\/xocolalla.es\/tienda\/wp-content\/uploads\/2022\/10\/IMG_8890-1-scaled.jpg\" \/>\n\t<meta property=\"og:image:width\" content=\"2560\" \/>\n\t<meta property=\"og:image:height\" content=\"2048\" \/>\n\t<meta property=\"og:image:type\" content=\"image\/jpeg\" \/>\n<meta name=\"twitter:card\" content=\"summary_large_image\" \/>\n<meta name=\"twitter:label1\" content=\"Tiempo de lectura\" \/>\n\t<meta name=\"twitter:data1\" content=\"2 minutos\" \/>\n<script type=\"application\/ld+json\" class=\"yoast-schema-graph\">{\"@context\":\"https:\/\/schema.org\",\"@graph\":[{\"@type\":\"WebPage\",\"@id\":\"https:\/\/xocolalla.es\/tienda\/chocolatinas\/xocobite-variados\/\",\"url\":\"https:\/\/xocolalla.es\/tienda\/chocolatinas\/xocobite-variados\/\",\"name\":\"Surtido Xocobite - Xocolalla\",\"isPartOf\":{\"@id\":\"https:\/\/xocolalla.es\/tienda\/#website\"},\"datePublished\":\"2022-10-25T08:13:22+00:00\",\"dateModified\":\"2025-12-04T12:10:53+00:00\",\"description\":\"Sum\u00e9rgete en la experiencia Xocobite con nuestro surtido de chocolates artesanales. \u00a1Descubre el Surtido de Xocobite y disfruta del chocolate!\\\"\",\"breadcrumb\":{\"@id\":\"https:\/\/xocolalla.es\/tienda\/chocolatinas\/xocobite-variados\/#breadcrumb\"},\"inLanguage\":\"es\",\"potentialAction\":[{\"@type\":\"ReadAction\",\"target\":[\"https:\/\/xocolalla.es\/tienda\/chocolatinas\/xocobite-variados\/\"]}]},{\"@type\":\"BreadcrumbList\",\"@id\":\"https:\/\/xocolalla.es\/tienda\/chocolatinas\/xocobite-variados\/#breadcrumb\",\"itemListElement\":[{\"@type\":\"ListItem\",\"position\":1,\"name\":\"Portada\",\"item\":\"https:\/\/xocolalla.es\/tienda\/tienda\/\"},{\"@type\":\"ListItem\",\"position\":2,\"name\":\"Tienda\",\"item\":\"https:\/\/xocolalla.es\/tienda\/tienda\/\"},{\"@type\":\"ListItem\",\"position\":3,\"name\":\"Surtido Xocobite\"}]},{\"@type\":\"WebSite\",\"@id\":\"https:\/\/xocolalla.es\/tienda\/#website\",\"url\":\"https:\/\/xocolalla.es\/tienda\/\",\"name\":\"xocolalla.es\",\"description\":\"El eCommerce de productos de chocolate\",\"publisher\":{\"@id\":\"https:\/\/xocolalla.es\/tienda\/#organization\"},\"alternateName\":\"xocolalla.es\",\"potentialAction\":[{\"@type\":\"SearchAction\",\"target\":{\"@type\":\"EntryPoint\",\"urlTemplate\":\"https:\/\/xocolalla.es\/tienda\/?s={search_term_string}\"},\"query-input\":\"required name=search_term_string\"}],\"inLanguage\":\"es\"},{\"@type\":\"Organization\",\"@id\":\"https:\/\/xocolalla.es\/tienda\/#organization\",\"name\":\"Xocolalla, S.L.\",\"alternateName\":\"Xocolalla\",\"url\":\"https:\/\/xocolalla.es\/tienda\/\",\"logo\":{\"@type\":\"ImageObject\",\"inLanguage\":\"es\",\"@id\":\"https:\/\/xocolalla.es\/tienda\/#\/schema\/logo\/image\/\",\"url\":\"https:\/\/xocolalla.es\/tienda\/wp-content\/uploads\/2022\/07\/cropped-cropped-Recurso-5.png\",\"contentUrl\":\"https:\/\/xocolalla.es\/tienda\/wp-content\/uploads\/2022\/07\/cropped-cropped-Recurso-5.png\",\"width\":1664,\"height\":646,\"caption\":\"Xocolalla, S.L.\"},\"image\":{\"@id\":\"https:\/\/xocolalla.es\/tienda\/#\/schema\/logo\/image\/\"}}]}<\/script>\n<!-- \/ Yoast SEO plugin. -->","yoast_head_json":{"title":"Surtido Xocobite - Xocolalla","description":"Sum\u00e9rgete en la experiencia Xocobite con nuestro surtido de chocolates artesanales. \u00a1Descubre el Surtido de Xocobite y disfruta del chocolate!\"","robots":{"index":"index","follow":"follow","max-snippet":"max-snippet:-1","max-image-preview":"max-image-preview:large","max-video-preview":"max-video-preview:-1"},"canonical":"https:\/\/xocolalla.es\/tienda\/chocolatinas\/xocobite-variados\/","og_locale":"es_ES","og_type":"article","og_title":"Surtido Xocobite - Xocolalla","og_description":"Sum\u00e9rgete en la experiencia Xocobite con nuestro surtido de chocolates artesanales. \u00a1Descubre el Surtido de Xocobite y disfruta del chocolate!\"","og_url":"https:\/\/xocolalla.es\/tienda\/chocolatinas\/xocobite-variados\/","og_site_name":"Xocolalla","article_modified_time":"2025-12-04T12:10:53+00:00","og_image":[{"width":2560,"height":2048,"url":"https:\/\/xocolalla.es\/tienda\/wp-content\/uploads\/2022\/10\/IMG_8890-1-scaled.jpg","type":"image\/jpeg"}],"twitter_card":"summary_large_image","twitter_misc":{"Tiempo de lectura":"2 minutos"},"schema":{"@context":"https:\/\/schema.org","@graph":[{"@type":"WebPage","@id":"https:\/\/xocolalla.es\/tienda\/chocolatinas\/xocobite-variados\/","url":"https:\/\/xocolalla.es\/tienda\/chocolatinas\/xocobite-variados\/","name":"Surtido Xocobite - Xocolalla","isPartOf":{"@id":"https:\/\/xocolalla.es\/tienda\/#website"},"datePublished":"2022-10-25T08:13:22+00:00","dateModified":"2025-12-04T12:10:53+00:00","description":"Sum\u00e9rgete en la experiencia Xocobite con nuestro surtido de chocolates artesanales. \u00a1Descubre el Surtido de Xocobite y disfruta del chocolate!\"","breadcrumb":{"@id":"https:\/\/xocolalla.es\/tienda\/chocolatinas\/xocobite-variados\/#breadcrumb"},"inLanguage":"es","potentialAction":[{"@type":"ReadAction","target":["https:\/\/xocolalla.es\/tienda\/chocolatinas\/xocobite-variados\/"]}]},{"@type":"BreadcrumbList","@id":"https:\/\/xocolalla.es\/tienda\/chocolatinas\/xocobite-variados\/#breadcrumb","itemListElement":[{"@type":"ListItem","position":1,"name":"Portada","item":"https:\/\/xocolalla.es\/tienda\/tienda\/"},{"@type":"ListItem","position":2,"name":"Tienda","item":"https:\/\/xocolalla.es\/tienda\/tienda\/"},{"@type":"ListItem","position":3,"name":"Surtido Xocobite"}]},{"@type":"WebSite","@id":"https:\/\/xocolalla.es\/tienda\/#website","url":"https:\/\/xocolalla.es\/tienda\/","name":"xocolalla.es","description":"El eCommerce de productos de chocolate","publisher":{"@id":"https:\/\/xocolalla.es\/tienda\/#organization"},"alternateName":"xocolalla.es","potentialAction":[{"@type":"SearchAction","target":{"@type":"EntryPoint","urlTemplate":"https:\/\/xocolalla.es\/tienda\/?s={search_term_string}"},"query-input":"required name=search_term_string"}],"inLanguage":"es"},{"@type":"Organization","@id":"https:\/\/xocolalla.es\/tienda\/#organization","name":"Xocolalla, S.L.","alternateName":"Xocolalla","url":"https:\/\/xocolalla.es\/tienda\/","logo":{"@type":"ImageObject","inLanguage":"es","@id":"https:\/\/xocolalla.es\/tienda\/#\/schema\/logo\/image\/","url":"https:\/\/xocolalla.es\/tienda\/wp-content\/uploads\/2022\/07\/cropped-cropped-Recurso-5.png","contentUrl":"https:\/\/xocolalla.es\/tienda\/wp-content\/uploads\/2022\/07\/cropped-cropped-Recurso-5.png","width":1664,"height":646,"caption":"Xocolalla, S.L."},"image":{"@id":"https:\/\/xocolalla.es\/tienda\/#\/schema\/logo\/image\/"}}]}},"_links":{"self":[{"href":"https:\/\/xocolalla.es\/tienda\/wp-json\/wp\/v2\/product\/1296","targetHints":{"allow":["GET"]}}],"collection":[{"href":"https:\/\/xocolalla.es\/tienda\/wp-json\/wp\/v2\/product"}],"about":[{"href":"https:\/\/xocolalla.es\/tienda\/wp-json\/wp\/v2\/types\/product"}],"replies":[{"embeddable":true,"href":"https:\/\/xocolalla.es\/tienda\/wp-json\/wp\/v2\/comments?post=1296"}],"wp:featuredmedia":[{"embeddable":true,"href":"https:\/\/xocolalla.es\/tienda\/wp-json\/wp\/v2\/media\/2810"}],"wp:attachment":[{"href":"https:\/\/xocolalla.es\/tienda\/wp-json\/wp\/v2\/media?parent=1296"}],"wp:term":[{"taxonomy":"product_cat","embeddable":true,"href":"https:\/\/xocolalla.es\/tienda\/wp-json\/wp\/v2\/product_cat?post=1296"},{"taxonomy":"product_tag","embeddable":true,"href":"https:\/\/xocolalla.es\/tienda\/wp-json\/wp\/v2\/product_tag?post=1296"}],"curies":[{"name":"wp","href":"https:\/\/api.w.org\/{rel}","templated":true}]}}