{"id":2116,"date":"2022-12-09T15:42:46","date_gmt":"2022-12-09T15:42:46","guid":{"rendered":"https:\/\/xocolalla.es\/?post_type=product&#038;p=2116"},"modified":"2025-12-04T12:17:03","modified_gmt":"2025-12-04T12:17:03","slug":"surtido-xocolalla","status":"publish","type":"product","link":"https:\/\/xocolalla.es\/tienda\/bombones\/surtido-xocolalla\/","title":{"rendered":"Surtido xocolalla"},"content":{"rendered":"<p>Xocosurtido 2kg. Gran surtido de productos Xocolalla. Naranja, lim\u00f3n y pi\u00f1a ba\u00f1ado en chocolate; xocobite de pistacho y c\u00edtricos, ar\u00e1ndanos y crema de avellanas; turr\u00f3n de chocolate y almendras, chocolate y crema de avellanas, blanco crujiente y negro crujiente; zombys; bombones de chocolate negro y chocolate con leche de diferentes sabores; xocoperlas.<\/p>\n","protected":false},"excerpt":{"rendered":"<p>Xocosurtido 2kg. Gran surtido de productos Xocolalla. Naranja, lim\u00f3n y pi\u00f1a ba\u00f1ado en chocolate; xocobite de pistacho y c\u00edtricos, ar\u00e1ndanos y crema de avellanas; turr\u00f3n de chocolate y almendras, chocolate y crema de avellanas, blanco crujiente y negro crujiente; zombys; bombones de chocolate negro y chocolate con leche de diferentes sabores; xocoperlas.<\/p>\n","protected":false},"featured_media":2117,"comment_status":"open","ping_status":"closed","template":"","meta":{"site-sidebar-layout":"default","site-content-layout":"default","ast-global-header-display":"","ast-main-header-display":"","ast-hfb-above-header-display":"","ast-hfb-below-header-display":"","ast-hfb-mobile-header-display":"","site-post-title":"","ast-breadcrumbs-content":"","ast-featured-img":"","footer-sml-layout":"","theme-transparent-header-meta":"default","adv-header-id-meta":"","stick-header-meta":"default","header-above-stick-meta":"","header-main-stick-meta":"","header-below-stick-meta":"","_themeisle_gutenberg_block_has_review":false},"product_cat":[19,26,23,75,27],"product_tag":[],"class_list":["post-2116","product","type-product","status-publish","has-post-thumbnail","hentry","product_cat-frutas-chocolate","product_cat-barritas-de-chocolate","product_cat-bombones","product_cat-chocolatinas","product_cat-turrones-de-chocolate","wcmi-has-gallery","ast-product-gallery-layout-horizontal-slider","ast-product-tabs-layout-horizontal"],"yoast_head":"<!-- This site is optimized with the Yoast SEO plugin v19.9 - https:\/\/yoast.com\/wordpress\/plugins\/seo\/ -->\n<title>Surtido de Chocolates Xocolalla - Xocolalla<\/title>\n<meta name=\"description\" content=\"Sum\u00e9rgete en un mundo de sabores con nuestro surtido de chocolates artesanales \u00a1Prueba nuestro surtido y d\u00e9jate seducir por su delicioso sabor!\" \/>\n<meta name=\"robots\" content=\"index, follow, max-snippet:-1, max-image-preview:large, max-video-preview:-1\" \/>\n<link rel=\"canonical\" href=\"https:\/\/xocolalla.es\/tienda\/bombones\/surtido-xocolalla\/\" \/>\n<meta property=\"og:locale\" content=\"es_ES\" \/>\n<meta property=\"og:type\" content=\"article\" \/>\n<meta property=\"og:title\" content=\"Surtido de Chocolates Xocolalla - Xocolalla\" \/>\n<meta property=\"og:description\" content=\"Sum\u00e9rgete en un mundo de sabores con nuestro surtido de chocolates artesanales \u00a1Prueba nuestro surtido y d\u00e9jate seducir por su delicioso sabor!\" \/>\n<meta property=\"og:url\" content=\"https:\/\/xocolalla.es\/tienda\/bombones\/surtido-xocolalla\/\" \/>\n<meta property=\"og:site_name\" content=\"Xocolalla\" \/>\n<meta property=\"article:modified_time\" content=\"2025-12-04T12:17:03+00:00\" \/>\n<meta property=\"og:image\" content=\"https:\/\/xocolalla.es\/tienda\/wp-content\/uploads\/2022\/12\/WhatsApp-Image-2022-12-09-at-13.12.12.jpeg\" \/>\n\t<meta property=\"og:image:width\" content=\"1600\" \/>\n\t<meta property=\"og:image:height\" content=\"1143\" \/>\n\t<meta property=\"og:image:type\" content=\"image\/jpeg\" \/>\n<meta name=\"twitter:card\" content=\"summary_large_image\" \/>\n<meta name=\"twitter:label1\" content=\"Tiempo de lectura\" \/>\n\t<meta name=\"twitter:data1\" content=\"1 minuto\" \/>\n<script type=\"application\/ld+json\" class=\"yoast-schema-graph\">{\"@context\":\"https:\/\/schema.org\",\"@graph\":[{\"@type\":\"WebPage\",\"@id\":\"https:\/\/xocolalla.es\/tienda\/bombones\/surtido-xocolalla\/\",\"url\":\"https:\/\/xocolalla.es\/tienda\/bombones\/surtido-xocolalla\/\",\"name\":\"Surtido de Chocolates Xocolalla - Xocolalla\",\"isPartOf\":{\"@id\":\"https:\/\/xocolalla.es\/tienda\/#website\"},\"datePublished\":\"2022-12-09T15:42:46+00:00\",\"dateModified\":\"2025-12-04T12:17:03+00:00\",\"description\":\"Sum\u00e9rgete en un mundo de sabores con nuestro surtido de chocolates artesanales \u00a1Prueba nuestro surtido y d\u00e9jate seducir por su delicioso sabor!\",\"breadcrumb\":{\"@id\":\"https:\/\/xocolalla.es\/tienda\/bombones\/surtido-xocolalla\/#breadcrumb\"},\"inLanguage\":\"es\",\"potentialAction\":[{\"@type\":\"ReadAction\",\"target\":[\"https:\/\/xocolalla.es\/tienda\/bombones\/surtido-xocolalla\/\"]}]},{\"@type\":\"BreadcrumbList\",\"@id\":\"https:\/\/xocolalla.es\/tienda\/bombones\/surtido-xocolalla\/#breadcrumb\",\"itemListElement\":[{\"@type\":\"ListItem\",\"position\":1,\"name\":\"Portada\",\"item\":\"https:\/\/xocolalla.es\/tienda\/tienda\/\"},{\"@type\":\"ListItem\",\"position\":2,\"name\":\"Tienda\",\"item\":\"https:\/\/xocolalla.es\/tienda\/tienda\/\"},{\"@type\":\"ListItem\",\"position\":3,\"name\":\"Surtido xocolalla\"}]},{\"@type\":\"WebSite\",\"@id\":\"https:\/\/xocolalla.es\/tienda\/#website\",\"url\":\"https:\/\/xocolalla.es\/tienda\/\",\"name\":\"xocolalla.es\",\"description\":\"El eCommerce de productos de chocolate\",\"publisher\":{\"@id\":\"https:\/\/xocolalla.es\/tienda\/#organization\"},\"alternateName\":\"xocolalla.es\",\"potentialAction\":[{\"@type\":\"SearchAction\",\"target\":{\"@type\":\"EntryPoint\",\"urlTemplate\":\"https:\/\/xocolalla.es\/tienda\/?s={search_term_string}\"},\"query-input\":\"required name=search_term_string\"}],\"inLanguage\":\"es\"},{\"@type\":\"Organization\",\"@id\":\"https:\/\/xocolalla.es\/tienda\/#organization\",\"name\":\"Xocolalla, S.L.\",\"alternateName\":\"Xocolalla\",\"url\":\"https:\/\/xocolalla.es\/tienda\/\",\"logo\":{\"@type\":\"ImageObject\",\"inLanguage\":\"es\",\"@id\":\"https:\/\/xocolalla.es\/tienda\/#\/schema\/logo\/image\/\",\"url\":\"https:\/\/xocolalla.es\/tienda\/wp-content\/uploads\/2022\/07\/cropped-cropped-Recurso-5.png\",\"contentUrl\":\"https:\/\/xocolalla.es\/tienda\/wp-content\/uploads\/2022\/07\/cropped-cropped-Recurso-5.png\",\"width\":1664,\"height\":646,\"caption\":\"Xocolalla, S.L.\"},\"image\":{\"@id\":\"https:\/\/xocolalla.es\/tienda\/#\/schema\/logo\/image\/\"}}]}<\/script>\n<!-- \/ Yoast SEO plugin. -->","yoast_head_json":{"title":"Surtido de Chocolates Xocolalla - Xocolalla","description":"Sum\u00e9rgete en un mundo de sabores con nuestro surtido de chocolates artesanales \u00a1Prueba nuestro surtido y d\u00e9jate seducir por su delicioso sabor!","robots":{"index":"index","follow":"follow","max-snippet":"max-snippet:-1","max-image-preview":"max-image-preview:large","max-video-preview":"max-video-preview:-1"},"canonical":"https:\/\/xocolalla.es\/tienda\/bombones\/surtido-xocolalla\/","og_locale":"es_ES","og_type":"article","og_title":"Surtido de Chocolates Xocolalla - Xocolalla","og_description":"Sum\u00e9rgete en un mundo de sabores con nuestro surtido de chocolates artesanales \u00a1Prueba nuestro surtido y d\u00e9jate seducir por su delicioso sabor!","og_url":"https:\/\/xocolalla.es\/tienda\/bombones\/surtido-xocolalla\/","og_site_name":"Xocolalla","article_modified_time":"2025-12-04T12:17:03+00:00","og_image":[{"width":1600,"height":1143,"url":"https:\/\/xocolalla.es\/tienda\/wp-content\/uploads\/2022\/12\/WhatsApp-Image-2022-12-09-at-13.12.12.jpeg","type":"image\/jpeg"}],"twitter_card":"summary_large_image","twitter_misc":{"Tiempo de lectura":"1 minuto"},"schema":{"@context":"https:\/\/schema.org","@graph":[{"@type":"WebPage","@id":"https:\/\/xocolalla.es\/tienda\/bombones\/surtido-xocolalla\/","url":"https:\/\/xocolalla.es\/tienda\/bombones\/surtido-xocolalla\/","name":"Surtido de Chocolates Xocolalla - Xocolalla","isPartOf":{"@id":"https:\/\/xocolalla.es\/tienda\/#website"},"datePublished":"2022-12-09T15:42:46+00:00","dateModified":"2025-12-04T12:17:03+00:00","description":"Sum\u00e9rgete en un mundo de sabores con nuestro surtido de chocolates artesanales \u00a1Prueba nuestro surtido y d\u00e9jate seducir por su delicioso sabor!","breadcrumb":{"@id":"https:\/\/xocolalla.es\/tienda\/bombones\/surtido-xocolalla\/#breadcrumb"},"inLanguage":"es","potentialAction":[{"@type":"ReadAction","target":["https:\/\/xocolalla.es\/tienda\/bombones\/surtido-xocolalla\/"]}]},{"@type":"BreadcrumbList","@id":"https:\/\/xocolalla.es\/tienda\/bombones\/surtido-xocolalla\/#breadcrumb","itemListElement":[{"@type":"ListItem","position":1,"name":"Portada","item":"https:\/\/xocolalla.es\/tienda\/tienda\/"},{"@type":"ListItem","position":2,"name":"Tienda","item":"https:\/\/xocolalla.es\/tienda\/tienda\/"},{"@type":"ListItem","position":3,"name":"Surtido xocolalla"}]},{"@type":"WebSite","@id":"https:\/\/xocolalla.es\/tienda\/#website","url":"https:\/\/xocolalla.es\/tienda\/","name":"xocolalla.es","description":"El eCommerce de productos de chocolate","publisher":{"@id":"https:\/\/xocolalla.es\/tienda\/#organization"},"alternateName":"xocolalla.es","potentialAction":[{"@type":"SearchAction","target":{"@type":"EntryPoint","urlTemplate":"https:\/\/xocolalla.es\/tienda\/?s={search_term_string}"},"query-input":"required name=search_term_string"}],"inLanguage":"es"},{"@type":"Organization","@id":"https:\/\/xocolalla.es\/tienda\/#organization","name":"Xocolalla, S.L.","alternateName":"Xocolalla","url":"https:\/\/xocolalla.es\/tienda\/","logo":{"@type":"ImageObject","inLanguage":"es","@id":"https:\/\/xocolalla.es\/tienda\/#\/schema\/logo\/image\/","url":"https:\/\/xocolalla.es\/tienda\/wp-content\/uploads\/2022\/07\/cropped-cropped-Recurso-5.png","contentUrl":"https:\/\/xocolalla.es\/tienda\/wp-content\/uploads\/2022\/07\/cropped-cropped-Recurso-5.png","width":1664,"height":646,"caption":"Xocolalla, S.L."},"image":{"@id":"https:\/\/xocolalla.es\/tienda\/#\/schema\/logo\/image\/"}}]}},"_links":{"self":[{"href":"https:\/\/xocolalla.es\/tienda\/wp-json\/wp\/v2\/product\/2116","targetHints":{"allow":["GET"]}}],"collection":[{"href":"https:\/\/xocolalla.es\/tienda\/wp-json\/wp\/v2\/product"}],"about":[{"href":"https:\/\/xocolalla.es\/tienda\/wp-json\/wp\/v2\/types\/product"}],"replies":[{"embeddable":true,"href":"https:\/\/xocolalla.es\/tienda\/wp-json\/wp\/v2\/comments?post=2116"}],"wp:featuredmedia":[{"embeddable":true,"href":"https:\/\/xocolalla.es\/tienda\/wp-json\/wp\/v2\/media\/2117"}],"wp:attachment":[{"href":"https:\/\/xocolalla.es\/tienda\/wp-json\/wp\/v2\/media?parent=2116"}],"wp:term":[{"taxonomy":"product_cat","embeddable":true,"href":"https:\/\/xocolalla.es\/tienda\/wp-json\/wp\/v2\/product_cat?post=2116"},{"taxonomy":"product_tag","embeddable":true,"href":"https:\/\/xocolalla.es\/tienda\/wp-json\/wp\/v2\/product_tag?post=2116"}],"curies":[{"name":"wp","href":"https:\/\/api.w.org\/{rel}","templated":true}]}}