{"id":2689,"date":"2023-12-06T20:15:40","date_gmt":"2023-12-06T20:15:40","guid":{"rendered":"https:\/\/xocolalla.es\/tienda\/?post_type=product&#038;p=2689"},"modified":"2025-01-10T11:44:10","modified_gmt":"2025-01-10T11:44:10","slug":"grageas-maiz-con-chocolate","status":"publish","type":"product","link":"https:\/\/xocolalla.es\/tienda\/grageas-de-chocolate\/grageas-maiz-con-chocolate\/","title":{"rendered":"Ma\u00edz con chocolate Xocoperlas"},"content":{"rendered":"<p>Bajo la nueva marca <strong>Delikao By Xocolalla<\/strong> llegan las Xocoperlas de ma\u00edz con chocolate para acompa\u00f1arte en tus momentos favoritos, \u00a1ser\u00e1n un acierto seguro!. Una explosi\u00f3n de sabores gracias al contraste salado del ma\u00edz con el chocolate de su cobertura.<\/p>\n","protected":false},"excerpt":{"rendered":"<p>Grageas de m\u00e1iz ba\u00f1adas en delicioso chocolate con leche. Bote de 200g.<\/p>\n","protected":false},"featured_media":2696,"comment_status":"open","ping_status":"closed","template":"","meta":{"site-sidebar-layout":"default","site-content-layout":"default","ast-global-header-display":"","ast-main-header-display":"","ast-hfb-above-header-display":"","ast-hfb-below-header-display":"","ast-hfb-mobile-header-display":"","site-post-title":"","ast-breadcrumbs-content":"","ast-featured-img":"","footer-sml-layout":"","theme-transparent-header-meta":"default","adv-header-id-meta":"","stick-header-meta":"default","header-above-stick-meta":"","header-main-stick-meta":"","header-below-stick-meta":"","_themeisle_gutenberg_block_has_review":false},"product_cat":[145],"product_tag":[],"class_list":["post-2689","product","type-product","status-publish","has-post-thumbnail","hentry","product_cat-grageas-de-chocolate","wcmi-has-gallery","ast-product-gallery-layout-horizontal-slider","ast-product-tabs-layout-horizontal"],"yoast_head":"<!-- This site is optimized with the Yoast SEO plugin v19.9 - https:\/\/yoast.com\/wordpress\/plugins\/seo\/ -->\n<title>Ma\u00edz con chocolate Xocoperlas Xocolalla<\/title>\n<meta name=\"description\" content=\"Descubre nuestras grageas de ma\u00edz con una fina cobertura de chocolate y disfruta una explosi\u00f3n de sabores.\" \/>\n<meta name=\"robots\" content=\"index, follow, max-snippet:-1, max-image-preview:large, max-video-preview:-1\" \/>\n<link rel=\"canonical\" href=\"https:\/\/xocolalla.es\/tienda\/grageas-de-chocolate\/grageas-maiz-con-chocolate\/\" \/>\n<meta property=\"og:locale\" content=\"es_ES\" \/>\n<meta property=\"og:type\" content=\"article\" \/>\n<meta property=\"og:title\" content=\"Ma\u00edz con chocolate Xocoperlas Xocolalla\" \/>\n<meta property=\"og:description\" content=\"Descubre nuestras grageas de ma\u00edz con una fina cobertura de chocolate y disfruta una explosi\u00f3n de sabores.\" \/>\n<meta property=\"og:url\" content=\"https:\/\/xocolalla.es\/tienda\/grageas-de-chocolate\/grageas-maiz-con-chocolate\/\" \/>\n<meta property=\"og:site_name\" content=\"Xocolalla\" \/>\n<meta property=\"article:modified_time\" content=\"2025-01-10T11:44:10+00:00\" \/>\n<meta property=\"og:image\" content=\"https:\/\/xocolalla.es\/tienda\/wp-content\/uploads\/2023\/12\/IMG_8552-scaled.jpg\" \/>\n\t<meta property=\"og:image:width\" content=\"2560\" \/>\n\t<meta property=\"og:image:height\" content=\"1707\" \/>\n\t<meta property=\"og:image:type\" content=\"image\/jpeg\" \/>\n<meta name=\"twitter:card\" content=\"summary_large_image\" \/>\n<meta name=\"twitter:label1\" content=\"Tiempo de lectura\" \/>\n\t<meta name=\"twitter:data1\" content=\"1 minuto\" \/>\n<script type=\"application\/ld+json\" class=\"yoast-schema-graph\">{\"@context\":\"https:\/\/schema.org\",\"@graph\":[{\"@type\":\"WebPage\",\"@id\":\"https:\/\/xocolalla.es\/tienda\/grageas-de-chocolate\/grageas-maiz-con-chocolate\/\",\"url\":\"https:\/\/xocolalla.es\/tienda\/grageas-de-chocolate\/grageas-maiz-con-chocolate\/\",\"name\":\"Ma\u00edz con chocolate Xocoperlas Xocolalla\",\"isPartOf\":{\"@id\":\"https:\/\/xocolalla.es\/tienda\/#website\"},\"datePublished\":\"2023-12-06T20:15:40+00:00\",\"dateModified\":\"2025-01-10T11:44:10+00:00\",\"description\":\"Descubre nuestras grageas de ma\u00edz con una fina cobertura de chocolate y disfruta una explosi\u00f3n de sabores.\",\"breadcrumb\":{\"@id\":\"https:\/\/xocolalla.es\/tienda\/grageas-de-chocolate\/grageas-maiz-con-chocolate\/#breadcrumb\"},\"inLanguage\":\"es\",\"potentialAction\":[{\"@type\":\"ReadAction\",\"target\":[\"https:\/\/xocolalla.es\/tienda\/grageas-de-chocolate\/grageas-maiz-con-chocolate\/\"]}]},{\"@type\":\"BreadcrumbList\",\"@id\":\"https:\/\/xocolalla.es\/tienda\/grageas-de-chocolate\/grageas-maiz-con-chocolate\/#breadcrumb\",\"itemListElement\":[{\"@type\":\"ListItem\",\"position\":1,\"name\":\"Portada\",\"item\":\"https:\/\/xocolalla.es\/tienda\/tienda\/\"},{\"@type\":\"ListItem\",\"position\":2,\"name\":\"Tienda\",\"item\":\"https:\/\/xocolalla.es\/tienda\/tienda\/\"},{\"@type\":\"ListItem\",\"position\":3,\"name\":\"Ma\u00edz con chocolate Xocoperlas\"}]},{\"@type\":\"WebSite\",\"@id\":\"https:\/\/xocolalla.es\/tienda\/#website\",\"url\":\"https:\/\/xocolalla.es\/tienda\/\",\"name\":\"xocolalla.es\",\"description\":\"El eCommerce de productos de chocolate\",\"publisher\":{\"@id\":\"https:\/\/xocolalla.es\/tienda\/#organization\"},\"alternateName\":\"xocolalla.es\",\"potentialAction\":[{\"@type\":\"SearchAction\",\"target\":{\"@type\":\"EntryPoint\",\"urlTemplate\":\"https:\/\/xocolalla.es\/tienda\/?s={search_term_string}\"},\"query-input\":\"required name=search_term_string\"}],\"inLanguage\":\"es\"},{\"@type\":\"Organization\",\"@id\":\"https:\/\/xocolalla.es\/tienda\/#organization\",\"name\":\"Xocolalla, S.L.\",\"alternateName\":\"Xocolalla\",\"url\":\"https:\/\/xocolalla.es\/tienda\/\",\"logo\":{\"@type\":\"ImageObject\",\"inLanguage\":\"es\",\"@id\":\"https:\/\/xocolalla.es\/tienda\/#\/schema\/logo\/image\/\",\"url\":\"https:\/\/xocolalla.es\/tienda\/wp-content\/uploads\/2022\/07\/cropped-cropped-Recurso-5.png\",\"contentUrl\":\"https:\/\/xocolalla.es\/tienda\/wp-content\/uploads\/2022\/07\/cropped-cropped-Recurso-5.png\",\"width\":1664,\"height\":646,\"caption\":\"Xocolalla, S.L.\"},\"image\":{\"@id\":\"https:\/\/xocolalla.es\/tienda\/#\/schema\/logo\/image\/\"}}]}<\/script>\n<!-- \/ Yoast SEO plugin. -->","yoast_head_json":{"title":"Ma\u00edz con chocolate Xocoperlas Xocolalla","description":"Descubre nuestras grageas de ma\u00edz con una fina cobertura de chocolate y disfruta una explosi\u00f3n de sabores.","robots":{"index":"index","follow":"follow","max-snippet":"max-snippet:-1","max-image-preview":"max-image-preview:large","max-video-preview":"max-video-preview:-1"},"canonical":"https:\/\/xocolalla.es\/tienda\/grageas-de-chocolate\/grageas-maiz-con-chocolate\/","og_locale":"es_ES","og_type":"article","og_title":"Ma\u00edz con chocolate Xocoperlas Xocolalla","og_description":"Descubre nuestras grageas de ma\u00edz con una fina cobertura de chocolate y disfruta una explosi\u00f3n de sabores.","og_url":"https:\/\/xocolalla.es\/tienda\/grageas-de-chocolate\/grageas-maiz-con-chocolate\/","og_site_name":"Xocolalla","article_modified_time":"2025-01-10T11:44:10+00:00","og_image":[{"width":2560,"height":1707,"url":"https:\/\/xocolalla.es\/tienda\/wp-content\/uploads\/2023\/12\/IMG_8552-scaled.jpg","type":"image\/jpeg"}],"twitter_card":"summary_large_image","twitter_misc":{"Tiempo de lectura":"1 minuto"},"schema":{"@context":"https:\/\/schema.org","@graph":[{"@type":"WebPage","@id":"https:\/\/xocolalla.es\/tienda\/grageas-de-chocolate\/grageas-maiz-con-chocolate\/","url":"https:\/\/xocolalla.es\/tienda\/grageas-de-chocolate\/grageas-maiz-con-chocolate\/","name":"Ma\u00edz con chocolate Xocoperlas Xocolalla","isPartOf":{"@id":"https:\/\/xocolalla.es\/tienda\/#website"},"datePublished":"2023-12-06T20:15:40+00:00","dateModified":"2025-01-10T11:44:10+00:00","description":"Descubre nuestras grageas de ma\u00edz con una fina cobertura de chocolate y disfruta una explosi\u00f3n de sabores.","breadcrumb":{"@id":"https:\/\/xocolalla.es\/tienda\/grageas-de-chocolate\/grageas-maiz-con-chocolate\/#breadcrumb"},"inLanguage":"es","potentialAction":[{"@type":"ReadAction","target":["https:\/\/xocolalla.es\/tienda\/grageas-de-chocolate\/grageas-maiz-con-chocolate\/"]}]},{"@type":"BreadcrumbList","@id":"https:\/\/xocolalla.es\/tienda\/grageas-de-chocolate\/grageas-maiz-con-chocolate\/#breadcrumb","itemListElement":[{"@type":"ListItem","position":1,"name":"Portada","item":"https:\/\/xocolalla.es\/tienda\/tienda\/"},{"@type":"ListItem","position":2,"name":"Tienda","item":"https:\/\/xocolalla.es\/tienda\/tienda\/"},{"@type":"ListItem","position":3,"name":"Ma\u00edz con chocolate Xocoperlas"}]},{"@type":"WebSite","@id":"https:\/\/xocolalla.es\/tienda\/#website","url":"https:\/\/xocolalla.es\/tienda\/","name":"xocolalla.es","description":"El eCommerce de productos de chocolate","publisher":{"@id":"https:\/\/xocolalla.es\/tienda\/#organization"},"alternateName":"xocolalla.es","potentialAction":[{"@type":"SearchAction","target":{"@type":"EntryPoint","urlTemplate":"https:\/\/xocolalla.es\/tienda\/?s={search_term_string}"},"query-input":"required name=search_term_string"}],"inLanguage":"es"},{"@type":"Organization","@id":"https:\/\/xocolalla.es\/tienda\/#organization","name":"Xocolalla, S.L.","alternateName":"Xocolalla","url":"https:\/\/xocolalla.es\/tienda\/","logo":{"@type":"ImageObject","inLanguage":"es","@id":"https:\/\/xocolalla.es\/tienda\/#\/schema\/logo\/image\/","url":"https:\/\/xocolalla.es\/tienda\/wp-content\/uploads\/2022\/07\/cropped-cropped-Recurso-5.png","contentUrl":"https:\/\/xocolalla.es\/tienda\/wp-content\/uploads\/2022\/07\/cropped-cropped-Recurso-5.png","width":1664,"height":646,"caption":"Xocolalla, S.L."},"image":{"@id":"https:\/\/xocolalla.es\/tienda\/#\/schema\/logo\/image\/"}}]}},"_links":{"self":[{"href":"https:\/\/xocolalla.es\/tienda\/wp-json\/wp\/v2\/product\/2689","targetHints":{"allow":["GET"]}}],"collection":[{"href":"https:\/\/xocolalla.es\/tienda\/wp-json\/wp\/v2\/product"}],"about":[{"href":"https:\/\/xocolalla.es\/tienda\/wp-json\/wp\/v2\/types\/product"}],"replies":[{"embeddable":true,"href":"https:\/\/xocolalla.es\/tienda\/wp-json\/wp\/v2\/comments?post=2689"}],"wp:featuredmedia":[{"embeddable":true,"href":"https:\/\/xocolalla.es\/tienda\/wp-json\/wp\/v2\/media\/2696"}],"wp:attachment":[{"href":"https:\/\/xocolalla.es\/tienda\/wp-json\/wp\/v2\/media?parent=2689"}],"wp:term":[{"taxonomy":"product_cat","embeddable":true,"href":"https:\/\/xocolalla.es\/tienda\/wp-json\/wp\/v2\/product_cat?post=2689"},{"taxonomy":"product_tag","embeddable":true,"href":"https:\/\/xocolalla.es\/tienda\/wp-json\/wp\/v2\/product_tag?post=2689"}],"curies":[{"name":"wp","href":"https:\/\/api.w.org\/{rel}","templated":true}]}}