{"id":2784,"date":"2024-11-20T19:16:57","date_gmt":"2024-11-20T19:16:57","guid":{"rendered":"https:\/\/xocolalla.es\/tienda\/?post_type=product&#038;p=2784"},"modified":"2025-12-04T12:06:49","modified_gmt":"2025-12-04T12:06:49","slug":"turron-de-chocolate-con-kikos","status":"publish","type":"product","link":"https:\/\/xocolalla.es\/tienda\/turrones-de-chocolate\/turron-de-chocolate-con-kikos\/","title":{"rendered":"Turr\u00f3n de chocolate con kikos"},"content":{"rendered":"<p><em>Ingredientes: Cobertura chocolate con LECHE: <\/em>Az\u00facar, manteca de cacao, LECHE entera en polvo, pasta de cacao, emulgente (lecitina de SOJA (E 322)) y aroma vainilla natural.<em> Ma\u00edz frito): Ma\u00edz, aceite de girasol alto oleico y sal.<\/em><\/p>\n","protected":false},"excerpt":{"rendered":"<p>Turr\u00f3n de chocolate con leche y ma\u00edz (kikos). Bolsa doypack 200gr.<\/p>\n","protected":false},"featured_media":2785,"comment_status":"open","ping_status":"closed","template":"","meta":{"site-sidebar-layout":"default","site-content-layout":"default","ast-global-header-display":"","ast-main-header-display":"","ast-hfb-above-header-display":"","ast-hfb-below-header-display":"","ast-hfb-mobile-header-display":"","site-post-title":"","ast-breadcrumbs-content":"","ast-featured-img":"","footer-sml-layout":"","theme-transparent-header-meta":"default","adv-header-id-meta":"","stick-header-meta":"default","header-above-stick-meta":"","header-main-stick-meta":"","header-below-stick-meta":"","_themeisle_gutenberg_block_has_review":false},"product_cat":[27],"product_tag":[],"class_list":["post-2784","product","type-product","status-publish","has-post-thumbnail","hentry","product_cat-turrones-de-chocolate","wcmi-has-gallery","ast-product-gallery-layout-horizontal-slider","ast-product-tabs-layout-horizontal"],"yoast_head":"<!-- This site is optimized with the Yoast SEO plugin v19.9 - https:\/\/yoast.com\/wordpress\/plugins\/seo\/ -->\n<title>Turr\u00f3n de chocolate con kikos Xocolalla<\/title>\n<meta name=\"description\" content=\"Una explosi\u00f3n de sabores gracias al contraste salado del ma\u00edz y el cremoso chocolate entre el que se funde para formar esta porci\u00f3n individual de turr\u00f3n.\" \/>\n<meta name=\"robots\" content=\"index, follow, max-snippet:-1, max-image-preview:large, max-video-preview:-1\" \/>\n<link rel=\"canonical\" href=\"https:\/\/xocolalla.es\/tienda\/turrones-de-chocolate\/turron-de-chocolate-con-kikos\/\" \/>\n<meta property=\"og:locale\" content=\"es_ES\" \/>\n<meta property=\"og:type\" content=\"article\" \/>\n<meta property=\"og:title\" content=\"Turr\u00f3n de chocolate con kikos Xocolalla\" \/>\n<meta property=\"og:description\" content=\"Una explosi\u00f3n de sabores gracias al contraste salado del ma\u00edz y el cremoso chocolate entre el que se funde para formar esta porci\u00f3n individual de turr\u00f3n.\" \/>\n<meta property=\"og:url\" content=\"https:\/\/xocolalla.es\/tienda\/turrones-de-chocolate\/turron-de-chocolate-con-kikos\/\" \/>\n<meta property=\"og:site_name\" content=\"Xocolalla\" \/>\n<meta property=\"article:modified_time\" content=\"2025-12-04T12:06:49+00:00\" \/>\n<meta property=\"og:image\" content=\"https:\/\/xocolalla.es\/tienda\/wp-content\/uploads\/2024\/11\/turron-maiz-1-scaled.jpg\" \/>\n\t<meta property=\"og:image:width\" content=\"2560\" \/>\n\t<meta property=\"og:image:height\" content=\"1707\" \/>\n\t<meta property=\"og:image:type\" content=\"image\/jpeg\" \/>\n<meta name=\"twitter:card\" content=\"summary_large_image\" \/>\n<meta name=\"twitter:label1\" content=\"Tiempo de lectura\" \/>\n\t<meta name=\"twitter:data1\" content=\"1 minuto\" \/>\n<script type=\"application\/ld+json\" class=\"yoast-schema-graph\">{\"@context\":\"https:\/\/schema.org\",\"@graph\":[{\"@type\":\"WebPage\",\"@id\":\"https:\/\/xocolalla.es\/tienda\/turrones-de-chocolate\/turron-de-chocolate-con-kikos\/\",\"url\":\"https:\/\/xocolalla.es\/tienda\/turrones-de-chocolate\/turron-de-chocolate-con-kikos\/\",\"name\":\"Turr\u00f3n de chocolate con kikos Xocolalla\",\"isPartOf\":{\"@id\":\"https:\/\/xocolalla.es\/tienda\/#website\"},\"datePublished\":\"2024-11-20T19:16:57+00:00\",\"dateModified\":\"2025-12-04T12:06:49+00:00\",\"description\":\"Una explosi\u00f3n de sabores gracias al contraste salado del ma\u00edz y el cremoso chocolate entre el que se funde para formar esta porci\u00f3n individual de turr\u00f3n.\",\"breadcrumb\":{\"@id\":\"https:\/\/xocolalla.es\/tienda\/turrones-de-chocolate\/turron-de-chocolate-con-kikos\/#breadcrumb\"},\"inLanguage\":\"es\",\"potentialAction\":[{\"@type\":\"ReadAction\",\"target\":[\"https:\/\/xocolalla.es\/tienda\/turrones-de-chocolate\/turron-de-chocolate-con-kikos\/\"]}]},{\"@type\":\"BreadcrumbList\",\"@id\":\"https:\/\/xocolalla.es\/tienda\/turrones-de-chocolate\/turron-de-chocolate-con-kikos\/#breadcrumb\",\"itemListElement\":[{\"@type\":\"ListItem\",\"position\":1,\"name\":\"Portada\",\"item\":\"https:\/\/xocolalla.es\/tienda\/tienda\/\"},{\"@type\":\"ListItem\",\"position\":2,\"name\":\"Tienda\",\"item\":\"https:\/\/xocolalla.es\/tienda\/tienda\/\"},{\"@type\":\"ListItem\",\"position\":3,\"name\":\"Turr\u00f3n de chocolate con kikos\"}]},{\"@type\":\"WebSite\",\"@id\":\"https:\/\/xocolalla.es\/tienda\/#website\",\"url\":\"https:\/\/xocolalla.es\/tienda\/\",\"name\":\"xocolalla.es\",\"description\":\"El eCommerce de productos de chocolate\",\"publisher\":{\"@id\":\"https:\/\/xocolalla.es\/tienda\/#organization\"},\"alternateName\":\"xocolalla.es\",\"potentialAction\":[{\"@type\":\"SearchAction\",\"target\":{\"@type\":\"EntryPoint\",\"urlTemplate\":\"https:\/\/xocolalla.es\/tienda\/?s={search_term_string}\"},\"query-input\":\"required name=search_term_string\"}],\"inLanguage\":\"es\"},{\"@type\":\"Organization\",\"@id\":\"https:\/\/xocolalla.es\/tienda\/#organization\",\"name\":\"Xocolalla, S.L.\",\"alternateName\":\"Xocolalla\",\"url\":\"https:\/\/xocolalla.es\/tienda\/\",\"logo\":{\"@type\":\"ImageObject\",\"inLanguage\":\"es\",\"@id\":\"https:\/\/xocolalla.es\/tienda\/#\/schema\/logo\/image\/\",\"url\":\"https:\/\/xocolalla.es\/tienda\/wp-content\/uploads\/2022\/07\/cropped-cropped-Recurso-5.png\",\"contentUrl\":\"https:\/\/xocolalla.es\/tienda\/wp-content\/uploads\/2022\/07\/cropped-cropped-Recurso-5.png\",\"width\":1664,\"height\":646,\"caption\":\"Xocolalla, S.L.\"},\"image\":{\"@id\":\"https:\/\/xocolalla.es\/tienda\/#\/schema\/logo\/image\/\"}}]}<\/script>\n<!-- \/ Yoast SEO plugin. -->","yoast_head_json":{"title":"Turr\u00f3n de chocolate con kikos Xocolalla","description":"Una explosi\u00f3n de sabores gracias al contraste salado del ma\u00edz y el cremoso chocolate entre el que se funde para formar esta porci\u00f3n individual de turr\u00f3n.","robots":{"index":"index","follow":"follow","max-snippet":"max-snippet:-1","max-image-preview":"max-image-preview:large","max-video-preview":"max-video-preview:-1"},"canonical":"https:\/\/xocolalla.es\/tienda\/turrones-de-chocolate\/turron-de-chocolate-con-kikos\/","og_locale":"es_ES","og_type":"article","og_title":"Turr\u00f3n de chocolate con kikos Xocolalla","og_description":"Una explosi\u00f3n de sabores gracias al contraste salado del ma\u00edz y el cremoso chocolate entre el que se funde para formar esta porci\u00f3n individual de turr\u00f3n.","og_url":"https:\/\/xocolalla.es\/tienda\/turrones-de-chocolate\/turron-de-chocolate-con-kikos\/","og_site_name":"Xocolalla","article_modified_time":"2025-12-04T12:06:49+00:00","og_image":[{"width":2560,"height":1707,"url":"https:\/\/xocolalla.es\/tienda\/wp-content\/uploads\/2024\/11\/turron-maiz-1-scaled.jpg","type":"image\/jpeg"}],"twitter_card":"summary_large_image","twitter_misc":{"Tiempo de lectura":"1 minuto"},"schema":{"@context":"https:\/\/schema.org","@graph":[{"@type":"WebPage","@id":"https:\/\/xocolalla.es\/tienda\/turrones-de-chocolate\/turron-de-chocolate-con-kikos\/","url":"https:\/\/xocolalla.es\/tienda\/turrones-de-chocolate\/turron-de-chocolate-con-kikos\/","name":"Turr\u00f3n de chocolate con kikos Xocolalla","isPartOf":{"@id":"https:\/\/xocolalla.es\/tienda\/#website"},"datePublished":"2024-11-20T19:16:57+00:00","dateModified":"2025-12-04T12:06:49+00:00","description":"Una explosi\u00f3n de sabores gracias al contraste salado del ma\u00edz y el cremoso chocolate entre el que se funde para formar esta porci\u00f3n individual de turr\u00f3n.","breadcrumb":{"@id":"https:\/\/xocolalla.es\/tienda\/turrones-de-chocolate\/turron-de-chocolate-con-kikos\/#breadcrumb"},"inLanguage":"es","potentialAction":[{"@type":"ReadAction","target":["https:\/\/xocolalla.es\/tienda\/turrones-de-chocolate\/turron-de-chocolate-con-kikos\/"]}]},{"@type":"BreadcrumbList","@id":"https:\/\/xocolalla.es\/tienda\/turrones-de-chocolate\/turron-de-chocolate-con-kikos\/#breadcrumb","itemListElement":[{"@type":"ListItem","position":1,"name":"Portada","item":"https:\/\/xocolalla.es\/tienda\/tienda\/"},{"@type":"ListItem","position":2,"name":"Tienda","item":"https:\/\/xocolalla.es\/tienda\/tienda\/"},{"@type":"ListItem","position":3,"name":"Turr\u00f3n de chocolate con kikos"}]},{"@type":"WebSite","@id":"https:\/\/xocolalla.es\/tienda\/#website","url":"https:\/\/xocolalla.es\/tienda\/","name":"xocolalla.es","description":"El eCommerce de productos de chocolate","publisher":{"@id":"https:\/\/xocolalla.es\/tienda\/#organization"},"alternateName":"xocolalla.es","potentialAction":[{"@type":"SearchAction","target":{"@type":"EntryPoint","urlTemplate":"https:\/\/xocolalla.es\/tienda\/?s={search_term_string}"},"query-input":"required name=search_term_string"}],"inLanguage":"es"},{"@type":"Organization","@id":"https:\/\/xocolalla.es\/tienda\/#organization","name":"Xocolalla, S.L.","alternateName":"Xocolalla","url":"https:\/\/xocolalla.es\/tienda\/","logo":{"@type":"ImageObject","inLanguage":"es","@id":"https:\/\/xocolalla.es\/tienda\/#\/schema\/logo\/image\/","url":"https:\/\/xocolalla.es\/tienda\/wp-content\/uploads\/2022\/07\/cropped-cropped-Recurso-5.png","contentUrl":"https:\/\/xocolalla.es\/tienda\/wp-content\/uploads\/2022\/07\/cropped-cropped-Recurso-5.png","width":1664,"height":646,"caption":"Xocolalla, S.L."},"image":{"@id":"https:\/\/xocolalla.es\/tienda\/#\/schema\/logo\/image\/"}}]}},"_links":{"self":[{"href":"https:\/\/xocolalla.es\/tienda\/wp-json\/wp\/v2\/product\/2784","targetHints":{"allow":["GET"]}}],"collection":[{"href":"https:\/\/xocolalla.es\/tienda\/wp-json\/wp\/v2\/product"}],"about":[{"href":"https:\/\/xocolalla.es\/tienda\/wp-json\/wp\/v2\/types\/product"}],"replies":[{"embeddable":true,"href":"https:\/\/xocolalla.es\/tienda\/wp-json\/wp\/v2\/comments?post=2784"}],"wp:featuredmedia":[{"embeddable":true,"href":"https:\/\/xocolalla.es\/tienda\/wp-json\/wp\/v2\/media\/2785"}],"wp:attachment":[{"href":"https:\/\/xocolalla.es\/tienda\/wp-json\/wp\/v2\/media?parent=2784"}],"wp:term":[{"taxonomy":"product_cat","embeddable":true,"href":"https:\/\/xocolalla.es\/tienda\/wp-json\/wp\/v2\/product_cat?post=2784"},{"taxonomy":"product_tag","embeddable":true,"href":"https:\/\/xocolalla.es\/tienda\/wp-json\/wp\/v2\/product_tag?post=2784"}],"curies":[{"name":"wp","href":"https:\/\/api.w.org\/{rel}","templated":true}]}}