{"id":2791,"date":"2024-11-20T19:26:41","date_gmt":"2024-11-20T19:26:41","guid":{"rendered":"https:\/\/xocolalla.es\/tienda\/?post_type=product&#038;p=2791"},"modified":"2025-12-04T12:06:35","modified_gmt":"2025-12-04T12:06:35","slug":"turron-con-galleta-caramelizada","status":"publish","type":"product","link":"https:\/\/xocolalla.es\/tienda\/turrones-de-chocolate\/turron-con-galleta-caramelizada\/","title":{"rendered":"Turr\u00f3n de chocolate con galleta caramelizada."},"content":{"rendered":"<p>Ingredientes: Chocolate con LECHE: Az\u00facar, grasa vegetal totalmente hidrogenada (palmiste), LECHE desnatada en polvo (7,5%), polvo de cacao desgrasado (6,8%), emulgentes (lecitina de girasol, triestearato de sorbit\u00e1n) y aroma. Granillo de galleta caramelizada: HARINA DE TRIGO, az\u00facar moreno de ca\u00f1a, grasa vegetal (palma), jarabe de glucosa y fructosa, gasificantes (carbonato \u00e1cido de sodio y carbonato \u00e1cido de amonio), colorante (caramelo natural), sal, aroma natural, emulgente (lecitina de SOJA), canela en polvo.<\/p>\n","protected":false},"excerpt":{"rendered":"<p>Turr\u00f3n de chocolate con leche y galleta caramelizada. Bolsa doypack 200gr.<\/p>\n","protected":false},"featured_media":2792,"comment_status":"open","ping_status":"closed","template":"","meta":{"site-sidebar-layout":"default","site-content-layout":"default","ast-global-header-display":"","ast-main-header-display":"","ast-hfb-above-header-display":"","ast-hfb-below-header-display":"","ast-hfb-mobile-header-display":"","site-post-title":"","ast-breadcrumbs-content":"","ast-featured-img":"","footer-sml-layout":"","theme-transparent-header-meta":"default","adv-header-id-meta":"","stick-header-meta":"default","header-above-stick-meta":"","header-main-stick-meta":"","header-below-stick-meta":"","_themeisle_gutenberg_block_has_review":false},"product_cat":[27],"product_tag":[],"class_list":["post-2791","product","type-product","status-publish","has-post-thumbnail","hentry","product_cat-turrones-de-chocolate","wcmi-has-gallery","ast-product-gallery-layout-horizontal-slider","ast-product-tabs-layout-horizontal"],"yoast_head":"<!-- This site is optimized with the Yoast SEO plugin v19.9 - https:\/\/yoast.com\/wordpress\/plugins\/seo\/ -->\n<title>Turr\u00f3n de chocolate con galleta caramelizada. Xocolalla<\/title>\n<meta name=\"description\" content=\"Deliciosas porciones individuales de turr\u00f3n de chocolate con leche y crujiente galleta caramelizada. \u00a1Un sabor que no podr\u00e1s olvidar!.\" \/>\n<meta name=\"robots\" content=\"index, follow, max-snippet:-1, max-image-preview:large, max-video-preview:-1\" \/>\n<link rel=\"canonical\" href=\"https:\/\/xocolalla.es\/tienda\/turrones-de-chocolate\/turron-con-galleta-caramelizada\/\" \/>\n<meta property=\"og:locale\" content=\"es_ES\" \/>\n<meta property=\"og:type\" content=\"article\" \/>\n<meta property=\"og:title\" content=\"Turr\u00f3n de chocolate con galleta caramelizada. Xocolalla\" \/>\n<meta property=\"og:description\" content=\"Deliciosas porciones individuales de turr\u00f3n de chocolate con leche y crujiente galleta caramelizada. \u00a1Un sabor que no podr\u00e1s olvidar!.\" \/>\n<meta property=\"og:url\" content=\"https:\/\/xocolalla.es\/tienda\/turrones-de-chocolate\/turron-con-galleta-caramelizada\/\" \/>\n<meta property=\"og:site_name\" content=\"Xocolalla\" \/>\n<meta property=\"article:modified_time\" content=\"2025-12-04T12:06:35+00:00\" \/>\n<meta property=\"og:image\" content=\"https:\/\/xocolalla.es\/tienda\/wp-content\/uploads\/2024\/11\/turron-galleta-1-scaled.jpg\" \/>\n\t<meta property=\"og:image:width\" content=\"2560\" \/>\n\t<meta property=\"og:image:height\" content=\"1707\" \/>\n\t<meta property=\"og:image:type\" content=\"image\/jpeg\" \/>\n<meta name=\"twitter:card\" content=\"summary_large_image\" \/>\n<script type=\"application\/ld+json\" class=\"yoast-schema-graph\">{\"@context\":\"https:\/\/schema.org\",\"@graph\":[{\"@type\":\"WebPage\",\"@id\":\"https:\/\/xocolalla.es\/tienda\/turrones-de-chocolate\/turron-con-galleta-caramelizada\/\",\"url\":\"https:\/\/xocolalla.es\/tienda\/turrones-de-chocolate\/turron-con-galleta-caramelizada\/\",\"name\":\"Turr\u00f3n de chocolate con galleta caramelizada. Xocolalla\",\"isPartOf\":{\"@id\":\"https:\/\/xocolalla.es\/tienda\/#website\"},\"datePublished\":\"2024-11-20T19:26:41+00:00\",\"dateModified\":\"2025-12-04T12:06:35+00:00\",\"description\":\"Deliciosas porciones individuales de turr\u00f3n de chocolate con leche y crujiente galleta caramelizada. \u00a1Un sabor que no podr\u00e1s olvidar!.\",\"breadcrumb\":{\"@id\":\"https:\/\/xocolalla.es\/tienda\/turrones-de-chocolate\/turron-con-galleta-caramelizada\/#breadcrumb\"},\"inLanguage\":\"es\",\"potentialAction\":[{\"@type\":\"ReadAction\",\"target\":[\"https:\/\/xocolalla.es\/tienda\/turrones-de-chocolate\/turron-con-galleta-caramelizada\/\"]}]},{\"@type\":\"BreadcrumbList\",\"@id\":\"https:\/\/xocolalla.es\/tienda\/turrones-de-chocolate\/turron-con-galleta-caramelizada\/#breadcrumb\",\"itemListElement\":[{\"@type\":\"ListItem\",\"position\":1,\"name\":\"Portada\",\"item\":\"https:\/\/xocolalla.es\/tienda\/tienda\/\"},{\"@type\":\"ListItem\",\"position\":2,\"name\":\"Tienda\",\"item\":\"https:\/\/xocolalla.es\/tienda\/tienda\/\"},{\"@type\":\"ListItem\",\"position\":3,\"name\":\"Turr\u00f3n de chocolate con galleta caramelizada.\"}]},{\"@type\":\"WebSite\",\"@id\":\"https:\/\/xocolalla.es\/tienda\/#website\",\"url\":\"https:\/\/xocolalla.es\/tienda\/\",\"name\":\"xocolalla.es\",\"description\":\"El eCommerce de productos de chocolate\",\"publisher\":{\"@id\":\"https:\/\/xocolalla.es\/tienda\/#organization\"},\"alternateName\":\"xocolalla.es\",\"potentialAction\":[{\"@type\":\"SearchAction\",\"target\":{\"@type\":\"EntryPoint\",\"urlTemplate\":\"https:\/\/xocolalla.es\/tienda\/?s={search_term_string}\"},\"query-input\":\"required name=search_term_string\"}],\"inLanguage\":\"es\"},{\"@type\":\"Organization\",\"@id\":\"https:\/\/xocolalla.es\/tienda\/#organization\",\"name\":\"Xocolalla, S.L.\",\"alternateName\":\"Xocolalla\",\"url\":\"https:\/\/xocolalla.es\/tienda\/\",\"logo\":{\"@type\":\"ImageObject\",\"inLanguage\":\"es\",\"@id\":\"https:\/\/xocolalla.es\/tienda\/#\/schema\/logo\/image\/\",\"url\":\"https:\/\/xocolalla.es\/tienda\/wp-content\/uploads\/2022\/07\/cropped-cropped-Recurso-5.png\",\"contentUrl\":\"https:\/\/xocolalla.es\/tienda\/wp-content\/uploads\/2022\/07\/cropped-cropped-Recurso-5.png\",\"width\":1664,\"height\":646,\"caption\":\"Xocolalla, S.L.\"},\"image\":{\"@id\":\"https:\/\/xocolalla.es\/tienda\/#\/schema\/logo\/image\/\"}}]}<\/script>\n<!-- \/ Yoast SEO plugin. -->","yoast_head_json":{"title":"Turr\u00f3n de chocolate con galleta caramelizada. Xocolalla","description":"Deliciosas porciones individuales de turr\u00f3n de chocolate con leche y crujiente galleta caramelizada. \u00a1Un sabor que no podr\u00e1s olvidar!.","robots":{"index":"index","follow":"follow","max-snippet":"max-snippet:-1","max-image-preview":"max-image-preview:large","max-video-preview":"max-video-preview:-1"},"canonical":"https:\/\/xocolalla.es\/tienda\/turrones-de-chocolate\/turron-con-galleta-caramelizada\/","og_locale":"es_ES","og_type":"article","og_title":"Turr\u00f3n de chocolate con galleta caramelizada. Xocolalla","og_description":"Deliciosas porciones individuales de turr\u00f3n de chocolate con leche y crujiente galleta caramelizada. \u00a1Un sabor que no podr\u00e1s olvidar!.","og_url":"https:\/\/xocolalla.es\/tienda\/turrones-de-chocolate\/turron-con-galleta-caramelizada\/","og_site_name":"Xocolalla","article_modified_time":"2025-12-04T12:06:35+00:00","og_image":[{"width":2560,"height":1707,"url":"https:\/\/xocolalla.es\/tienda\/wp-content\/uploads\/2024\/11\/turron-galleta-1-scaled.jpg","type":"image\/jpeg"}],"twitter_card":"summary_large_image","schema":{"@context":"https:\/\/schema.org","@graph":[{"@type":"WebPage","@id":"https:\/\/xocolalla.es\/tienda\/turrones-de-chocolate\/turron-con-galleta-caramelizada\/","url":"https:\/\/xocolalla.es\/tienda\/turrones-de-chocolate\/turron-con-galleta-caramelizada\/","name":"Turr\u00f3n de chocolate con galleta caramelizada. Xocolalla","isPartOf":{"@id":"https:\/\/xocolalla.es\/tienda\/#website"},"datePublished":"2024-11-20T19:26:41+00:00","dateModified":"2025-12-04T12:06:35+00:00","description":"Deliciosas porciones individuales de turr\u00f3n de chocolate con leche y crujiente galleta caramelizada. \u00a1Un sabor que no podr\u00e1s olvidar!.","breadcrumb":{"@id":"https:\/\/xocolalla.es\/tienda\/turrones-de-chocolate\/turron-con-galleta-caramelizada\/#breadcrumb"},"inLanguage":"es","potentialAction":[{"@type":"ReadAction","target":["https:\/\/xocolalla.es\/tienda\/turrones-de-chocolate\/turron-con-galleta-caramelizada\/"]}]},{"@type":"BreadcrumbList","@id":"https:\/\/xocolalla.es\/tienda\/turrones-de-chocolate\/turron-con-galleta-caramelizada\/#breadcrumb","itemListElement":[{"@type":"ListItem","position":1,"name":"Portada","item":"https:\/\/xocolalla.es\/tienda\/tienda\/"},{"@type":"ListItem","position":2,"name":"Tienda","item":"https:\/\/xocolalla.es\/tienda\/tienda\/"},{"@type":"ListItem","position":3,"name":"Turr\u00f3n de chocolate con galleta caramelizada."}]},{"@type":"WebSite","@id":"https:\/\/xocolalla.es\/tienda\/#website","url":"https:\/\/xocolalla.es\/tienda\/","name":"xocolalla.es","description":"El eCommerce de productos de chocolate","publisher":{"@id":"https:\/\/xocolalla.es\/tienda\/#organization"},"alternateName":"xocolalla.es","potentialAction":[{"@type":"SearchAction","target":{"@type":"EntryPoint","urlTemplate":"https:\/\/xocolalla.es\/tienda\/?s={search_term_string}"},"query-input":"required name=search_term_string"}],"inLanguage":"es"},{"@type":"Organization","@id":"https:\/\/xocolalla.es\/tienda\/#organization","name":"Xocolalla, S.L.","alternateName":"Xocolalla","url":"https:\/\/xocolalla.es\/tienda\/","logo":{"@type":"ImageObject","inLanguage":"es","@id":"https:\/\/xocolalla.es\/tienda\/#\/schema\/logo\/image\/","url":"https:\/\/xocolalla.es\/tienda\/wp-content\/uploads\/2022\/07\/cropped-cropped-Recurso-5.png","contentUrl":"https:\/\/xocolalla.es\/tienda\/wp-content\/uploads\/2022\/07\/cropped-cropped-Recurso-5.png","width":1664,"height":646,"caption":"Xocolalla, S.L."},"image":{"@id":"https:\/\/xocolalla.es\/tienda\/#\/schema\/logo\/image\/"}}]}},"_links":{"self":[{"href":"https:\/\/xocolalla.es\/tienda\/wp-json\/wp\/v2\/product\/2791","targetHints":{"allow":["GET"]}}],"collection":[{"href":"https:\/\/xocolalla.es\/tienda\/wp-json\/wp\/v2\/product"}],"about":[{"href":"https:\/\/xocolalla.es\/tienda\/wp-json\/wp\/v2\/types\/product"}],"replies":[{"embeddable":true,"href":"https:\/\/xocolalla.es\/tienda\/wp-json\/wp\/v2\/comments?post=2791"}],"wp:featuredmedia":[{"embeddable":true,"href":"https:\/\/xocolalla.es\/tienda\/wp-json\/wp\/v2\/media\/2792"}],"wp:attachment":[{"href":"https:\/\/xocolalla.es\/tienda\/wp-json\/wp\/v2\/media?parent=2791"}],"wp:term":[{"taxonomy":"product_cat","embeddable":true,"href":"https:\/\/xocolalla.es\/tienda\/wp-json\/wp\/v2\/product_cat?post=2791"},{"taxonomy":"product_tag","embeddable":true,"href":"https:\/\/xocolalla.es\/tienda\/wp-json\/wp\/v2\/product_tag?post=2791"}],"curies":[{"name":"wp","href":"https:\/\/api.w.org\/{rel}","templated":true}]}}