{"id":544,"date":"2022-07-14T15:28:56","date_gmt":"2022-07-14T15:28:56","guid":{"rendered":"https:\/\/xocolalla.es\/?post_type=product&#038;p=544"},"modified":"2024-11-22T18:22:16","modified_gmt":"2024-11-22T18:22:16","slug":"bombon-de-trufa-y-chocolate","status":"publish","type":"product","link":"https:\/\/xocolalla.es\/tienda\/bombones\/bombon-de-trufa-y-chocolate\/","title":{"rendered":"Bomb\u00f3n de Trufa y Chocolate Xocolalla"},"content":{"rendered":"<h2>Ingredientes Bomb\u00f3n trufa:<\/h2>\n<p>: Relleno (60%): Az\u00facar, aceite vegetal (girasol), cacao en polvo desgrasado, grasa vegetal totalmente hidrogenada (palmiste), <strong>LACTOSUERO<\/strong>, emulgente (lecitina de <strong>SOJA<\/strong> y E-476), aroma y vainillina. Cobertura de chocolate con <strong>LECHE<\/strong> (40%): Az\u00facar, manteca de cacao, pasta de cacao, <strong>LECHE<\/strong> desnatada en polvo y materia grasa <strong>LACTEA<\/strong> anhidra o <strong>LECHE<\/strong> en polvo, emulgente (lecitina de <strong>SOJA<\/strong>), aroma y vainillina.<\/p>\n<h3>Bomb\u00f3n de trufa<\/h3>\n<p>Nuestro bomb\u00f3n de trufa y chocolate es uno de los favoritos entre los amantes del chocolate. La trufa es una mezcla suave y cremosa de chocolate y crema.<\/p>\n<p>La trufa se mezcla con chocolate derretido para crear un relleno suave y sedoso, que luego se vierte en moldes de bombones y se enfr\u00eda hasta que se endurece. El resultado es un bomb\u00f3n suave y decadente, que se derrite en la boca y deja un sabor dulce y satisfactorio.<\/p>\n<p>El bomb\u00f3n de trufa y chocolate se puede encontrar en una variedad de formas y tama\u00f1os para satisfacer diferentes gustos.<\/p>\n<p>Adem\u00e1s de ser deliciosos, los bombones de trufa y chocolate tambi\u00e9n tienen algunos beneficios para la salud. El chocolate oscuro en particular, se ha demostrado que tiene beneficios antioxidantes y puede ayudar a reducir el riesgo de enfermedades card\u00edacas. Tambi\u00e9n se cree que la trufa puede tener algunos beneficios para la salud, como mejorar la circulaci\u00f3n sangu\u00ednea y ayudar a reducir la inflamaci\u00f3n.<\/p>\n<p>El bomb\u00f3n de trufa y chocolate es una excelente opci\u00f3n de regalo para cualquier ocasi\u00f3n, desde cumplea\u00f1os hasta bodas y aniversarios. Tambi\u00e9n son perfectos como un peque\u00f1o capricho para disfrutar en casa o en el trabajo.<\/p>\n<p>Nuestro bomb\u00f3n de trufa y chocolate es una deliciosa combinaci\u00f3n de chocolate y crema que es dif\u00edcil de resistir. Con una variedad de formas y tama\u00f1os disponibles, es f\u00e1cil encontrar una opci\u00f3n que satisfaga tus antojos dulces. As\u00ed que la pr\u00f3xima vez que busques un capricho dulce, aseg\u00farate de probar nuestros deliciosos bombones de trufa y chocolate.<\/p>\n","protected":false},"excerpt":{"rendered":"<h2>Bomb\u00f3n de Trufa y Chocolate.<\/h2>\n<p>Estuche de 100gr.<\/p>\n<p>El bomb\u00f3n de trufa es un cl\u00e1sico irresistible con su suave y cremosa textura y su sabor a chocolate intenso.<\/p>\n","protected":false},"featured_media":999,"comment_status":"open","ping_status":"closed","template":"","meta":{"site-sidebar-layout":"default","site-content-layout":"default","ast-global-header-display":"","ast-main-header-display":"","ast-hfb-above-header-display":"","ast-hfb-below-header-display":"","ast-hfb-mobile-header-display":"","site-post-title":"","ast-breadcrumbs-content":"","ast-featured-img":"","footer-sml-layout":"","theme-transparent-header-meta":"default","adv-header-id-meta":"","stick-header-meta":"default","header-above-stick-meta":"","header-main-stick-meta":"","header-below-stick-meta":"","_themeisle_gutenberg_block_has_review":false},"product_cat":[23],"product_tag":[],"class_list":["post-544","product","type-product","status-publish","has-post-thumbnail","hentry","product_cat-bombones","wcmi-has-gallery","ast-product-gallery-layout-horizontal-slider","ast-product-tabs-layout-horizontal"],"yoast_head":"<!-- This site is optimized with the Yoast SEO plugin v19.9 - https:\/\/yoast.com\/wordpress\/plugins\/seo\/ -->\n<title>Bomb\u00f3n de Trufa y Chocolate Xocolalla Xocolalla \u00a1Pru\u00e9balo!<\/title>\n<meta name=\"description\" content=\"Exquisito bomb\u00f3n de trufa ba\u00f1ado con chocolate artesano, \u00bfEstas preparad@ para la tentaci\u00f3n? \u00a1Entra en Xocolalla y sabor\u00e9alo!\" \/>\n<meta name=\"robots\" content=\"index, follow, max-snippet:-1, max-image-preview:large, max-video-preview:-1\" \/>\n<link rel=\"canonical\" href=\"https:\/\/xocolalla.es\/tienda\/bombones\/bombon-de-trufa-y-chocolate\/\" \/>\n<meta property=\"og:locale\" content=\"es_ES\" \/>\n<meta property=\"og:type\" content=\"article\" \/>\n<meta property=\"og:title\" content=\"Bomb\u00f3n de Trufa y Chocolate Xocolalla Xocolalla \u00a1Pru\u00e9balo!\" \/>\n<meta property=\"og:description\" content=\"Exquisito bomb\u00f3n de trufa ba\u00f1ado con chocolate artesano, \u00bfEstas preparad@ para la tentaci\u00f3n? \u00a1Entra en Xocolalla y sabor\u00e9alo!\" \/>\n<meta property=\"og:url\" content=\"https:\/\/xocolalla.es\/tienda\/bombones\/bombon-de-trufa-y-chocolate\/\" \/>\n<meta property=\"og:site_name\" content=\"Xocolalla\" \/>\n<meta property=\"article:modified_time\" content=\"2024-11-22T18:22:16+00:00\" \/>\n<meta property=\"og:image\" content=\"https:\/\/xocolalla.es\/tienda\/wp-content\/uploads\/2022\/10\/bolsa-surti.jpg43.jpg\" \/>\n\t<meta property=\"og:image:width\" content=\"1000\" \/>\n\t<meta property=\"og:image:height\" content=\"667\" \/>\n\t<meta property=\"og:image:type\" content=\"image\/jpeg\" \/>\n<meta name=\"twitter:card\" content=\"summary_large_image\" \/>\n<meta name=\"twitter:label1\" content=\"Tiempo de lectura\" \/>\n\t<meta name=\"twitter:data1\" content=\"2 minutos\" \/>\n<script type=\"application\/ld+json\" class=\"yoast-schema-graph\">{\"@context\":\"https:\/\/schema.org\",\"@graph\":[{\"@type\":\"WebPage\",\"@id\":\"https:\/\/xocolalla.es\/tienda\/bombones\/bombon-de-trufa-y-chocolate\/\",\"url\":\"https:\/\/xocolalla.es\/tienda\/bombones\/bombon-de-trufa-y-chocolate\/\",\"name\":\"Bomb\u00f3n de Trufa y Chocolate Xocolalla Xocolalla \u00a1Pru\u00e9balo!\",\"isPartOf\":{\"@id\":\"https:\/\/xocolalla.es\/tienda\/#website\"},\"datePublished\":\"2022-07-14T15:28:56+00:00\",\"dateModified\":\"2024-11-22T18:22:16+00:00\",\"description\":\"Exquisito bomb\u00f3n de trufa ba\u00f1ado con chocolate artesano, \u00bfEstas preparad@ para la tentaci\u00f3n? \u00a1Entra en Xocolalla y sabor\u00e9alo!\",\"breadcrumb\":{\"@id\":\"https:\/\/xocolalla.es\/tienda\/bombones\/bombon-de-trufa-y-chocolate\/#breadcrumb\"},\"inLanguage\":\"es\",\"potentialAction\":[{\"@type\":\"ReadAction\",\"target\":[\"https:\/\/xocolalla.es\/tienda\/bombones\/bombon-de-trufa-y-chocolate\/\"]}]},{\"@type\":\"BreadcrumbList\",\"@id\":\"https:\/\/xocolalla.es\/tienda\/bombones\/bombon-de-trufa-y-chocolate\/#breadcrumb\",\"itemListElement\":[{\"@type\":\"ListItem\",\"position\":1,\"name\":\"Portada\",\"item\":\"https:\/\/xocolalla.es\/tienda\/tienda\/\"},{\"@type\":\"ListItem\",\"position\":2,\"name\":\"Tienda\",\"item\":\"https:\/\/xocolalla.es\/tienda\/tienda\/\"},{\"@type\":\"ListItem\",\"position\":3,\"name\":\"Bomb\u00f3n de Trufa y Chocolate Xocolalla\"}]},{\"@type\":\"WebSite\",\"@id\":\"https:\/\/xocolalla.es\/tienda\/#website\",\"url\":\"https:\/\/xocolalla.es\/tienda\/\",\"name\":\"xocolalla.es\",\"description\":\"El eCommerce de productos de chocolate\",\"publisher\":{\"@id\":\"https:\/\/xocolalla.es\/tienda\/#organization\"},\"alternateName\":\"xocolalla.es\",\"potentialAction\":[{\"@type\":\"SearchAction\",\"target\":{\"@type\":\"EntryPoint\",\"urlTemplate\":\"https:\/\/xocolalla.es\/tienda\/?s={search_term_string}\"},\"query-input\":\"required name=search_term_string\"}],\"inLanguage\":\"es\"},{\"@type\":\"Organization\",\"@id\":\"https:\/\/xocolalla.es\/tienda\/#organization\",\"name\":\"Xocolalla, S.L.\",\"alternateName\":\"Xocolalla\",\"url\":\"https:\/\/xocolalla.es\/tienda\/\",\"logo\":{\"@type\":\"ImageObject\",\"inLanguage\":\"es\",\"@id\":\"https:\/\/xocolalla.es\/tienda\/#\/schema\/logo\/image\/\",\"url\":\"https:\/\/xocolalla.es\/tienda\/wp-content\/uploads\/2022\/07\/cropped-cropped-Recurso-5.png\",\"contentUrl\":\"https:\/\/xocolalla.es\/tienda\/wp-content\/uploads\/2022\/07\/cropped-cropped-Recurso-5.png\",\"width\":1664,\"height\":646,\"caption\":\"Xocolalla, S.L.\"},\"image\":{\"@id\":\"https:\/\/xocolalla.es\/tienda\/#\/schema\/logo\/image\/\"}}]}<\/script>\n<!-- \/ Yoast SEO plugin. -->","yoast_head_json":{"title":"Bomb\u00f3n de Trufa y Chocolate Xocolalla Xocolalla \u00a1Pru\u00e9balo!","description":"Exquisito bomb\u00f3n de trufa ba\u00f1ado con chocolate artesano, \u00bfEstas preparad@ para la tentaci\u00f3n? \u00a1Entra en Xocolalla y sabor\u00e9alo!","robots":{"index":"index","follow":"follow","max-snippet":"max-snippet:-1","max-image-preview":"max-image-preview:large","max-video-preview":"max-video-preview:-1"},"canonical":"https:\/\/xocolalla.es\/tienda\/bombones\/bombon-de-trufa-y-chocolate\/","og_locale":"es_ES","og_type":"article","og_title":"Bomb\u00f3n de Trufa y Chocolate Xocolalla Xocolalla \u00a1Pru\u00e9balo!","og_description":"Exquisito bomb\u00f3n de trufa ba\u00f1ado con chocolate artesano, \u00bfEstas preparad@ para la tentaci\u00f3n? \u00a1Entra en Xocolalla y sabor\u00e9alo!","og_url":"https:\/\/xocolalla.es\/tienda\/bombones\/bombon-de-trufa-y-chocolate\/","og_site_name":"Xocolalla","article_modified_time":"2024-11-22T18:22:16+00:00","og_image":[{"width":1000,"height":667,"url":"https:\/\/xocolalla.es\/tienda\/wp-content\/uploads\/2022\/10\/bolsa-surti.jpg43.jpg","type":"image\/jpeg"}],"twitter_card":"summary_large_image","twitter_misc":{"Tiempo de lectura":"2 minutos"},"schema":{"@context":"https:\/\/schema.org","@graph":[{"@type":"WebPage","@id":"https:\/\/xocolalla.es\/tienda\/bombones\/bombon-de-trufa-y-chocolate\/","url":"https:\/\/xocolalla.es\/tienda\/bombones\/bombon-de-trufa-y-chocolate\/","name":"Bomb\u00f3n de Trufa y Chocolate Xocolalla Xocolalla \u00a1Pru\u00e9balo!","isPartOf":{"@id":"https:\/\/xocolalla.es\/tienda\/#website"},"datePublished":"2022-07-14T15:28:56+00:00","dateModified":"2024-11-22T18:22:16+00:00","description":"Exquisito bomb\u00f3n de trufa ba\u00f1ado con chocolate artesano, \u00bfEstas preparad@ para la tentaci\u00f3n? \u00a1Entra en Xocolalla y sabor\u00e9alo!","breadcrumb":{"@id":"https:\/\/xocolalla.es\/tienda\/bombones\/bombon-de-trufa-y-chocolate\/#breadcrumb"},"inLanguage":"es","potentialAction":[{"@type":"ReadAction","target":["https:\/\/xocolalla.es\/tienda\/bombones\/bombon-de-trufa-y-chocolate\/"]}]},{"@type":"BreadcrumbList","@id":"https:\/\/xocolalla.es\/tienda\/bombones\/bombon-de-trufa-y-chocolate\/#breadcrumb","itemListElement":[{"@type":"ListItem","position":1,"name":"Portada","item":"https:\/\/xocolalla.es\/tienda\/tienda\/"},{"@type":"ListItem","position":2,"name":"Tienda","item":"https:\/\/xocolalla.es\/tienda\/tienda\/"},{"@type":"ListItem","position":3,"name":"Bomb\u00f3n de Trufa y Chocolate Xocolalla"}]},{"@type":"WebSite","@id":"https:\/\/xocolalla.es\/tienda\/#website","url":"https:\/\/xocolalla.es\/tienda\/","name":"xocolalla.es","description":"El eCommerce de productos de chocolate","publisher":{"@id":"https:\/\/xocolalla.es\/tienda\/#organization"},"alternateName":"xocolalla.es","potentialAction":[{"@type":"SearchAction","target":{"@type":"EntryPoint","urlTemplate":"https:\/\/xocolalla.es\/tienda\/?s={search_term_string}"},"query-input":"required name=search_term_string"}],"inLanguage":"es"},{"@type":"Organization","@id":"https:\/\/xocolalla.es\/tienda\/#organization","name":"Xocolalla, S.L.","alternateName":"Xocolalla","url":"https:\/\/xocolalla.es\/tienda\/","logo":{"@type":"ImageObject","inLanguage":"es","@id":"https:\/\/xocolalla.es\/tienda\/#\/schema\/logo\/image\/","url":"https:\/\/xocolalla.es\/tienda\/wp-content\/uploads\/2022\/07\/cropped-cropped-Recurso-5.png","contentUrl":"https:\/\/xocolalla.es\/tienda\/wp-content\/uploads\/2022\/07\/cropped-cropped-Recurso-5.png","width":1664,"height":646,"caption":"Xocolalla, S.L."},"image":{"@id":"https:\/\/xocolalla.es\/tienda\/#\/schema\/logo\/image\/"}}]}},"_links":{"self":[{"href":"https:\/\/xocolalla.es\/tienda\/wp-json\/wp\/v2\/product\/544","targetHints":{"allow":["GET"]}}],"collection":[{"href":"https:\/\/xocolalla.es\/tienda\/wp-json\/wp\/v2\/product"}],"about":[{"href":"https:\/\/xocolalla.es\/tienda\/wp-json\/wp\/v2\/types\/product"}],"replies":[{"embeddable":true,"href":"https:\/\/xocolalla.es\/tienda\/wp-json\/wp\/v2\/comments?post=544"}],"wp:featuredmedia":[{"embeddable":true,"href":"https:\/\/xocolalla.es\/tienda\/wp-json\/wp\/v2\/media\/999"}],"wp:attachment":[{"href":"https:\/\/xocolalla.es\/tienda\/wp-json\/wp\/v2\/media?parent=544"}],"wp:term":[{"taxonomy":"product_cat","embeddable":true,"href":"https:\/\/xocolalla.es\/tienda\/wp-json\/wp\/v2\/product_cat?post=544"},{"taxonomy":"product_tag","embeddable":true,"href":"https:\/\/xocolalla.es\/tienda\/wp-json\/wp\/v2\/product_tag?post=544"}],"curies":[{"name":"wp","href":"https:\/\/api.w.org\/{rel}","templated":true}]}}