{"id":546,"date":"2022-07-14T15:32:46","date_gmt":"2022-07-14T15:32:46","guid":{"rendered":"https:\/\/xocolalla.es\/?post_type=product&#038;p=546"},"modified":"2026-03-23T11:37:16","modified_gmt":"2026-03-23T11:37:16","slug":"bombon-de-chocolate-negro","status":"publish","type":"product","link":"https:\/\/xocolalla.es\/tienda\/bombones\/bombon-de-chocolate-negro\/","title":{"rendered":"Bomb\u00f3n de Chocolate Negro Xocolalla"},"content":{"rendered":"<h3>Ingredientes Bomb\u00f3n de Chocolate Negro 70 % Cacao<\/h3>\n<p>Relleno (60%): Az\u00facar, aceite vegetal de girasol, cacao en polvo desgrasado, grasa vegetal totalmente hidrogenada (palmiste), <strong>lactosuero<\/strong>, pasta de <strong>avellana<\/strong>, emulgente (lecitina de <strong>soja<\/strong> y E-476), aromas y vainillina. Cobertura de chocolate (40%): Pasta de cacao, az\u00facar, manteca de cacao, emulgente (lecitina de <strong>soja<\/strong>), aroma natural de vainilla. Cacao min 70%.<\/p>\n<h4>Bomb\u00f3n de Chocolate Negro 70 % Cacao<\/h4>\n<p>Delicioso bomb\u00f3n de chocolate negro con un contenido de cacao del 70%.\u00a0 Este tipo de bomb\u00f3n una elecci\u00f3n popular entre los amantes del chocolate que prefieren un sabor intenso y amargo. Su sabor robusto y su textura suave y cremosa, lo convierte en una opci\u00f3n ideal para los que disfrutan de un chocolate fuerte y sin dulzor.<\/p>\n<p>El chocolate negro con un contenido de cacao del 70% es rico en antioxidantes y minerales esenciales, lo que lo convierte en una opci\u00f3n m\u00e1s saludable. Adem\u00e1s, se ha demostrado que el cacao puede mejorar el estado de \u00e1nimo, aumentar la concentraci\u00f3n y reducir el estr\u00e9s.<\/p>\n<p>Los bombones de chocolate negro con un contenido de cacao del 70% se pueden encontrar en nuestra tienda en diferentes envases y peso:\u00a0 estuche de 100 gr., bote de 250 gr. y bolsa de 500 gr.<\/p>\n<p>La falta de az\u00facar significa que son una opci\u00f3n m\u00e1s saludable que los bombones de chocolate con dulzor.<\/p>\n<p>En conclusi\u00f3n, los bombones de chocolate negro con un contenido de cacao del 70% son una opci\u00f3n perfecta para los amantes del chocolate que prefieren un sabor fuerte y sin dulzor. Son ricos en antioxidantes y minerales esenciales y pueden mejorar el estado de \u00e1nimo y la concentraci\u00f3n.<\/p>\n","protected":false},"excerpt":{"rendered":"<h2>Bomb\u00f3n de chocolate negro 70% Cacao<\/h2>\n<p>Bomb\u00f3n elaborado artesanalmente.<br \/>\nPuedes adquirirlo con diferentes envases: Estuche de 100 gr., Bote de 250 gr. \u00f3 Bolsas de 500 gr.<\/p>\n","protected":false},"featured_media":1037,"comment_status":"open","ping_status":"closed","template":"","meta":{"site-sidebar-layout":"default","site-content-layout":"default","ast-global-header-display":"","ast-main-header-display":"","ast-hfb-above-header-display":"","ast-hfb-below-header-display":"","ast-hfb-mobile-header-display":"","site-post-title":"","ast-breadcrumbs-content":"","ast-featured-img":"","footer-sml-layout":"","theme-transparent-header-meta":"default","adv-header-id-meta":"","stick-header-meta":"default","header-above-stick-meta":"","header-main-stick-meta":"","header-below-stick-meta":"","_themeisle_gutenberg_block_has_review":false},"product_cat":[23],"product_tag":[],"class_list":["post-546","product","type-product","status-publish","has-post-thumbnail","hentry","product_cat-bombones","wcmi-has-gallery","ast-product-gallery-layout-horizontal-slider","ast-product-single-variable","ast-product-tabs-layout-horizontal"],"yoast_head":"<!-- This site is optimized with the Yoast SEO plugin v19.9 - https:\/\/yoast.com\/wordpress\/plugins\/seo\/ -->\n<title>Bomb\u00f3n de Chocolate Negro Xocolalla Xocolalla \u00a1Delicioso!<\/title>\n<meta name=\"description\" content=\"Bomb\u00f3n de chocolate negro. 70% elaborado artesanalmente. Calidad superior. Tradici\u00f3n Toledana Artesana. \u00a1Entra en Xocolalla!\" \/>\n<meta name=\"robots\" content=\"index, follow, max-snippet:-1, max-image-preview:large, max-video-preview:-1\" \/>\n<link rel=\"canonical\" href=\"https:\/\/xocolalla.es\/tienda\/bombones\/bombon-de-chocolate-negro\/\" \/>\n<meta property=\"og:locale\" content=\"es_ES\" \/>\n<meta property=\"og:type\" content=\"article\" \/>\n<meta property=\"og:title\" content=\"Bomb\u00f3n de Chocolate Negro Xocolalla Xocolalla \u00a1Delicioso!\" \/>\n<meta property=\"og:description\" content=\"Bomb\u00f3n de chocolate negro. 70% elaborado artesanalmente. Calidad superior. Tradici\u00f3n Toledana Artesana. \u00a1Entra en Xocolalla!\" \/>\n<meta property=\"og:url\" content=\"https:\/\/xocolalla.es\/tienda\/bombones\/bombon-de-chocolate-negro\/\" \/>\n<meta property=\"og:site_name\" content=\"Xocolalla\" \/>\n<meta property=\"article:modified_time\" content=\"2026-03-23T11:37:16+00:00\" \/>\n<meta property=\"og:image\" content=\"https:\/\/xocolalla.es\/tienda\/wp-content\/uploads\/2022\/07\/bolsa-surti.jpg35.jpg\" \/>\n\t<meta property=\"og:image:width\" content=\"1000\" \/>\n\t<meta property=\"og:image:height\" content=\"667\" \/>\n\t<meta property=\"og:image:type\" content=\"image\/jpeg\" \/>\n<meta name=\"twitter:card\" content=\"summary_large_image\" \/>\n<meta name=\"twitter:label1\" content=\"Tiempo de lectura\" \/>\n\t<meta name=\"twitter:data1\" content=\"2 minutos\" \/>\n<script type=\"application\/ld+json\" class=\"yoast-schema-graph\">{\"@context\":\"https:\/\/schema.org\",\"@graph\":[{\"@type\":\"WebPage\",\"@id\":\"https:\/\/xocolalla.es\/tienda\/bombones\/bombon-de-chocolate-negro\/\",\"url\":\"https:\/\/xocolalla.es\/tienda\/bombones\/bombon-de-chocolate-negro\/\",\"name\":\"Bomb\u00f3n de Chocolate Negro Xocolalla Xocolalla \u00a1Delicioso!\",\"isPartOf\":{\"@id\":\"https:\/\/xocolalla.es\/tienda\/#website\"},\"datePublished\":\"2022-07-14T15:32:46+00:00\",\"dateModified\":\"2026-03-23T11:37:16+00:00\",\"description\":\"Bomb\u00f3n de chocolate negro. 70% elaborado artesanalmente. Calidad superior. Tradici\u00f3n Toledana Artesana. \u00a1Entra en Xocolalla!\",\"breadcrumb\":{\"@id\":\"https:\/\/xocolalla.es\/tienda\/bombones\/bombon-de-chocolate-negro\/#breadcrumb\"},\"inLanguage\":\"es\",\"potentialAction\":[{\"@type\":\"ReadAction\",\"target\":[\"https:\/\/xocolalla.es\/tienda\/bombones\/bombon-de-chocolate-negro\/\"]}]},{\"@type\":\"BreadcrumbList\",\"@id\":\"https:\/\/xocolalla.es\/tienda\/bombones\/bombon-de-chocolate-negro\/#breadcrumb\",\"itemListElement\":[{\"@type\":\"ListItem\",\"position\":1,\"name\":\"Portada\",\"item\":\"https:\/\/xocolalla.es\/tienda\/tienda\/\"},{\"@type\":\"ListItem\",\"position\":2,\"name\":\"Tienda\",\"item\":\"https:\/\/xocolalla.es\/tienda\/tienda\/\"},{\"@type\":\"ListItem\",\"position\":3,\"name\":\"Bomb\u00f3n de Chocolate Negro Xocolalla\"}]},{\"@type\":\"WebSite\",\"@id\":\"https:\/\/xocolalla.es\/tienda\/#website\",\"url\":\"https:\/\/xocolalla.es\/tienda\/\",\"name\":\"xocolalla.es\",\"description\":\"El eCommerce de productos de chocolate\",\"publisher\":{\"@id\":\"https:\/\/xocolalla.es\/tienda\/#organization\"},\"alternateName\":\"xocolalla.es\",\"potentialAction\":[{\"@type\":\"SearchAction\",\"target\":{\"@type\":\"EntryPoint\",\"urlTemplate\":\"https:\/\/xocolalla.es\/tienda\/?s={search_term_string}\"},\"query-input\":\"required name=search_term_string\"}],\"inLanguage\":\"es\"},{\"@type\":\"Organization\",\"@id\":\"https:\/\/xocolalla.es\/tienda\/#organization\",\"name\":\"Xocolalla, S.L.\",\"alternateName\":\"Xocolalla\",\"url\":\"https:\/\/xocolalla.es\/tienda\/\",\"logo\":{\"@type\":\"ImageObject\",\"inLanguage\":\"es\",\"@id\":\"https:\/\/xocolalla.es\/tienda\/#\/schema\/logo\/image\/\",\"url\":\"https:\/\/xocolalla.es\/tienda\/wp-content\/uploads\/2022\/07\/cropped-cropped-Recurso-5.png\",\"contentUrl\":\"https:\/\/xocolalla.es\/tienda\/wp-content\/uploads\/2022\/07\/cropped-cropped-Recurso-5.png\",\"width\":1664,\"height\":646,\"caption\":\"Xocolalla, S.L.\"},\"image\":{\"@id\":\"https:\/\/xocolalla.es\/tienda\/#\/schema\/logo\/image\/\"}}]}<\/script>\n<!-- \/ Yoast SEO plugin. -->","yoast_head_json":{"title":"Bomb\u00f3n de Chocolate Negro Xocolalla Xocolalla \u00a1Delicioso!","description":"Bomb\u00f3n de chocolate negro. 70% elaborado artesanalmente. Calidad superior. Tradici\u00f3n Toledana Artesana. \u00a1Entra en Xocolalla!","robots":{"index":"index","follow":"follow","max-snippet":"max-snippet:-1","max-image-preview":"max-image-preview:large","max-video-preview":"max-video-preview:-1"},"canonical":"https:\/\/xocolalla.es\/tienda\/bombones\/bombon-de-chocolate-negro\/","og_locale":"es_ES","og_type":"article","og_title":"Bomb\u00f3n de Chocolate Negro Xocolalla Xocolalla \u00a1Delicioso!","og_description":"Bomb\u00f3n de chocolate negro. 70% elaborado artesanalmente. Calidad superior. Tradici\u00f3n Toledana Artesana. \u00a1Entra en Xocolalla!","og_url":"https:\/\/xocolalla.es\/tienda\/bombones\/bombon-de-chocolate-negro\/","og_site_name":"Xocolalla","article_modified_time":"2026-03-23T11:37:16+00:00","og_image":[{"width":1000,"height":667,"url":"https:\/\/xocolalla.es\/tienda\/wp-content\/uploads\/2022\/07\/bolsa-surti.jpg35.jpg","type":"image\/jpeg"}],"twitter_card":"summary_large_image","twitter_misc":{"Tiempo de lectura":"2 minutos"},"schema":{"@context":"https:\/\/schema.org","@graph":[{"@type":"WebPage","@id":"https:\/\/xocolalla.es\/tienda\/bombones\/bombon-de-chocolate-negro\/","url":"https:\/\/xocolalla.es\/tienda\/bombones\/bombon-de-chocolate-negro\/","name":"Bomb\u00f3n de Chocolate Negro Xocolalla Xocolalla \u00a1Delicioso!","isPartOf":{"@id":"https:\/\/xocolalla.es\/tienda\/#website"},"datePublished":"2022-07-14T15:32:46+00:00","dateModified":"2026-03-23T11:37:16+00:00","description":"Bomb\u00f3n de chocolate negro. 70% elaborado artesanalmente. Calidad superior. Tradici\u00f3n Toledana Artesana. \u00a1Entra en Xocolalla!","breadcrumb":{"@id":"https:\/\/xocolalla.es\/tienda\/bombones\/bombon-de-chocolate-negro\/#breadcrumb"},"inLanguage":"es","potentialAction":[{"@type":"ReadAction","target":["https:\/\/xocolalla.es\/tienda\/bombones\/bombon-de-chocolate-negro\/"]}]},{"@type":"BreadcrumbList","@id":"https:\/\/xocolalla.es\/tienda\/bombones\/bombon-de-chocolate-negro\/#breadcrumb","itemListElement":[{"@type":"ListItem","position":1,"name":"Portada","item":"https:\/\/xocolalla.es\/tienda\/tienda\/"},{"@type":"ListItem","position":2,"name":"Tienda","item":"https:\/\/xocolalla.es\/tienda\/tienda\/"},{"@type":"ListItem","position":3,"name":"Bomb\u00f3n de Chocolate Negro Xocolalla"}]},{"@type":"WebSite","@id":"https:\/\/xocolalla.es\/tienda\/#website","url":"https:\/\/xocolalla.es\/tienda\/","name":"xocolalla.es","description":"El eCommerce de productos de chocolate","publisher":{"@id":"https:\/\/xocolalla.es\/tienda\/#organization"},"alternateName":"xocolalla.es","potentialAction":[{"@type":"SearchAction","target":{"@type":"EntryPoint","urlTemplate":"https:\/\/xocolalla.es\/tienda\/?s={search_term_string}"},"query-input":"required name=search_term_string"}],"inLanguage":"es"},{"@type":"Organization","@id":"https:\/\/xocolalla.es\/tienda\/#organization","name":"Xocolalla, S.L.","alternateName":"Xocolalla","url":"https:\/\/xocolalla.es\/tienda\/","logo":{"@type":"ImageObject","inLanguage":"es","@id":"https:\/\/xocolalla.es\/tienda\/#\/schema\/logo\/image\/","url":"https:\/\/xocolalla.es\/tienda\/wp-content\/uploads\/2022\/07\/cropped-cropped-Recurso-5.png","contentUrl":"https:\/\/xocolalla.es\/tienda\/wp-content\/uploads\/2022\/07\/cropped-cropped-Recurso-5.png","width":1664,"height":646,"caption":"Xocolalla, S.L."},"image":{"@id":"https:\/\/xocolalla.es\/tienda\/#\/schema\/logo\/image\/"}}]}},"_links":{"self":[{"href":"https:\/\/xocolalla.es\/tienda\/wp-json\/wp\/v2\/product\/546","targetHints":{"allow":["GET"]}}],"collection":[{"href":"https:\/\/xocolalla.es\/tienda\/wp-json\/wp\/v2\/product"}],"about":[{"href":"https:\/\/xocolalla.es\/tienda\/wp-json\/wp\/v2\/types\/product"}],"replies":[{"embeddable":true,"href":"https:\/\/xocolalla.es\/tienda\/wp-json\/wp\/v2\/comments?post=546"}],"wp:featuredmedia":[{"embeddable":true,"href":"https:\/\/xocolalla.es\/tienda\/wp-json\/wp\/v2\/media\/1037"}],"wp:attachment":[{"href":"https:\/\/xocolalla.es\/tienda\/wp-json\/wp\/v2\/media?parent=546"}],"wp:term":[{"taxonomy":"product_cat","embeddable":true,"href":"https:\/\/xocolalla.es\/tienda\/wp-json\/wp\/v2\/product_cat?post=546"},{"taxonomy":"product_tag","embeddable":true,"href":"https:\/\/xocolalla.es\/tienda\/wp-json\/wp\/v2\/product_tag?post=546"}],"curies":[{"name":"wp","href":"https:\/\/api.w.org\/{rel}","templated":true}]}}