{"id":547,"date":"2022-07-14T15:38:41","date_gmt":"2022-07-14T15:38:41","guid":{"rendered":"https:\/\/xocolalla.es\/?post_type=product&#038;p=547"},"modified":"2025-04-11T19:27:21","modified_gmt":"2025-04-11T19:27:21","slug":"snack-de-chocolate-zombys","status":"publish","type":"product","link":"https:\/\/xocolalla.es\/tienda\/barritas-de-chocolate\/snack-de-chocolate-zombys\/","title":{"rendered":"Snack de Chocolate con crema de leche y avellanas Zombys"},"content":{"rendered":"<h2>Ingredientes Snack de chocolate.<\/h2>\n<h2><\/h2>\n<p>Relleno de LECHE y AVELLANAS (55%): Az\u00facar, aceite de girasol, grasa vegetal totalmente hidrogenada (coco), LECHE en polvo desnatada, LACTOSUERO, pasta de AVELLANA (7%), LECHE en polvo entera, emulgente (lecitina de SOJA) y aromas. Cobertura (32,5%): Grasa de palmiste totalmente hidrogenada, az\u00facar, lactosa en polvo, LECHE entera en polvo (7%), cacao en polvo desgrasado (4%), emulgente (lecitina de SOJA) y aromas. Oblea (12,5%): Harina de TRIGO, almid\u00f3n de ma\u00edz, emulgente (lecitina de SOJA), dextrosa, gasificante (E-500), y sal s\u00f3dica.<\/p>\n","protected":false},"excerpt":{"rendered":"<p>Zombys; crujiente barquillo relleno de crema de leche y avellana con cobertura de chocolate. Caja granel 2.150KG (96 Unid. Aprox.)<\/p>\n","protected":false},"featured_media":1064,"comment_status":"open","ping_status":"closed","template":"","meta":{"site-sidebar-layout":"default","site-content-layout":"default","ast-global-header-display":"","ast-main-header-display":"","ast-hfb-above-header-display":"","ast-hfb-below-header-display":"","ast-hfb-mobile-header-display":"","site-post-title":"","ast-breadcrumbs-content":"","ast-featured-img":"","footer-sml-layout":"","theme-transparent-header-meta":"default","adv-header-id-meta":"","stick-header-meta":"default","header-above-stick-meta":"","header-main-stick-meta":"","header-below-stick-meta":"","_themeisle_gutenberg_block_has_review":false},"product_cat":[26],"product_tag":[],"class_list":["post-547","product","type-product","status-publish","has-post-thumbnail","hentry","product_cat-barritas-de-chocolate","wcmi-has-gallery","ast-product-gallery-layout-horizontal-slider","ast-product-tabs-layout-horizontal"],"yoast_head":"<!-- This site is optimized with the Yoast SEO plugin v19.9 - https:\/\/yoast.com\/wordpress\/plugins\/seo\/ -->\n<title>Snack de Chocolate con crema de leche y avellanas Zombys Xocolalla<\/title>\n<meta name=\"description\" content=\"Delicioso snack de chocolate. Crujiente barquillo relleno de crema y avellana con cobertura de chocolate. \u00a1Sabor\u00e9alos ahora!\" \/>\n<meta name=\"robots\" content=\"index, follow, max-snippet:-1, max-image-preview:large, max-video-preview:-1\" \/>\n<link rel=\"canonical\" href=\"https:\/\/xocolalla.es\/tienda\/barritas-de-chocolate\/snack-de-chocolate-zombys\/\" \/>\n<meta property=\"og:locale\" content=\"es_ES\" \/>\n<meta property=\"og:type\" content=\"article\" \/>\n<meta property=\"og:title\" content=\"Snack de Chocolate con crema de leche y avellanas Zombys Xocolalla\" \/>\n<meta property=\"og:description\" content=\"Delicioso snack de chocolate. Crujiente barquillo relleno de crema y avellana con cobertura de chocolate. \u00a1Sabor\u00e9alos ahora!\" \/>\n<meta property=\"og:url\" content=\"https:\/\/xocolalla.es\/tienda\/barritas-de-chocolate\/snack-de-chocolate-zombys\/\" \/>\n<meta property=\"og:site_name\" content=\"Xocolalla\" \/>\n<meta property=\"article:modified_time\" content=\"2025-04-11T19:27:21+00:00\" \/>\n<meta property=\"og:image\" content=\"https:\/\/xocolalla.es\/tienda\/wp-content\/uploads\/2022\/10\/bolsa-surti.jpg19.jpg\" \/>\n\t<meta property=\"og:image:width\" content=\"1000\" \/>\n\t<meta property=\"og:image:height\" content=\"667\" \/>\n\t<meta property=\"og:image:type\" content=\"image\/jpeg\" \/>\n<meta name=\"twitter:card\" content=\"summary_large_image\" \/>\n<meta name=\"twitter:label1\" content=\"Tiempo de lectura\" \/>\n\t<meta name=\"twitter:data1\" content=\"1 minuto\" \/>\n<script type=\"application\/ld+json\" class=\"yoast-schema-graph\">{\"@context\":\"https:\/\/schema.org\",\"@graph\":[{\"@type\":\"WebPage\",\"@id\":\"https:\/\/xocolalla.es\/tienda\/barritas-de-chocolate\/snack-de-chocolate-zombys\/\",\"url\":\"https:\/\/xocolalla.es\/tienda\/barritas-de-chocolate\/snack-de-chocolate-zombys\/\",\"name\":\"Snack de Chocolate con crema de leche y avellanas Zombys Xocolalla\",\"isPartOf\":{\"@id\":\"https:\/\/xocolalla.es\/tienda\/#website\"},\"datePublished\":\"2022-07-14T15:38:41+00:00\",\"dateModified\":\"2025-04-11T19:27:21+00:00\",\"description\":\"Delicioso snack de chocolate. Crujiente barquillo relleno de crema y avellana con cobertura de chocolate. \u00a1Sabor\u00e9alos ahora!\",\"breadcrumb\":{\"@id\":\"https:\/\/xocolalla.es\/tienda\/barritas-de-chocolate\/snack-de-chocolate-zombys\/#breadcrumb\"},\"inLanguage\":\"es\",\"potentialAction\":[{\"@type\":\"ReadAction\",\"target\":[\"https:\/\/xocolalla.es\/tienda\/barritas-de-chocolate\/snack-de-chocolate-zombys\/\"]}]},{\"@type\":\"BreadcrumbList\",\"@id\":\"https:\/\/xocolalla.es\/tienda\/barritas-de-chocolate\/snack-de-chocolate-zombys\/#breadcrumb\",\"itemListElement\":[{\"@type\":\"ListItem\",\"position\":1,\"name\":\"Portada\",\"item\":\"https:\/\/xocolalla.es\/tienda\/tienda\/\"},{\"@type\":\"ListItem\",\"position\":2,\"name\":\"Tienda\",\"item\":\"https:\/\/xocolalla.es\/tienda\/tienda\/\"},{\"@type\":\"ListItem\",\"position\":3,\"name\":\"Snack de Chocolate con crema de leche y avellanas Zombys\"}]},{\"@type\":\"WebSite\",\"@id\":\"https:\/\/xocolalla.es\/tienda\/#website\",\"url\":\"https:\/\/xocolalla.es\/tienda\/\",\"name\":\"xocolalla.es\",\"description\":\"El eCommerce de productos de chocolate\",\"publisher\":{\"@id\":\"https:\/\/xocolalla.es\/tienda\/#organization\"},\"alternateName\":\"xocolalla.es\",\"potentialAction\":[{\"@type\":\"SearchAction\",\"target\":{\"@type\":\"EntryPoint\",\"urlTemplate\":\"https:\/\/xocolalla.es\/tienda\/?s={search_term_string}\"},\"query-input\":\"required name=search_term_string\"}],\"inLanguage\":\"es\"},{\"@type\":\"Organization\",\"@id\":\"https:\/\/xocolalla.es\/tienda\/#organization\",\"name\":\"Xocolalla, S.L.\",\"alternateName\":\"Xocolalla\",\"url\":\"https:\/\/xocolalla.es\/tienda\/\",\"logo\":{\"@type\":\"ImageObject\",\"inLanguage\":\"es\",\"@id\":\"https:\/\/xocolalla.es\/tienda\/#\/schema\/logo\/image\/\",\"url\":\"https:\/\/xocolalla.es\/tienda\/wp-content\/uploads\/2022\/07\/cropped-cropped-Recurso-5.png\",\"contentUrl\":\"https:\/\/xocolalla.es\/tienda\/wp-content\/uploads\/2022\/07\/cropped-cropped-Recurso-5.png\",\"width\":1664,\"height\":646,\"caption\":\"Xocolalla, S.L.\"},\"image\":{\"@id\":\"https:\/\/xocolalla.es\/tienda\/#\/schema\/logo\/image\/\"}}]}<\/script>\n<!-- \/ Yoast SEO plugin. -->","yoast_head_json":{"title":"Snack de Chocolate con crema de leche y avellanas Zombys Xocolalla","description":"Delicioso snack de chocolate. Crujiente barquillo relleno de crema y avellana con cobertura de chocolate. \u00a1Sabor\u00e9alos ahora!","robots":{"index":"index","follow":"follow","max-snippet":"max-snippet:-1","max-image-preview":"max-image-preview:large","max-video-preview":"max-video-preview:-1"},"canonical":"https:\/\/xocolalla.es\/tienda\/barritas-de-chocolate\/snack-de-chocolate-zombys\/","og_locale":"es_ES","og_type":"article","og_title":"Snack de Chocolate con crema de leche y avellanas Zombys Xocolalla","og_description":"Delicioso snack de chocolate. Crujiente barquillo relleno de crema y avellana con cobertura de chocolate. \u00a1Sabor\u00e9alos ahora!","og_url":"https:\/\/xocolalla.es\/tienda\/barritas-de-chocolate\/snack-de-chocolate-zombys\/","og_site_name":"Xocolalla","article_modified_time":"2025-04-11T19:27:21+00:00","og_image":[{"width":1000,"height":667,"url":"https:\/\/xocolalla.es\/tienda\/wp-content\/uploads\/2022\/10\/bolsa-surti.jpg19.jpg","type":"image\/jpeg"}],"twitter_card":"summary_large_image","twitter_misc":{"Tiempo de lectura":"1 minuto"},"schema":{"@context":"https:\/\/schema.org","@graph":[{"@type":"WebPage","@id":"https:\/\/xocolalla.es\/tienda\/barritas-de-chocolate\/snack-de-chocolate-zombys\/","url":"https:\/\/xocolalla.es\/tienda\/barritas-de-chocolate\/snack-de-chocolate-zombys\/","name":"Snack de Chocolate con crema de leche y avellanas Zombys Xocolalla","isPartOf":{"@id":"https:\/\/xocolalla.es\/tienda\/#website"},"datePublished":"2022-07-14T15:38:41+00:00","dateModified":"2025-04-11T19:27:21+00:00","description":"Delicioso snack de chocolate. Crujiente barquillo relleno de crema y avellana con cobertura de chocolate. \u00a1Sabor\u00e9alos ahora!","breadcrumb":{"@id":"https:\/\/xocolalla.es\/tienda\/barritas-de-chocolate\/snack-de-chocolate-zombys\/#breadcrumb"},"inLanguage":"es","potentialAction":[{"@type":"ReadAction","target":["https:\/\/xocolalla.es\/tienda\/barritas-de-chocolate\/snack-de-chocolate-zombys\/"]}]},{"@type":"BreadcrumbList","@id":"https:\/\/xocolalla.es\/tienda\/barritas-de-chocolate\/snack-de-chocolate-zombys\/#breadcrumb","itemListElement":[{"@type":"ListItem","position":1,"name":"Portada","item":"https:\/\/xocolalla.es\/tienda\/tienda\/"},{"@type":"ListItem","position":2,"name":"Tienda","item":"https:\/\/xocolalla.es\/tienda\/tienda\/"},{"@type":"ListItem","position":3,"name":"Snack de Chocolate con crema de leche y avellanas Zombys"}]},{"@type":"WebSite","@id":"https:\/\/xocolalla.es\/tienda\/#website","url":"https:\/\/xocolalla.es\/tienda\/","name":"xocolalla.es","description":"El eCommerce de productos de chocolate","publisher":{"@id":"https:\/\/xocolalla.es\/tienda\/#organization"},"alternateName":"xocolalla.es","potentialAction":[{"@type":"SearchAction","target":{"@type":"EntryPoint","urlTemplate":"https:\/\/xocolalla.es\/tienda\/?s={search_term_string}"},"query-input":"required name=search_term_string"}],"inLanguage":"es"},{"@type":"Organization","@id":"https:\/\/xocolalla.es\/tienda\/#organization","name":"Xocolalla, S.L.","alternateName":"Xocolalla","url":"https:\/\/xocolalla.es\/tienda\/","logo":{"@type":"ImageObject","inLanguage":"es","@id":"https:\/\/xocolalla.es\/tienda\/#\/schema\/logo\/image\/","url":"https:\/\/xocolalla.es\/tienda\/wp-content\/uploads\/2022\/07\/cropped-cropped-Recurso-5.png","contentUrl":"https:\/\/xocolalla.es\/tienda\/wp-content\/uploads\/2022\/07\/cropped-cropped-Recurso-5.png","width":1664,"height":646,"caption":"Xocolalla, S.L."},"image":{"@id":"https:\/\/xocolalla.es\/tienda\/#\/schema\/logo\/image\/"}}]}},"_links":{"self":[{"href":"https:\/\/xocolalla.es\/tienda\/wp-json\/wp\/v2\/product\/547","targetHints":{"allow":["GET"]}}],"collection":[{"href":"https:\/\/xocolalla.es\/tienda\/wp-json\/wp\/v2\/product"}],"about":[{"href":"https:\/\/xocolalla.es\/tienda\/wp-json\/wp\/v2\/types\/product"}],"replies":[{"embeddable":true,"href":"https:\/\/xocolalla.es\/tienda\/wp-json\/wp\/v2\/comments?post=547"}],"wp:featuredmedia":[{"embeddable":true,"href":"https:\/\/xocolalla.es\/tienda\/wp-json\/wp\/v2\/media\/1064"}],"wp:attachment":[{"href":"https:\/\/xocolalla.es\/tienda\/wp-json\/wp\/v2\/media?parent=547"}],"wp:term":[{"taxonomy":"product_cat","embeddable":true,"href":"https:\/\/xocolalla.es\/tienda\/wp-json\/wp\/v2\/product_cat?post=547"},{"taxonomy":"product_tag","embeddable":true,"href":"https:\/\/xocolalla.es\/tienda\/wp-json\/wp\/v2\/product_tag?post=547"}],"curies":[{"name":"wp","href":"https:\/\/api.w.org\/{rel}","templated":true}]}}