{"id":670,"date":"2022-07-21T10:43:21","date_gmt":"2022-07-21T10:43:21","guid":{"rendered":"https:\/\/xocolalla.es\/?post_type=product&#038;p=670"},"modified":"2025-10-23T09:44:44","modified_gmt":"2025-10-23T09:44:44","slug":"naranja-confitada-con-chocolate","status":"publish","type":"product","link":"https:\/\/xocolalla.es\/tienda\/frutas-chocolate\/naranja-confitada-con-chocolate\/","title":{"rendered":"Naranja confitada con chocolate Xocofruit"},"content":{"rendered":"<h2>Naranja confitada con chocolate Ingredientes:<\/h2>\n<p>Naranja confitada (67%): naranja, jarabe de glucosa y fructosa, az\u00facar, acidulante (E-330), conservador (E-200 y <strong>E-223<\/strong> (<strong>sulfitos<\/strong>)). Chocolate (33%): Az\u00facar, pasta de cacao, manteca de cacao, emulgente (lecitina de <strong>soja<\/strong>), aroma natural de vainilla). Cacao min: 70%.<\/p>\n<h2>Naranja ba\u00f1ada en Chocolate<\/h2>\n<p>La combinaci\u00f3n de naranja y chocolate tambi\u00e9n es una opci\u00f3n deliciosa y popular para los amantes del chocolate y los c\u00edtricos. Al igual que con el lim\u00f3n, la naranja aporta un sabor refrescante y \u00e1cido que se complementa muy bien con el sabor dulce del chocolate.<\/p>\n<p>Algunas personas prefieren la naranja ba\u00f1ada en chocolate con chocolate negro, ya que el amargor del chocolate puede equilibrar la dulzura de la naranja. Otras personas prefieren la naranja ba\u00f1ada en chocolate con chocolate con leche, ya que la suavidad del chocolate puede hacer que la naranja sea a\u00fan m\u00e1s dulce.<\/p>\n<p>Adem\u00e1s de ser deliciosa, esta combinaci\u00f3n tambi\u00e9n puede tener beneficios para la salud. La naranja es rica en vitamina C y antioxidantes, mientras que el chocolate negro tiene propiedades antioxidantes y puede ayudar a reducir la presi\u00f3n arterial.<\/p>\n<p>En resumen, la naranja ba\u00f1ada en chocolate es una opci\u00f3n sabrosa y saludable como postre o tentempi\u00e9.<\/p>\n","protected":false},"excerpt":{"rendered":"<p>Naranja ba\u00f1ada en chocolate negro 70%MIN. Cacao.<\/p>\n","protected":false},"featured_media":981,"comment_status":"open","ping_status":"closed","template":"","meta":{"site-sidebar-layout":"default","site-content-layout":"default","ast-global-header-display":"","ast-main-header-display":"","ast-hfb-above-header-display":"","ast-hfb-below-header-display":"","ast-hfb-mobile-header-display":"","site-post-title":"","ast-breadcrumbs-content":"","ast-featured-img":"","footer-sml-layout":"","theme-transparent-header-meta":"default","adv-header-id-meta":"","stick-header-meta":"default","header-above-stick-meta":"","header-main-stick-meta":"","header-below-stick-meta":"","_themeisle_gutenberg_block_has_review":false},"product_cat":[19],"product_tag":[],"class_list":["post-670","product","type-product","status-publish","has-post-thumbnail","hentry","product_cat-frutas-chocolate","wcmi-has-gallery","ast-product-gallery-layout-horizontal-slider","ast-product-single-variable","ast-product-tabs-layout-horizontal"],"yoast_head":"<!-- This site is optimized with the Yoast SEO plugin v19.9 - https:\/\/yoast.com\/wordpress\/plugins\/seo\/ -->\n<title>Naranja confitada con chocolate Xocofruit - Xocolalla<\/title>\n<meta name=\"description\" content=\"\u00bfBuscas una experiencia de sabor \u00fanica? Prueba nuestra deliciosa naranja confitada con chocolate y !Disfruta de una experiencia inolvidable!\" \/>\n<meta name=\"robots\" content=\"index, follow, max-snippet:-1, max-image-preview:large, max-video-preview:-1\" \/>\n<link rel=\"canonical\" href=\"https:\/\/xocolalla.es\/tienda\/frutas-chocolate\/naranja-confitada-con-chocolate\/\" \/>\n<meta property=\"og:locale\" content=\"es_ES\" \/>\n<meta property=\"og:type\" content=\"article\" \/>\n<meta property=\"og:title\" content=\"Naranja confitada con chocolate Xocofruit - Xocolalla\" \/>\n<meta property=\"og:description\" content=\"\u00bfBuscas una experiencia de sabor \u00fanica? Prueba nuestra deliciosa naranja confitada con chocolate y !Disfruta de una experiencia inolvidable!\" \/>\n<meta property=\"og:url\" content=\"https:\/\/xocolalla.es\/tienda\/frutas-chocolate\/naranja-confitada-con-chocolate\/\" \/>\n<meta property=\"og:site_name\" content=\"Xocolalla\" \/>\n<meta property=\"article:modified_time\" content=\"2025-10-23T09:44:44+00:00\" \/>\n<meta property=\"og:image\" content=\"https:\/\/xocolalla.es\/tienda\/wp-content\/uploads\/2022\/10\/Xocolalla-3.jpg\" \/>\n\t<meta property=\"og:image:width\" content=\"1000\" \/>\n\t<meta property=\"og:image:height\" content=\"667\" \/>\n\t<meta property=\"og:image:type\" content=\"image\/jpeg\" \/>\n<meta name=\"twitter:card\" content=\"summary_large_image\" \/>\n<meta name=\"twitter:label1\" content=\"Tiempo de lectura\" \/>\n\t<meta name=\"twitter:data1\" content=\"1 minuto\" \/>\n<script type=\"application\/ld+json\" class=\"yoast-schema-graph\">{\"@context\":\"https:\/\/schema.org\",\"@graph\":[{\"@type\":\"WebPage\",\"@id\":\"https:\/\/xocolalla.es\/tienda\/frutas-chocolate\/naranja-confitada-con-chocolate\/\",\"url\":\"https:\/\/xocolalla.es\/tienda\/frutas-chocolate\/naranja-confitada-con-chocolate\/\",\"name\":\"Naranja confitada con chocolate Xocofruit - Xocolalla\",\"isPartOf\":{\"@id\":\"https:\/\/xocolalla.es\/tienda\/#website\"},\"datePublished\":\"2022-07-21T10:43:21+00:00\",\"dateModified\":\"2025-10-23T09:44:44+00:00\",\"description\":\"\u00bfBuscas una experiencia de sabor \u00fanica? Prueba nuestra deliciosa naranja confitada con chocolate y !Disfruta de una experiencia inolvidable!\",\"breadcrumb\":{\"@id\":\"https:\/\/xocolalla.es\/tienda\/frutas-chocolate\/naranja-confitada-con-chocolate\/#breadcrumb\"},\"inLanguage\":\"es\",\"potentialAction\":[{\"@type\":\"ReadAction\",\"target\":[\"https:\/\/xocolalla.es\/tienda\/frutas-chocolate\/naranja-confitada-con-chocolate\/\"]}]},{\"@type\":\"BreadcrumbList\",\"@id\":\"https:\/\/xocolalla.es\/tienda\/frutas-chocolate\/naranja-confitada-con-chocolate\/#breadcrumb\",\"itemListElement\":[{\"@type\":\"ListItem\",\"position\":1,\"name\":\"Portada\",\"item\":\"https:\/\/xocolalla.es\/tienda\/tienda\/\"},{\"@type\":\"ListItem\",\"position\":2,\"name\":\"Tienda\",\"item\":\"https:\/\/xocolalla.es\/tienda\/tienda\/\"},{\"@type\":\"ListItem\",\"position\":3,\"name\":\"Naranja confitada con chocolate Xocofruit\"}]},{\"@type\":\"WebSite\",\"@id\":\"https:\/\/xocolalla.es\/tienda\/#website\",\"url\":\"https:\/\/xocolalla.es\/tienda\/\",\"name\":\"xocolalla.es\",\"description\":\"El eCommerce de productos de chocolate\",\"publisher\":{\"@id\":\"https:\/\/xocolalla.es\/tienda\/#organization\"},\"alternateName\":\"xocolalla.es\",\"potentialAction\":[{\"@type\":\"SearchAction\",\"target\":{\"@type\":\"EntryPoint\",\"urlTemplate\":\"https:\/\/xocolalla.es\/tienda\/?s={search_term_string}\"},\"query-input\":\"required name=search_term_string\"}],\"inLanguage\":\"es\"},{\"@type\":\"Organization\",\"@id\":\"https:\/\/xocolalla.es\/tienda\/#organization\",\"name\":\"Xocolalla, S.L.\",\"alternateName\":\"Xocolalla\",\"url\":\"https:\/\/xocolalla.es\/tienda\/\",\"logo\":{\"@type\":\"ImageObject\",\"inLanguage\":\"es\",\"@id\":\"https:\/\/xocolalla.es\/tienda\/#\/schema\/logo\/image\/\",\"url\":\"https:\/\/xocolalla.es\/tienda\/wp-content\/uploads\/2022\/07\/cropped-cropped-Recurso-5.png\",\"contentUrl\":\"https:\/\/xocolalla.es\/tienda\/wp-content\/uploads\/2022\/07\/cropped-cropped-Recurso-5.png\",\"width\":1664,\"height\":646,\"caption\":\"Xocolalla, S.L.\"},\"image\":{\"@id\":\"https:\/\/xocolalla.es\/tienda\/#\/schema\/logo\/image\/\"}}]}<\/script>\n<!-- \/ Yoast SEO plugin. -->","yoast_head_json":{"title":"Naranja confitada con chocolate Xocofruit - Xocolalla","description":"\u00bfBuscas una experiencia de sabor \u00fanica? Prueba nuestra deliciosa naranja confitada con chocolate y !Disfruta de una experiencia inolvidable!","robots":{"index":"index","follow":"follow","max-snippet":"max-snippet:-1","max-image-preview":"max-image-preview:large","max-video-preview":"max-video-preview:-1"},"canonical":"https:\/\/xocolalla.es\/tienda\/frutas-chocolate\/naranja-confitada-con-chocolate\/","og_locale":"es_ES","og_type":"article","og_title":"Naranja confitada con chocolate Xocofruit - Xocolalla","og_description":"\u00bfBuscas una experiencia de sabor \u00fanica? Prueba nuestra deliciosa naranja confitada con chocolate y !Disfruta de una experiencia inolvidable!","og_url":"https:\/\/xocolalla.es\/tienda\/frutas-chocolate\/naranja-confitada-con-chocolate\/","og_site_name":"Xocolalla","article_modified_time":"2025-10-23T09:44:44+00:00","og_image":[{"width":1000,"height":667,"url":"https:\/\/xocolalla.es\/tienda\/wp-content\/uploads\/2022\/10\/Xocolalla-3.jpg","type":"image\/jpeg"}],"twitter_card":"summary_large_image","twitter_misc":{"Tiempo de lectura":"1 minuto"},"schema":{"@context":"https:\/\/schema.org","@graph":[{"@type":"WebPage","@id":"https:\/\/xocolalla.es\/tienda\/frutas-chocolate\/naranja-confitada-con-chocolate\/","url":"https:\/\/xocolalla.es\/tienda\/frutas-chocolate\/naranja-confitada-con-chocolate\/","name":"Naranja confitada con chocolate Xocofruit - Xocolalla","isPartOf":{"@id":"https:\/\/xocolalla.es\/tienda\/#website"},"datePublished":"2022-07-21T10:43:21+00:00","dateModified":"2025-10-23T09:44:44+00:00","description":"\u00bfBuscas una experiencia de sabor \u00fanica? Prueba nuestra deliciosa naranja confitada con chocolate y !Disfruta de una experiencia inolvidable!","breadcrumb":{"@id":"https:\/\/xocolalla.es\/tienda\/frutas-chocolate\/naranja-confitada-con-chocolate\/#breadcrumb"},"inLanguage":"es","potentialAction":[{"@type":"ReadAction","target":["https:\/\/xocolalla.es\/tienda\/frutas-chocolate\/naranja-confitada-con-chocolate\/"]}]},{"@type":"BreadcrumbList","@id":"https:\/\/xocolalla.es\/tienda\/frutas-chocolate\/naranja-confitada-con-chocolate\/#breadcrumb","itemListElement":[{"@type":"ListItem","position":1,"name":"Portada","item":"https:\/\/xocolalla.es\/tienda\/tienda\/"},{"@type":"ListItem","position":2,"name":"Tienda","item":"https:\/\/xocolalla.es\/tienda\/tienda\/"},{"@type":"ListItem","position":3,"name":"Naranja confitada con chocolate Xocofruit"}]},{"@type":"WebSite","@id":"https:\/\/xocolalla.es\/tienda\/#website","url":"https:\/\/xocolalla.es\/tienda\/","name":"xocolalla.es","description":"El eCommerce de productos de chocolate","publisher":{"@id":"https:\/\/xocolalla.es\/tienda\/#organization"},"alternateName":"xocolalla.es","potentialAction":[{"@type":"SearchAction","target":{"@type":"EntryPoint","urlTemplate":"https:\/\/xocolalla.es\/tienda\/?s={search_term_string}"},"query-input":"required name=search_term_string"}],"inLanguage":"es"},{"@type":"Organization","@id":"https:\/\/xocolalla.es\/tienda\/#organization","name":"Xocolalla, S.L.","alternateName":"Xocolalla","url":"https:\/\/xocolalla.es\/tienda\/","logo":{"@type":"ImageObject","inLanguage":"es","@id":"https:\/\/xocolalla.es\/tienda\/#\/schema\/logo\/image\/","url":"https:\/\/xocolalla.es\/tienda\/wp-content\/uploads\/2022\/07\/cropped-cropped-Recurso-5.png","contentUrl":"https:\/\/xocolalla.es\/tienda\/wp-content\/uploads\/2022\/07\/cropped-cropped-Recurso-5.png","width":1664,"height":646,"caption":"Xocolalla, S.L."},"image":{"@id":"https:\/\/xocolalla.es\/tienda\/#\/schema\/logo\/image\/"}}]}},"_links":{"self":[{"href":"https:\/\/xocolalla.es\/tienda\/wp-json\/wp\/v2\/product\/670","targetHints":{"allow":["GET"]}}],"collection":[{"href":"https:\/\/xocolalla.es\/tienda\/wp-json\/wp\/v2\/product"}],"about":[{"href":"https:\/\/xocolalla.es\/tienda\/wp-json\/wp\/v2\/types\/product"}],"replies":[{"embeddable":true,"href":"https:\/\/xocolalla.es\/tienda\/wp-json\/wp\/v2\/comments?post=670"}],"wp:featuredmedia":[{"embeddable":true,"href":"https:\/\/xocolalla.es\/tienda\/wp-json\/wp\/v2\/media\/981"}],"wp:attachment":[{"href":"https:\/\/xocolalla.es\/tienda\/wp-json\/wp\/v2\/media?parent=670"}],"wp:term":[{"taxonomy":"product_cat","embeddable":true,"href":"https:\/\/xocolalla.es\/tienda\/wp-json\/wp\/v2\/product_cat?post=670"},{"taxonomy":"product_tag","embeddable":true,"href":"https:\/\/xocolalla.es\/tienda\/wp-json\/wp\/v2\/product_tag?post=670"}],"curies":[{"name":"wp","href":"https:\/\/api.w.org\/{rel}","templated":true}]}}