{"id":994,"date":"2022-10-19T10:29:30","date_gmt":"2022-10-19T10:29:30","guid":{"rendered":"https:\/\/xocolalla.es\/?post_type=product&#038;p=994"},"modified":"2024-11-22T18:06:40","modified_gmt":"2024-11-22T18:06:40","slug":"surtido-de-bombones","status":"publish","type":"product","link":"https:\/\/xocolalla.es\/tienda\/bombones\/surtido-de-bombones\/","title":{"rendered":"Surtido de bombones Xocolalla"},"content":{"rendered":"<h2>Surtido de Bombones Ingredientes:<\/h2>\n<p>&nbsp;<\/p>\n<p>Relleno (60%):\u00a0 Az\u00facar, aceite vegetal (girasol), grasa vegetal totalmente hidrogenada (palmiste), cacao en polvo desgrasado, <strong>LACTOSUERO<\/strong>, pasta de <strong>AVELLANA<\/strong>, pasta de <strong>ALMENDRA<\/strong>, <strong>LECHE <\/strong>en polvo desnatada, dulce de <strong>LECHE, LACTOSA,<\/strong> caf\u00e9 soluble, emulgentes (lecitina de SOJA y E-476), aroma y vainillina. Cobertura de chocolate con<strong> LECHE<\/strong> (40%): Az\u00facar, manteca de cacao, pasta de cacao, <strong>LECHE <\/strong>desnatada en polvo y materia grasa <strong>LACTEA <\/strong>anhidra o <strong>LECHE <\/strong>en polvo, emulgente (lecitina de SOJA), aroma y vainillina.<\/p>\n<h2>Bombones surtidos<\/h2>\n<div class=\"flex-1 overflow-hidden\">\n<div class=\"react-scroll-to-bottom--css-oagfh-79elbk h-full dark:bg-gray-800\">\n<div class=\"react-scroll-to-bottom--css-oagfh-1n7m0yu\">\n<div class=\"flex flex-col items-center text-sm dark:bg-gray-800\">\n<div class=\"w-full border-b border-black\/10 dark:border-gray-900\/50 text-gray-800 dark:text-gray-100 group bg-gray-50 dark:bg-[#444654]\">\n<div class=\"text-base gap-4 md:gap-6 m-auto md:max-w-2xl lg:max-w-2xl xl:max-w-3xl p-4 md:py-6 flex lg:px-0\">\n<div class=\"relative flex w-[calc(100%-50px)] flex-col gap-1 md:gap-3 lg:w-[calc(100%-115px)]\">\n<div class=\"flex flex-grow flex-col gap-3\">\n<div class=\"min-h-[20px] flex flex-col items-start gap-4 whitespace-pre-wrap\">\n<div class=\"markdown prose w-full break-words dark:prose-invert light\">\n<p>Los bombones surtidos de varios sabores son una opci\u00f3n popular para aquellos que disfrutan de la variedad y la emoci\u00f3n de probar diferentes sabores y texturas de chocolate. Estos bombones pueden incluir sabores cl\u00e1sicos como la trufa y el chocolate negro, as\u00ed como combinaciones m\u00e1s interesantes, como caf\u00e9, caramelo, almendras y avellanas.<\/p>\n<p>El caf\u00e9 es un sabor popular en los bombones, ya que la mezcla de chocolate y caf\u00e9 crea una combinaci\u00f3n \u00fanica y deliciosa. El caramelo tambi\u00e9n es una opci\u00f3n popular, y se puede utilizar para rellenar bombones con diferentes tipos de chocolate. La trufa, como se mencion\u00f3 anteriormente, es una mezcla cremosa de chocolate y crema que a menudo se aromatiza con diferentes sabores para crear una experiencia de sabor \u00fanica.<\/p>\n<h3>Chocolates surtidos<\/h3>\n<p>Los bombones de chocolate negro son otra opci\u00f3n popular en un surtido de sabores, ya que el chocolate negro tiene un sabor intenso y una textura suave que complementa bien los rellenos cremosos y los sabores m\u00e1s dulces. Las almendras y avellanas tambi\u00e9n son comunes en los bombones surtidos, ya que su sabor y textura crujiente agregan un contraste interesante al chocolate suave.<\/p>\n<p>Los bombones surtidos tambi\u00e9n pueden presentarse en una variedad de formas y tama\u00f1os, desde peque\u00f1os bocados hasta barras de chocolate rellenas de diferentes sabores. Esta variedad hace que los bombones surtidos sean una excelente opci\u00f3n de regalo, ya que es f\u00e1cil encontrar una opci\u00f3n que se adapte a los gustos y preferencias de cualquier persona.<\/p>\n<p>Nuestros bombones surtidos de varios sabores son una excelente opci\u00f3n para aquellos que disfrutan de la variedad y la emoci\u00f3n de probar diferentes sabores y texturas de chocolate. Desde los cl\u00e1sicos sabores de trufa y chocolate negro hasta combinaciones m\u00e1s interesantes como caf\u00e9, caramelo, almendras y avellanas, los bombones surtidos ofrecen una experiencia de sabor \u00fanica y deliciosa. Adem\u00e1s, su variedad de formas y tama\u00f1os los hace una excelente opci\u00f3n para regalar a cualquier persona en cualquier ocasi\u00f3n.<\/p>\n<\/div>\n<\/div>\n<\/div>\n<div class=\"flex justify-between\">\n<div class=\"text-gray-400 flex self-end lg:self-center justify-center mt-2 gap-3 md:gap-4 lg:gap-1 lg:absolute lg:top-0 lg:translate-x-full lg:right-0 lg:mt-0 lg:pl-2 visible\"><\/div>\n<\/div>\n<\/div>\n<\/div>\n<\/div>\n<div class=\"w-full h-32 md:h-48 flex-shrink-0\"><\/div>\n<\/div>\n<p>&nbsp;<\/p>\n<\/div>\n<\/div>\n<\/div>\n<div class=\"absolute bottom-0 left-0 w-full border-t md:border-t-0 dark:border-white\/20 md:border-transparent md:dark:border-transparent md:bg-vert-light-gradient bg-white dark:bg-gray-800 md:!bg-transparent dark:md:bg-vert-dark-gradient\">\n<form class=\"stretch mx-2 flex flex-row gap-3 pt-2 last:mb-2 md:last:mb-6 lg:mx-auto lg:max-w-3xl lg:pt-6\">\n<div class=\"relative flex h-full flex-1 md:flex-col\">\n<div class=\"flex ml-1 mt-1.5 md:w-full md:m-auto md:mb-2 gap-0 md:gap-2 justify-center\"><\/div>\n<\/div>\n<\/form>\n<\/div>\n<p>&nbsp;<\/p>\n","protected":false},"excerpt":{"rendered":"<p>Bombones surtidos caja a granel 2,5kg &#8211; bolsa 100gr &#8211; bolsa 500gr &#8211; bote 250gr.<\/p>\n<p>Sabores: almendra, avellana, caf\u00e9, caramelo y trufa.<\/p>\n","protected":false},"featured_media":983,"comment_status":"open","ping_status":"closed","template":"","meta":{"site-sidebar-layout":"default","site-content-layout":"default","ast-global-header-display":"","ast-main-header-display":"","ast-hfb-above-header-display":"","ast-hfb-below-header-display":"","ast-hfb-mobile-header-display":"","site-post-title":"","ast-breadcrumbs-content":"","ast-featured-img":"","footer-sml-layout":"","theme-transparent-header-meta":"default","adv-header-id-meta":"","stick-header-meta":"default","header-above-stick-meta":"","header-main-stick-meta":"","header-below-stick-meta":"","_themeisle_gutenberg_block_has_review":false},"product_cat":[23],"product_tag":[],"class_list":["post-994","product","type-product","status-publish","has-post-thumbnail","hentry","product_cat-bombones","wcmi-has-gallery","ast-product-gallery-layout-horizontal-slider","ast-product-single-variable","ast-product-tabs-layout-horizontal"],"yoast_head":"<!-- This site is optimized with the Yoast SEO plugin v19.9 - https:\/\/yoast.com\/wordpress\/plugins\/seo\/ -->\n<title>Surtido de bombones Xocolalla varios sabores Xocolalla<\/title>\n<meta name=\"description\" content=\"Saborea nuestro surtido de bombones de chocolate negro, caf\u00e9, trufa, caramelo, con avellanas y almendras. \u00a1Entra en Xocolalla!\" \/>\n<meta name=\"robots\" content=\"index, follow, max-snippet:-1, max-image-preview:large, max-video-preview:-1\" \/>\n<link rel=\"canonical\" href=\"https:\/\/xocolalla.es\/tienda\/bombones\/surtido-de-bombones\/\" \/>\n<meta property=\"og:locale\" content=\"es_ES\" \/>\n<meta property=\"og:type\" content=\"article\" \/>\n<meta property=\"og:title\" content=\"Surtido de bombones Xocolalla varios sabores Xocolalla\" \/>\n<meta property=\"og:description\" content=\"Saborea nuestro surtido de bombones de chocolate negro, caf\u00e9, trufa, caramelo, con avellanas y almendras. \u00a1Entra en Xocolalla!\" \/>\n<meta property=\"og:url\" content=\"https:\/\/xocolalla.es\/tienda\/bombones\/surtido-de-bombones\/\" \/>\n<meta property=\"og:site_name\" content=\"Xocolalla\" \/>\n<meta property=\"article:modified_time\" content=\"2024-11-22T18:06:40+00:00\" \/>\n<meta property=\"og:image\" content=\"https:\/\/xocolalla.es\/tienda\/wp-content\/uploads\/2022\/10\/bolsa-surti.jpg7_.jpg\" \/>\n\t<meta property=\"og:image:width\" content=\"1000\" \/>\n\t<meta property=\"og:image:height\" content=\"667\" \/>\n\t<meta property=\"og:image:type\" content=\"image\/jpeg\" \/>\n<meta name=\"twitter:card\" content=\"summary_large_image\" \/>\n<meta name=\"twitter:label1\" content=\"Tiempo de lectura\" \/>\n\t<meta name=\"twitter:data1\" content=\"2 minutos\" \/>\n<script type=\"application\/ld+json\" class=\"yoast-schema-graph\">{\"@context\":\"https:\/\/schema.org\",\"@graph\":[{\"@type\":\"WebPage\",\"@id\":\"https:\/\/xocolalla.es\/tienda\/bombones\/surtido-de-bombones\/\",\"url\":\"https:\/\/xocolalla.es\/tienda\/bombones\/surtido-de-bombones\/\",\"name\":\"Surtido de bombones Xocolalla varios sabores Xocolalla\",\"isPartOf\":{\"@id\":\"https:\/\/xocolalla.es\/tienda\/#website\"},\"datePublished\":\"2022-10-19T10:29:30+00:00\",\"dateModified\":\"2024-11-22T18:06:40+00:00\",\"description\":\"Saborea nuestro surtido de bombones de chocolate negro, caf\u00e9, trufa, caramelo, con avellanas y almendras. \u00a1Entra en Xocolalla!\",\"breadcrumb\":{\"@id\":\"https:\/\/xocolalla.es\/tienda\/bombones\/surtido-de-bombones\/#breadcrumb\"},\"inLanguage\":\"es\",\"potentialAction\":[{\"@type\":\"ReadAction\",\"target\":[\"https:\/\/xocolalla.es\/tienda\/bombones\/surtido-de-bombones\/\"]}]},{\"@type\":\"BreadcrumbList\",\"@id\":\"https:\/\/xocolalla.es\/tienda\/bombones\/surtido-de-bombones\/#breadcrumb\",\"itemListElement\":[{\"@type\":\"ListItem\",\"position\":1,\"name\":\"Portada\",\"item\":\"https:\/\/xocolalla.es\/tienda\/tienda\/\"},{\"@type\":\"ListItem\",\"position\":2,\"name\":\"Tienda\",\"item\":\"https:\/\/xocolalla.es\/tienda\/tienda\/\"},{\"@type\":\"ListItem\",\"position\":3,\"name\":\"Surtido de bombones Xocolalla\"}]},{\"@type\":\"WebSite\",\"@id\":\"https:\/\/xocolalla.es\/tienda\/#website\",\"url\":\"https:\/\/xocolalla.es\/tienda\/\",\"name\":\"xocolalla.es\",\"description\":\"El eCommerce de productos de chocolate\",\"publisher\":{\"@id\":\"https:\/\/xocolalla.es\/tienda\/#organization\"},\"alternateName\":\"xocolalla.es\",\"potentialAction\":[{\"@type\":\"SearchAction\",\"target\":{\"@type\":\"EntryPoint\",\"urlTemplate\":\"https:\/\/xocolalla.es\/tienda\/?s={search_term_string}\"},\"query-input\":\"required name=search_term_string\"}],\"inLanguage\":\"es\"},{\"@type\":\"Organization\",\"@id\":\"https:\/\/xocolalla.es\/tienda\/#organization\",\"name\":\"Xocolalla, S.L.\",\"alternateName\":\"Xocolalla\",\"url\":\"https:\/\/xocolalla.es\/tienda\/\",\"logo\":{\"@type\":\"ImageObject\",\"inLanguage\":\"es\",\"@id\":\"https:\/\/xocolalla.es\/tienda\/#\/schema\/logo\/image\/\",\"url\":\"https:\/\/xocolalla.es\/tienda\/wp-content\/uploads\/2022\/07\/cropped-cropped-Recurso-5.png\",\"contentUrl\":\"https:\/\/xocolalla.es\/tienda\/wp-content\/uploads\/2022\/07\/cropped-cropped-Recurso-5.png\",\"width\":1664,\"height\":646,\"caption\":\"Xocolalla, S.L.\"},\"image\":{\"@id\":\"https:\/\/xocolalla.es\/tienda\/#\/schema\/logo\/image\/\"}}]}<\/script>\n<!-- \/ Yoast SEO plugin. -->","yoast_head_json":{"title":"Surtido de bombones Xocolalla varios sabores Xocolalla","description":"Saborea nuestro surtido de bombones de chocolate negro, caf\u00e9, trufa, caramelo, con avellanas y almendras. \u00a1Entra en Xocolalla!","robots":{"index":"index","follow":"follow","max-snippet":"max-snippet:-1","max-image-preview":"max-image-preview:large","max-video-preview":"max-video-preview:-1"},"canonical":"https:\/\/xocolalla.es\/tienda\/bombones\/surtido-de-bombones\/","og_locale":"es_ES","og_type":"article","og_title":"Surtido de bombones Xocolalla varios sabores Xocolalla","og_description":"Saborea nuestro surtido de bombones de chocolate negro, caf\u00e9, trufa, caramelo, con avellanas y almendras. \u00a1Entra en Xocolalla!","og_url":"https:\/\/xocolalla.es\/tienda\/bombones\/surtido-de-bombones\/","og_site_name":"Xocolalla","article_modified_time":"2024-11-22T18:06:40+00:00","og_image":[{"width":1000,"height":667,"url":"https:\/\/xocolalla.es\/tienda\/wp-content\/uploads\/2022\/10\/bolsa-surti.jpg7_.jpg","type":"image\/jpeg"}],"twitter_card":"summary_large_image","twitter_misc":{"Tiempo de lectura":"2 minutos"},"schema":{"@context":"https:\/\/schema.org","@graph":[{"@type":"WebPage","@id":"https:\/\/xocolalla.es\/tienda\/bombones\/surtido-de-bombones\/","url":"https:\/\/xocolalla.es\/tienda\/bombones\/surtido-de-bombones\/","name":"Surtido de bombones Xocolalla varios sabores Xocolalla","isPartOf":{"@id":"https:\/\/xocolalla.es\/tienda\/#website"},"datePublished":"2022-10-19T10:29:30+00:00","dateModified":"2024-11-22T18:06:40+00:00","description":"Saborea nuestro surtido de bombones de chocolate negro, caf\u00e9, trufa, caramelo, con avellanas y almendras. \u00a1Entra en Xocolalla!","breadcrumb":{"@id":"https:\/\/xocolalla.es\/tienda\/bombones\/surtido-de-bombones\/#breadcrumb"},"inLanguage":"es","potentialAction":[{"@type":"ReadAction","target":["https:\/\/xocolalla.es\/tienda\/bombones\/surtido-de-bombones\/"]}]},{"@type":"BreadcrumbList","@id":"https:\/\/xocolalla.es\/tienda\/bombones\/surtido-de-bombones\/#breadcrumb","itemListElement":[{"@type":"ListItem","position":1,"name":"Portada","item":"https:\/\/xocolalla.es\/tienda\/tienda\/"},{"@type":"ListItem","position":2,"name":"Tienda","item":"https:\/\/xocolalla.es\/tienda\/tienda\/"},{"@type":"ListItem","position":3,"name":"Surtido de bombones Xocolalla"}]},{"@type":"WebSite","@id":"https:\/\/xocolalla.es\/tienda\/#website","url":"https:\/\/xocolalla.es\/tienda\/","name":"xocolalla.es","description":"El eCommerce de productos de chocolate","publisher":{"@id":"https:\/\/xocolalla.es\/tienda\/#organization"},"alternateName":"xocolalla.es","potentialAction":[{"@type":"SearchAction","target":{"@type":"EntryPoint","urlTemplate":"https:\/\/xocolalla.es\/tienda\/?s={search_term_string}"},"query-input":"required name=search_term_string"}],"inLanguage":"es"},{"@type":"Organization","@id":"https:\/\/xocolalla.es\/tienda\/#organization","name":"Xocolalla, S.L.","alternateName":"Xocolalla","url":"https:\/\/xocolalla.es\/tienda\/","logo":{"@type":"ImageObject","inLanguage":"es","@id":"https:\/\/xocolalla.es\/tienda\/#\/schema\/logo\/image\/","url":"https:\/\/xocolalla.es\/tienda\/wp-content\/uploads\/2022\/07\/cropped-cropped-Recurso-5.png","contentUrl":"https:\/\/xocolalla.es\/tienda\/wp-content\/uploads\/2022\/07\/cropped-cropped-Recurso-5.png","width":1664,"height":646,"caption":"Xocolalla, S.L."},"image":{"@id":"https:\/\/xocolalla.es\/tienda\/#\/schema\/logo\/image\/"}}]}},"_links":{"self":[{"href":"https:\/\/xocolalla.es\/tienda\/wp-json\/wp\/v2\/product\/994","targetHints":{"allow":["GET"]}}],"collection":[{"href":"https:\/\/xocolalla.es\/tienda\/wp-json\/wp\/v2\/product"}],"about":[{"href":"https:\/\/xocolalla.es\/tienda\/wp-json\/wp\/v2\/types\/product"}],"replies":[{"embeddable":true,"href":"https:\/\/xocolalla.es\/tienda\/wp-json\/wp\/v2\/comments?post=994"}],"wp:featuredmedia":[{"embeddable":true,"href":"https:\/\/xocolalla.es\/tienda\/wp-json\/wp\/v2\/media\/983"}],"wp:attachment":[{"href":"https:\/\/xocolalla.es\/tienda\/wp-json\/wp\/v2\/media?parent=994"}],"wp:term":[{"taxonomy":"product_cat","embeddable":true,"href":"https:\/\/xocolalla.es\/tienda\/wp-json\/wp\/v2\/product_cat?post=994"},{"taxonomy":"product_tag","embeddable":true,"href":"https:\/\/xocolalla.es\/tienda\/wp-json\/wp\/v2\/product_tag?post=994"}],"curies":[{"name":"wp","href":"https:\/\/api.w.org\/{rel}","templated":true}]}}